{"id":11977,"date":"2020-05-15T12:03:19","date_gmt":"2020-05-15T12:03:19","guid":{"rendered":"https:\/\/mielcastiza.plesk.myfocus.es\/?post_type=product&#038;p=11977"},"modified":"2024-01-17T10:43:19","modified_gmt":"2024-01-17T10:43:19","slug":"apadrinamiento-castizo-de-una-colmena","status":"publish","type":"product","link":"https:\/\/www.mielcastiza.com\/de\/producto\/apadrinamiento-castizo-de-una-colmena\/","title":{"rendered":"Apadrinamiento Castizo de una colmena"},"content":{"rendered":"<p>Las abejas est\u00e1n desapareciendo de nuestro planeta, en gran parte por culpa de los plaguicidas. Solo en Espa\u00f1a, siguen autorizados m\u00e1s de 300 productos peligrosos para ellas.<\/p>\n<p>De su polinizaci\u00f3n depende un tercio de los alimentos que consumimos y cerca del 90% de las plantas silvestres del planeta. Las necesitamos. Del mismo modo que ellas, ahora, nos necesitan a nosotros.<\/p>\n<p>Ayudar a una colmena es muy f\u00e1cil: Solo tienes que elegir la modalidad de apadrinamiento que te interese (de entre las que te mostramos a continuaci\u00f3n) y desde el enlace correspondiente finalizar el proceso de registro online.<\/p>\n<p>Los apadrinamientos tienen una duraci\u00f3n anual; antes de que finalicen los 12 meses, nos pondremos en contacto contigo para saber si deseas renovar tu apadrinamiento.<\/p>\n<p>Solo por apadrinar una colmena ya podr\u00e1s personalizar su nombre, visitar nuestras instalaciones y participar de la apicultura con nosotros.<\/p>\n<p>Objetivos y Beneficios Sociales y Ambientales<\/p>\n<p>Proponer una apicultura sostenible y respetuosa tanto para las abejas como para el planeta Tierra.<br \/>\nApoyar al medio ambiente gracias al efecto altamente beneficioso de la polinizaci\u00f3n de las abejas, manteniendo la biodiversidad.<br \/>\nContribuir a que las abejas no desaparezcan gracias a nuestros cuidados, totalmente respetuosos hacia ellas.<br \/>\nFacilitar la incorporaci\u00f3n a la apicultura de j\u00f3venes en el medio rural, con el fin de mantenerlo vivo.<br \/>\nBeneficiar al consumidor que apadrina con unos productos org\u00e1nicos de alt\u00edsima calidad.<\/p>\n<p>Se trata de un apadrinamiento ideal para una persona , en el que compartiras tu enjambre con otro padrino o madrina, e incluye los\u00a0siguientes beneficios:<\/p>\n<ul>\n<li>Un vale de 15\u20ac para gastar en productos de la tienda<\/li>\n<li>Una colmena personalizada con el nombre que t\u00fa decidas, \u00a1para eso eres el padrino (o madrina)!<\/li>\n<li>Tendr\u00e1s incluidas una visita a nuestras instalaciones para conocer de primera mano como se extrae la miel de las colmenas.<\/li>\n<li>Te informaremos regularmente de c\u00f3mo progresan tus abejitas, si est\u00e1n sanas, si est\u00e1n criando, si est\u00e1n invernando\u2026<\/li>\n<li>Tendr\u00e1s acceso a promociones especiales de m\u00e1s productos de Miel Castiza.<\/li>\n<li>Recibir\u00e1s un diploma acreditativo de tu apadrinamiento.<\/li>\n<\/ul>\n","protected":false},"excerpt":{"rendered":"<p>Las abejas est\u00e1n desapareciendo de nuestro planeta, en gran parte por culpa de los plaguicidas. Solo en Espa\u00f1a, siguen autorizados m\u00e1s de 300 productos peligrosos para ellas. De su polinizaci\u00f3n depende un tercio de los alimentos que consumimos y cerca del 90% de las plantas silvestres del planeta. Las necesitamos. Del mismo modo que ellas, &#8230; <a title=\"Apadrinamiento Castizo de una colmena\" class=\"read-more\" href=\"https:\/\/www.mielcastiza.com\/de\/producto\/apadrinamiento-castizo-de-una-colmena\/\" aria-label=\"Mehr Informationen \u00fcber Apadrinamiento Castizo de una colmena\">Weiterlesen<\/a><\/p>\n","protected":false},"featured_media":11978,"comment_status":"closed","ping_status":"closed","template":"","meta":[],"product_brand":[],"product_cat":[22],"product_tag":[],"class_list":{"0":"post-11977","1":"product","2":"type-product","3":"status-publish","4":"has-post-thumbnail","6":"product_cat-apadrinamiento","8":"first","9":"outofstock","10":"virtual","11":"taxable","12":"purchasable","13":"product-type-simple"},"yoast_head":"<!-- This site is optimized with the Yoast SEO plugin v26.9 - https:\/\/yoast.com\/product\/yoast-seo-wordpress\/ -->\n<title>Apadrinamiento Castizo de una colmena - Miel Castiza<\/title>\n<meta name=\"robots\" content=\"index, follow, max-snippet:-1, max-image-preview:large, max-video-preview:-1\" \/>\n<link rel=\"canonical\" href=\"https:\/\/www.mielcastiza.com\/de\/producto\/apadrinamiento-castizo-de-una-colmena\/\" \/>\n<meta property=\"og:locale\" content=\"de_DE\" \/>\n<meta property=\"og:type\" content=\"article\" \/>\n<meta property=\"og:title\" content=\"Apadrinamiento Castizo de una colmena - Miel Castiza\" \/>\n<meta property=\"og:description\" content=\"Las abejas est\u00e1n desapareciendo de nuestro planeta, en gran parte por culpa de los plaguicidas. Solo en Espa\u00f1a, siguen autorizados m\u00e1s de 300 productos peligrosos para ellas. De su polinizaci\u00f3n depende un tercio de los alimentos que consumimos y cerca del 90% de las plantas silvestres del planeta. Las necesitamos. Del mismo modo que ellas, ... Weiterlesen\" \/>\n<meta property=\"og:url\" content=\"https:\/\/www.mielcastiza.com\/de\/producto\/apadrinamiento-castizo-de-una-colmena\/\" \/>\n<meta property=\"og:site_name\" content=\"Miel Castiza\" \/>\n<meta property=\"article:modified_time\" content=\"2024-01-17T10:43:19+00:00\" \/>\n<meta property=\"og:image\" content=\"https:\/\/www.mielcastiza.com\/wp-content\/uploads\/2023\/12\/DSC05864-scaled-1.jpg\" \/>\n\t<meta property=\"og:image:width\" content=\"2560\" \/>\n\t<meta property=\"og:image:height\" content=\"1441\" \/>\n\t<meta property=\"og:image:type\" content=\"image\/jpeg\" \/>\n<meta name=\"twitter:card\" content=\"summary_large_image\" \/>\n<meta name=\"twitter:label1\" content=\"Gesch\u00e4tzte Lesezeit\" \/>\n\t<meta name=\"twitter:data1\" content=\"2\u00a0Minuten\" \/>\n<script type=\"application\/ld+json\" class=\"yoast-schema-graph\">{\"@context\":\"https:\/\/schema.org\",\"@graph\":[{\"@type\":\"WebPage\",\"@id\":\"https:\/\/www.mielcastiza.com\/de\/producto\/apadrinamiento-castizo-de-una-colmena\/\",\"url\":\"https:\/\/www.mielcastiza.com\/de\/producto\/apadrinamiento-castizo-de-una-colmena\/\",\"name\":\"Apadrinamiento Castizo de una colmena - Miel Castiza\",\"isPartOf\":{\"@id\":\"https:\/\/www.mielcastiza.com\/de\/#website\"},\"primaryImageOfPage\":{\"@id\":\"https:\/\/www.mielcastiza.com\/de\/producto\/apadrinamiento-castizo-de-una-colmena\/#primaryimage\"},\"image\":{\"@id\":\"https:\/\/www.mielcastiza.com\/de\/producto\/apadrinamiento-castizo-de-una-colmena\/#primaryimage\"},\"thumbnailUrl\":\"https:\/\/www.mielcastiza.com\/wp-content\/uploads\/2023\/12\/DSC05864-scaled-1.jpg\",\"datePublished\":\"2020-05-15T12:03:19+00:00\",\"dateModified\":\"2024-01-17T10:43:19+00:00\",\"breadcrumb\":{\"@id\":\"https:\/\/www.mielcastiza.com\/de\/producto\/apadrinamiento-castizo-de-una-colmena\/#breadcrumb\"},\"inLanguage\":\"de\",\"potentialAction\":[{\"@type\":\"ReadAction\",\"target\":[\"https:\/\/www.mielcastiza.com\/de\/producto\/apadrinamiento-castizo-de-una-colmena\/\"]}]},{\"@type\":\"ImageObject\",\"inLanguage\":\"de\",\"@id\":\"https:\/\/www.mielcastiza.com\/de\/producto\/apadrinamiento-castizo-de-una-colmena\/#primaryimage\",\"url\":\"https:\/\/www.mielcastiza.com\/wp-content\/uploads\/2023\/12\/DSC05864-scaled-1.jpg\",\"contentUrl\":\"https:\/\/www.mielcastiza.com\/wp-content\/uploads\/2023\/12\/DSC05864-scaled-1.jpg\",\"width\":2560,\"height\":1441},{\"@type\":\"BreadcrumbList\",\"@id\":\"https:\/\/www.mielcastiza.com\/de\/producto\/apadrinamiento-castizo-de-una-colmena\/#breadcrumb\",\"itemListElement\":[{\"@type\":\"ListItem\",\"position\":1,\"name\":\"Portada\",\"item\":\"https:\/\/www.mielcastiza.com\/de\/\"},{\"@type\":\"ListItem\",\"position\":2,\"name\":\"Tienda\",\"item\":\"https:\/\/www.mielcastiza.com\/tienda\/\"},{\"@type\":\"ListItem\",\"position\":3,\"name\":\"Apadrinamiento Castizo de una colmena\"}]},{\"@type\":\"WebSite\",\"@id\":\"https:\/\/www.mielcastiza.com\/de\/#website\",\"url\":\"https:\/\/www.mielcastiza.com\/de\/\",\"name\":\"Miel Castiza\",\"description\":\"\",\"publisher\":{\"@id\":\"https:\/\/www.mielcastiza.com\/de\/#organization\"},\"potentialAction\":[{\"@type\":\"SearchAction\",\"target\":{\"@type\":\"EntryPoint\",\"urlTemplate\":\"https:\/\/www.mielcastiza.com\/de\/?s={search_term_string}\"},\"query-input\":{\"@type\":\"PropertyValueSpecification\",\"valueRequired\":true,\"valueName\":\"search_term_string\"}}],\"inLanguage\":\"de\"},{\"@type\":\"Organization\",\"@id\":\"https:\/\/www.mielcastiza.com\/de\/#organization\",\"name\":\"Miel Castiza\",\"url\":\"https:\/\/www.mielcastiza.com\/de\/\",\"logo\":{\"@type\":\"ImageObject\",\"inLanguage\":\"de\",\"@id\":\"https:\/\/www.mielcastiza.com\/de\/#\/schema\/logo\/image\/\",\"url\":\"https:\/\/www.mielcastiza.com\/wp-content\/uploads\/2023\/12\/logo_beige.png\",\"contentUrl\":\"https:\/\/www.mielcastiza.com\/wp-content\/uploads\/2023\/12\/logo_beige.png\",\"width\":252,\"height\":70,\"caption\":\"Miel Castiza\"},\"image\":{\"@id\":\"https:\/\/www.mielcastiza.com\/de\/#\/schema\/logo\/image\/\"}}]}<\/script>\n<!-- \/ Yoast SEO plugin. -->","yoast_head_json":{"title":"Apadrinamiento Castizo de una colmena - Miel Castiza","robots":{"index":"index","follow":"follow","max-snippet":"max-snippet:-1","max-image-preview":"max-image-preview:large","max-video-preview":"max-video-preview:-1"},"canonical":"https:\/\/www.mielcastiza.com\/de\/producto\/apadrinamiento-castizo-de-una-colmena\/","og_locale":"de_DE","og_type":"article","og_title":"Apadrinamiento Castizo de una colmena - Miel Castiza","og_description":"Las abejas est\u00e1n desapareciendo de nuestro planeta, en gran parte por culpa de los plaguicidas. Solo en Espa\u00f1a, siguen autorizados m\u00e1s de 300 productos peligrosos para ellas. De su polinizaci\u00f3n depende un tercio de los alimentos que consumimos y cerca del 90% de las plantas silvestres del planeta. Las necesitamos. Del mismo modo que ellas, ... Weiterlesen","og_url":"https:\/\/www.mielcastiza.com\/de\/producto\/apadrinamiento-castizo-de-una-colmena\/","og_site_name":"Miel Castiza","article_modified_time":"2024-01-17T10:43:19+00:00","og_image":[{"width":2560,"height":1441,"url":"https:\/\/www.mielcastiza.com\/wp-content\/uploads\/2023\/12\/DSC05864-scaled-1.jpg","type":"image\/jpeg"}],"twitter_card":"summary_large_image","twitter_misc":{"Gesch\u00e4tzte Lesezeit":"2\u00a0Minuten"},"schema":{"@context":"https:\/\/schema.org","@graph":[{"@type":"WebPage","@id":"https:\/\/www.mielcastiza.com\/de\/producto\/apadrinamiento-castizo-de-una-colmena\/","url":"https:\/\/www.mielcastiza.com\/de\/producto\/apadrinamiento-castizo-de-una-colmena\/","name":"Apadrinamiento Castizo de una colmena - Miel Castiza","isPartOf":{"@id":"https:\/\/www.mielcastiza.com\/de\/#website"},"primaryImageOfPage":{"@id":"https:\/\/www.mielcastiza.com\/de\/producto\/apadrinamiento-castizo-de-una-colmena\/#primaryimage"},"image":{"@id":"https:\/\/www.mielcastiza.com\/de\/producto\/apadrinamiento-castizo-de-una-colmena\/#primaryimage"},"thumbnailUrl":"https:\/\/www.mielcastiza.com\/wp-content\/uploads\/2023\/12\/DSC05864-scaled-1.jpg","datePublished":"2020-05-15T12:03:19+00:00","dateModified":"2024-01-17T10:43:19+00:00","breadcrumb":{"@id":"https:\/\/www.mielcastiza.com\/de\/producto\/apadrinamiento-castizo-de-una-colmena\/#breadcrumb"},"inLanguage":"de","potentialAction":[{"@type":"ReadAction","target":["https:\/\/www.mielcastiza.com\/de\/producto\/apadrinamiento-castizo-de-una-colmena\/"]}]},{"@type":"ImageObject","inLanguage":"de","@id":"https:\/\/www.mielcastiza.com\/de\/producto\/apadrinamiento-castizo-de-una-colmena\/#primaryimage","url":"https:\/\/www.mielcastiza.com\/wp-content\/uploads\/2023\/12\/DSC05864-scaled-1.jpg","contentUrl":"https:\/\/www.mielcastiza.com\/wp-content\/uploads\/2023\/12\/DSC05864-scaled-1.jpg","width":2560,"height":1441},{"@type":"BreadcrumbList","@id":"https:\/\/www.mielcastiza.com\/de\/producto\/apadrinamiento-castizo-de-una-colmena\/#breadcrumb","itemListElement":[{"@type":"ListItem","position":1,"name":"Portada","item":"https:\/\/www.mielcastiza.com\/de\/"},{"@type":"ListItem","position":2,"name":"Tienda","item":"https:\/\/www.mielcastiza.com\/tienda\/"},{"@type":"ListItem","position":3,"name":"Apadrinamiento Castizo de una colmena"}]},{"@type":"WebSite","@id":"https:\/\/www.mielcastiza.com\/de\/#website","url":"https:\/\/www.mielcastiza.com\/de\/","name":"Miel Castiza","description":"","publisher":{"@id":"https:\/\/www.mielcastiza.com\/de\/#organization"},"potentialAction":[{"@type":"SearchAction","target":{"@type":"EntryPoint","urlTemplate":"https:\/\/www.mielcastiza.com\/de\/?s={search_term_string}"},"query-input":{"@type":"PropertyValueSpecification","valueRequired":true,"valueName":"search_term_string"}}],"inLanguage":"de"},{"@type":"Organization","@id":"https:\/\/www.mielcastiza.com\/de\/#organization","name":"Miel Castiza","url":"https:\/\/www.mielcastiza.com\/de\/","logo":{"@type":"ImageObject","inLanguage":"de","@id":"https:\/\/www.mielcastiza.com\/de\/#\/schema\/logo\/image\/","url":"https:\/\/www.mielcastiza.com\/wp-content\/uploads\/2023\/12\/logo_beige.png","contentUrl":"https:\/\/www.mielcastiza.com\/wp-content\/uploads\/2023\/12\/logo_beige.png","width":252,"height":70,"caption":"Miel Castiza"},"image":{"@id":"https:\/\/www.mielcastiza.com\/de\/#\/schema\/logo\/image\/"}}]}},"jetpack_sharing_enabled":true,"_links":{"self":[{"href":"https:\/\/www.mielcastiza.com\/de\/wp-json\/wp\/v2\/product\/11977","targetHints":{"allow":["GET"]}}],"collection":[{"href":"https:\/\/www.mielcastiza.com\/de\/wp-json\/wp\/v2\/product"}],"about":[{"href":"https:\/\/www.mielcastiza.com\/de\/wp-json\/wp\/v2\/types\/product"}],"replies":[{"embeddable":true,"href":"https:\/\/www.mielcastiza.com\/de\/wp-json\/wp\/v2\/comments?post=11977"}],"wp:featuredmedia":[{"embeddable":true,"href":"https:\/\/www.mielcastiza.com\/de\/wp-json\/wp\/v2\/media\/11978"}],"wp:attachment":[{"href":"https:\/\/www.mielcastiza.com\/de\/wp-json\/wp\/v2\/media?parent=11977"}],"wp:term":[{"taxonomy":"product_brand","embeddable":true,"href":"https:\/\/www.mielcastiza.com\/de\/wp-json\/wp\/v2\/product_brand?post=11977"},{"taxonomy":"product_cat","embeddable":true,"href":"https:\/\/www.mielcastiza.com\/de\/wp-json\/wp\/v2\/product_cat?post=11977"},{"taxonomy":"product_tag","embeddable":true,"href":"https:\/\/www.mielcastiza.com\/de\/wp-json\/wp\/v2\/product_tag?post=11977"}],"curies":[{"name":"wp","href":"https:\/\/api.w.org\/{rel}","templated":true}]}}