{"id":18220,"date":"2020-04-10T16:47:19","date_gmt":"2020-04-10T16:47:19","guid":{"rendered":"https:\/\/mielcastiza.plesk.myfocus.es\/producto\/tausend-blumen-honig-500-g\/"},"modified":"2024-01-18T09:56:26","modified_gmt":"2024-01-18T09:56:26","slug":"tausend-blumen-honig-500-g","status":"publish","type":"product","link":"https:\/\/www.mielcastiza.com\/de\/producto\/tausend-blumen-honig-500-g\/","title":{"rendered":"Tausend Blumen Honig 500 g"},"content":{"rendered":"<p>Unser Honig von <strong>tausend Blumen<\/strong> stammt aus den Bienenst\u00f6cken, die wir in den Naturparks der Montes de Toledo und im Sommer in Segovia neben dem Naturpark Hoces del Durat\u00f3n haben, wo Pflanzen wie Rosmarin, Thymian, Hagebutte, Heidekraut, Steineiche vorherrschen, Lavendel\u2026, und deren Ernte im Fr\u00fchjahr stattfindet.<\/p>\n<p>Viele Gebiete haben keine dominante Vegetation, oder die dominante Pflanze wird nicht von Bienen (wie Kiefern) genutzt und diese werden von anderen nicht dominanten Pflanzen verbreitet. Wenn die Vegetationsdecke, die Bienen genie\u00dfen, aus einer Vielzahl von Pflanzen besteht, von denen einige mehr Pr\u00e4senz haben als andere, aber ohne eine klare Mehrheit von keinem, wird der dort gesammelte Honig als \u201cmultifloral\u201d oder \u201ctausend Bl\u00fcten\u201d bezeichnet.<\/p>\n<p><strong> <\/strong><\/p>\n<p><strong>PAARUNG:<\/strong><\/p>\n<p>Diese Art von Honig ist die am weitesten verbreitete f\u00fcr alles, es ist die h\u00e4ufigste auf dem Markt, und es ist diejenige, die normalerweise allen Arten von Zubereitungen einen s\u00fc\u00dfen Geschmack verleiht: hei\u00dfe oder kalte Getr\u00e4nke (Aufg\u00fcsse, Erfrischungsgetr\u00e4nke, S\u00e4fte \u2026 Diesen Sommer haben Sie immer den klassischen Zitronensaft mit Wasser und Honig im K\u00fchlschrank zur Abk\u00fchlung), Fr\u00fchst\u00fcck und Snacks, Eis, Milchprodukte, Fisch, wei\u00dfes Fleisch, Desserts (Honigfr\u00fcchte. Orange, Erdbeeren, Apfel, Banane, Ananas\u2026)<\/p>\n<p>&nbsp;<\/p>\n<p><strong>EIGENSCHAFTEN:<\/strong><\/p>\n<p>Energetisch und fettfrei, Bl\u00fctenhonig ist ein perfekter Ersatz f\u00fcr raffinierten Zucker sowie eine ideale Erg\u00e4nzung f\u00fcr Sportler und Menschen mit N\u00e4hrstoffdefiziten.<\/p>\n<p>In seiner Zusammensetzung erkennen wir organische S\u00e4uren, Enzyme und verschiedene Mineralien.<\/p>\n<p><strong>ORGANOLEPTISCH:<\/strong><\/p>\n<ul>\n<li><strong>Farbe<\/strong>: helles Bernstein und au\u00dfergew\u00f6hnlich gl\u00e4nzende Oberfl\u00e4che.<\/li>\n<li><strong>Aroma<\/strong>: Sehr blumig, intensiv und anhaltend.<\/li>\n<li><strong>Geschmack<\/strong>: s\u00fc\u00df, mit klaren aromatischen Noten im Mund.<\/li>\n<li><strong>Touch<\/strong>: schnelle Kristallisation in einem mittelgro\u00dfen bis feinen Kristall.<\/li>\n<\/ul>\n","protected":false},"excerpt":{"rendered":"<p>Unser Honig von tausend Blumen stammt aus den Bienenst\u00f6cken, die wir in den Naturparks der Montes de Toledo und im Sommer in Segovia neben dem Naturpark Hoces del Durat\u00f3n haben, wo Pflanzen wie Rosmarin, Thymian, Hagebutte, Heidekraut, Steineiche vorherrschen, Lavendel\u2026, und deren Ernte im Fr\u00fchjahr stattfindet. Viele Gebiete haben keine dominante Vegetation, oder die dominante &#8230; <a title=\"Tausend Blumen Honig 500 g\" class=\"read-more\" href=\"https:\/\/www.mielcastiza.com\/de\/producto\/tausend-blumen-honig-500-g\/\" aria-label=\"Mehr Informationen \u00fcber Tausend Blumen Honig 500 g\">Weiterlesen<\/a><\/p>\n","protected":false},"featured_media":17756,"comment_status":"open","ping_status":"closed","template":"","meta":[],"product_brand":[],"product_cat":[79],"product_tag":[],"class_list":{"0":"post-18220","1":"product","2":"type-product","3":"status-publish","4":"has-post-thumbnail","6":"product_cat-honig","8":"first","9":"outofstock","10":"sale","11":"purchasable","12":"product-type-simple"},"yoast_head":"<!-- This site is optimized with the Yoast SEO plugin v26.9 - https:\/\/yoast.com\/product\/yoast-seo-wordpress\/ -->\n<title>Tausend Blumen Honig 500 g - Miel Castiza<\/title>\n<meta name=\"description\" content=\"Unser meistverkaufter und preisgekr\u00f6nter Bl\u00fctenhonig wird haupts\u00e4chlich im Fr\u00fchjahr geerntet. Dunkle Bernsteinfarbe, intensives blumiges Aroma und s\u00fc\u00dfer Geschmack. Ein Spektakel f\u00fcr die Sinne.\" \/>\n<meta name=\"robots\" content=\"index, follow, max-snippet:-1, max-image-preview:large, max-video-preview:-1\" \/>\n<link rel=\"canonical\" href=\"https:\/\/www.mielcastiza.com\/de\/producto\/tausend-blumen-honig-500-g\/\" \/>\n<meta property=\"og:locale\" content=\"de_DE\" \/>\n<meta property=\"og:type\" content=\"article\" \/>\n<meta property=\"og:title\" content=\"Tausend Blumen Honig 500 g - Miel Castiza\" \/>\n<meta property=\"og:description\" content=\"Unser meistverkaufter und preisgekr\u00f6nter Bl\u00fctenhonig wird haupts\u00e4chlich im Fr\u00fchjahr geerntet. Dunkle Bernsteinfarbe, intensives blumiges Aroma und s\u00fc\u00dfer Geschmack. Ein Spektakel f\u00fcr die Sinne.\" \/>\n<meta property=\"og:url\" content=\"https:\/\/www.mielcastiza.com\/de\/producto\/tausend-blumen-honig-500-g\/\" \/>\n<meta property=\"og:site_name\" content=\"Miel Castiza\" \/>\n<meta property=\"article:modified_time\" content=\"2024-01-18T09:56:26+00:00\" \/>\n<meta property=\"og:image\" content=\"https:\/\/www.mielcastiza.com\/wp-content\/uploads\/2023\/12\/Miel-Mil-Flores-Castiza-500g-1.jpg\" \/>\n\t<meta property=\"og:image:width\" content=\"1365\" \/>\n\t<meta property=\"og:image:height\" content=\"2048\" \/>\n\t<meta property=\"og:image:type\" content=\"image\/jpeg\" \/>\n<meta name=\"twitter:card\" content=\"summary_large_image\" \/>\n<meta name=\"twitter:label1\" content=\"Gesch\u00e4tzte Lesezeit\" \/>\n\t<meta name=\"twitter:data1\" content=\"1\u00a0Minute\" \/>\n<script type=\"application\/ld+json\" class=\"yoast-schema-graph\">{\"@context\":\"https:\/\/schema.org\",\"@graph\":[{\"@type\":\"WebPage\",\"@id\":\"https:\/\/www.mielcastiza.com\/de\/producto\/tausend-blumen-honig-500-g\/\",\"url\":\"https:\/\/www.mielcastiza.com\/de\/producto\/tausend-blumen-honig-500-g\/\",\"name\":\"Tausend Blumen Honig 500 g - Miel Castiza\",\"isPartOf\":{\"@id\":\"https:\/\/www.mielcastiza.com\/de\/#website\"},\"primaryImageOfPage\":{\"@id\":\"https:\/\/www.mielcastiza.com\/de\/producto\/tausend-blumen-honig-500-g\/#primaryimage\"},\"image\":{\"@id\":\"https:\/\/www.mielcastiza.com\/de\/producto\/tausend-blumen-honig-500-g\/#primaryimage\"},\"thumbnailUrl\":\"https:\/\/www.mielcastiza.com\/wp-content\/uploads\/2023\/12\/Miel-Mil-Flores-Castiza-500g-1.jpg\",\"datePublished\":\"2020-04-10T16:47:19+00:00\",\"dateModified\":\"2024-01-18T09:56:26+00:00\",\"description\":\"Unser meistverkaufter und preisgekr\u00f6nter Bl\u00fctenhonig wird haupts\u00e4chlich im Fr\u00fchjahr geerntet. Dunkle Bernsteinfarbe, intensives blumiges Aroma und s\u00fc\u00dfer Geschmack. Ein Spektakel f\u00fcr die Sinne.\",\"breadcrumb\":{\"@id\":\"https:\/\/www.mielcastiza.com\/de\/producto\/tausend-blumen-honig-500-g\/#breadcrumb\"},\"inLanguage\":\"de\",\"potentialAction\":[{\"@type\":\"ReadAction\",\"target\":[\"https:\/\/www.mielcastiza.com\/de\/producto\/tausend-blumen-honig-500-g\/\"]}]},{\"@type\":\"ImageObject\",\"inLanguage\":\"de\",\"@id\":\"https:\/\/www.mielcastiza.com\/de\/producto\/tausend-blumen-honig-500-g\/#primaryimage\",\"url\":\"https:\/\/www.mielcastiza.com\/wp-content\/uploads\/2023\/12\/Miel-Mil-Flores-Castiza-500g-1.jpg\",\"contentUrl\":\"https:\/\/www.mielcastiza.com\/wp-content\/uploads\/2023\/12\/Miel-Mil-Flores-Castiza-500g-1.jpg\",\"width\":1365,\"height\":2048},{\"@type\":\"BreadcrumbList\",\"@id\":\"https:\/\/www.mielcastiza.com\/de\/producto\/tausend-blumen-honig-500-g\/#breadcrumb\",\"itemListElement\":[{\"@type\":\"ListItem\",\"position\":1,\"name\":\"Portada\",\"item\":\"https:\/\/www.mielcastiza.com\/de\/\"},{\"@type\":\"ListItem\",\"position\":2,\"name\":\"Tienda\",\"item\":\"https:\/\/www.mielcastiza.com\/tienda\/\"},{\"@type\":\"ListItem\",\"position\":3,\"name\":\"Tausend Blumen Honig 500 g\"}]},{\"@type\":\"WebSite\",\"@id\":\"https:\/\/www.mielcastiza.com\/de\/#website\",\"url\":\"https:\/\/www.mielcastiza.com\/de\/\",\"name\":\"Miel Castiza\",\"description\":\"\",\"publisher\":{\"@id\":\"https:\/\/www.mielcastiza.com\/de\/#organization\"},\"potentialAction\":[{\"@type\":\"SearchAction\",\"target\":{\"@type\":\"EntryPoint\",\"urlTemplate\":\"https:\/\/www.mielcastiza.com\/de\/?s={search_term_string}\"},\"query-input\":{\"@type\":\"PropertyValueSpecification\",\"valueRequired\":true,\"valueName\":\"search_term_string\"}}],\"inLanguage\":\"de\"},{\"@type\":\"Organization\",\"@id\":\"https:\/\/www.mielcastiza.com\/de\/#organization\",\"name\":\"Miel Castiza\",\"url\":\"https:\/\/www.mielcastiza.com\/de\/\",\"logo\":{\"@type\":\"ImageObject\",\"inLanguage\":\"de\",\"@id\":\"https:\/\/www.mielcastiza.com\/de\/#\/schema\/logo\/image\/\",\"url\":\"https:\/\/www.mielcastiza.com\/wp-content\/uploads\/2023\/12\/logo_beige.png\",\"contentUrl\":\"https:\/\/www.mielcastiza.com\/wp-content\/uploads\/2023\/12\/logo_beige.png\",\"width\":252,\"height\":70,\"caption\":\"Miel Castiza\"},\"image\":{\"@id\":\"https:\/\/www.mielcastiza.com\/de\/#\/schema\/logo\/image\/\"}}]}<\/script>\n<!-- \/ Yoast SEO plugin. -->","yoast_head_json":{"title":"Tausend Blumen Honig 500 g - Miel Castiza","description":"Unser meistverkaufter und preisgekr\u00f6nter Bl\u00fctenhonig wird haupts\u00e4chlich im Fr\u00fchjahr geerntet. Dunkle Bernsteinfarbe, intensives blumiges Aroma und s\u00fc\u00dfer Geschmack. Ein Spektakel f\u00fcr die Sinne.","robots":{"index":"index","follow":"follow","max-snippet":"max-snippet:-1","max-image-preview":"max-image-preview:large","max-video-preview":"max-video-preview:-1"},"canonical":"https:\/\/www.mielcastiza.com\/de\/producto\/tausend-blumen-honig-500-g\/","og_locale":"de_DE","og_type":"article","og_title":"Tausend Blumen Honig 500 g - Miel Castiza","og_description":"Unser meistverkaufter und preisgekr\u00f6nter Bl\u00fctenhonig wird haupts\u00e4chlich im Fr\u00fchjahr geerntet. Dunkle Bernsteinfarbe, intensives blumiges Aroma und s\u00fc\u00dfer Geschmack. Ein Spektakel f\u00fcr die Sinne.","og_url":"https:\/\/www.mielcastiza.com\/de\/producto\/tausend-blumen-honig-500-g\/","og_site_name":"Miel Castiza","article_modified_time":"2024-01-18T09:56:26+00:00","og_image":[{"width":1365,"height":2048,"url":"https:\/\/www.mielcastiza.com\/wp-content\/uploads\/2023\/12\/Miel-Mil-Flores-Castiza-500g-1.jpg","type":"image\/jpeg"}],"twitter_card":"summary_large_image","twitter_misc":{"Gesch\u00e4tzte Lesezeit":"1\u00a0Minute"},"schema":{"@context":"https:\/\/schema.org","@graph":[{"@type":"WebPage","@id":"https:\/\/www.mielcastiza.com\/de\/producto\/tausend-blumen-honig-500-g\/","url":"https:\/\/www.mielcastiza.com\/de\/producto\/tausend-blumen-honig-500-g\/","name":"Tausend Blumen Honig 500 g - Miel Castiza","isPartOf":{"@id":"https:\/\/www.mielcastiza.com\/de\/#website"},"primaryImageOfPage":{"@id":"https:\/\/www.mielcastiza.com\/de\/producto\/tausend-blumen-honig-500-g\/#primaryimage"},"image":{"@id":"https:\/\/www.mielcastiza.com\/de\/producto\/tausend-blumen-honig-500-g\/#primaryimage"},"thumbnailUrl":"https:\/\/www.mielcastiza.com\/wp-content\/uploads\/2023\/12\/Miel-Mil-Flores-Castiza-500g-1.jpg","datePublished":"2020-04-10T16:47:19+00:00","dateModified":"2024-01-18T09:56:26+00:00","description":"Unser meistverkaufter und preisgekr\u00f6nter Bl\u00fctenhonig wird haupts\u00e4chlich im Fr\u00fchjahr geerntet. Dunkle Bernsteinfarbe, intensives blumiges Aroma und s\u00fc\u00dfer Geschmack. Ein Spektakel f\u00fcr die Sinne.","breadcrumb":{"@id":"https:\/\/www.mielcastiza.com\/de\/producto\/tausend-blumen-honig-500-g\/#breadcrumb"},"inLanguage":"de","potentialAction":[{"@type":"ReadAction","target":["https:\/\/www.mielcastiza.com\/de\/producto\/tausend-blumen-honig-500-g\/"]}]},{"@type":"ImageObject","inLanguage":"de","@id":"https:\/\/www.mielcastiza.com\/de\/producto\/tausend-blumen-honig-500-g\/#primaryimage","url":"https:\/\/www.mielcastiza.com\/wp-content\/uploads\/2023\/12\/Miel-Mil-Flores-Castiza-500g-1.jpg","contentUrl":"https:\/\/www.mielcastiza.com\/wp-content\/uploads\/2023\/12\/Miel-Mil-Flores-Castiza-500g-1.jpg","width":1365,"height":2048},{"@type":"BreadcrumbList","@id":"https:\/\/www.mielcastiza.com\/de\/producto\/tausend-blumen-honig-500-g\/#breadcrumb","itemListElement":[{"@type":"ListItem","position":1,"name":"Portada","item":"https:\/\/www.mielcastiza.com\/de\/"},{"@type":"ListItem","position":2,"name":"Tienda","item":"https:\/\/www.mielcastiza.com\/tienda\/"},{"@type":"ListItem","position":3,"name":"Tausend Blumen Honig 500 g"}]},{"@type":"WebSite","@id":"https:\/\/www.mielcastiza.com\/de\/#website","url":"https:\/\/www.mielcastiza.com\/de\/","name":"Miel Castiza","description":"","publisher":{"@id":"https:\/\/www.mielcastiza.com\/de\/#organization"},"potentialAction":[{"@type":"SearchAction","target":{"@type":"EntryPoint","urlTemplate":"https:\/\/www.mielcastiza.com\/de\/?s={search_term_string}"},"query-input":{"@type":"PropertyValueSpecification","valueRequired":true,"valueName":"search_term_string"}}],"inLanguage":"de"},{"@type":"Organization","@id":"https:\/\/www.mielcastiza.com\/de\/#organization","name":"Miel Castiza","url":"https:\/\/www.mielcastiza.com\/de\/","logo":{"@type":"ImageObject","inLanguage":"de","@id":"https:\/\/www.mielcastiza.com\/de\/#\/schema\/logo\/image\/","url":"https:\/\/www.mielcastiza.com\/wp-content\/uploads\/2023\/12\/logo_beige.png","contentUrl":"https:\/\/www.mielcastiza.com\/wp-content\/uploads\/2023\/12\/logo_beige.png","width":252,"height":70,"caption":"Miel Castiza"},"image":{"@id":"https:\/\/www.mielcastiza.com\/de\/#\/schema\/logo\/image\/"}}]}},"jetpack_sharing_enabled":true,"_links":{"self":[{"href":"https:\/\/www.mielcastiza.com\/de\/wp-json\/wp\/v2\/product\/18220","targetHints":{"allow":["GET"]}}],"collection":[{"href":"https:\/\/www.mielcastiza.com\/de\/wp-json\/wp\/v2\/product"}],"about":[{"href":"https:\/\/www.mielcastiza.com\/de\/wp-json\/wp\/v2\/types\/product"}],"replies":[{"embeddable":true,"href":"https:\/\/www.mielcastiza.com\/de\/wp-json\/wp\/v2\/comments?post=18220"}],"wp:featuredmedia":[{"embeddable":true,"href":"https:\/\/www.mielcastiza.com\/de\/wp-json\/wp\/v2\/media\/17756"}],"wp:attachment":[{"href":"https:\/\/www.mielcastiza.com\/de\/wp-json\/wp\/v2\/media?parent=18220"}],"wp:term":[{"taxonomy":"product_brand","embeddable":true,"href":"https:\/\/www.mielcastiza.com\/de\/wp-json\/wp\/v2\/product_brand?post=18220"},{"taxonomy":"product_cat","embeddable":true,"href":"https:\/\/www.mielcastiza.com\/de\/wp-json\/wp\/v2\/product_cat?post=18220"},{"taxonomy":"product_tag","embeddable":true,"href":"https:\/\/www.mielcastiza.com\/de\/wp-json\/wp\/v2\/product_tag?post=18220"}],"curies":[{"name":"wp","href":"https:\/\/api.w.org\/{rel}","templated":true}]}}