{"id":18223,"date":"2020-04-10T18:15:21","date_gmt":"2020-04-10T18:15:21","guid":{"rendered":"https:\/\/mielcastiza.plesk.myfocus.es\/producto\/thymianhonig-500-g\/"},"modified":"2020-04-10T18:15:21","modified_gmt":"2020-04-10T18:15:21","slug":"thymianhonig-500-g","status":"publish","type":"product","link":"https:\/\/www.mielcastiza.com\/de\/producto\/thymianhonig-500-g\/","title":{"rendered":"Thymianhonig 500 g"},"content":{"rendered":"<p>Thymianhonig wird im sp\u00e4ten Fr\u00fchjahr in den Bienenst\u00f6cken der Montes de Toledo und im Sommer neben dem Nationalpark Hoces del Durat\u00f3n in Segovia geerntet, wenn wir unsere Bienen mitnehmen, um einen k\u00fchleren Sommer zu verbringen.<\/p>\n<p>Es unterscheidet sich von anderen Honigen, weil sein Aroma viel intensiver ist und es mit dem charakteristischen Aroma der Pflanze impr\u00e4gniert ist. Mit einem sehr s\u00fc\u00dfen Geschmack aber gleichzeitig zart, der bei Liebhabern von reinem Bienenhonig die Faszination hervorruft.<\/p>\n<p>Botanisch gesehen entspricht der gebr\u00e4uchliche Name von Thymian, der manchmal ein Adjektiv wie \u201cOlivenbaum\u201d, \u201cgro\u00dfer Kopf\u201d, \u201cde San Juan\u201d, \u201cSalsero\u201d \u2026), verschiedenen Arten entspricht, die meisten der Gattung Thymus, aber andere verwandter Gattungen derselben Familie, die Labiatae (Lamiaceae). Die h\u00e4ufigste Art ist Thymus vulgaris.<\/p>\n<p>Thymian ist Teil des trockenen und sonnigen Dickichts der mediterranen Eichenw\u00e4lder, in denen sie die dominierende Art sein k\u00f6nnen und Thymianhaine bilden. In ihnen gibt es normalerweise andere Schamlippen: Rosmarin, Salbei, Lavendel, Katzenschwanz, Lavendel; einige krautige H\u00fclsenfr\u00fcchte: Klee, Luzerne, Cornicabras\u2026; andere holzige H\u00fclsenfr\u00fcchte wie Ginster; und andere Pflanzen wie Reseda, Rose, Jaguarzos\u2026<\/p>\n<p>&nbsp;<\/p>\n<p><strong>PAARUNG<\/strong><\/p>\n<p>&nbsp;<\/p>\n<p>Die Intensit\u00e4t und Ausdauer seiner Aromen und seines Geschmacks machen diese Honige sehr gesch\u00e4tzt von denen, die vom Nervenkitzel angezogen werden. Es ist ideal f\u00fcr die Kombination mit Gerichten, deren Zutaten auch Komponenten mit bemerkenswerten Aromen und Geschm\u00e4ckern bieten, zu denen Sie einen s\u00fc\u00dfen Teil und mit den charakteristischen Aromen dieser Honige integrieren m\u00f6chten.<\/p>\n<p>Kombinieren Sie mit starken Aufg\u00fcssen, gereiftem K\u00e4se, Fleischeint\u00f6pfen, gebackenem Fleisch oder nicht leichten Desserts, wobei Sie immer darauf achten, die verwendete Menge nicht zu \u00fcbertreiben.<\/p>\n<p>&nbsp;<\/p>\n<p><strong>ORGANOLEPTISCH: <\/strong><\/p>\n<p><strong> <\/strong><\/p>\n<ul>\n<li><strong>Farbe<\/strong>: hell bernsteinfarben.<\/li>\n<li><strong>Aroma<\/strong>: blumig mit phenolischer Note, sehr intensiv und anhaltend.<\/li>\n<li><strong>Geschmack<\/strong>: ges\u00fc\u00dft mit einer klaren sauren Komponente.<\/li>\n<li><strong>Ber\u00fchrung<\/strong>: geringe Tendenz zur Kristallisation.<\/li>\n<\/ul>\n<p>&nbsp;<\/p>\n","protected":false},"excerpt":{"rendered":"<p>Thymianhonig wird im sp\u00e4ten Fr\u00fchjahr in den Bienenst\u00f6cken der Montes de Toledo und im Sommer neben dem Nationalpark Hoces del Durat\u00f3n in Segovia geerntet, wenn wir unsere Bienen mitnehmen, um einen k\u00fchleren Sommer zu verbringen. Es unterscheidet sich von anderen Honigen, weil sein Aroma viel intensiver ist und es mit dem charakteristischen Aroma der Pflanze &#8230; <a title=\"Thymianhonig 500 g\" class=\"read-more\" href=\"https:\/\/www.mielcastiza.com\/de\/producto\/thymianhonig-500-g\/\" aria-label=\"Mehr Informationen \u00fcber Thymianhonig 500 g\">Weiterlesen<\/a><\/p>\n","protected":false},"featured_media":17855,"comment_status":"open","ping_status":"closed","template":"","meta":[],"product_brand":[],"product_cat":[79],"product_tag":[88],"class_list":{"0":"post-18223","1":"product","2":"type-product","3":"status-publish","4":"has-post-thumbnail","6":"product_cat-honig","7":"product_tag-thymian","9":"first","10":"outofstock","11":"sale","12":"purchasable","13":"product-type-simple"},"yoast_head":"<!-- This site is optimized with the Yoast SEO plugin v26.9 - https:\/\/yoast.com\/product\/yoast-seo-wordpress\/ -->\n<title>Thymianhonig 500 g - Miel Castiza<\/title>\n<meta name=\"description\" content=\"Thymianhonig unterscheidet sich von anderen Honigen dadurch, dass er ein viel intensiveres Aroma hat und mit dem charakteristischen Duft der Pflanze impr\u00e4gniert ist. Er hat einen sehr s\u00fc\u00dfen und zugleich delikaten Geschmack, der die Liebhaber von reinem Bienenhonig fasziniert.\" \/>\n<meta name=\"robots\" content=\"index, follow, max-snippet:-1, max-image-preview:large, max-video-preview:-1\" \/>\n<link rel=\"canonical\" href=\"https:\/\/www.mielcastiza.com\/de\/producto\/thymianhonig-500-g\/\" \/>\n<meta property=\"og:locale\" content=\"de_DE\" \/>\n<meta property=\"og:type\" content=\"article\" \/>\n<meta property=\"og:title\" content=\"Thymianhonig 500 g - Miel Castiza\" \/>\n<meta property=\"og:description\" content=\"Thymianhonig unterscheidet sich von anderen Honigen dadurch, dass er ein viel intensiveres Aroma hat und mit dem charakteristischen Duft der Pflanze impr\u00e4gniert ist. Er hat einen sehr s\u00fc\u00dfen und zugleich delikaten Geschmack, der die Liebhaber von reinem Bienenhonig fasziniert.\" \/>\n<meta property=\"og:url\" content=\"https:\/\/www.mielcastiza.com\/de\/producto\/thymianhonig-500-g\/\" \/>\n<meta property=\"og:site_name\" content=\"Miel Castiza\" \/>\n<meta property=\"og:image\" content=\"https:\/\/www.mielcastiza.com\/wp-content\/uploads\/2023\/12\/Miel-Tomillo-Castiza-500g.jpg\" \/>\n\t<meta property=\"og:image:width\" content=\"1365\" \/>\n\t<meta property=\"og:image:height\" content=\"2048\" \/>\n\t<meta property=\"og:image:type\" content=\"image\/jpeg\" \/>\n<meta name=\"twitter:card\" content=\"summary_large_image\" \/>\n<meta name=\"twitter:label1\" content=\"Gesch\u00e4tzte Lesezeit\" \/>\n\t<meta name=\"twitter:data1\" content=\"2\u00a0Minuten\" \/>\n<script type=\"application\/ld+json\" class=\"yoast-schema-graph\">{\"@context\":\"https:\/\/schema.org\",\"@graph\":[{\"@type\":\"WebPage\",\"@id\":\"https:\/\/www.mielcastiza.com\/de\/producto\/thymianhonig-500-g\/\",\"url\":\"https:\/\/www.mielcastiza.com\/de\/producto\/thymianhonig-500-g\/\",\"name\":\"Thymianhonig 500 g - Miel Castiza\",\"isPartOf\":{\"@id\":\"https:\/\/www.mielcastiza.com\/de\/#website\"},\"primaryImageOfPage\":{\"@id\":\"https:\/\/www.mielcastiza.com\/de\/producto\/thymianhonig-500-g\/#primaryimage\"},\"image\":{\"@id\":\"https:\/\/www.mielcastiza.com\/de\/producto\/thymianhonig-500-g\/#primaryimage\"},\"thumbnailUrl\":\"https:\/\/www.mielcastiza.com\/wp-content\/uploads\/2023\/12\/Miel-Tomillo-Castiza-500g.jpg\",\"datePublished\":\"2020-04-10T18:15:21+00:00\",\"description\":\"Thymianhonig unterscheidet sich von anderen Honigen dadurch, dass er ein viel intensiveres Aroma hat und mit dem charakteristischen Duft der Pflanze impr\u00e4gniert ist. Er hat einen sehr s\u00fc\u00dfen und zugleich delikaten Geschmack, der die Liebhaber von reinem Bienenhonig fasziniert.\",\"breadcrumb\":{\"@id\":\"https:\/\/www.mielcastiza.com\/de\/producto\/thymianhonig-500-g\/#breadcrumb\"},\"inLanguage\":\"de\",\"potentialAction\":[{\"@type\":\"ReadAction\",\"target\":[\"https:\/\/www.mielcastiza.com\/de\/producto\/thymianhonig-500-g\/\"]}]},{\"@type\":\"ImageObject\",\"inLanguage\":\"de\",\"@id\":\"https:\/\/www.mielcastiza.com\/de\/producto\/thymianhonig-500-g\/#primaryimage\",\"url\":\"https:\/\/www.mielcastiza.com\/wp-content\/uploads\/2023\/12\/Miel-Tomillo-Castiza-500g.jpg\",\"contentUrl\":\"https:\/\/www.mielcastiza.com\/wp-content\/uploads\/2023\/12\/Miel-Tomillo-Castiza-500g.jpg\",\"width\":1365,\"height\":2048},{\"@type\":\"BreadcrumbList\",\"@id\":\"https:\/\/www.mielcastiza.com\/de\/producto\/thymianhonig-500-g\/#breadcrumb\",\"itemListElement\":[{\"@type\":\"ListItem\",\"position\":1,\"name\":\"Portada\",\"item\":\"https:\/\/www.mielcastiza.com\/de\/\"},{\"@type\":\"ListItem\",\"position\":2,\"name\":\"Tienda\",\"item\":\"https:\/\/www.mielcastiza.com\/tienda\/\"},{\"@type\":\"ListItem\",\"position\":3,\"name\":\"Thymianhonig 500 g\"}]},{\"@type\":\"WebSite\",\"@id\":\"https:\/\/www.mielcastiza.com\/de\/#website\",\"url\":\"https:\/\/www.mielcastiza.com\/de\/\",\"name\":\"Miel Castiza\",\"description\":\"\",\"publisher\":{\"@id\":\"https:\/\/www.mielcastiza.com\/de\/#organization\"},\"potentialAction\":[{\"@type\":\"SearchAction\",\"target\":{\"@type\":\"EntryPoint\",\"urlTemplate\":\"https:\/\/www.mielcastiza.com\/de\/?s={search_term_string}\"},\"query-input\":{\"@type\":\"PropertyValueSpecification\",\"valueRequired\":true,\"valueName\":\"search_term_string\"}}],\"inLanguage\":\"de\"},{\"@type\":\"Organization\",\"@id\":\"https:\/\/www.mielcastiza.com\/de\/#organization\",\"name\":\"Miel Castiza\",\"url\":\"https:\/\/www.mielcastiza.com\/de\/\",\"logo\":{\"@type\":\"ImageObject\",\"inLanguage\":\"de\",\"@id\":\"https:\/\/www.mielcastiza.com\/de\/#\/schema\/logo\/image\/\",\"url\":\"https:\/\/www.mielcastiza.com\/wp-content\/uploads\/2023\/12\/logo_beige.png\",\"contentUrl\":\"https:\/\/www.mielcastiza.com\/wp-content\/uploads\/2023\/12\/logo_beige.png\",\"width\":252,\"height\":70,\"caption\":\"Miel Castiza\"},\"image\":{\"@id\":\"https:\/\/www.mielcastiza.com\/de\/#\/schema\/logo\/image\/\"}}]}<\/script>\n<!-- \/ Yoast SEO plugin. -->","yoast_head_json":{"title":"Thymianhonig 500 g - Miel Castiza","description":"Thymianhonig unterscheidet sich von anderen Honigen dadurch, dass er ein viel intensiveres Aroma hat und mit dem charakteristischen Duft der Pflanze impr\u00e4gniert ist. Er hat einen sehr s\u00fc\u00dfen und zugleich delikaten Geschmack, der die Liebhaber von reinem Bienenhonig fasziniert.","robots":{"index":"index","follow":"follow","max-snippet":"max-snippet:-1","max-image-preview":"max-image-preview:large","max-video-preview":"max-video-preview:-1"},"canonical":"https:\/\/www.mielcastiza.com\/de\/producto\/thymianhonig-500-g\/","og_locale":"de_DE","og_type":"article","og_title":"Thymianhonig 500 g - Miel Castiza","og_description":"Thymianhonig unterscheidet sich von anderen Honigen dadurch, dass er ein viel intensiveres Aroma hat und mit dem charakteristischen Duft der Pflanze impr\u00e4gniert ist. Er hat einen sehr s\u00fc\u00dfen und zugleich delikaten Geschmack, der die Liebhaber von reinem Bienenhonig fasziniert.","og_url":"https:\/\/www.mielcastiza.com\/de\/producto\/thymianhonig-500-g\/","og_site_name":"Miel Castiza","og_image":[{"width":1365,"height":2048,"url":"https:\/\/www.mielcastiza.com\/wp-content\/uploads\/2023\/12\/Miel-Tomillo-Castiza-500g.jpg","type":"image\/jpeg"}],"twitter_card":"summary_large_image","twitter_misc":{"Gesch\u00e4tzte Lesezeit":"2\u00a0Minuten"},"schema":{"@context":"https:\/\/schema.org","@graph":[{"@type":"WebPage","@id":"https:\/\/www.mielcastiza.com\/de\/producto\/thymianhonig-500-g\/","url":"https:\/\/www.mielcastiza.com\/de\/producto\/thymianhonig-500-g\/","name":"Thymianhonig 500 g - Miel Castiza","isPartOf":{"@id":"https:\/\/www.mielcastiza.com\/de\/#website"},"primaryImageOfPage":{"@id":"https:\/\/www.mielcastiza.com\/de\/producto\/thymianhonig-500-g\/#primaryimage"},"image":{"@id":"https:\/\/www.mielcastiza.com\/de\/producto\/thymianhonig-500-g\/#primaryimage"},"thumbnailUrl":"https:\/\/www.mielcastiza.com\/wp-content\/uploads\/2023\/12\/Miel-Tomillo-Castiza-500g.jpg","datePublished":"2020-04-10T18:15:21+00:00","description":"Thymianhonig unterscheidet sich von anderen Honigen dadurch, dass er ein viel intensiveres Aroma hat und mit dem charakteristischen Duft der Pflanze impr\u00e4gniert ist. Er hat einen sehr s\u00fc\u00dfen und zugleich delikaten Geschmack, der die Liebhaber von reinem Bienenhonig fasziniert.","breadcrumb":{"@id":"https:\/\/www.mielcastiza.com\/de\/producto\/thymianhonig-500-g\/#breadcrumb"},"inLanguage":"de","potentialAction":[{"@type":"ReadAction","target":["https:\/\/www.mielcastiza.com\/de\/producto\/thymianhonig-500-g\/"]}]},{"@type":"ImageObject","inLanguage":"de","@id":"https:\/\/www.mielcastiza.com\/de\/producto\/thymianhonig-500-g\/#primaryimage","url":"https:\/\/www.mielcastiza.com\/wp-content\/uploads\/2023\/12\/Miel-Tomillo-Castiza-500g.jpg","contentUrl":"https:\/\/www.mielcastiza.com\/wp-content\/uploads\/2023\/12\/Miel-Tomillo-Castiza-500g.jpg","width":1365,"height":2048},{"@type":"BreadcrumbList","@id":"https:\/\/www.mielcastiza.com\/de\/producto\/thymianhonig-500-g\/#breadcrumb","itemListElement":[{"@type":"ListItem","position":1,"name":"Portada","item":"https:\/\/www.mielcastiza.com\/de\/"},{"@type":"ListItem","position":2,"name":"Tienda","item":"https:\/\/www.mielcastiza.com\/tienda\/"},{"@type":"ListItem","position":3,"name":"Thymianhonig 500 g"}]},{"@type":"WebSite","@id":"https:\/\/www.mielcastiza.com\/de\/#website","url":"https:\/\/www.mielcastiza.com\/de\/","name":"Miel Castiza","description":"","publisher":{"@id":"https:\/\/www.mielcastiza.com\/de\/#organization"},"potentialAction":[{"@type":"SearchAction","target":{"@type":"EntryPoint","urlTemplate":"https:\/\/www.mielcastiza.com\/de\/?s={search_term_string}"},"query-input":{"@type":"PropertyValueSpecification","valueRequired":true,"valueName":"search_term_string"}}],"inLanguage":"de"},{"@type":"Organization","@id":"https:\/\/www.mielcastiza.com\/de\/#organization","name":"Miel Castiza","url":"https:\/\/www.mielcastiza.com\/de\/","logo":{"@type":"ImageObject","inLanguage":"de","@id":"https:\/\/www.mielcastiza.com\/de\/#\/schema\/logo\/image\/","url":"https:\/\/www.mielcastiza.com\/wp-content\/uploads\/2023\/12\/logo_beige.png","contentUrl":"https:\/\/www.mielcastiza.com\/wp-content\/uploads\/2023\/12\/logo_beige.png","width":252,"height":70,"caption":"Miel Castiza"},"image":{"@id":"https:\/\/www.mielcastiza.com\/de\/#\/schema\/logo\/image\/"}}]}},"jetpack_sharing_enabled":true,"_links":{"self":[{"href":"https:\/\/www.mielcastiza.com\/de\/wp-json\/wp\/v2\/product\/18223","targetHints":{"allow":["GET"]}}],"collection":[{"href":"https:\/\/www.mielcastiza.com\/de\/wp-json\/wp\/v2\/product"}],"about":[{"href":"https:\/\/www.mielcastiza.com\/de\/wp-json\/wp\/v2\/types\/product"}],"replies":[{"embeddable":true,"href":"https:\/\/www.mielcastiza.com\/de\/wp-json\/wp\/v2\/comments?post=18223"}],"wp:featuredmedia":[{"embeddable":true,"href":"https:\/\/www.mielcastiza.com\/de\/wp-json\/wp\/v2\/media\/17855"}],"wp:attachment":[{"href":"https:\/\/www.mielcastiza.com\/de\/wp-json\/wp\/v2\/media?parent=18223"}],"wp:term":[{"taxonomy":"product_brand","embeddable":true,"href":"https:\/\/www.mielcastiza.com\/de\/wp-json\/wp\/v2\/product_brand?post=18223"},{"taxonomy":"product_cat","embeddable":true,"href":"https:\/\/www.mielcastiza.com\/de\/wp-json\/wp\/v2\/product_cat?post=18223"},{"taxonomy":"product_tag","embeddable":true,"href":"https:\/\/www.mielcastiza.com\/de\/wp-json\/wp\/v2\/product_tag?post=18223"}],"curies":[{"name":"wp","href":"https:\/\/api.w.org\/{rel}","templated":true}]}}