{"id":18226,"date":"2020-04-10T18:13:58","date_gmt":"2020-04-10T18:13:58","guid":{"rendered":"https:\/\/mielcastiza.plesk.myfocus.es\/producto\/rosmarinhonig-500g\/"},"modified":"2020-04-10T18:13:58","modified_gmt":"2020-04-10T18:13:58","slug":"rosmarinhonig-500g","status":"publish","type":"product","link":"https:\/\/www.mielcastiza.com\/de\/producto\/rosmarinhonig-500g\/","title":{"rendered":"Rosmarinhonig 500g"},"content":{"rendered":"<p>Honig aus der Rosmarinpflanze (Rosmarinus officinalis). Dar\u00fcber hinaus finden wir Pollen von Fabaceae, Radieschen, Mandelb\u00e4umen, Cistaceae und manchmal Baggern von Herbstblumen (Heidekraut, Brombeerstr\u00e4ucher \u2026). Rosmarin ist eine Pflanze, die je nach Wetterlage im Herbst und fr\u00fchen Fr\u00fchling mehr oder weniger bl\u00fcht. Aus diesem Grund muss es f\u00fcr eine gute Honigernte zwei aufeinanderfolgende Saisons mit gutem Wetter geben, die erste, in der sich die jungen Zweige entwickeln k\u00f6nnen. nun, und die zweite, damit sich eine gute Bl\u00fcte auf ihnen entwickelt. Es ist auch notwendig, dass der Winter kalt ist und die Pflanzen l\u00e4hmt, so dass, wenn der Fr\u00fchlingsanfang kommt, sie immer noch eine Bl\u00fcte haben, von der sie nehmen k\u00f6nnen.<\/p>\n<p>Wir ernten diesen Honig im zeitigen Fr\u00fchjahr haupts\u00e4chlich in unseren Imkereien in den Montes de Toledo.<strong> <\/strong><\/p>\n<p>&nbsp;<\/p>\n<p><strong>PAARUNG:<\/strong><\/p>\n<p>Rosmarinhonig ist leicht, er passt gut zu allen Lebensmitteln, denen Sie eine Komponente des s\u00fc\u00dfen Geschmacks und des zarten Aromas hinzuf\u00fcgen m\u00f6chten. Mit etwas Wasser verd\u00fcnnt, eignet es sich sehr gut, um Salatdressings zu begleiten; es passt gut zu Fisch und f\u00fcgt es in kleinen Mengen am Ende der Zubereitung hinzu, wenn es hei\u00df ist; und mit etwas Fleisch, Desserts, Obst, Aufg\u00fcssen und erfrischenden Getr\u00e4nken\u2026<\/p>\n<p><strong>ORGANOLEPTISCH:<\/strong><\/p>\n<p><strong> <\/strong><\/p>\n<ul>\n<li><strong>Farbe<\/strong>: hell bernsteinfarben.<\/li>\n<li><strong>Aroma<\/strong>: nicht sehr intensiv, mittlere Ausdauer, blumig mit Noten von Kampfer und neuem Wachs. Die retronasalen Aromen nehmen zu und erscheinen fruchtige Noten seiner Mandel und mehligen Cam, wenn es reich an Fabaceae ist.<\/li>\n<li><strong>Geschmack<\/strong>: s\u00fc\u00df, mit sauren Noten.<\/li>\n<li><strong>Ber\u00fchrung<\/strong>: langsame Kristallisation, die oft von unten beginnt und in Form einer Konstellation ansteigt.<\/li>\n<\/ul>\n","protected":false},"excerpt":{"rendered":"<p>Honig aus der Rosmarinpflanze (Rosmarinus officinalis). Dar\u00fcber hinaus finden wir Pollen von Fabaceae, Radieschen, Mandelb\u00e4umen, Cistaceae und manchmal Baggern von Herbstblumen (Heidekraut, Brombeerstr\u00e4ucher \u2026). Rosmarin ist eine Pflanze, die je nach Wetterlage im Herbst und fr\u00fchen Fr\u00fchling mehr oder weniger bl\u00fcht. Aus diesem Grund muss es f\u00fcr eine gute Honigernte zwei aufeinanderfolgende Saisons mit gutem &#8230; <a title=\"Rosmarinhonig 500g\" class=\"read-more\" href=\"https:\/\/www.mielcastiza.com\/de\/producto\/rosmarinhonig-500g\/\" aria-label=\"Mehr Informationen \u00fcber Rosmarinhonig 500g\">Weiterlesen<\/a><\/p>\n","protected":false},"featured_media":17849,"comment_status":"open","ping_status":"closed","template":"","meta":[],"product_brand":[],"product_cat":[79],"product_tag":[],"class_list":{"0":"post-18226","1":"product","2":"type-product","3":"status-publish","4":"has-post-thumbnail","6":"product_cat-honig","8":"first","9":"outofstock","10":"sale","11":"purchasable","12":"product-type-simple"},"yoast_head":"<!-- This site is optimized with the Yoast SEO plugin v26.9 - https:\/\/yoast.com\/product\/yoast-seo-wordpress\/ -->\n<title>Rosmarinhonig 500g - Miel Castiza<\/title>\n<meta name=\"description\" content=\"Castiza Rosmarinhonig ist mild und passt zu allen Speisen, denen Sie eine s\u00fc\u00dfe Geschmackskomponente und ein delikates Aroma verleihen m\u00f6chten. Wir ernten diesen Honig im zeitigen Fr\u00fchjahr in unseren Bienenst\u00f6cken in den Montes de Toledo.\" \/>\n<meta name=\"robots\" content=\"index, follow, max-snippet:-1, max-image-preview:large, max-video-preview:-1\" \/>\n<link rel=\"canonical\" href=\"https:\/\/www.mielcastiza.com\/de\/producto\/rosmarinhonig-500g\/\" \/>\n<meta property=\"og:locale\" content=\"de_DE\" \/>\n<meta property=\"og:type\" content=\"article\" \/>\n<meta property=\"og:title\" content=\"Rosmarinhonig 500g - Miel Castiza\" \/>\n<meta property=\"og:description\" content=\"Castiza Rosmarinhonig ist mild und passt zu allen Speisen, denen Sie eine s\u00fc\u00dfe Geschmackskomponente und ein delikates Aroma verleihen m\u00f6chten. Wir ernten diesen Honig im zeitigen Fr\u00fchjahr in unseren Bienenst\u00f6cken in den Montes de Toledo.\" \/>\n<meta property=\"og:url\" content=\"https:\/\/www.mielcastiza.com\/de\/producto\/rosmarinhonig-500g\/\" \/>\n<meta property=\"og:site_name\" content=\"Miel Castiza\" \/>\n<meta property=\"og:image\" content=\"https:\/\/www.mielcastiza.com\/wp-content\/uploads\/2023\/12\/Miel-Romero-Castiza-500g.jpg\" \/>\n\t<meta property=\"og:image:width\" content=\"1365\" \/>\n\t<meta property=\"og:image:height\" content=\"2048\" \/>\n\t<meta property=\"og:image:type\" content=\"image\/jpeg\" \/>\n<meta name=\"twitter:card\" content=\"summary_large_image\" \/>\n<meta name=\"twitter:label1\" content=\"Gesch\u00e4tzte Lesezeit\" \/>\n\t<meta name=\"twitter:data1\" content=\"1\u00a0Minute\" \/>\n<script type=\"application\/ld+json\" class=\"yoast-schema-graph\">{\"@context\":\"https:\/\/schema.org\",\"@graph\":[{\"@type\":\"WebPage\",\"@id\":\"https:\/\/www.mielcastiza.com\/de\/producto\/rosmarinhonig-500g\/\",\"url\":\"https:\/\/www.mielcastiza.com\/de\/producto\/rosmarinhonig-500g\/\",\"name\":\"Rosmarinhonig 500g - Miel Castiza\",\"isPartOf\":{\"@id\":\"https:\/\/www.mielcastiza.com\/de\/#website\"},\"primaryImageOfPage\":{\"@id\":\"https:\/\/www.mielcastiza.com\/de\/producto\/rosmarinhonig-500g\/#primaryimage\"},\"image\":{\"@id\":\"https:\/\/www.mielcastiza.com\/de\/producto\/rosmarinhonig-500g\/#primaryimage\"},\"thumbnailUrl\":\"https:\/\/www.mielcastiza.com\/wp-content\/uploads\/2023\/12\/Miel-Romero-Castiza-500g.jpg\",\"datePublished\":\"2020-04-10T18:13:58+00:00\",\"description\":\"Castiza Rosmarinhonig ist mild und passt zu allen Speisen, denen Sie eine s\u00fc\u00dfe Geschmackskomponente und ein delikates Aroma verleihen m\u00f6chten. Wir ernten diesen Honig im zeitigen Fr\u00fchjahr in unseren Bienenst\u00f6cken in den Montes de Toledo.\",\"breadcrumb\":{\"@id\":\"https:\/\/www.mielcastiza.com\/de\/producto\/rosmarinhonig-500g\/#breadcrumb\"},\"inLanguage\":\"de\",\"potentialAction\":[{\"@type\":\"ReadAction\",\"target\":[\"https:\/\/www.mielcastiza.com\/de\/producto\/rosmarinhonig-500g\/\"]}]},{\"@type\":\"ImageObject\",\"inLanguage\":\"de\",\"@id\":\"https:\/\/www.mielcastiza.com\/de\/producto\/rosmarinhonig-500g\/#primaryimage\",\"url\":\"https:\/\/www.mielcastiza.com\/wp-content\/uploads\/2023\/12\/Miel-Romero-Castiza-500g.jpg\",\"contentUrl\":\"https:\/\/www.mielcastiza.com\/wp-content\/uploads\/2023\/12\/Miel-Romero-Castiza-500g.jpg\",\"width\":1365,\"height\":2048},{\"@type\":\"BreadcrumbList\",\"@id\":\"https:\/\/www.mielcastiza.com\/de\/producto\/rosmarinhonig-500g\/#breadcrumb\",\"itemListElement\":[{\"@type\":\"ListItem\",\"position\":1,\"name\":\"Portada\",\"item\":\"https:\/\/www.mielcastiza.com\/de\/\"},{\"@type\":\"ListItem\",\"position\":2,\"name\":\"Tienda\",\"item\":\"https:\/\/www.mielcastiza.com\/tienda\/\"},{\"@type\":\"ListItem\",\"position\":3,\"name\":\"Rosmarinhonig 500g\"}]},{\"@type\":\"WebSite\",\"@id\":\"https:\/\/www.mielcastiza.com\/de\/#website\",\"url\":\"https:\/\/www.mielcastiza.com\/de\/\",\"name\":\"Miel Castiza\",\"description\":\"\",\"publisher\":{\"@id\":\"https:\/\/www.mielcastiza.com\/de\/#organization\"},\"potentialAction\":[{\"@type\":\"SearchAction\",\"target\":{\"@type\":\"EntryPoint\",\"urlTemplate\":\"https:\/\/www.mielcastiza.com\/de\/?s={search_term_string}\"},\"query-input\":{\"@type\":\"PropertyValueSpecification\",\"valueRequired\":true,\"valueName\":\"search_term_string\"}}],\"inLanguage\":\"de\"},{\"@type\":\"Organization\",\"@id\":\"https:\/\/www.mielcastiza.com\/de\/#organization\",\"name\":\"Miel Castiza\",\"url\":\"https:\/\/www.mielcastiza.com\/de\/\",\"logo\":{\"@type\":\"ImageObject\",\"inLanguage\":\"de\",\"@id\":\"https:\/\/www.mielcastiza.com\/de\/#\/schema\/logo\/image\/\",\"url\":\"https:\/\/www.mielcastiza.com\/wp-content\/uploads\/2023\/12\/logo_beige.png\",\"contentUrl\":\"https:\/\/www.mielcastiza.com\/wp-content\/uploads\/2023\/12\/logo_beige.png\",\"width\":252,\"height\":70,\"caption\":\"Miel Castiza\"},\"image\":{\"@id\":\"https:\/\/www.mielcastiza.com\/de\/#\/schema\/logo\/image\/\"}}]}<\/script>\n<!-- \/ Yoast SEO plugin. -->","yoast_head_json":{"title":"Rosmarinhonig 500g - Miel Castiza","description":"Castiza Rosmarinhonig ist mild und passt zu allen Speisen, denen Sie eine s\u00fc\u00dfe Geschmackskomponente und ein delikates Aroma verleihen m\u00f6chten. Wir ernten diesen Honig im zeitigen Fr\u00fchjahr in unseren Bienenst\u00f6cken in den Montes de Toledo.","robots":{"index":"index","follow":"follow","max-snippet":"max-snippet:-1","max-image-preview":"max-image-preview:large","max-video-preview":"max-video-preview:-1"},"canonical":"https:\/\/www.mielcastiza.com\/de\/producto\/rosmarinhonig-500g\/","og_locale":"de_DE","og_type":"article","og_title":"Rosmarinhonig 500g - Miel Castiza","og_description":"Castiza Rosmarinhonig ist mild und passt zu allen Speisen, denen Sie eine s\u00fc\u00dfe Geschmackskomponente und ein delikates Aroma verleihen m\u00f6chten. Wir ernten diesen Honig im zeitigen Fr\u00fchjahr in unseren Bienenst\u00f6cken in den Montes de Toledo.","og_url":"https:\/\/www.mielcastiza.com\/de\/producto\/rosmarinhonig-500g\/","og_site_name":"Miel Castiza","og_image":[{"width":1365,"height":2048,"url":"https:\/\/www.mielcastiza.com\/wp-content\/uploads\/2023\/12\/Miel-Romero-Castiza-500g.jpg","type":"image\/jpeg"}],"twitter_card":"summary_large_image","twitter_misc":{"Gesch\u00e4tzte Lesezeit":"1\u00a0Minute"},"schema":{"@context":"https:\/\/schema.org","@graph":[{"@type":"WebPage","@id":"https:\/\/www.mielcastiza.com\/de\/producto\/rosmarinhonig-500g\/","url":"https:\/\/www.mielcastiza.com\/de\/producto\/rosmarinhonig-500g\/","name":"Rosmarinhonig 500g - Miel Castiza","isPartOf":{"@id":"https:\/\/www.mielcastiza.com\/de\/#website"},"primaryImageOfPage":{"@id":"https:\/\/www.mielcastiza.com\/de\/producto\/rosmarinhonig-500g\/#primaryimage"},"image":{"@id":"https:\/\/www.mielcastiza.com\/de\/producto\/rosmarinhonig-500g\/#primaryimage"},"thumbnailUrl":"https:\/\/www.mielcastiza.com\/wp-content\/uploads\/2023\/12\/Miel-Romero-Castiza-500g.jpg","datePublished":"2020-04-10T18:13:58+00:00","description":"Castiza Rosmarinhonig ist mild und passt zu allen Speisen, denen Sie eine s\u00fc\u00dfe Geschmackskomponente und ein delikates Aroma verleihen m\u00f6chten. Wir ernten diesen Honig im zeitigen Fr\u00fchjahr in unseren Bienenst\u00f6cken in den Montes de Toledo.","breadcrumb":{"@id":"https:\/\/www.mielcastiza.com\/de\/producto\/rosmarinhonig-500g\/#breadcrumb"},"inLanguage":"de","potentialAction":[{"@type":"ReadAction","target":["https:\/\/www.mielcastiza.com\/de\/producto\/rosmarinhonig-500g\/"]}]},{"@type":"ImageObject","inLanguage":"de","@id":"https:\/\/www.mielcastiza.com\/de\/producto\/rosmarinhonig-500g\/#primaryimage","url":"https:\/\/www.mielcastiza.com\/wp-content\/uploads\/2023\/12\/Miel-Romero-Castiza-500g.jpg","contentUrl":"https:\/\/www.mielcastiza.com\/wp-content\/uploads\/2023\/12\/Miel-Romero-Castiza-500g.jpg","width":1365,"height":2048},{"@type":"BreadcrumbList","@id":"https:\/\/www.mielcastiza.com\/de\/producto\/rosmarinhonig-500g\/#breadcrumb","itemListElement":[{"@type":"ListItem","position":1,"name":"Portada","item":"https:\/\/www.mielcastiza.com\/de\/"},{"@type":"ListItem","position":2,"name":"Tienda","item":"https:\/\/www.mielcastiza.com\/tienda\/"},{"@type":"ListItem","position":3,"name":"Rosmarinhonig 500g"}]},{"@type":"WebSite","@id":"https:\/\/www.mielcastiza.com\/de\/#website","url":"https:\/\/www.mielcastiza.com\/de\/","name":"Miel Castiza","description":"","publisher":{"@id":"https:\/\/www.mielcastiza.com\/de\/#organization"},"potentialAction":[{"@type":"SearchAction","target":{"@type":"EntryPoint","urlTemplate":"https:\/\/www.mielcastiza.com\/de\/?s={search_term_string}"},"query-input":{"@type":"PropertyValueSpecification","valueRequired":true,"valueName":"search_term_string"}}],"inLanguage":"de"},{"@type":"Organization","@id":"https:\/\/www.mielcastiza.com\/de\/#organization","name":"Miel Castiza","url":"https:\/\/www.mielcastiza.com\/de\/","logo":{"@type":"ImageObject","inLanguage":"de","@id":"https:\/\/www.mielcastiza.com\/de\/#\/schema\/logo\/image\/","url":"https:\/\/www.mielcastiza.com\/wp-content\/uploads\/2023\/12\/logo_beige.png","contentUrl":"https:\/\/www.mielcastiza.com\/wp-content\/uploads\/2023\/12\/logo_beige.png","width":252,"height":70,"caption":"Miel Castiza"},"image":{"@id":"https:\/\/www.mielcastiza.com\/de\/#\/schema\/logo\/image\/"}}]}},"jetpack_sharing_enabled":true,"_links":{"self":[{"href":"https:\/\/www.mielcastiza.com\/de\/wp-json\/wp\/v2\/product\/18226","targetHints":{"allow":["GET"]}}],"collection":[{"href":"https:\/\/www.mielcastiza.com\/de\/wp-json\/wp\/v2\/product"}],"about":[{"href":"https:\/\/www.mielcastiza.com\/de\/wp-json\/wp\/v2\/types\/product"}],"replies":[{"embeddable":true,"href":"https:\/\/www.mielcastiza.com\/de\/wp-json\/wp\/v2\/comments?post=18226"}],"wp:featuredmedia":[{"embeddable":true,"href":"https:\/\/www.mielcastiza.com\/de\/wp-json\/wp\/v2\/media\/17849"}],"wp:attachment":[{"href":"https:\/\/www.mielcastiza.com\/de\/wp-json\/wp\/v2\/media?parent=18226"}],"wp:term":[{"taxonomy":"product_brand","embeddable":true,"href":"https:\/\/www.mielcastiza.com\/de\/wp-json\/wp\/v2\/product_brand?post=18226"},{"taxonomy":"product_cat","embeddable":true,"href":"https:\/\/www.mielcastiza.com\/de\/wp-json\/wp\/v2\/product_cat?post=18226"},{"taxonomy":"product_tag","embeddable":true,"href":"https:\/\/www.mielcastiza.com\/de\/wp-json\/wp\/v2\/product_tag?post=18226"}],"curies":[{"name":"wp","href":"https:\/\/api.w.org\/{rel}","templated":true}]}}