{"id":18229,"date":"2020-04-10T18:39:22","date_gmt":"2020-04-10T18:39:22","guid":{"rendered":"https:\/\/mielcastiza.plesk.myfocus.es\/producto\/lavendelhonig-500g\/"},"modified":"2020-04-10T18:39:22","modified_gmt":"2020-04-10T18:39:22","slug":"lavendelhonig-500g","status":"publish","type":"product","link":"https:\/\/www.mielcastiza.com\/de\/producto\/lavendelhonig-500g\/","title":{"rendered":"Lavendelhonig 500g"},"content":{"rendered":"<p>Reiner Lavendelhonig aus Kastilien und Le\u00f3n, wo wir mit anderen Imkern f\u00fcr seine Gewinnung zusammenarbeiten. Dar\u00fcber hinaus finden wir Pollen von Fabaceae, Asteraceae, Honeysuckers und anderen Lamiaceae.<\/p>\n<p>Es wird im sp\u00e4ten Fr\u00fchling und Fr\u00fchsommer geerntet.<\/p>\n<p>&nbsp;<\/p>\n<p><strong>PAARUNG<\/strong><\/p>\n<p>In der Gourmetk\u00fcche ist Lavendelhonig einer der am meisten gesch\u00e4tzten. Es wird verwendet, um Kekse, hei\u00dfe Getr\u00e4nke usw. zu vers\u00fc\u00dfen. Es geht auch sehr gut auf Kuchen, Obst, Toast und Eiscreme. Die S\u00fc\u00dfe der beiden Zutaten sorgt f\u00fcr eine perfekte Abstimmung.<\/p>\n<p>Die alten R\u00f6mer benutzten es, um ihre B\u00e4der zu parf\u00fcmieren, zu waschen und sich um ihre Kleidung zu k\u00fcmmern. Es war \u00fcblich, einen Zweig Lavendel als Insektenschutzmittel zu verwenden, und seine florale Essenz wurde zur Herstellung von Lotionen und Parf\u00fcms verwendet.<\/p>\n<p>&nbsp;<\/p>\n<p><strong>Organoleptische Eigenschaften: <\/strong><\/p>\n<p><strong> <\/strong><\/p>\n<ul>\n<li><strong>Farbe<\/strong>: hell bernsteinfarben, fast wei\u00df.<\/li>\n<li><strong>Aroma<\/strong>: blumig mit einem klaren Bestandteil von Lavendel, au\u00dferordentlich intensiv und anhaltend mit phenolischen Noten.<\/li>\n<li><strong>Geschmack<\/strong>: s\u00fc\u00df, mit sauren Noten.<\/li>\n<li><strong>Ber\u00fchrung<\/strong>: langsame Kristallisation, die oft von unten beginnt und in Form einer Konstellation ansteigt.<\/li>\n<\/ul>\n<p>&nbsp;<\/p>\n<p>&nbsp;<\/p>\n","protected":false},"excerpt":{"rendered":"<p>Reiner Lavendelhonig aus Kastilien und Le\u00f3n, wo wir mit anderen Imkern f\u00fcr seine Gewinnung zusammenarbeiten. Dar\u00fcber hinaus finden wir Pollen von Fabaceae, Asteraceae, Honeysuckers und anderen Lamiaceae. Es wird im sp\u00e4ten Fr\u00fchling und Fr\u00fchsommer geerntet. &nbsp; PAARUNG In der Gourmetk\u00fcche ist Lavendelhonig einer der am meisten gesch\u00e4tzten. Es wird verwendet, um Kekse, hei\u00dfe Getr\u00e4nke usw. &#8230; <a title=\"Lavendelhonig 500g\" class=\"read-more\" href=\"https:\/\/www.mielcastiza.com\/de\/producto\/lavendelhonig-500g\/\" aria-label=\"Mehr Informationen \u00fcber Lavendelhonig 500g\">Weiterlesen<\/a><\/p>\n","protected":false},"featured_media":17873,"comment_status":"open","ping_status":"closed","template":"","meta":[],"product_brand":[],"product_cat":[79],"product_tag":[91],"class_list":{"0":"post-18229","1":"product","2":"type-product","3":"status-publish","4":"has-post-thumbnail","6":"product_cat-honig","7":"product_tag-lavendel","9":"first","10":"outofstock","11":"sale","12":"purchasable","13":"product-type-simple"},"yoast_head":"<!-- This site is optimized with the Yoast SEO plugin v26.9 - https:\/\/yoast.com\/product\/yoast-seo-wordpress\/ -->\n<title>Lavendelhonig 500g - Miel Castiza<\/title>\n<meta name=\"description\" content=\"Reiner Lavendelhonig von den Feldern Kastiliens, leicht bernsteinfarben, exquisiter Geschmack am Gaumen. Er gilt als einer der besten Honigsorten der Welt. Elegant, vollst\u00e4ndig und subtil zugleich.\" \/>\n<meta name=\"robots\" content=\"index, follow, max-snippet:-1, max-image-preview:large, max-video-preview:-1\" \/>\n<link rel=\"canonical\" href=\"https:\/\/www.mielcastiza.com\/de\/producto\/lavendelhonig-500g\/\" \/>\n<meta property=\"og:locale\" content=\"de_DE\" \/>\n<meta property=\"og:type\" content=\"article\" \/>\n<meta property=\"og:title\" content=\"Lavendelhonig 500g - Miel Castiza\" \/>\n<meta property=\"og:description\" content=\"Reiner Lavendelhonig von den Feldern Kastiliens, leicht bernsteinfarben, exquisiter Geschmack am Gaumen. Er gilt als einer der besten Honigsorten der Welt. Elegant, vollst\u00e4ndig und subtil zugleich.\" \/>\n<meta property=\"og:url\" content=\"https:\/\/www.mielcastiza.com\/de\/producto\/lavendelhonig-500g\/\" \/>\n<meta property=\"og:site_name\" content=\"Miel Castiza\" \/>\n<meta property=\"og:image\" content=\"https:\/\/www.mielcastiza.com\/wp-content\/uploads\/2023\/12\/Miel-Lavanda-Castiza-500g.jpg\" \/>\n\t<meta property=\"og:image:width\" content=\"1365\" \/>\n\t<meta property=\"og:image:height\" content=\"2048\" \/>\n\t<meta property=\"og:image:type\" content=\"image\/jpeg\" \/>\n<meta name=\"twitter:card\" content=\"summary_large_image\" \/>\n<meta name=\"twitter:label1\" content=\"Gesch\u00e4tzte Lesezeit\" \/>\n\t<meta name=\"twitter:data1\" content=\"1\u00a0Minute\" \/>\n<script type=\"application\/ld+json\" class=\"yoast-schema-graph\">{\"@context\":\"https:\/\/schema.org\",\"@graph\":[{\"@type\":\"WebPage\",\"@id\":\"https:\/\/www.mielcastiza.com\/de\/producto\/lavendelhonig-500g\/\",\"url\":\"https:\/\/www.mielcastiza.com\/de\/producto\/lavendelhonig-500g\/\",\"name\":\"Lavendelhonig 500g - Miel Castiza\",\"isPartOf\":{\"@id\":\"https:\/\/www.mielcastiza.com\/de\/#website\"},\"primaryImageOfPage\":{\"@id\":\"https:\/\/www.mielcastiza.com\/de\/producto\/lavendelhonig-500g\/#primaryimage\"},\"image\":{\"@id\":\"https:\/\/www.mielcastiza.com\/de\/producto\/lavendelhonig-500g\/#primaryimage\"},\"thumbnailUrl\":\"https:\/\/www.mielcastiza.com\/wp-content\/uploads\/2023\/12\/Miel-Lavanda-Castiza-500g.jpg\",\"datePublished\":\"2020-04-10T18:39:22+00:00\",\"description\":\"Reiner Lavendelhonig von den Feldern Kastiliens, leicht bernsteinfarben, exquisiter Geschmack am Gaumen. Er gilt als einer der besten Honigsorten der Welt. Elegant, vollst\u00e4ndig und subtil zugleich.\",\"breadcrumb\":{\"@id\":\"https:\/\/www.mielcastiza.com\/de\/producto\/lavendelhonig-500g\/#breadcrumb\"},\"inLanguage\":\"de\",\"potentialAction\":[{\"@type\":\"ReadAction\",\"target\":[\"https:\/\/www.mielcastiza.com\/de\/producto\/lavendelhonig-500g\/\"]}]},{\"@type\":\"ImageObject\",\"inLanguage\":\"de\",\"@id\":\"https:\/\/www.mielcastiza.com\/de\/producto\/lavendelhonig-500g\/#primaryimage\",\"url\":\"https:\/\/www.mielcastiza.com\/wp-content\/uploads\/2023\/12\/Miel-Lavanda-Castiza-500g.jpg\",\"contentUrl\":\"https:\/\/www.mielcastiza.com\/wp-content\/uploads\/2023\/12\/Miel-Lavanda-Castiza-500g.jpg\",\"width\":1365,\"height\":2048},{\"@type\":\"BreadcrumbList\",\"@id\":\"https:\/\/www.mielcastiza.com\/de\/producto\/lavendelhonig-500g\/#breadcrumb\",\"itemListElement\":[{\"@type\":\"ListItem\",\"position\":1,\"name\":\"Portada\",\"item\":\"https:\/\/www.mielcastiza.com\/de\/\"},{\"@type\":\"ListItem\",\"position\":2,\"name\":\"Tienda\",\"item\":\"https:\/\/www.mielcastiza.com\/tienda\/\"},{\"@type\":\"ListItem\",\"position\":3,\"name\":\"Lavendelhonig 500g\"}]},{\"@type\":\"WebSite\",\"@id\":\"https:\/\/www.mielcastiza.com\/de\/#website\",\"url\":\"https:\/\/www.mielcastiza.com\/de\/\",\"name\":\"Miel Castiza\",\"description\":\"\",\"publisher\":{\"@id\":\"https:\/\/www.mielcastiza.com\/de\/#organization\"},\"potentialAction\":[{\"@type\":\"SearchAction\",\"target\":{\"@type\":\"EntryPoint\",\"urlTemplate\":\"https:\/\/www.mielcastiza.com\/de\/?s={search_term_string}\"},\"query-input\":{\"@type\":\"PropertyValueSpecification\",\"valueRequired\":true,\"valueName\":\"search_term_string\"}}],\"inLanguage\":\"de\"},{\"@type\":\"Organization\",\"@id\":\"https:\/\/www.mielcastiza.com\/de\/#organization\",\"name\":\"Miel Castiza\",\"url\":\"https:\/\/www.mielcastiza.com\/de\/\",\"logo\":{\"@type\":\"ImageObject\",\"inLanguage\":\"de\",\"@id\":\"https:\/\/www.mielcastiza.com\/de\/#\/schema\/logo\/image\/\",\"url\":\"https:\/\/www.mielcastiza.com\/wp-content\/uploads\/2023\/12\/logo_beige.png\",\"contentUrl\":\"https:\/\/www.mielcastiza.com\/wp-content\/uploads\/2023\/12\/logo_beige.png\",\"width\":252,\"height\":70,\"caption\":\"Miel Castiza\"},\"image\":{\"@id\":\"https:\/\/www.mielcastiza.com\/de\/#\/schema\/logo\/image\/\"}}]}<\/script>\n<!-- \/ Yoast SEO plugin. -->","yoast_head_json":{"title":"Lavendelhonig 500g - Miel Castiza","description":"Reiner Lavendelhonig von den Feldern Kastiliens, leicht bernsteinfarben, exquisiter Geschmack am Gaumen. Er gilt als einer der besten Honigsorten der Welt. Elegant, vollst\u00e4ndig und subtil zugleich.","robots":{"index":"index","follow":"follow","max-snippet":"max-snippet:-1","max-image-preview":"max-image-preview:large","max-video-preview":"max-video-preview:-1"},"canonical":"https:\/\/www.mielcastiza.com\/de\/producto\/lavendelhonig-500g\/","og_locale":"de_DE","og_type":"article","og_title":"Lavendelhonig 500g - Miel Castiza","og_description":"Reiner Lavendelhonig von den Feldern Kastiliens, leicht bernsteinfarben, exquisiter Geschmack am Gaumen. Er gilt als einer der besten Honigsorten der Welt. Elegant, vollst\u00e4ndig und subtil zugleich.","og_url":"https:\/\/www.mielcastiza.com\/de\/producto\/lavendelhonig-500g\/","og_site_name":"Miel Castiza","og_image":[{"width":1365,"height":2048,"url":"https:\/\/www.mielcastiza.com\/wp-content\/uploads\/2023\/12\/Miel-Lavanda-Castiza-500g.jpg","type":"image\/jpeg"}],"twitter_card":"summary_large_image","twitter_misc":{"Gesch\u00e4tzte Lesezeit":"1\u00a0Minute"},"schema":{"@context":"https:\/\/schema.org","@graph":[{"@type":"WebPage","@id":"https:\/\/www.mielcastiza.com\/de\/producto\/lavendelhonig-500g\/","url":"https:\/\/www.mielcastiza.com\/de\/producto\/lavendelhonig-500g\/","name":"Lavendelhonig 500g - Miel Castiza","isPartOf":{"@id":"https:\/\/www.mielcastiza.com\/de\/#website"},"primaryImageOfPage":{"@id":"https:\/\/www.mielcastiza.com\/de\/producto\/lavendelhonig-500g\/#primaryimage"},"image":{"@id":"https:\/\/www.mielcastiza.com\/de\/producto\/lavendelhonig-500g\/#primaryimage"},"thumbnailUrl":"https:\/\/www.mielcastiza.com\/wp-content\/uploads\/2023\/12\/Miel-Lavanda-Castiza-500g.jpg","datePublished":"2020-04-10T18:39:22+00:00","description":"Reiner Lavendelhonig von den Feldern Kastiliens, leicht bernsteinfarben, exquisiter Geschmack am Gaumen. Er gilt als einer der besten Honigsorten der Welt. Elegant, vollst\u00e4ndig und subtil zugleich.","breadcrumb":{"@id":"https:\/\/www.mielcastiza.com\/de\/producto\/lavendelhonig-500g\/#breadcrumb"},"inLanguage":"de","potentialAction":[{"@type":"ReadAction","target":["https:\/\/www.mielcastiza.com\/de\/producto\/lavendelhonig-500g\/"]}]},{"@type":"ImageObject","inLanguage":"de","@id":"https:\/\/www.mielcastiza.com\/de\/producto\/lavendelhonig-500g\/#primaryimage","url":"https:\/\/www.mielcastiza.com\/wp-content\/uploads\/2023\/12\/Miel-Lavanda-Castiza-500g.jpg","contentUrl":"https:\/\/www.mielcastiza.com\/wp-content\/uploads\/2023\/12\/Miel-Lavanda-Castiza-500g.jpg","width":1365,"height":2048},{"@type":"BreadcrumbList","@id":"https:\/\/www.mielcastiza.com\/de\/producto\/lavendelhonig-500g\/#breadcrumb","itemListElement":[{"@type":"ListItem","position":1,"name":"Portada","item":"https:\/\/www.mielcastiza.com\/de\/"},{"@type":"ListItem","position":2,"name":"Tienda","item":"https:\/\/www.mielcastiza.com\/tienda\/"},{"@type":"ListItem","position":3,"name":"Lavendelhonig 500g"}]},{"@type":"WebSite","@id":"https:\/\/www.mielcastiza.com\/de\/#website","url":"https:\/\/www.mielcastiza.com\/de\/","name":"Miel Castiza","description":"","publisher":{"@id":"https:\/\/www.mielcastiza.com\/de\/#organization"},"potentialAction":[{"@type":"SearchAction","target":{"@type":"EntryPoint","urlTemplate":"https:\/\/www.mielcastiza.com\/de\/?s={search_term_string}"},"query-input":{"@type":"PropertyValueSpecification","valueRequired":true,"valueName":"search_term_string"}}],"inLanguage":"de"},{"@type":"Organization","@id":"https:\/\/www.mielcastiza.com\/de\/#organization","name":"Miel Castiza","url":"https:\/\/www.mielcastiza.com\/de\/","logo":{"@type":"ImageObject","inLanguage":"de","@id":"https:\/\/www.mielcastiza.com\/de\/#\/schema\/logo\/image\/","url":"https:\/\/www.mielcastiza.com\/wp-content\/uploads\/2023\/12\/logo_beige.png","contentUrl":"https:\/\/www.mielcastiza.com\/wp-content\/uploads\/2023\/12\/logo_beige.png","width":252,"height":70,"caption":"Miel Castiza"},"image":{"@id":"https:\/\/www.mielcastiza.com\/de\/#\/schema\/logo\/image\/"}}]}},"jetpack_sharing_enabled":true,"_links":{"self":[{"href":"https:\/\/www.mielcastiza.com\/de\/wp-json\/wp\/v2\/product\/18229","targetHints":{"allow":["GET"]}}],"collection":[{"href":"https:\/\/www.mielcastiza.com\/de\/wp-json\/wp\/v2\/product"}],"about":[{"href":"https:\/\/www.mielcastiza.com\/de\/wp-json\/wp\/v2\/types\/product"}],"replies":[{"embeddable":true,"href":"https:\/\/www.mielcastiza.com\/de\/wp-json\/wp\/v2\/comments?post=18229"}],"wp:featuredmedia":[{"embeddable":true,"href":"https:\/\/www.mielcastiza.com\/de\/wp-json\/wp\/v2\/media\/17873"}],"wp:attachment":[{"href":"https:\/\/www.mielcastiza.com\/de\/wp-json\/wp\/v2\/media?parent=18229"}],"wp:term":[{"taxonomy":"product_brand","embeddable":true,"href":"https:\/\/www.mielcastiza.com\/de\/wp-json\/wp\/v2\/product_brand?post=18229"},{"taxonomy":"product_cat","embeddable":true,"href":"https:\/\/www.mielcastiza.com\/de\/wp-json\/wp\/v2\/product_cat?post=18229"},{"taxonomy":"product_tag","embeddable":true,"href":"https:\/\/www.mielcastiza.com\/de\/wp-json\/wp\/v2\/product_tag?post=18229"}],"curies":[{"name":"wp","href":"https:\/\/api.w.org\/{rel}","templated":true}]}}