{"id":19504,"date":"2020-04-10T18:29:17","date_gmt":"2020-04-10T18:29:17","guid":{"rendered":"https:\/\/mielcastiza.plesk.myfocus.es\/producto\/waldhonig-500g\/"},"modified":"2020-04-10T18:29:17","modified_gmt":"2020-04-10T18:29:17","slug":"waldhonig-500g","status":"publish","type":"product","link":"https:\/\/www.mielcastiza.com\/de\/producto\/waldhonig-500g\/","title":{"rendered":"Waldhonig 500g"},"content":{"rendered":"<p>In der Sierra de Gredos und neben dem Nationalpark Hoces del Durat\u00f3n in Segovia, wo wir im Sommer und Herbst unsere Imkereien haben, neigen die Eichen- und Steineichenw\u00e4lder unter bestimmten Feuchtigkeitsbedingungen, in der Regel ab Mitte August, dazu, eine gro\u00dfe Menge an zuckerreichem Saft zu produzieren. Aufgrund der \u00fcberm\u00e4\u00dfigen Produktion sto\u00dfen B\u00e4ume diesen Saft aus (verstr\u00f6men). Dieser Saft, Honigtau genannt, ist das, was Bienen sammeln, um Waldhonig oder \u201cHonigtau\u201d herzustellen.<\/p>\n<p>So wird <strong>Waldhonig<\/strong> aus den Myelaten der Fr\u00fcchte von B\u00e4umen, haupts\u00e4chlich Eiche oder Steineiche, gewonnen, aber man kann auch Kastanien und andere Arten von Nektar finden. wie Fabaceae, Cistaceae, einige Labiaatae, Heidekraut und Brombeerstr\u00e4ucher.<\/p>\n<p>&nbsp;<\/p>\n<p><strong>EIGENSCHAFTEN<\/strong><\/p>\n<p><strong>Waldhonig<\/strong> ist ein Produkt der schnellen Aufnahme im K\u00f6rper, so dass er schnell zu Energie wird, er versorgt unsere Ern\u00e4hrung mit Mineralien wie Eisen, Kalium oder Magnesium.<\/p>\n<p>&nbsp;<\/p>\n<p><strong>PAARUNG<\/strong><\/p>\n<p>Waldhonig ist nicht nur ein nat\u00fcrliches S\u00fc\u00dfungsmittel f\u00fcr den t\u00e4glichen Gebrauch, sondern passt auch sehr gut zu Fleischgerichten, insbesondere zu Wild. Wir empfehlen, ihn in kleinen Mengen zu verwenden und ihn immer in den letzten Minuten der Zubereitung des Eintopfs hinzuzuf\u00fcgen. Auf diese Weise verleiht er dem Fleisch eine leichte, aber schmackhafte Note und verst\u00e4rkt die Aromen des Gerichts.<\/p>\n<p>&nbsp;<\/p>\n<p><strong>ORGANOLEPTISCHE EIGENSCHAFTEN: <\/strong><\/p>\n<p><strong> <\/strong><\/p>\n<ul>\n<li><strong>Farbe<\/strong>: dunkler Bernstein und au\u00dfergew\u00f6hnlich gl\u00e4nzende Oberfl\u00e4che.<\/li>\n<li><strong>Aroma<\/strong>: blumig, intensiv und anhaltend<\/li>\n<li><strong>Geschmack<\/strong>: s\u00fc\u00df, mit klaren aromatischen Noten im Mund.<\/li>\n<\/ul>\n<p>&nbsp;<\/p>\n","protected":false},"excerpt":{"rendered":"<p>In der Sierra de Gredos und neben dem Nationalpark Hoces del Durat\u00f3n in Segovia, wo wir im Sommer und Herbst unsere Imkereien haben, neigen die Eichen- und Steineichenw\u00e4lder unter bestimmten Feuchtigkeitsbedingungen, in der Regel ab Mitte August, dazu, eine gro\u00dfe Menge an zuckerreichem Saft zu produzieren. Aufgrund der \u00fcberm\u00e4\u00dfigen Produktion sto\u00dfen B\u00e4ume diesen Saft aus &#8230; <a title=\"Waldhonig 500g\" class=\"read-more\" href=\"https:\/\/www.mielcastiza.com\/de\/producto\/waldhonig-500g\/\" aria-label=\"Mehr Informationen \u00fcber Waldhonig 500g\">Weiterlesen<\/a><\/p>\n","protected":false},"featured_media":17861,"comment_status":"open","ping_status":"closed","template":"","meta":[],"product_brand":[],"product_cat":[79],"product_tag":[98],"class_list":{"0":"post-19504","1":"product","2":"type-product","3":"status-publish","4":"has-post-thumbnail","6":"product_cat-honig","7":"product_tag-waldhonig","9":"first","10":"outofstock","11":"sale","12":"purchasable","13":"product-type-simple"},"yoast_head":"<!-- This site is optimized with the Yoast SEO plugin v26.9 - https:\/\/yoast.com\/product\/yoast-seo-wordpress\/ -->\n<title>Waldhonig 500g - Miel Castiza<\/title>\n<meta name=\"description\" content=\"Reiner Waldhonig aus unseren Bienenst\u00f6cken in Avila und Segovia, mit Eichen-, Kastanien- und Steineichenhonigtau. Anhaltender Geschmack und dunkle, fast schwarze Farbe.\" \/>\n<meta name=\"robots\" content=\"index, follow, max-snippet:-1, max-image-preview:large, max-video-preview:-1\" \/>\n<link rel=\"canonical\" href=\"https:\/\/www.mielcastiza.com\/de\/producto\/waldhonig-500g\/\" \/>\n<meta property=\"og:locale\" content=\"de_DE\" \/>\n<meta property=\"og:type\" content=\"article\" \/>\n<meta property=\"og:title\" content=\"Waldhonig 500g - Miel Castiza\" \/>\n<meta property=\"og:description\" content=\"Reiner Waldhonig aus unseren Bienenst\u00f6cken in Avila und Segovia, mit Eichen-, Kastanien- und Steineichenhonigtau. Anhaltender Geschmack und dunkle, fast schwarze Farbe.\" \/>\n<meta property=\"og:url\" content=\"https:\/\/www.mielcastiza.com\/de\/producto\/waldhonig-500g\/\" \/>\n<meta property=\"og:site_name\" content=\"Miel Castiza\" \/>\n<meta property=\"og:image\" content=\"https:\/\/www.mielcastiza.com\/wp-content\/uploads\/2023\/12\/Miel-Bosque-Castiza-500g.jpg\" \/>\n\t<meta property=\"og:image:width\" content=\"1365\" \/>\n\t<meta property=\"og:image:height\" content=\"2048\" \/>\n\t<meta property=\"og:image:type\" content=\"image\/jpeg\" \/>\n<meta name=\"twitter:card\" content=\"summary_large_image\" \/>\n<meta name=\"twitter:label1\" content=\"Gesch\u00e4tzte Lesezeit\" \/>\n\t<meta name=\"twitter:data1\" content=\"1\u00a0Minute\" \/>\n<script type=\"application\/ld+json\" class=\"yoast-schema-graph\">{\"@context\":\"https:\/\/schema.org\",\"@graph\":[{\"@type\":\"WebPage\",\"@id\":\"https:\/\/www.mielcastiza.com\/de\/producto\/waldhonig-500g\/\",\"url\":\"https:\/\/www.mielcastiza.com\/de\/producto\/waldhonig-500g\/\",\"name\":\"Waldhonig 500g - Miel Castiza\",\"isPartOf\":{\"@id\":\"https:\/\/www.mielcastiza.com\/de\/#website\"},\"primaryImageOfPage\":{\"@id\":\"https:\/\/www.mielcastiza.com\/de\/producto\/waldhonig-500g\/#primaryimage\"},\"image\":{\"@id\":\"https:\/\/www.mielcastiza.com\/de\/producto\/waldhonig-500g\/#primaryimage\"},\"thumbnailUrl\":\"https:\/\/www.mielcastiza.com\/wp-content\/uploads\/2023\/12\/Miel-Bosque-Castiza-500g.jpg\",\"datePublished\":\"2020-04-10T18:29:17+00:00\",\"description\":\"Reiner Waldhonig aus unseren Bienenst\u00f6cken in Avila und Segovia, mit Eichen-, Kastanien- und Steineichenhonigtau. Anhaltender Geschmack und dunkle, fast schwarze Farbe.\",\"breadcrumb\":{\"@id\":\"https:\/\/www.mielcastiza.com\/de\/producto\/waldhonig-500g\/#breadcrumb\"},\"inLanguage\":\"de\",\"potentialAction\":[{\"@type\":\"ReadAction\",\"target\":[\"https:\/\/www.mielcastiza.com\/de\/producto\/waldhonig-500g\/\"]}]},{\"@type\":\"ImageObject\",\"inLanguage\":\"de\",\"@id\":\"https:\/\/www.mielcastiza.com\/de\/producto\/waldhonig-500g\/#primaryimage\",\"url\":\"https:\/\/www.mielcastiza.com\/wp-content\/uploads\/2023\/12\/Miel-Bosque-Castiza-500g.jpg\",\"contentUrl\":\"https:\/\/www.mielcastiza.com\/wp-content\/uploads\/2023\/12\/Miel-Bosque-Castiza-500g.jpg\",\"width\":1365,\"height\":2048},{\"@type\":\"BreadcrumbList\",\"@id\":\"https:\/\/www.mielcastiza.com\/de\/producto\/waldhonig-500g\/#breadcrumb\",\"itemListElement\":[{\"@type\":\"ListItem\",\"position\":1,\"name\":\"Portada\",\"item\":\"https:\/\/www.mielcastiza.com\/de\/\"},{\"@type\":\"ListItem\",\"position\":2,\"name\":\"Tienda\",\"item\":\"https:\/\/www.mielcastiza.com\/tienda\/\"},{\"@type\":\"ListItem\",\"position\":3,\"name\":\"Waldhonig 500g\"}]},{\"@type\":\"WebSite\",\"@id\":\"https:\/\/www.mielcastiza.com\/de\/#website\",\"url\":\"https:\/\/www.mielcastiza.com\/de\/\",\"name\":\"Miel Castiza\",\"description\":\"\",\"publisher\":{\"@id\":\"https:\/\/www.mielcastiza.com\/de\/#organization\"},\"potentialAction\":[{\"@type\":\"SearchAction\",\"target\":{\"@type\":\"EntryPoint\",\"urlTemplate\":\"https:\/\/www.mielcastiza.com\/de\/?s={search_term_string}\"},\"query-input\":{\"@type\":\"PropertyValueSpecification\",\"valueRequired\":true,\"valueName\":\"search_term_string\"}}],\"inLanguage\":\"de\"},{\"@type\":\"Organization\",\"@id\":\"https:\/\/www.mielcastiza.com\/de\/#organization\",\"name\":\"Miel Castiza\",\"url\":\"https:\/\/www.mielcastiza.com\/de\/\",\"logo\":{\"@type\":\"ImageObject\",\"inLanguage\":\"de\",\"@id\":\"https:\/\/www.mielcastiza.com\/de\/#\/schema\/logo\/image\/\",\"url\":\"https:\/\/www.mielcastiza.com\/wp-content\/uploads\/2023\/12\/logo_beige.png\",\"contentUrl\":\"https:\/\/www.mielcastiza.com\/wp-content\/uploads\/2023\/12\/logo_beige.png\",\"width\":252,\"height\":70,\"caption\":\"Miel Castiza\"},\"image\":{\"@id\":\"https:\/\/www.mielcastiza.com\/de\/#\/schema\/logo\/image\/\"}}]}<\/script>\n<!-- \/ Yoast SEO plugin. -->","yoast_head_json":{"title":"Waldhonig 500g - Miel Castiza","description":"Reiner Waldhonig aus unseren Bienenst\u00f6cken in Avila und Segovia, mit Eichen-, Kastanien- und Steineichenhonigtau. Anhaltender Geschmack und dunkle, fast schwarze Farbe.","robots":{"index":"index","follow":"follow","max-snippet":"max-snippet:-1","max-image-preview":"max-image-preview:large","max-video-preview":"max-video-preview:-1"},"canonical":"https:\/\/www.mielcastiza.com\/de\/producto\/waldhonig-500g\/","og_locale":"de_DE","og_type":"article","og_title":"Waldhonig 500g - Miel Castiza","og_description":"Reiner Waldhonig aus unseren Bienenst\u00f6cken in Avila und Segovia, mit Eichen-, Kastanien- und Steineichenhonigtau. Anhaltender Geschmack und dunkle, fast schwarze Farbe.","og_url":"https:\/\/www.mielcastiza.com\/de\/producto\/waldhonig-500g\/","og_site_name":"Miel Castiza","og_image":[{"width":1365,"height":2048,"url":"https:\/\/www.mielcastiza.com\/wp-content\/uploads\/2023\/12\/Miel-Bosque-Castiza-500g.jpg","type":"image\/jpeg"}],"twitter_card":"summary_large_image","twitter_misc":{"Gesch\u00e4tzte Lesezeit":"1\u00a0Minute"},"schema":{"@context":"https:\/\/schema.org","@graph":[{"@type":"WebPage","@id":"https:\/\/www.mielcastiza.com\/de\/producto\/waldhonig-500g\/","url":"https:\/\/www.mielcastiza.com\/de\/producto\/waldhonig-500g\/","name":"Waldhonig 500g - Miel Castiza","isPartOf":{"@id":"https:\/\/www.mielcastiza.com\/de\/#website"},"primaryImageOfPage":{"@id":"https:\/\/www.mielcastiza.com\/de\/producto\/waldhonig-500g\/#primaryimage"},"image":{"@id":"https:\/\/www.mielcastiza.com\/de\/producto\/waldhonig-500g\/#primaryimage"},"thumbnailUrl":"https:\/\/www.mielcastiza.com\/wp-content\/uploads\/2023\/12\/Miel-Bosque-Castiza-500g.jpg","datePublished":"2020-04-10T18:29:17+00:00","description":"Reiner Waldhonig aus unseren Bienenst\u00f6cken in Avila und Segovia, mit Eichen-, Kastanien- und Steineichenhonigtau. Anhaltender Geschmack und dunkle, fast schwarze Farbe.","breadcrumb":{"@id":"https:\/\/www.mielcastiza.com\/de\/producto\/waldhonig-500g\/#breadcrumb"},"inLanguage":"de","potentialAction":[{"@type":"ReadAction","target":["https:\/\/www.mielcastiza.com\/de\/producto\/waldhonig-500g\/"]}]},{"@type":"ImageObject","inLanguage":"de","@id":"https:\/\/www.mielcastiza.com\/de\/producto\/waldhonig-500g\/#primaryimage","url":"https:\/\/www.mielcastiza.com\/wp-content\/uploads\/2023\/12\/Miel-Bosque-Castiza-500g.jpg","contentUrl":"https:\/\/www.mielcastiza.com\/wp-content\/uploads\/2023\/12\/Miel-Bosque-Castiza-500g.jpg","width":1365,"height":2048},{"@type":"BreadcrumbList","@id":"https:\/\/www.mielcastiza.com\/de\/producto\/waldhonig-500g\/#breadcrumb","itemListElement":[{"@type":"ListItem","position":1,"name":"Portada","item":"https:\/\/www.mielcastiza.com\/de\/"},{"@type":"ListItem","position":2,"name":"Tienda","item":"https:\/\/www.mielcastiza.com\/tienda\/"},{"@type":"ListItem","position":3,"name":"Waldhonig 500g"}]},{"@type":"WebSite","@id":"https:\/\/www.mielcastiza.com\/de\/#website","url":"https:\/\/www.mielcastiza.com\/de\/","name":"Miel Castiza","description":"","publisher":{"@id":"https:\/\/www.mielcastiza.com\/de\/#organization"},"potentialAction":[{"@type":"SearchAction","target":{"@type":"EntryPoint","urlTemplate":"https:\/\/www.mielcastiza.com\/de\/?s={search_term_string}"},"query-input":{"@type":"PropertyValueSpecification","valueRequired":true,"valueName":"search_term_string"}}],"inLanguage":"de"},{"@type":"Organization","@id":"https:\/\/www.mielcastiza.com\/de\/#organization","name":"Miel Castiza","url":"https:\/\/www.mielcastiza.com\/de\/","logo":{"@type":"ImageObject","inLanguage":"de","@id":"https:\/\/www.mielcastiza.com\/de\/#\/schema\/logo\/image\/","url":"https:\/\/www.mielcastiza.com\/wp-content\/uploads\/2023\/12\/logo_beige.png","contentUrl":"https:\/\/www.mielcastiza.com\/wp-content\/uploads\/2023\/12\/logo_beige.png","width":252,"height":70,"caption":"Miel Castiza"},"image":{"@id":"https:\/\/www.mielcastiza.com\/de\/#\/schema\/logo\/image\/"}}]}},"jetpack_sharing_enabled":true,"_links":{"self":[{"href":"https:\/\/www.mielcastiza.com\/de\/wp-json\/wp\/v2\/product\/19504","targetHints":{"allow":["GET"]}}],"collection":[{"href":"https:\/\/www.mielcastiza.com\/de\/wp-json\/wp\/v2\/product"}],"about":[{"href":"https:\/\/www.mielcastiza.com\/de\/wp-json\/wp\/v2\/types\/product"}],"replies":[{"embeddable":true,"href":"https:\/\/www.mielcastiza.com\/de\/wp-json\/wp\/v2\/comments?post=19504"}],"wp:featuredmedia":[{"embeddable":true,"href":"https:\/\/www.mielcastiza.com\/de\/wp-json\/wp\/v2\/media\/17861"}],"wp:attachment":[{"href":"https:\/\/www.mielcastiza.com\/de\/wp-json\/wp\/v2\/media?parent=19504"}],"wp:term":[{"taxonomy":"product_brand","embeddable":true,"href":"https:\/\/www.mielcastiza.com\/de\/wp-json\/wp\/v2\/product_brand?post=19504"},{"taxonomy":"product_cat","embeddable":true,"href":"https:\/\/www.mielcastiza.com\/de\/wp-json\/wp\/v2\/product_cat?post=19504"},{"taxonomy":"product_tag","embeddable":true,"href":"https:\/\/www.mielcastiza.com\/de\/wp-json\/wp\/v2\/product_tag?post=19504"}],"curies":[{"name":"wp","href":"https:\/\/api.w.org\/{rel}","templated":true}]}}