{"id":19507,"date":"2020-04-25T14:24:09","date_gmt":"2020-04-25T14:24:09","guid":{"rendered":"https:\/\/mielcastiza.plesk.myfocus.es\/producto\/bio-kastanienhonig\/"},"modified":"2020-04-25T14:24:09","modified_gmt":"2020-04-25T14:24:09","slug":"bio-kastanienhonig","status":"publish","type":"product","link":"https:\/\/www.mielcastiza.com\/de\/producto\/bio-kastanienhonig\/","title":{"rendered":"Bio-Kastanienhonig"},"content":{"rendered":"<p>Ausgezeichnet mit dem Great Taste 2023 als einer der besten Kastanienhonige der Welt, ist er wegen seines besonderen und spektakul\u00e4ren Geschmacks der Favorit der meisten Honigliebhaber.<\/p>\n<p>Kastanienhonige sind bernsteinfarben bis dunkel bernsteinfarben, mit braun-gr\u00fcnen hellen T\u00f6nen, die im oberen Bereich, wo der Honig das Glas des Beh\u00e4lters ber\u00fchrt, am auff\u00e4lligsten sind. Sie haben ein ganz besonderes Aroma, mit einer klaren holzigen Komponente, trockenem Holz, wie das von Stiefeln, bei denen die Weine gereift werden, und einer blumigen Basis.<\/p>\n<p>Der Geschmack ist auch eigenartig, s\u00fc\u00df, aber leicht weich, weil er klare salzige Noten und, wenn es ein signifikantes Vorhandensein von Brombeerstr\u00e4uchern gibt, saure Noten hat.<\/p>\n<p>Es hat wenig Tendenz zu kristallisieren, es sei denn, w\u00e4hrend der Bl\u00fcte der Kastanie haben die Bienen auch genug Nektar aus den krautigen H\u00fclsenfr\u00fcchten der Wiesen gesammelt, die es begleiten (Klee, Wicken \u2026).<br \/>\n<strong><br \/>\nPAARUNG:<br \/>\n<\/strong><br \/>\nWie andere dunkle Honige mit ausgepr\u00e4gten Aromen und Geschm\u00e4ckern lassen sich Kastanienhonige gut mit Wildfleisch und anderen, mit leicht fettigen Desserts (Eiscreme, N\u00fcsse, Geb\u00e4ck in \u00d6l oder Butter) und mit mehligen Desserts kombinieren.<\/p>\n<p><strong>ORGANOLEPTISCH: <\/strong><\/p>\n<ul>\n<li>Aroma: kr\u00e4ftig, holzig.<\/li>\n<li>Farbe: sehr dunkler Bernstein<\/li>\n<li>Konsistenz: sehr dick<\/li>\n<\/ul>\n<p>&nbsp;<\/p>\n<p><strong>PRODUKTIONSBEREICH:<\/strong><\/p>\n<p>Talavera (Toledo) und Sierra Zamora<\/p>\n","protected":false},"excerpt":{"rendered":"<p>Ausgezeichnet mit dem Great Taste 2023 als einer der besten Kastanienhonige der Welt, ist er wegen seines besonderen und spektakul\u00e4ren Geschmacks der Favorit der meisten Honigliebhaber. Kastanienhonige sind bernsteinfarben bis dunkel bernsteinfarben, mit braun-gr\u00fcnen hellen T\u00f6nen, die im oberen Bereich, wo der Honig das Glas des Beh\u00e4lters ber\u00fchrt, am auff\u00e4lligsten sind. Sie haben ein ganz &#8230; <a title=\"Bio-Kastanienhonig\" class=\"read-more\" href=\"https:\/\/www.mielcastiza.com\/de\/producto\/bio-kastanienhonig\/\" aria-label=\"Mehr Informationen \u00fcber Bio-Kastanienhonig\">Weiterlesen<\/a><\/p>\n","protected":false},"featured_media":17882,"comment_status":"closed","ping_status":"closed","template":"","meta":[],"product_brand":[],"product_cat":[79],"product_tag":[],"class_list":{"0":"post-19507","1":"product","2":"type-product","3":"status-publish","4":"has-post-thumbnail","6":"product_cat-honig","8":"first","9":"outofstock","10":"taxable","11":"shipping-taxable","12":"purchasable","13":"product-type-simple"},"yoast_head":"<!-- This site is optimized with the Yoast SEO plugin v26.9 - https:\/\/yoast.com\/product\/yoast-seo-wordpress\/ -->\n<title>Bio-Kastanienhonig - Miel Castiza<\/title>\n<meta name=\"description\" content=\"Nat\u00fcrlicher Kastanienhonig, ausgezeichnet mit dem Pr\u00e4dikat 2023, mit einem s\u00fc\u00dfen Geschmack, aber mit salzigen und holzigen Noten. Farbe dunkel bernsteinfarben, fast schwarz. Nat\u00fcrlich, roh, nachhaltig geerntet aus W\u00e4ldern in Spanien.\" \/>\n<meta name=\"robots\" content=\"index, follow, max-snippet:-1, max-image-preview:large, max-video-preview:-1\" \/>\n<link rel=\"canonical\" href=\"https:\/\/www.mielcastiza.com\/de\/producto\/bio-kastanienhonig\/\" \/>\n<meta property=\"og:locale\" content=\"de_DE\" \/>\n<meta property=\"og:type\" content=\"article\" \/>\n<meta property=\"og:title\" content=\"Bio-Kastanienhonig - Miel Castiza\" \/>\n<meta property=\"og:description\" content=\"Nat\u00fcrlicher Kastanienhonig, ausgezeichnet mit dem Pr\u00e4dikat 2023, mit einem s\u00fc\u00dfen Geschmack, aber mit salzigen und holzigen Noten. Farbe dunkel bernsteinfarben, fast schwarz. Nat\u00fcrlich, roh, nachhaltig geerntet aus W\u00e4ldern in Spanien.\" \/>\n<meta property=\"og:url\" content=\"https:\/\/www.mielcastiza.com\/de\/producto\/bio-kastanienhonig\/\" \/>\n<meta property=\"og:site_name\" content=\"Miel Castiza\" \/>\n<meta property=\"og:image\" content=\"https:\/\/www.mielcastiza.com\/wp-content\/uploads\/2023\/12\/Miel-Castano-Castiza-great-taste.jpeg\" \/>\n\t<meta property=\"og:image:width\" content=\"1365\" \/>\n\t<meta property=\"og:image:height\" content=\"2048\" \/>\n\t<meta property=\"og:image:type\" content=\"image\/jpeg\" \/>\n<meta name=\"twitter:card\" content=\"summary_large_image\" \/>\n<meta name=\"twitter:label1\" content=\"Gesch\u00e4tzte Lesezeit\" \/>\n\t<meta name=\"twitter:data1\" content=\"1\u00a0Minute\" \/>\n<script type=\"application\/ld+json\" class=\"yoast-schema-graph\">{\"@context\":\"https:\/\/schema.org\",\"@graph\":[{\"@type\":\"WebPage\",\"@id\":\"https:\/\/www.mielcastiza.com\/de\/producto\/bio-kastanienhonig\/\",\"url\":\"https:\/\/www.mielcastiza.com\/de\/producto\/bio-kastanienhonig\/\",\"name\":\"Bio-Kastanienhonig - Miel Castiza\",\"isPartOf\":{\"@id\":\"https:\/\/www.mielcastiza.com\/de\/#website\"},\"primaryImageOfPage\":{\"@id\":\"https:\/\/www.mielcastiza.com\/de\/producto\/bio-kastanienhonig\/#primaryimage\"},\"image\":{\"@id\":\"https:\/\/www.mielcastiza.com\/de\/producto\/bio-kastanienhonig\/#primaryimage\"},\"thumbnailUrl\":\"https:\/\/www.mielcastiza.com\/wp-content\/uploads\/2023\/12\/Miel-Castano-Castiza-great-taste.jpeg\",\"datePublished\":\"2020-04-25T14:24:09+00:00\",\"description\":\"Nat\u00fcrlicher Kastanienhonig, ausgezeichnet mit dem Pr\u00e4dikat 2023, mit einem s\u00fc\u00dfen Geschmack, aber mit salzigen und holzigen Noten. Farbe dunkel bernsteinfarben, fast schwarz. Nat\u00fcrlich, roh, nachhaltig geerntet aus W\u00e4ldern in Spanien.\",\"breadcrumb\":{\"@id\":\"https:\/\/www.mielcastiza.com\/de\/producto\/bio-kastanienhonig\/#breadcrumb\"},\"inLanguage\":\"de\",\"potentialAction\":[{\"@type\":\"ReadAction\",\"target\":[\"https:\/\/www.mielcastiza.com\/de\/producto\/bio-kastanienhonig\/\"]}]},{\"@type\":\"ImageObject\",\"inLanguage\":\"de\",\"@id\":\"https:\/\/www.mielcastiza.com\/de\/producto\/bio-kastanienhonig\/#primaryimage\",\"url\":\"https:\/\/www.mielcastiza.com\/wp-content\/uploads\/2023\/12\/Miel-Castano-Castiza-great-taste.jpeg\",\"contentUrl\":\"https:\/\/www.mielcastiza.com\/wp-content\/uploads\/2023\/12\/Miel-Castano-Castiza-great-taste.jpeg\",\"width\":1365,\"height\":2048,\"caption\":\"miel castano chestnut great taste london 2023\"},{\"@type\":\"BreadcrumbList\",\"@id\":\"https:\/\/www.mielcastiza.com\/de\/producto\/bio-kastanienhonig\/#breadcrumb\",\"itemListElement\":[{\"@type\":\"ListItem\",\"position\":1,\"name\":\"Portada\",\"item\":\"https:\/\/www.mielcastiza.com\/de\/\"},{\"@type\":\"ListItem\",\"position\":2,\"name\":\"Tienda\",\"item\":\"https:\/\/www.mielcastiza.com\/tienda\/\"},{\"@type\":\"ListItem\",\"position\":3,\"name\":\"Bio-Kastanienhonig\"}]},{\"@type\":\"WebSite\",\"@id\":\"https:\/\/www.mielcastiza.com\/de\/#website\",\"url\":\"https:\/\/www.mielcastiza.com\/de\/\",\"name\":\"Miel Castiza\",\"description\":\"\",\"publisher\":{\"@id\":\"https:\/\/www.mielcastiza.com\/de\/#organization\"},\"potentialAction\":[{\"@type\":\"SearchAction\",\"target\":{\"@type\":\"EntryPoint\",\"urlTemplate\":\"https:\/\/www.mielcastiza.com\/de\/?s={search_term_string}\"},\"query-input\":{\"@type\":\"PropertyValueSpecification\",\"valueRequired\":true,\"valueName\":\"search_term_string\"}}],\"inLanguage\":\"de\"},{\"@type\":\"Organization\",\"@id\":\"https:\/\/www.mielcastiza.com\/de\/#organization\",\"name\":\"Miel Castiza\",\"url\":\"https:\/\/www.mielcastiza.com\/de\/\",\"logo\":{\"@type\":\"ImageObject\",\"inLanguage\":\"de\",\"@id\":\"https:\/\/www.mielcastiza.com\/de\/#\/schema\/logo\/image\/\",\"url\":\"https:\/\/www.mielcastiza.com\/wp-content\/uploads\/2023\/12\/logo_beige.png\",\"contentUrl\":\"https:\/\/www.mielcastiza.com\/wp-content\/uploads\/2023\/12\/logo_beige.png\",\"width\":252,\"height\":70,\"caption\":\"Miel Castiza\"},\"image\":{\"@id\":\"https:\/\/www.mielcastiza.com\/de\/#\/schema\/logo\/image\/\"}}]}<\/script>\n<!-- \/ Yoast SEO plugin. -->","yoast_head_json":{"title":"Bio-Kastanienhonig - Miel Castiza","description":"Nat\u00fcrlicher Kastanienhonig, ausgezeichnet mit dem Pr\u00e4dikat 2023, mit einem s\u00fc\u00dfen Geschmack, aber mit salzigen und holzigen Noten. Farbe dunkel bernsteinfarben, fast schwarz. Nat\u00fcrlich, roh, nachhaltig geerntet aus W\u00e4ldern in Spanien.","robots":{"index":"index","follow":"follow","max-snippet":"max-snippet:-1","max-image-preview":"max-image-preview:large","max-video-preview":"max-video-preview:-1"},"canonical":"https:\/\/www.mielcastiza.com\/de\/producto\/bio-kastanienhonig\/","og_locale":"de_DE","og_type":"article","og_title":"Bio-Kastanienhonig - Miel Castiza","og_description":"Nat\u00fcrlicher Kastanienhonig, ausgezeichnet mit dem Pr\u00e4dikat 2023, mit einem s\u00fc\u00dfen Geschmack, aber mit salzigen und holzigen Noten. Farbe dunkel bernsteinfarben, fast schwarz. Nat\u00fcrlich, roh, nachhaltig geerntet aus W\u00e4ldern in Spanien.","og_url":"https:\/\/www.mielcastiza.com\/de\/producto\/bio-kastanienhonig\/","og_site_name":"Miel Castiza","og_image":[{"width":1365,"height":2048,"url":"https:\/\/www.mielcastiza.com\/wp-content\/uploads\/2023\/12\/Miel-Castano-Castiza-great-taste.jpeg","type":"image\/jpeg"}],"twitter_card":"summary_large_image","twitter_misc":{"Gesch\u00e4tzte Lesezeit":"1\u00a0Minute"},"schema":{"@context":"https:\/\/schema.org","@graph":[{"@type":"WebPage","@id":"https:\/\/www.mielcastiza.com\/de\/producto\/bio-kastanienhonig\/","url":"https:\/\/www.mielcastiza.com\/de\/producto\/bio-kastanienhonig\/","name":"Bio-Kastanienhonig - Miel Castiza","isPartOf":{"@id":"https:\/\/www.mielcastiza.com\/de\/#website"},"primaryImageOfPage":{"@id":"https:\/\/www.mielcastiza.com\/de\/producto\/bio-kastanienhonig\/#primaryimage"},"image":{"@id":"https:\/\/www.mielcastiza.com\/de\/producto\/bio-kastanienhonig\/#primaryimage"},"thumbnailUrl":"https:\/\/www.mielcastiza.com\/wp-content\/uploads\/2023\/12\/Miel-Castano-Castiza-great-taste.jpeg","datePublished":"2020-04-25T14:24:09+00:00","description":"Nat\u00fcrlicher Kastanienhonig, ausgezeichnet mit dem Pr\u00e4dikat 2023, mit einem s\u00fc\u00dfen Geschmack, aber mit salzigen und holzigen Noten. Farbe dunkel bernsteinfarben, fast schwarz. Nat\u00fcrlich, roh, nachhaltig geerntet aus W\u00e4ldern in Spanien.","breadcrumb":{"@id":"https:\/\/www.mielcastiza.com\/de\/producto\/bio-kastanienhonig\/#breadcrumb"},"inLanguage":"de","potentialAction":[{"@type":"ReadAction","target":["https:\/\/www.mielcastiza.com\/de\/producto\/bio-kastanienhonig\/"]}]},{"@type":"ImageObject","inLanguage":"de","@id":"https:\/\/www.mielcastiza.com\/de\/producto\/bio-kastanienhonig\/#primaryimage","url":"https:\/\/www.mielcastiza.com\/wp-content\/uploads\/2023\/12\/Miel-Castano-Castiza-great-taste.jpeg","contentUrl":"https:\/\/www.mielcastiza.com\/wp-content\/uploads\/2023\/12\/Miel-Castano-Castiza-great-taste.jpeg","width":1365,"height":2048,"caption":"miel castano chestnut great taste london 2023"},{"@type":"BreadcrumbList","@id":"https:\/\/www.mielcastiza.com\/de\/producto\/bio-kastanienhonig\/#breadcrumb","itemListElement":[{"@type":"ListItem","position":1,"name":"Portada","item":"https:\/\/www.mielcastiza.com\/de\/"},{"@type":"ListItem","position":2,"name":"Tienda","item":"https:\/\/www.mielcastiza.com\/tienda\/"},{"@type":"ListItem","position":3,"name":"Bio-Kastanienhonig"}]},{"@type":"WebSite","@id":"https:\/\/www.mielcastiza.com\/de\/#website","url":"https:\/\/www.mielcastiza.com\/de\/","name":"Miel Castiza","description":"","publisher":{"@id":"https:\/\/www.mielcastiza.com\/de\/#organization"},"potentialAction":[{"@type":"SearchAction","target":{"@type":"EntryPoint","urlTemplate":"https:\/\/www.mielcastiza.com\/de\/?s={search_term_string}"},"query-input":{"@type":"PropertyValueSpecification","valueRequired":true,"valueName":"search_term_string"}}],"inLanguage":"de"},{"@type":"Organization","@id":"https:\/\/www.mielcastiza.com\/de\/#organization","name":"Miel Castiza","url":"https:\/\/www.mielcastiza.com\/de\/","logo":{"@type":"ImageObject","inLanguage":"de","@id":"https:\/\/www.mielcastiza.com\/de\/#\/schema\/logo\/image\/","url":"https:\/\/www.mielcastiza.com\/wp-content\/uploads\/2023\/12\/logo_beige.png","contentUrl":"https:\/\/www.mielcastiza.com\/wp-content\/uploads\/2023\/12\/logo_beige.png","width":252,"height":70,"caption":"Miel Castiza"},"image":{"@id":"https:\/\/www.mielcastiza.com\/de\/#\/schema\/logo\/image\/"}}]}},"jetpack_sharing_enabled":true,"_links":{"self":[{"href":"https:\/\/www.mielcastiza.com\/de\/wp-json\/wp\/v2\/product\/19507","targetHints":{"allow":["GET"]}}],"collection":[{"href":"https:\/\/www.mielcastiza.com\/de\/wp-json\/wp\/v2\/product"}],"about":[{"href":"https:\/\/www.mielcastiza.com\/de\/wp-json\/wp\/v2\/types\/product"}],"replies":[{"embeddable":true,"href":"https:\/\/www.mielcastiza.com\/de\/wp-json\/wp\/v2\/comments?post=19507"}],"wp:featuredmedia":[{"embeddable":true,"href":"https:\/\/www.mielcastiza.com\/de\/wp-json\/wp\/v2\/media\/17882"}],"wp:attachment":[{"href":"https:\/\/www.mielcastiza.com\/de\/wp-json\/wp\/v2\/media?parent=19507"}],"wp:term":[{"taxonomy":"product_brand","embeddable":true,"href":"https:\/\/www.mielcastiza.com\/de\/wp-json\/wp\/v2\/product_brand?post=19507"},{"taxonomy":"product_cat","embeddable":true,"href":"https:\/\/www.mielcastiza.com\/de\/wp-json\/wp\/v2\/product_cat?post=19507"},{"taxonomy":"product_tag","embeddable":true,"href":"https:\/\/www.mielcastiza.com\/de\/wp-json\/wp\/v2\/product_tag?post=19507"}],"curies":[{"name":"wp","href":"https:\/\/api.w.org\/{rel}","templated":true}]}}