{"id":19509,"date":"2020-12-06T09:49:52","date_gmt":"2020-12-06T09:49:52","guid":{"rendered":"https:\/\/mielcastiza.plesk.myfocus.es\/producto\/illustriertes-charity-paket\/"},"modified":"2020-12-06T09:49:52","modified_gmt":"2020-12-06T09:49:52","slug":"illustriertes-charity-paket","status":"publish","type":"product","link":"https:\/\/www.mielcastiza.com\/de\/producto\/illustriertes-charity-paket\/","title":{"rendered":"Illustriertes Charity-Paket"},"content":{"rendered":"<p>Wir pr\u00e4sentieren Ihnen unser speziell illustriertes <strong>Charity-Packet.<\/strong><\/p>\n<p>Honig und Kunst haben sich in diesen schwierigen Zeiten, die wir durchmachen, f\u00fcr einen guten Zweck vereint. <strong>Wir spenden 1\u20ac<\/strong> aus dem Verkauf jedes Pakets an die Esperanza Food Bank in Ugena (Toledo), um den am st\u00e4rksten benachteiligten Menschen zu helfen.<\/p>\n<p>Es ist ein Rudel, in dem 3 K\u00fcnstler zusammengearbeitet haben, um unseren charakteristischen B\u00e4ren auf ihre eigene Weise zu interpretieren.<\/p>\n<ul>\n<li><strong>Albert Florent<\/strong> von Ougene (Toledo). Illustrator, Musiker und Maler. @albertflorent<\/li>\n<li><strong>Jes\u00fas Navas<\/strong> von Valencia. Grafikdesigner, Fotograf und Art Director. Sch\u00f6pfer unseres Logos und unseres Unternehmensimages. @jesusteamma und @o_photto<\/li>\n<li><strong>Laura Privado<\/strong> von Illescas (Toledo). Illustrator und Keramiker. @lpprivado<\/li>\n<\/ul>\n<p>Die Packung besteht aus einer Geschenkbox mit 3 Gl\u00e4sern von 300g, mit 3 verschiedenen Geschmacksrichtungen; Milflores, Rosmarin und Wald.<\/p>\n<p>Bieten Sie es zu Weihnachten an, Ihre Freunde und Familie werden es lieben, ein s\u00fc\u00dfes Geschenk zu erhalten und gleichzeitig den am st\u00e4rksten benachteiligten zu helfen.<\/p>\n<p>Teilen Sie ein Foto Ihres Lieblingsbootes in den sozialen Medien, markieren Sie@mielcastiza und K\u00fcnstler auf Ihrem Foto, und Sie geben den Druck f\u00fcr einen Druck der Illustration ein, der vom K\u00fcnstler signiert wurde.<\/p>\n","protected":false},"excerpt":{"rendered":"<p>Illustriertes Charity-Packet mit 3 Geschmacksrichtungen. K\u00fcnstler und Imker haben sich zusammengeschlossen, um in diesen schwierigen Zeiten den am meisten Benachteiligten zu helfen. Milchblumen, Rosmarin und Thymian. Spenden Sie 1 \u20ac an die Esperanza Food Bank.<\/p>\n","protected":false},"featured_media":18185,"comment_status":"closed","ping_status":"closed","template":"","meta":[],"product_brand":[],"product_cat":[79],"product_tag":[],"class_list":{"0":"post-19509","1":"product","2":"type-product","3":"status-publish","4":"has-post-thumbnail","6":"product_cat-honig","8":"first","9":"outofstock","10":"sale","11":"taxable","12":"shipping-taxable","13":"purchasable","14":"product-type-simple"},"yoast_head":"<!-- This site is optimized with the Yoast SEO plugin v26.9 - https:\/\/yoast.com\/product\/yoast-seo-wordpress\/ -->\n<title>Illustriertes Charity-Paket - Miel Castiza<\/title>\n<meta name=\"description\" content=\"Illustriertes Charity-Packet mit 3 Geschmacksrichtungen. K\u00fcnstler und Imker haben sich zusammengeschlossen, um in diesen schwierigen Zeiten den am meisten Benachteiligten zu helfen. Milchblumen, Rosmarin und Thymian. Spenden Sie 1 \u20ac an die Esperanza Food Bank.\" \/>\n<meta name=\"robots\" content=\"index, follow, max-snippet:-1, max-image-preview:large, max-video-preview:-1\" \/>\n<link rel=\"canonical\" href=\"https:\/\/www.mielcastiza.com\/de\/producto\/illustriertes-charity-paket\/\" \/>\n<meta property=\"og:locale\" content=\"de_DE\" \/>\n<meta property=\"og:type\" content=\"article\" \/>\n<meta property=\"og:title\" content=\"Illustriertes Charity-Paket - Miel Castiza\" \/>\n<meta property=\"og:description\" content=\"Illustriertes Charity-Packet mit 3 Geschmacksrichtungen. K\u00fcnstler und Imker haben sich zusammengeschlossen, um in diesen schwierigen Zeiten den am meisten Benachteiligten zu helfen. Milchblumen, Rosmarin und Thymian. Spenden Sie 1 \u20ac an die Esperanza Food Bank.\" \/>\n<meta property=\"og:url\" content=\"https:\/\/www.mielcastiza.com\/de\/producto\/illustriertes-charity-paket\/\" \/>\n<meta property=\"og:site_name\" content=\"Miel Castiza\" \/>\n<meta property=\"og:image\" content=\"https:\/\/www.mielcastiza.com\/wp-content\/uploads\/2024\/01\/Pack-sin-bolas-rdm.jpg\" \/>\n\t<meta property=\"og:image:width\" content=\"1365\" \/>\n\t<meta property=\"og:image:height\" content=\"2048\" \/>\n\t<meta property=\"og:image:type\" content=\"image\/jpeg\" \/>\n<meta name=\"twitter:card\" content=\"summary_large_image\" \/>\n<meta name=\"twitter:label1\" content=\"Gesch\u00e4tzte Lesezeit\" \/>\n\t<meta name=\"twitter:data1\" content=\"1\u00a0Minute\" \/>\n<script type=\"application\/ld+json\" class=\"yoast-schema-graph\">{\"@context\":\"https:\/\/schema.org\",\"@graph\":[{\"@type\":\"WebPage\",\"@id\":\"https:\/\/www.mielcastiza.com\/de\/producto\/illustriertes-charity-paket\/\",\"url\":\"https:\/\/www.mielcastiza.com\/de\/producto\/illustriertes-charity-paket\/\",\"name\":\"Illustriertes Charity-Paket - Miel Castiza\",\"isPartOf\":{\"@id\":\"https:\/\/www.mielcastiza.com\/de\/#website\"},\"primaryImageOfPage\":{\"@id\":\"https:\/\/www.mielcastiza.com\/de\/producto\/illustriertes-charity-paket\/#primaryimage\"},\"image\":{\"@id\":\"https:\/\/www.mielcastiza.com\/de\/producto\/illustriertes-charity-paket\/#primaryimage\"},\"thumbnailUrl\":\"https:\/\/www.mielcastiza.com\/wp-content\/uploads\/2024\/01\/Pack-sin-bolas-rdm.jpg\",\"datePublished\":\"2020-12-06T09:49:52+00:00\",\"description\":\"Illustriertes Charity-Packet mit 3 Geschmacksrichtungen. K\u00fcnstler und Imker haben sich zusammengeschlossen, um in diesen schwierigen Zeiten den am meisten Benachteiligten zu helfen. Milchblumen, Rosmarin und Thymian. Spenden Sie 1 \u20ac an die Esperanza Food Bank.\",\"breadcrumb\":{\"@id\":\"https:\/\/www.mielcastiza.com\/de\/producto\/illustriertes-charity-paket\/#breadcrumb\"},\"inLanguage\":\"de\",\"potentialAction\":[{\"@type\":\"ReadAction\",\"target\":[\"https:\/\/www.mielcastiza.com\/de\/producto\/illustriertes-charity-paket\/\"]}]},{\"@type\":\"ImageObject\",\"inLanguage\":\"de\",\"@id\":\"https:\/\/www.mielcastiza.com\/de\/producto\/illustriertes-charity-paket\/#primaryimage\",\"url\":\"https:\/\/www.mielcastiza.com\/wp-content\/uploads\/2024\/01\/Pack-sin-bolas-rdm.jpg\",\"contentUrl\":\"https:\/\/www.mielcastiza.com\/wp-content\/uploads\/2024\/01\/Pack-sin-bolas-rdm.jpg\",\"width\":1365,\"height\":2048},{\"@type\":\"BreadcrumbList\",\"@id\":\"https:\/\/www.mielcastiza.com\/de\/producto\/illustriertes-charity-paket\/#breadcrumb\",\"itemListElement\":[{\"@type\":\"ListItem\",\"position\":1,\"name\":\"Portada\",\"item\":\"https:\/\/www.mielcastiza.com\/de\/\"},{\"@type\":\"ListItem\",\"position\":2,\"name\":\"Tienda\",\"item\":\"https:\/\/www.mielcastiza.com\/tienda\/\"},{\"@type\":\"ListItem\",\"position\":3,\"name\":\"Illustriertes Charity-Paket\"}]},{\"@type\":\"WebSite\",\"@id\":\"https:\/\/www.mielcastiza.com\/de\/#website\",\"url\":\"https:\/\/www.mielcastiza.com\/de\/\",\"name\":\"Miel Castiza\",\"description\":\"\",\"publisher\":{\"@id\":\"https:\/\/www.mielcastiza.com\/de\/#organization\"},\"potentialAction\":[{\"@type\":\"SearchAction\",\"target\":{\"@type\":\"EntryPoint\",\"urlTemplate\":\"https:\/\/www.mielcastiza.com\/de\/?s={search_term_string}\"},\"query-input\":{\"@type\":\"PropertyValueSpecification\",\"valueRequired\":true,\"valueName\":\"search_term_string\"}}],\"inLanguage\":\"de\"},{\"@type\":\"Organization\",\"@id\":\"https:\/\/www.mielcastiza.com\/de\/#organization\",\"name\":\"Miel Castiza\",\"url\":\"https:\/\/www.mielcastiza.com\/de\/\",\"logo\":{\"@type\":\"ImageObject\",\"inLanguage\":\"de\",\"@id\":\"https:\/\/www.mielcastiza.com\/de\/#\/schema\/logo\/image\/\",\"url\":\"https:\/\/www.mielcastiza.com\/wp-content\/uploads\/2023\/12\/logo_beige.png\",\"contentUrl\":\"https:\/\/www.mielcastiza.com\/wp-content\/uploads\/2023\/12\/logo_beige.png\",\"width\":252,\"height\":70,\"caption\":\"Miel Castiza\"},\"image\":{\"@id\":\"https:\/\/www.mielcastiza.com\/de\/#\/schema\/logo\/image\/\"}}]}<\/script>\n<!-- \/ Yoast SEO plugin. -->","yoast_head_json":{"title":"Illustriertes Charity-Paket - Miel Castiza","description":"Illustriertes Charity-Packet mit 3 Geschmacksrichtungen. K\u00fcnstler und Imker haben sich zusammengeschlossen, um in diesen schwierigen Zeiten den am meisten Benachteiligten zu helfen. Milchblumen, Rosmarin und Thymian. Spenden Sie 1 \u20ac an die Esperanza Food Bank.","robots":{"index":"index","follow":"follow","max-snippet":"max-snippet:-1","max-image-preview":"max-image-preview:large","max-video-preview":"max-video-preview:-1"},"canonical":"https:\/\/www.mielcastiza.com\/de\/producto\/illustriertes-charity-paket\/","og_locale":"de_DE","og_type":"article","og_title":"Illustriertes Charity-Paket - Miel Castiza","og_description":"Illustriertes Charity-Packet mit 3 Geschmacksrichtungen. K\u00fcnstler und Imker haben sich zusammengeschlossen, um in diesen schwierigen Zeiten den am meisten Benachteiligten zu helfen. Milchblumen, Rosmarin und Thymian. Spenden Sie 1 \u20ac an die Esperanza Food Bank.","og_url":"https:\/\/www.mielcastiza.com\/de\/producto\/illustriertes-charity-paket\/","og_site_name":"Miel Castiza","og_image":[{"width":1365,"height":2048,"url":"https:\/\/www.mielcastiza.com\/wp-content\/uploads\/2024\/01\/Pack-sin-bolas-rdm.jpg","type":"image\/jpeg"}],"twitter_card":"summary_large_image","twitter_misc":{"Gesch\u00e4tzte Lesezeit":"1\u00a0Minute"},"schema":{"@context":"https:\/\/schema.org","@graph":[{"@type":"WebPage","@id":"https:\/\/www.mielcastiza.com\/de\/producto\/illustriertes-charity-paket\/","url":"https:\/\/www.mielcastiza.com\/de\/producto\/illustriertes-charity-paket\/","name":"Illustriertes Charity-Paket - Miel Castiza","isPartOf":{"@id":"https:\/\/www.mielcastiza.com\/de\/#website"},"primaryImageOfPage":{"@id":"https:\/\/www.mielcastiza.com\/de\/producto\/illustriertes-charity-paket\/#primaryimage"},"image":{"@id":"https:\/\/www.mielcastiza.com\/de\/producto\/illustriertes-charity-paket\/#primaryimage"},"thumbnailUrl":"https:\/\/www.mielcastiza.com\/wp-content\/uploads\/2024\/01\/Pack-sin-bolas-rdm.jpg","datePublished":"2020-12-06T09:49:52+00:00","description":"Illustriertes Charity-Packet mit 3 Geschmacksrichtungen. K\u00fcnstler und Imker haben sich zusammengeschlossen, um in diesen schwierigen Zeiten den am meisten Benachteiligten zu helfen. Milchblumen, Rosmarin und Thymian. Spenden Sie 1 \u20ac an die Esperanza Food Bank.","breadcrumb":{"@id":"https:\/\/www.mielcastiza.com\/de\/producto\/illustriertes-charity-paket\/#breadcrumb"},"inLanguage":"de","potentialAction":[{"@type":"ReadAction","target":["https:\/\/www.mielcastiza.com\/de\/producto\/illustriertes-charity-paket\/"]}]},{"@type":"ImageObject","inLanguage":"de","@id":"https:\/\/www.mielcastiza.com\/de\/producto\/illustriertes-charity-paket\/#primaryimage","url":"https:\/\/www.mielcastiza.com\/wp-content\/uploads\/2024\/01\/Pack-sin-bolas-rdm.jpg","contentUrl":"https:\/\/www.mielcastiza.com\/wp-content\/uploads\/2024\/01\/Pack-sin-bolas-rdm.jpg","width":1365,"height":2048},{"@type":"BreadcrumbList","@id":"https:\/\/www.mielcastiza.com\/de\/producto\/illustriertes-charity-paket\/#breadcrumb","itemListElement":[{"@type":"ListItem","position":1,"name":"Portada","item":"https:\/\/www.mielcastiza.com\/de\/"},{"@type":"ListItem","position":2,"name":"Tienda","item":"https:\/\/www.mielcastiza.com\/tienda\/"},{"@type":"ListItem","position":3,"name":"Illustriertes Charity-Paket"}]},{"@type":"WebSite","@id":"https:\/\/www.mielcastiza.com\/de\/#website","url":"https:\/\/www.mielcastiza.com\/de\/","name":"Miel Castiza","description":"","publisher":{"@id":"https:\/\/www.mielcastiza.com\/de\/#organization"},"potentialAction":[{"@type":"SearchAction","target":{"@type":"EntryPoint","urlTemplate":"https:\/\/www.mielcastiza.com\/de\/?s={search_term_string}"},"query-input":{"@type":"PropertyValueSpecification","valueRequired":true,"valueName":"search_term_string"}}],"inLanguage":"de"},{"@type":"Organization","@id":"https:\/\/www.mielcastiza.com\/de\/#organization","name":"Miel Castiza","url":"https:\/\/www.mielcastiza.com\/de\/","logo":{"@type":"ImageObject","inLanguage":"de","@id":"https:\/\/www.mielcastiza.com\/de\/#\/schema\/logo\/image\/","url":"https:\/\/www.mielcastiza.com\/wp-content\/uploads\/2023\/12\/logo_beige.png","contentUrl":"https:\/\/www.mielcastiza.com\/wp-content\/uploads\/2023\/12\/logo_beige.png","width":252,"height":70,"caption":"Miel Castiza"},"image":{"@id":"https:\/\/www.mielcastiza.com\/de\/#\/schema\/logo\/image\/"}}]}},"jetpack_sharing_enabled":true,"_links":{"self":[{"href":"https:\/\/www.mielcastiza.com\/de\/wp-json\/wp\/v2\/product\/19509","targetHints":{"allow":["GET"]}}],"collection":[{"href":"https:\/\/www.mielcastiza.com\/de\/wp-json\/wp\/v2\/product"}],"about":[{"href":"https:\/\/www.mielcastiza.com\/de\/wp-json\/wp\/v2\/types\/product"}],"replies":[{"embeddable":true,"href":"https:\/\/www.mielcastiza.com\/de\/wp-json\/wp\/v2\/comments?post=19509"}],"wp:featuredmedia":[{"embeddable":true,"href":"https:\/\/www.mielcastiza.com\/de\/wp-json\/wp\/v2\/media\/18185"}],"wp:attachment":[{"href":"https:\/\/www.mielcastiza.com\/de\/wp-json\/wp\/v2\/media?parent=19509"}],"wp:term":[{"taxonomy":"product_brand","embeddable":true,"href":"https:\/\/www.mielcastiza.com\/de\/wp-json\/wp\/v2\/product_brand?post=19509"},{"taxonomy":"product_cat","embeddable":true,"href":"https:\/\/www.mielcastiza.com\/de\/wp-json\/wp\/v2\/product_cat?post=19509"},{"taxonomy":"product_tag","embeddable":true,"href":"https:\/\/www.mielcastiza.com\/de\/wp-json\/wp\/v2\/product_tag?post=19509"}],"curies":[{"name":"wp","href":"https:\/\/api.w.org\/{rel}","templated":true}]}}