{"id":19512,"date":"2020-04-25T14:34:41","date_gmt":"2020-04-25T14:34:41","guid":{"rendered":"https:\/\/mielcastiza.plesk.myfocus.es\/producto\/pollen-multifloral-sec-220-g\/"},"modified":"2020-04-25T14:34:41","modified_gmt":"2020-04-25T14:34:41","slug":"pollen-multifloral-sec-220-g","status":"publish","type":"product","link":"https:\/\/www.mielcastiza.com\/de\/producto\/pollen-multifloral-sec-220-g\/","title":{"rendered":"Pollen multifloral sec 220 g."},"content":{"rendered":"<ul>\n<li>Pollen ist ein 100% nat\u00fcrliches Produkt aus mediterranen Blumen.<\/li>\n<\/ul>\n<p>Wenn wir \u00fcber Vitamine, Mineralstoffe und Kohlenhydrate in einem Wort sprechen w\u00fcrden, w\u00e4re es zweifellos POLLEN.<\/p>\n<p>Es ist die gr\u00f6\u00dfte bekannte Quelle f\u00fcr Vitamine, Mineralien und Kohlenhydrate und enth\u00e4lt auch Proteine, Spurenelemente und Enzyme, die es zu einem ausgezeichneten Nahrungserg\u00e4nzungsmittel machen.<\/p>\n<p>Es ist notwendig, vor allem seine <strong>ern\u00e4hrungsphysiologischen, metabolischen und energetischen Tugenden<\/strong> zu betonen, darunter:<\/p>\n<ul>\n<li>Erh\u00f6hte H\u00e4moglobinspiegel im Blut bei an\u00e4mischen Menschen.<\/li>\n<li>Allgemeiner Entgifter des K\u00f6rpers.<\/li>\n<li>Ausgezeichneter Normalisateur intestinal.<\/li>\n<li>Tonic Regenerator und Stimulans f\u00fcr Wohlbefinden und Euphorie.<\/li>\n<li>Erh\u00f6hte Vitalit\u00e4t im Allgemeinen.<\/li>\n<\/ul>\n<p>Die Farbe und der Geschmack von Pollen k\u00f6nnen so vielf\u00e4ltig sein wie die botanischen Sorten, von denen sie stammen. Es ist nicht einfach, Pollen mit visueller Analyse zu erkennen, so dass es praktisch unm\u00f6glich ist, eine Klassifizierung nach Farbe oder Geschmack vorzunehmen.<\/p>\n<p>Als die <strong>vollst\u00e4ndigste<\/strong>, bekannte nat\u00fcrliche Nahrung versorgt uns t\u00e4glich aufgenommene Pollen mit allen notwendigen Elementen, um jedem Tag mit Energie und Vitalit\u00e4t zu begegnen.<\/p>\n<h3>Therapeutische Eigenschaften von Pollen.<\/h3>\n<ul>\n<li>Pollen haben eine gro\u00dfe Kraft des Wachstums, des Gleichgewichts und der Energie.<\/li>\n<li>Es ist eine antitoxische, zytophylaktische und bakterizide Substanz, antiseptisch und regeneriert die Darmflora. Reguliert die Verdauungsfunktionen, regt den Appetit und die Darmperistaltik, die Bauchspeicheldr\u00fcse und die Billard-Gallenblase an.<\/li>\n<li>Es gleicht den pH-Wert des Blutes und die Funktion des Nervensystems aus, erh\u00f6ht h\u00e4matoglobul\u00e4re Ph\u00e4nomene um das Zehnfache und produziert Blut.<\/li>\n<li>Der Revitalisierungsfaktor f\u00f6rdert die Assimilation und l\u00e4dt ersch\u00f6pfte viszerale Batterien auf.<\/li>\n<li>Es gleicht mineralische und elektromagnetische M\u00e4ngel aus, regt den Stoffwechsel an, erh\u00f6ht den Gef\u00e4\u00dfwiderstand, beugt M\u00fcdigkeit vor, verl\u00e4ngert die Lebenskraft und die nat\u00fcrlichen Immunit\u00e4ten und verj\u00fcngt das Gewebe.<\/li>\n<li>Es potenziert das Gehirn und verbessert den Intellekt.<\/li>\n<li>Es erh\u00f6ht die Immunit\u00e4t des K\u00f6rpers gegen Infektionen, verl\u00e4ngert die Jugend und hemmt Krebsbildungen.<\/li>\n<li>Es sch\u00fctzt Krebspatienten, die sich einer Chemo- und Strahlentherapie unterziehen.<\/li>\n<li>Es reguliert die Funktion der Leber; Dieser Effekt ist auf seinen hohen Methioningehalt zur\u00fcckzuf\u00fchren, der die Konzentration von Triglyceriden erh\u00f6ht.<\/li>\n<li>Es wirkt auf die Aktivit\u00e4t der Triglyceridlipase und erh\u00f6ht die enzymatische Aktivit\u00e4t.<\/li>\n<li>Pollen hat eine hemmende Wirkung auf Entz\u00fcndungen mit \u00d6demen.<\/li>\n<\/ul>\n<p>\u00dcber diesen einzigartigen Stoffkomplex ist sehr wenig bekannt. Zus\u00e4tzlich zu der Rolle, die seine Vitamine spielen (von denen einige noch nicht identifiziert wurden).<br \/>\nSein wichtigster Bestandteil ist Protein. Insbesondere die Diastase ist wichtig, die die lebenswichtigen Prozesse des K\u00f6rpers reguliert und aktiviert. Aus diesem Grund k\u00f6nnen wir die Wirkung von Pollen und Gel\u00e9e Royale vergleichen, sie entwickeln ein Gef\u00fchl der ewigen Jugend und Euphorie. Das Getr\u00e4nk der Unsterblichkeit der antiken griechischen G\u00f6tter, Ambrosia (eine Mischung aus Honig und Pollen), ist eine unersch\u00f6pfliche Kraftquelle f\u00fcr den menschlichen Organismus.<br \/>\nDie spezifischen Auswirkungen auf M\u00e4nner und Frauen sind auf das Vorhandensein von Hormonen zur\u00fcckzuf\u00fchren. Es ist bekannt, dass Pflanzenhormone keine Nebenwirkungen haben, keine Unannehmlichkeiten verursachen und die erstaunliche F\u00e4higkeit haben, die Sekrete der endokrinen Dr\u00fcsen zu regulieren. Deshalb ist es der einzige bekannte N\u00e4hrstoff f\u00fcr die Prostata. Seine regelm\u00e4\u00dfige Anwendung verj\u00fcngt dieses m\u00e4nnliche Dr\u00fcsenorgan, wenn 24 gr. (ein gepackter Essl\u00f6ffel).<br \/>\nIn \u00e4hnlicher Weise erh\u00f6ht seine Verwendung die <strong>sexuelle Potenz<\/strong> und hat sich bei Impotenz als sehr effektiv erwiesen.<br \/>\nBei Frauen ist es n\u00fctzlich f\u00fcr Frigidit\u00e4t. Gemischt mit Gel\u00e9e Royale und Honig, wird es verwendet, um die Arbeit zu verbessern und die Folgen von Rh-Faktor negativ zu verhindern.<br \/>\nBei depressiven Zust\u00e4nden, Angstzust\u00e4nden und Alkoholismus wird eine Menge von 0,8-4,0 g empfohlen.<br \/>\nEs \u00fcbt eine regulierende Wirkung auf die Darmfunktionen bei Patienten aus, die an chronischer Verstopfung oder im Gegenteil an chronischem Durchfall inneren Ursprungs leiden, der gegen Antibiotika resistent ist.<br \/>\nBei an\u00e4mischen Kindern verursachen Pollen einen schnellen Anstieg des H\u00e4moglobinspiegels im Blut. Es erzeugt auch eine schnelle Zunahme von Gewicht und St\u00e4rke bei Rekonvaleszenten und ist ein ber\u00fcchtigter Euphor.<br \/>\nAndere medizinische Anwendungen sind sein Wert bei pernizi\u00f6ser An\u00e4mie und zur Regulierung der Funktion des gesamten Verdauungssystems, zur Senkung des Blutdrucks, zur Verbesserung der Arbeitsf\u00e4higkeit, zur Erh\u00f6hung der H\u00e4moglobinzahl, zur F\u00f6rderung der Funktion des Nervensystems und der Prostata sowie zur Linderung von Schlaflosigkeit.<br \/>\nBei Athleten, deren normale Ern\u00e4hrung 3.500 kcal. Jeden Tag, ein Zuschlag von 765-785 cal. durch eine Mischung mit 175-200 gr. aus Honig und 50-58 gr. der t\u00e4glichen Pollen pro Individuum.<br \/>\nKurzum: Pollen <strong>t\u00f6nen, stimulieren, balancieren und entgiften.<\/strong><\/p>\n<h2>Dosierung, Verzehr und Vorsichtsma\u00dfnahmen.<\/h2>\n<h3>Dosis:<\/h3>\n<p>Zu Beginn ist es bequem zu wissen, wie man das Gewicht der Pollen in Essl\u00f6ffeln berechnet:<br \/>\n1 Teel\u00f6ffel Kaffeelevel : 5 g trockener Pollen.<br \/>\n1 Teel\u00f6ffel Kaffee aufget\u00fcrmt: 8 g trockener Pollen.<br \/>\n1 Teel\u00f6ffel Dessertgericht: 10 g trockener Pollen.<br \/>\n1 gepackter Dessertl\u00f6ffel : 15 g trockener Pollen.<br \/>\n1 Essl\u00f6ffel von zwei: 15 g trockener Pollen.<br \/>\n1 gepackter Essl\u00f6ffel: 25 gr trockener Pollen.<\/p>\n<p>Auf diese einfache Weise k\u00f6nnen wir die therapeutischen und Erhaltungsdosen kennen, die in Gramm und Essl\u00f6ffeln berechnet werden.<br \/>\nErwachsene:<br \/>\nT\u00e4gliche therapeutische Dosis: 32 g (4 gepackte Teel\u00f6ffel)<br \/>\nErhaltungsdosis: 20 g (2 gestrichene Dessertl\u00f6ffel)<br \/>\nKinder 3 bis 5 Jahre:<br \/>\nT\u00e4gliche therapeutische Dosis: 12 g (hat etwas weniger als einen vollgestopften Dessertl\u00f6ffel)<br \/>\nKinder 6 bis 12 Jahre:<br \/>\nT\u00e4gliche therapeutische Dosis: 16 g (etwas mehr als ein gestrichener Essl\u00f6ffel)<br \/>\nKinder \u00fcber 12 Jahre:<br \/>\nT\u00e4gliche therapeutische Dosis: 20 gr (2 gestrichene Dessertl\u00f6ffel)<\/p>\n<p>Es wird empfohlen, Pollen f\u00fcr 20 Tage zu nehmen und sich 10 Tage lang auszuruhen und jeden Monat den gleichen nach Bedarf zu wiederholen. Dies w\u00fcrde ausreichen, um Gesundheit, Kraft und Dynamik wiederherzustellen.<\/p>\n<h3>Verbrauch.<\/h3>\n<p>Die g\u00fcnstigste Zeit, um Pollen zu nehmen, scheint morgens vor dem Fr\u00fchst\u00fcck zu sein.<br \/>\nEs ist ratsam, Pollen vor dem Verzehr zu mahlen, dies kann mit jeder M\u00fchle erfolgen, die wir zu Hause haben.<\/p>\n<p>Der Geschmack von Pollen variiert stark je nach den Bl\u00fcten, in denen er gesammelt wurde. Es kann nat\u00fcrlich genommen werden, aber wenn wir seinen Geschmack nicht m\u00f6gen, k\u00f6nnen wir es mit jeder Art von Fl\u00fcssigkeit einnehmen. Es kann mit Milch, Kaffee mit Milch, Milch mit Kakao, Joghurt, Fruchts\u00e4ften usw. gemischt werden.<\/p>\n<p>Ein guter Brauch, der leider bereits verloren gegangen ist, ist es, f\u00fcr das Fr\u00fchst\u00fcck oder einen Snack eine gute Scheibe Brot zum Aufstreichen mit Honig vorzubereiten, zu der wir eine gute Pollenschicht hinzuf\u00fcgen werden; K\u00f6stlich nahrhaft.<\/p>\n<h3>Vorsichtsma\u00dfnahmen.<\/h3>\n<p>Es gibt keine bekannten Kontraindikationen, so dass Pollen auf der ganzen Welt verbreitet werden k\u00f6nnen.<br \/>\nDie einzige Ausnahme ist die von Allergikern, als Vorsichtsma\u00dfnahme ist es notwendig, mit der Einnahme einer kleinen Menge zu beginnen, bis die Toleranz bei Menschen, die eine Allergie gegen Bienenprodukte haben oder an Asthma leiden, gew\u00e4hrleistet ist.<\/p>\n<p>Menschen mit Allergien k\u00f6nnen desensibilisiert werden, indem sie beginnen, sehr kleine Dosen einzunehmen, die dann erh\u00f6ht werden, bis eine normale Toleranz gegen\u00fcber Pollen erreicht ist.<\/p>\n<p>Wie man \u00fcberpr\u00fcft, ob man eine Pollenallergie hat.<br \/>\nEs ist einfach und einfach: Legen Sie ein paar Pollenk\u00f6rner in die Falte des Ellenbogens (den inneren Teil) und legen Sie einen Verband oder Verband an und lassen Sie ihn f\u00fcr ein paar Stunden. Wenn Sie im Laufe der Stunden eine allergische Reaktion haben (es wird rot und juckt)\u2026 Dies bedeutet, dass Sie allergisch sind und in diesem Fall wird empfohlen, einen Arzt aufzusuchen, bevor Sie Pollen oral einnehmen. Wenn es keine Reaktion gibt, bedeutet das, dass alles in Ordnung ist.<\/p>\n","protected":false},"excerpt":{"rendered":"<p>Pollen ist ein 100% nat\u00fcrliches Produkt aus mediterranen Blumen. Wenn wir \u00fcber Vitamine, Mineralstoffe und Kohlenhydrate in einem Wort sprechen w\u00fcrden, w\u00e4re es zweifellos POLLEN. Es ist die gr\u00f6\u00dfte bekannte Quelle f\u00fcr Vitamine, Mineralien und Kohlenhydrate und enth\u00e4lt auch Proteine, Spurenelemente und Enzyme, die es zu einem ausgezeichneten Nahrungserg\u00e4nzungsmittel machen. Es ist notwendig, vor allem &#8230; <a title=\"Pollen multifloral sec 220 g.\" class=\"read-more\" href=\"https:\/\/www.mielcastiza.com\/de\/producto\/pollen-multifloral-sec-220-g\/\" aria-label=\"Mehr Informationen \u00fcber Pollen multifloral sec 220 g.\">Weiterlesen<\/a><\/p>\n","protected":false},"featured_media":18173,"comment_status":"closed","ping_status":"closed","template":"","meta":[],"product_brand":[],"product_cat":[82],"product_tag":[],"class_list":{"0":"post-19512","1":"product","2":"type-product","3":"status-publish","4":"has-post-thumbnail","6":"product_cat-pollen-de","8":"first","9":"outofstock","10":"sale","11":"taxable","12":"shipping-taxable","13":"purchasable","14":"product-type-simple"},"yoast_head":"<!-- This site is optimized with the Yoast SEO plugin v26.9 - https:\/\/yoast.com\/product\/yoast-seo-wordpress\/ -->\n<title>Pollen multifloral sec 220 g. - Miel Castiza<\/title>\n<meta name=\"robots\" content=\"index, follow, max-snippet:-1, max-image-preview:large, max-video-preview:-1\" \/>\n<link rel=\"canonical\" href=\"https:\/\/www.mielcastiza.com\/de\/producto\/pollen-multifloral-sec-220-g\/\" \/>\n<meta property=\"og:locale\" content=\"de_DE\" \/>\n<meta property=\"og:type\" content=\"article\" \/>\n<meta property=\"og:title\" content=\"Pollen multifloral sec 220 g. - Miel Castiza\" \/>\n<meta property=\"og:description\" content=\"Pollen ist ein 100% nat\u00fcrliches Produkt aus mediterranen Blumen. Wenn wir \u00fcber Vitamine, Mineralstoffe und Kohlenhydrate in einem Wort sprechen w\u00fcrden, w\u00e4re es zweifellos POLLEN. Es ist die gr\u00f6\u00dfte bekannte Quelle f\u00fcr Vitamine, Mineralien und Kohlenhydrate und enth\u00e4lt auch Proteine, Spurenelemente und Enzyme, die es zu einem ausgezeichneten Nahrungserg\u00e4nzungsmittel machen. Es ist notwendig, vor allem ... Weiterlesen\" \/>\n<meta property=\"og:url\" content=\"https:\/\/www.mielcastiza.com\/de\/producto\/pollen-multifloral-sec-220-g\/\" \/>\n<meta property=\"og:site_name\" content=\"Miel Castiza\" \/>\n<meta property=\"og:image\" content=\"https:\/\/www.mielcastiza.com\/wp-content\/uploads\/2024\/01\/Packaging-polen2474-rdm.jpg\" \/>\n\t<meta property=\"og:image:width\" content=\"1365\" \/>\n\t<meta property=\"og:image:height\" content=\"2048\" \/>\n\t<meta property=\"og:image:type\" content=\"image\/jpeg\" \/>\n<meta name=\"twitter:card\" content=\"summary_large_image\" \/>\n<meta name=\"twitter:label1\" content=\"Gesch\u00e4tzte Lesezeit\" \/>\n\t<meta name=\"twitter:data1\" content=\"6\u00a0Minuten\" \/>\n<script type=\"application\/ld+json\" class=\"yoast-schema-graph\">{\"@context\":\"https:\/\/schema.org\",\"@graph\":[{\"@type\":\"WebPage\",\"@id\":\"https:\/\/www.mielcastiza.com\/de\/producto\/pollen-multifloral-sec-220-g\/\",\"url\":\"https:\/\/www.mielcastiza.com\/de\/producto\/pollen-multifloral-sec-220-g\/\",\"name\":\"Pollen multifloral sec 220 g. - Miel Castiza\",\"isPartOf\":{\"@id\":\"https:\/\/www.mielcastiza.com\/de\/#website\"},\"primaryImageOfPage\":{\"@id\":\"https:\/\/www.mielcastiza.com\/de\/producto\/pollen-multifloral-sec-220-g\/#primaryimage\"},\"image\":{\"@id\":\"https:\/\/www.mielcastiza.com\/de\/producto\/pollen-multifloral-sec-220-g\/#primaryimage\"},\"thumbnailUrl\":\"https:\/\/www.mielcastiza.com\/wp-content\/uploads\/2024\/01\/Packaging-polen2474-rdm.jpg\",\"datePublished\":\"2020-04-25T14:34:41+00:00\",\"breadcrumb\":{\"@id\":\"https:\/\/www.mielcastiza.com\/de\/producto\/pollen-multifloral-sec-220-g\/#breadcrumb\"},\"inLanguage\":\"de\",\"potentialAction\":[{\"@type\":\"ReadAction\",\"target\":[\"https:\/\/www.mielcastiza.com\/de\/producto\/pollen-multifloral-sec-220-g\/\"]}]},{\"@type\":\"ImageObject\",\"inLanguage\":\"de\",\"@id\":\"https:\/\/www.mielcastiza.com\/de\/producto\/pollen-multifloral-sec-220-g\/#primaryimage\",\"url\":\"https:\/\/www.mielcastiza.com\/wp-content\/uploads\/2024\/01\/Packaging-polen2474-rdm.jpg\",\"contentUrl\":\"https:\/\/www.mielcastiza.com\/wp-content\/uploads\/2024\/01\/Packaging-polen2474-rdm.jpg\",\"width\":1365,\"height\":2048},{\"@type\":\"BreadcrumbList\",\"@id\":\"https:\/\/www.mielcastiza.com\/de\/producto\/pollen-multifloral-sec-220-g\/#breadcrumb\",\"itemListElement\":[{\"@type\":\"ListItem\",\"position\":1,\"name\":\"Portada\",\"item\":\"https:\/\/www.mielcastiza.com\/de\/\"},{\"@type\":\"ListItem\",\"position\":2,\"name\":\"Tienda\",\"item\":\"https:\/\/www.mielcastiza.com\/tienda\/\"},{\"@type\":\"ListItem\",\"position\":3,\"name\":\"Pollen multifloral sec 220 g.\"}]},{\"@type\":\"WebSite\",\"@id\":\"https:\/\/www.mielcastiza.com\/de\/#website\",\"url\":\"https:\/\/www.mielcastiza.com\/de\/\",\"name\":\"Miel Castiza\",\"description\":\"\",\"publisher\":{\"@id\":\"https:\/\/www.mielcastiza.com\/de\/#organization\"},\"potentialAction\":[{\"@type\":\"SearchAction\",\"target\":{\"@type\":\"EntryPoint\",\"urlTemplate\":\"https:\/\/www.mielcastiza.com\/de\/?s={search_term_string}\"},\"query-input\":{\"@type\":\"PropertyValueSpecification\",\"valueRequired\":true,\"valueName\":\"search_term_string\"}}],\"inLanguage\":\"de\"},{\"@type\":\"Organization\",\"@id\":\"https:\/\/www.mielcastiza.com\/de\/#organization\",\"name\":\"Miel Castiza\",\"url\":\"https:\/\/www.mielcastiza.com\/de\/\",\"logo\":{\"@type\":\"ImageObject\",\"inLanguage\":\"de\",\"@id\":\"https:\/\/www.mielcastiza.com\/de\/#\/schema\/logo\/image\/\",\"url\":\"https:\/\/www.mielcastiza.com\/wp-content\/uploads\/2023\/12\/logo_beige.png\",\"contentUrl\":\"https:\/\/www.mielcastiza.com\/wp-content\/uploads\/2023\/12\/logo_beige.png\",\"width\":252,\"height\":70,\"caption\":\"Miel Castiza\"},\"image\":{\"@id\":\"https:\/\/www.mielcastiza.com\/de\/#\/schema\/logo\/image\/\"}}]}<\/script>\n<!-- \/ Yoast SEO plugin. -->","yoast_head_json":{"title":"Pollen multifloral sec 220 g. - Miel Castiza","robots":{"index":"index","follow":"follow","max-snippet":"max-snippet:-1","max-image-preview":"max-image-preview:large","max-video-preview":"max-video-preview:-1"},"canonical":"https:\/\/www.mielcastiza.com\/de\/producto\/pollen-multifloral-sec-220-g\/","og_locale":"de_DE","og_type":"article","og_title":"Pollen multifloral sec 220 g. - Miel Castiza","og_description":"Pollen ist ein 100% nat\u00fcrliches Produkt aus mediterranen Blumen. Wenn wir \u00fcber Vitamine, Mineralstoffe und Kohlenhydrate in einem Wort sprechen w\u00fcrden, w\u00e4re es zweifellos POLLEN. Es ist die gr\u00f6\u00dfte bekannte Quelle f\u00fcr Vitamine, Mineralien und Kohlenhydrate und enth\u00e4lt auch Proteine, Spurenelemente und Enzyme, die es zu einem ausgezeichneten Nahrungserg\u00e4nzungsmittel machen. Es ist notwendig, vor allem ... Weiterlesen","og_url":"https:\/\/www.mielcastiza.com\/de\/producto\/pollen-multifloral-sec-220-g\/","og_site_name":"Miel Castiza","og_image":[{"width":1365,"height":2048,"url":"https:\/\/www.mielcastiza.com\/wp-content\/uploads\/2024\/01\/Packaging-polen2474-rdm.jpg","type":"image\/jpeg"}],"twitter_card":"summary_large_image","twitter_misc":{"Gesch\u00e4tzte Lesezeit":"6\u00a0Minuten"},"schema":{"@context":"https:\/\/schema.org","@graph":[{"@type":"WebPage","@id":"https:\/\/www.mielcastiza.com\/de\/producto\/pollen-multifloral-sec-220-g\/","url":"https:\/\/www.mielcastiza.com\/de\/producto\/pollen-multifloral-sec-220-g\/","name":"Pollen multifloral sec 220 g. - Miel Castiza","isPartOf":{"@id":"https:\/\/www.mielcastiza.com\/de\/#website"},"primaryImageOfPage":{"@id":"https:\/\/www.mielcastiza.com\/de\/producto\/pollen-multifloral-sec-220-g\/#primaryimage"},"image":{"@id":"https:\/\/www.mielcastiza.com\/de\/producto\/pollen-multifloral-sec-220-g\/#primaryimage"},"thumbnailUrl":"https:\/\/www.mielcastiza.com\/wp-content\/uploads\/2024\/01\/Packaging-polen2474-rdm.jpg","datePublished":"2020-04-25T14:34:41+00:00","breadcrumb":{"@id":"https:\/\/www.mielcastiza.com\/de\/producto\/pollen-multifloral-sec-220-g\/#breadcrumb"},"inLanguage":"de","potentialAction":[{"@type":"ReadAction","target":["https:\/\/www.mielcastiza.com\/de\/producto\/pollen-multifloral-sec-220-g\/"]}]},{"@type":"ImageObject","inLanguage":"de","@id":"https:\/\/www.mielcastiza.com\/de\/producto\/pollen-multifloral-sec-220-g\/#primaryimage","url":"https:\/\/www.mielcastiza.com\/wp-content\/uploads\/2024\/01\/Packaging-polen2474-rdm.jpg","contentUrl":"https:\/\/www.mielcastiza.com\/wp-content\/uploads\/2024\/01\/Packaging-polen2474-rdm.jpg","width":1365,"height":2048},{"@type":"BreadcrumbList","@id":"https:\/\/www.mielcastiza.com\/de\/producto\/pollen-multifloral-sec-220-g\/#breadcrumb","itemListElement":[{"@type":"ListItem","position":1,"name":"Portada","item":"https:\/\/www.mielcastiza.com\/de\/"},{"@type":"ListItem","position":2,"name":"Tienda","item":"https:\/\/www.mielcastiza.com\/tienda\/"},{"@type":"ListItem","position":3,"name":"Pollen multifloral sec 220 g."}]},{"@type":"WebSite","@id":"https:\/\/www.mielcastiza.com\/de\/#website","url":"https:\/\/www.mielcastiza.com\/de\/","name":"Miel Castiza","description":"","publisher":{"@id":"https:\/\/www.mielcastiza.com\/de\/#organization"},"potentialAction":[{"@type":"SearchAction","target":{"@type":"EntryPoint","urlTemplate":"https:\/\/www.mielcastiza.com\/de\/?s={search_term_string}"},"query-input":{"@type":"PropertyValueSpecification","valueRequired":true,"valueName":"search_term_string"}}],"inLanguage":"de"},{"@type":"Organization","@id":"https:\/\/www.mielcastiza.com\/de\/#organization","name":"Miel Castiza","url":"https:\/\/www.mielcastiza.com\/de\/","logo":{"@type":"ImageObject","inLanguage":"de","@id":"https:\/\/www.mielcastiza.com\/de\/#\/schema\/logo\/image\/","url":"https:\/\/www.mielcastiza.com\/wp-content\/uploads\/2023\/12\/logo_beige.png","contentUrl":"https:\/\/www.mielcastiza.com\/wp-content\/uploads\/2023\/12\/logo_beige.png","width":252,"height":70,"caption":"Miel Castiza"},"image":{"@id":"https:\/\/www.mielcastiza.com\/de\/#\/schema\/logo\/image\/"}}]}},"jetpack_sharing_enabled":true,"_links":{"self":[{"href":"https:\/\/www.mielcastiza.com\/de\/wp-json\/wp\/v2\/product\/19512","targetHints":{"allow":["GET"]}}],"collection":[{"href":"https:\/\/www.mielcastiza.com\/de\/wp-json\/wp\/v2\/product"}],"about":[{"href":"https:\/\/www.mielcastiza.com\/de\/wp-json\/wp\/v2\/types\/product"}],"replies":[{"embeddable":true,"href":"https:\/\/www.mielcastiza.com\/de\/wp-json\/wp\/v2\/comments?post=19512"}],"wp:featuredmedia":[{"embeddable":true,"href":"https:\/\/www.mielcastiza.com\/de\/wp-json\/wp\/v2\/media\/18173"}],"wp:attachment":[{"href":"https:\/\/www.mielcastiza.com\/de\/wp-json\/wp\/v2\/media?parent=19512"}],"wp:term":[{"taxonomy":"product_brand","embeddable":true,"href":"https:\/\/www.mielcastiza.com\/de\/wp-json\/wp\/v2\/product_brand?post=19512"},{"taxonomy":"product_cat","embeddable":true,"href":"https:\/\/www.mielcastiza.com\/de\/wp-json\/wp\/v2\/product_cat?post=19512"},{"taxonomy":"product_tag","embeddable":true,"href":"https:\/\/www.mielcastiza.com\/de\/wp-json\/wp\/v2\/product_tag?post=19512"}],"curies":[{"name":"wp","href":"https:\/\/api.w.org\/{rel}","templated":true}]}}