{"id":19515,"date":"2020-04-25T14:38:52","date_gmt":"2020-04-25T14:38:52","guid":{"rendered":"https:\/\/mielcastiza.plesk.myfocus.es\/producto\/gruenes-natives-olivenoel-extra-und-amen-arbequina\/"},"modified":"2020-04-25T14:38:52","modified_gmt":"2020-04-25T14:38:52","slug":"gruenes-natives-olivenoel-extra-und-amen-arbequina","status":"publish","type":"product","link":"https:\/\/www.mielcastiza.com\/de\/producto\/gruenes-natives-olivenoel-extra-und-amen-arbequina\/","title":{"rendered":"Gr\u00fcnes natives Oliven\u00f6l extra und Amen \u2013 Arbequina"},"content":{"rendered":"<p>Natives Oliven\u00f6l extra , das im Oktober von verw\u00f6hnten Olivenb\u00e4umen geerntet wird, geliebt und optimal gepflegt f\u00fcr unsere Umwelt. Sie ist die Frucht des Wissens und der Suche nach dem Erhabenen. Infolgedessen eine zarte Balance in seinen Nuancen mit einem hohen Ma\u00df an gr\u00fcner Fruchtigkeit. In seinem ersten Jahr gelang es ihm, vom renommierten EVOOEUM-Guide in den Top 100 weltweit zu rangieren. Sorte Arbequina. Dieses EVOO ist das Ergebnis von Anstrengungen, einer bedingungslosen Liebe zum Beruf und dem Geist, der eine vereinte Familie antreibt, ihre Ziele zu erreichen.<\/p>\n<p>Die Farm befindet sich in einer Enklave zwischen der Ebene von Guadarrama und den Ruinen von Castillo De Canales aus dem 8. Jahrhundert und hat eine kleine Population von Kaiseradlern. In dieser Farm haben wir eine unserer Imkereien dank seiner \u00f6kologischen Behandlung mit den Oliven- und Mandelb\u00e4umen, die sie anbauen. Seine guten Praktiken, die die Natur respektieren und lieben, machen diese Farm zu einer besonderen Enklave in der Region Toledo, wo Wildschweine, Adler, Kaninchen, Hasen, Turmfalken \u2026 und unsere Bienen koexistieren!<\/p>\n<p>Ich lade Sie ein, zu entdecken, was gesund, authentisch und nat\u00fcrlich ist.<\/p>\n","protected":false},"excerpt":{"rendered":"<p>Natives Oliven\u00f6l extra , das im Oktober von verw\u00f6hnten Olivenb\u00e4umen geerntet wird, geliebt und optimal gepflegt f\u00fcr unsere Umwelt. Sie ist die Frucht des Wissens und der Suche nach dem Erhabenen. Infolgedessen eine zarte Balance in seinen Nuancen mit einem hohen Ma\u00df an gr\u00fcner Fruchtigkeit. In seinem ersten Jahr gelang es ihm, vom renommierten EVOOEUM-Guide &#8230; <a title=\"Gr\u00fcnes natives Oliven\u00f6l extra und Amen \u2013 Arbequina\" class=\"read-more\" href=\"https:\/\/www.mielcastiza.com\/de\/producto\/gruenes-natives-olivenoel-extra-und-amen-arbequina\/\" aria-label=\"Mehr Informationen \u00fcber Gr\u00fcnes natives Oliven\u00f6l extra und Amen \u2013 Arbequina\">Weiterlesen<\/a><\/p>\n","protected":false},"featured_media":18177,"comment_status":"closed","ping_status":"closed","template":"","meta":[],"product_brand":[],"product_cat":[111],"product_tag":[],"class_list":{"0":"post-19515","1":"product","2":"type-product","3":"status-publish","4":"has-post-thumbnail","6":"product_cat-ol","8":"first","9":"outofstock","10":"sale","11":"taxable","12":"shipping-taxable","13":"purchasable","14":"product-type-simple"},"yoast_head":"<!-- This site is optimized with the Yoast SEO plugin v26.9 - https:\/\/yoast.com\/product\/yoast-seo-wordpress\/ -->\n<title>Gr\u00fcnes natives Oliven\u00f6l extra und Amen \u2013 Arbequina - Miel Castiza<\/title>\n<meta name=\"robots\" content=\"index, follow, max-snippet:-1, max-image-preview:large, max-video-preview:-1\" \/>\n<link rel=\"canonical\" href=\"https:\/\/www.mielcastiza.com\/de\/producto\/gruenes-natives-olivenoel-extra-und-amen-arbequina\/\" \/>\n<meta property=\"og:locale\" content=\"de_DE\" \/>\n<meta property=\"og:type\" content=\"article\" \/>\n<meta property=\"og:title\" content=\"Gr\u00fcnes natives Oliven\u00f6l extra und Amen \u2013 Arbequina - Miel Castiza\" \/>\n<meta property=\"og:description\" content=\"Natives Oliven\u00f6l extra , das im Oktober von verw\u00f6hnten Olivenb\u00e4umen geerntet wird, geliebt und optimal gepflegt f\u00fcr unsere Umwelt. Sie ist die Frucht des Wissens und der Suche nach dem Erhabenen. Infolgedessen eine zarte Balance in seinen Nuancen mit einem hohen Ma\u00df an gr\u00fcner Fruchtigkeit. In seinem ersten Jahr gelang es ihm, vom renommierten EVOOEUM-Guide ... Weiterlesen\" \/>\n<meta property=\"og:url\" content=\"https:\/\/www.mielcastiza.com\/de\/producto\/gruenes-natives-olivenoel-extra-und-amen-arbequina\/\" \/>\n<meta property=\"og:site_name\" content=\"Miel Castiza\" \/>\n<meta property=\"og:image\" content=\"https:\/\/www.mielcastiza.com\/wp-content\/uploads\/2024\/01\/Aceite-verde-y-amen-familia-corbel-arbequina-rdm.jpg\" \/>\n\t<meta property=\"og:image:width\" content=\"1365\" \/>\n\t<meta property=\"og:image:height\" content=\"2048\" \/>\n\t<meta property=\"og:image:type\" content=\"image\/jpeg\" \/>\n<meta name=\"twitter:card\" content=\"summary_large_image\" \/>\n<meta name=\"twitter:label1\" content=\"Gesch\u00e4tzte Lesezeit\" \/>\n\t<meta name=\"twitter:data1\" content=\"1\u00a0Minute\" \/>\n<script type=\"application\/ld+json\" class=\"yoast-schema-graph\">{\"@context\":\"https:\/\/schema.org\",\"@graph\":[{\"@type\":\"WebPage\",\"@id\":\"https:\/\/www.mielcastiza.com\/de\/producto\/gruenes-natives-olivenoel-extra-und-amen-arbequina\/\",\"url\":\"https:\/\/www.mielcastiza.com\/de\/producto\/gruenes-natives-olivenoel-extra-und-amen-arbequina\/\",\"name\":\"Gr\u00fcnes natives Oliven\u00f6l extra und Amen \u2013 Arbequina - Miel Castiza\",\"isPartOf\":{\"@id\":\"https:\/\/www.mielcastiza.com\/de\/#website\"},\"primaryImageOfPage\":{\"@id\":\"https:\/\/www.mielcastiza.com\/de\/producto\/gruenes-natives-olivenoel-extra-und-amen-arbequina\/#primaryimage\"},\"image\":{\"@id\":\"https:\/\/www.mielcastiza.com\/de\/producto\/gruenes-natives-olivenoel-extra-und-amen-arbequina\/#primaryimage\"},\"thumbnailUrl\":\"https:\/\/www.mielcastiza.com\/wp-content\/uploads\/2024\/01\/Aceite-verde-y-amen-familia-corbel-arbequina-rdm.jpg\",\"datePublished\":\"2020-04-25T14:38:52+00:00\",\"breadcrumb\":{\"@id\":\"https:\/\/www.mielcastiza.com\/de\/producto\/gruenes-natives-olivenoel-extra-und-amen-arbequina\/#breadcrumb\"},\"inLanguage\":\"de\",\"potentialAction\":[{\"@type\":\"ReadAction\",\"target\":[\"https:\/\/www.mielcastiza.com\/de\/producto\/gruenes-natives-olivenoel-extra-und-amen-arbequina\/\"]}]},{\"@type\":\"ImageObject\",\"inLanguage\":\"de\",\"@id\":\"https:\/\/www.mielcastiza.com\/de\/producto\/gruenes-natives-olivenoel-extra-und-amen-arbequina\/#primaryimage\",\"url\":\"https:\/\/www.mielcastiza.com\/wp-content\/uploads\/2024\/01\/Aceite-verde-y-amen-familia-corbel-arbequina-rdm.jpg\",\"contentUrl\":\"https:\/\/www.mielcastiza.com\/wp-content\/uploads\/2024\/01\/Aceite-verde-y-amen-familia-corbel-arbequina-rdm.jpg\",\"width\":1365,\"height\":2048},{\"@type\":\"BreadcrumbList\",\"@id\":\"https:\/\/www.mielcastiza.com\/de\/producto\/gruenes-natives-olivenoel-extra-und-amen-arbequina\/#breadcrumb\",\"itemListElement\":[{\"@type\":\"ListItem\",\"position\":1,\"name\":\"Portada\",\"item\":\"https:\/\/www.mielcastiza.com\/de\/\"},{\"@type\":\"ListItem\",\"position\":2,\"name\":\"Tienda\",\"item\":\"https:\/\/www.mielcastiza.com\/tienda\/\"},{\"@type\":\"ListItem\",\"position\":3,\"name\":\"Gr\u00fcnes natives Oliven\u00f6l extra und Amen \u2013 Arbequina\"}]},{\"@type\":\"WebSite\",\"@id\":\"https:\/\/www.mielcastiza.com\/de\/#website\",\"url\":\"https:\/\/www.mielcastiza.com\/de\/\",\"name\":\"Miel Castiza\",\"description\":\"\",\"publisher\":{\"@id\":\"https:\/\/www.mielcastiza.com\/de\/#organization\"},\"potentialAction\":[{\"@type\":\"SearchAction\",\"target\":{\"@type\":\"EntryPoint\",\"urlTemplate\":\"https:\/\/www.mielcastiza.com\/de\/?s={search_term_string}\"},\"query-input\":{\"@type\":\"PropertyValueSpecification\",\"valueRequired\":true,\"valueName\":\"search_term_string\"}}],\"inLanguage\":\"de\"},{\"@type\":\"Organization\",\"@id\":\"https:\/\/www.mielcastiza.com\/de\/#organization\",\"name\":\"Miel Castiza\",\"url\":\"https:\/\/www.mielcastiza.com\/de\/\",\"logo\":{\"@type\":\"ImageObject\",\"inLanguage\":\"de\",\"@id\":\"https:\/\/www.mielcastiza.com\/de\/#\/schema\/logo\/image\/\",\"url\":\"https:\/\/www.mielcastiza.com\/wp-content\/uploads\/2023\/12\/logo_beige.png\",\"contentUrl\":\"https:\/\/www.mielcastiza.com\/wp-content\/uploads\/2023\/12\/logo_beige.png\",\"width\":252,\"height\":70,\"caption\":\"Miel Castiza\"},\"image\":{\"@id\":\"https:\/\/www.mielcastiza.com\/de\/#\/schema\/logo\/image\/\"}}]}<\/script>\n<!-- \/ Yoast SEO plugin. -->","yoast_head_json":{"title":"Gr\u00fcnes natives Oliven\u00f6l extra und Amen \u2013 Arbequina - Miel Castiza","robots":{"index":"index","follow":"follow","max-snippet":"max-snippet:-1","max-image-preview":"max-image-preview:large","max-video-preview":"max-video-preview:-1"},"canonical":"https:\/\/www.mielcastiza.com\/de\/producto\/gruenes-natives-olivenoel-extra-und-amen-arbequina\/","og_locale":"de_DE","og_type":"article","og_title":"Gr\u00fcnes natives Oliven\u00f6l extra und Amen \u2013 Arbequina - Miel Castiza","og_description":"Natives Oliven\u00f6l extra , das im Oktober von verw\u00f6hnten Olivenb\u00e4umen geerntet wird, geliebt und optimal gepflegt f\u00fcr unsere Umwelt. Sie ist die Frucht des Wissens und der Suche nach dem Erhabenen. Infolgedessen eine zarte Balance in seinen Nuancen mit einem hohen Ma\u00df an gr\u00fcner Fruchtigkeit. In seinem ersten Jahr gelang es ihm, vom renommierten EVOOEUM-Guide ... Weiterlesen","og_url":"https:\/\/www.mielcastiza.com\/de\/producto\/gruenes-natives-olivenoel-extra-und-amen-arbequina\/","og_site_name":"Miel Castiza","og_image":[{"width":1365,"height":2048,"url":"https:\/\/www.mielcastiza.com\/wp-content\/uploads\/2024\/01\/Aceite-verde-y-amen-familia-corbel-arbequina-rdm.jpg","type":"image\/jpeg"}],"twitter_card":"summary_large_image","twitter_misc":{"Gesch\u00e4tzte Lesezeit":"1\u00a0Minute"},"schema":{"@context":"https:\/\/schema.org","@graph":[{"@type":"WebPage","@id":"https:\/\/www.mielcastiza.com\/de\/producto\/gruenes-natives-olivenoel-extra-und-amen-arbequina\/","url":"https:\/\/www.mielcastiza.com\/de\/producto\/gruenes-natives-olivenoel-extra-und-amen-arbequina\/","name":"Gr\u00fcnes natives Oliven\u00f6l extra und Amen \u2013 Arbequina - Miel Castiza","isPartOf":{"@id":"https:\/\/www.mielcastiza.com\/de\/#website"},"primaryImageOfPage":{"@id":"https:\/\/www.mielcastiza.com\/de\/producto\/gruenes-natives-olivenoel-extra-und-amen-arbequina\/#primaryimage"},"image":{"@id":"https:\/\/www.mielcastiza.com\/de\/producto\/gruenes-natives-olivenoel-extra-und-amen-arbequina\/#primaryimage"},"thumbnailUrl":"https:\/\/www.mielcastiza.com\/wp-content\/uploads\/2024\/01\/Aceite-verde-y-amen-familia-corbel-arbequina-rdm.jpg","datePublished":"2020-04-25T14:38:52+00:00","breadcrumb":{"@id":"https:\/\/www.mielcastiza.com\/de\/producto\/gruenes-natives-olivenoel-extra-und-amen-arbequina\/#breadcrumb"},"inLanguage":"de","potentialAction":[{"@type":"ReadAction","target":["https:\/\/www.mielcastiza.com\/de\/producto\/gruenes-natives-olivenoel-extra-und-amen-arbequina\/"]}]},{"@type":"ImageObject","inLanguage":"de","@id":"https:\/\/www.mielcastiza.com\/de\/producto\/gruenes-natives-olivenoel-extra-und-amen-arbequina\/#primaryimage","url":"https:\/\/www.mielcastiza.com\/wp-content\/uploads\/2024\/01\/Aceite-verde-y-amen-familia-corbel-arbequina-rdm.jpg","contentUrl":"https:\/\/www.mielcastiza.com\/wp-content\/uploads\/2024\/01\/Aceite-verde-y-amen-familia-corbel-arbequina-rdm.jpg","width":1365,"height":2048},{"@type":"BreadcrumbList","@id":"https:\/\/www.mielcastiza.com\/de\/producto\/gruenes-natives-olivenoel-extra-und-amen-arbequina\/#breadcrumb","itemListElement":[{"@type":"ListItem","position":1,"name":"Portada","item":"https:\/\/www.mielcastiza.com\/de\/"},{"@type":"ListItem","position":2,"name":"Tienda","item":"https:\/\/www.mielcastiza.com\/tienda\/"},{"@type":"ListItem","position":3,"name":"Gr\u00fcnes natives Oliven\u00f6l extra und Amen \u2013 Arbequina"}]},{"@type":"WebSite","@id":"https:\/\/www.mielcastiza.com\/de\/#website","url":"https:\/\/www.mielcastiza.com\/de\/","name":"Miel Castiza","description":"","publisher":{"@id":"https:\/\/www.mielcastiza.com\/de\/#organization"},"potentialAction":[{"@type":"SearchAction","target":{"@type":"EntryPoint","urlTemplate":"https:\/\/www.mielcastiza.com\/de\/?s={search_term_string}"},"query-input":{"@type":"PropertyValueSpecification","valueRequired":true,"valueName":"search_term_string"}}],"inLanguage":"de"},{"@type":"Organization","@id":"https:\/\/www.mielcastiza.com\/de\/#organization","name":"Miel Castiza","url":"https:\/\/www.mielcastiza.com\/de\/","logo":{"@type":"ImageObject","inLanguage":"de","@id":"https:\/\/www.mielcastiza.com\/de\/#\/schema\/logo\/image\/","url":"https:\/\/www.mielcastiza.com\/wp-content\/uploads\/2023\/12\/logo_beige.png","contentUrl":"https:\/\/www.mielcastiza.com\/wp-content\/uploads\/2023\/12\/logo_beige.png","width":252,"height":70,"caption":"Miel Castiza"},"image":{"@id":"https:\/\/www.mielcastiza.com\/de\/#\/schema\/logo\/image\/"}}]}},"jetpack_sharing_enabled":true,"_links":{"self":[{"href":"https:\/\/www.mielcastiza.com\/de\/wp-json\/wp\/v2\/product\/19515","targetHints":{"allow":["GET"]}}],"collection":[{"href":"https:\/\/www.mielcastiza.com\/de\/wp-json\/wp\/v2\/product"}],"about":[{"href":"https:\/\/www.mielcastiza.com\/de\/wp-json\/wp\/v2\/types\/product"}],"replies":[{"embeddable":true,"href":"https:\/\/www.mielcastiza.com\/de\/wp-json\/wp\/v2\/comments?post=19515"}],"wp:featuredmedia":[{"embeddable":true,"href":"https:\/\/www.mielcastiza.com\/de\/wp-json\/wp\/v2\/media\/18177"}],"wp:attachment":[{"href":"https:\/\/www.mielcastiza.com\/de\/wp-json\/wp\/v2\/media?parent=19515"}],"wp:term":[{"taxonomy":"product_brand","embeddable":true,"href":"https:\/\/www.mielcastiza.com\/de\/wp-json\/wp\/v2\/product_brand?post=19515"},{"taxonomy":"product_cat","embeddable":true,"href":"https:\/\/www.mielcastiza.com\/de\/wp-json\/wp\/v2\/product_cat?post=19515"},{"taxonomy":"product_tag","embeddable":true,"href":"https:\/\/www.mielcastiza.com\/de\/wp-json\/wp\/v2\/product_tag?post=19515"}],"curies":[{"name":"wp","href":"https:\/\/api.w.org\/{rel}","templated":true}]}}