{"id":19518,"date":"2021-03-10T16:29:36","date_gmt":"2021-03-10T16:29:36","guid":{"rendered":"https:\/\/mielcastiza.plesk.myfocus.es\/producto\/gruenes-natives-olivenoel-extra-und-amen-picual\/"},"modified":"2021-03-10T16:29:36","modified_gmt":"2021-03-10T16:29:36","slug":"gruenes-natives-olivenoel-extra-und-amen-picual","status":"publish","type":"product","link":"https:\/\/www.mielcastiza.com\/de\/producto\/gruenes-natives-olivenoel-extra-und-amen-picual\/","title":{"rendered":"Gr\u00fcnes natives Oliven\u00f6l extra und Amen \u2013 Picual"},"content":{"rendered":"<p>Natives Oliven\u00f6l extra von h\u00f6herer Qualit\u00e4t, das direkt aus Oliven durch ein kaltes Verfahren und nur mit mechanischen Verfahren gewonnen wird. Geerntet im Oktober, von malerischen Olivenb\u00e4umen unter der optimalen Pflege unserer Umwelt und unter Einhaltung der strengsten Qualit\u00e4tskontrollen und Protokolle. Als Ergebnis ein energisches, intensives, w\u00fcrziges und leicht bitteres EVOO mit einer au\u00dfergew\u00f6hnlich gr\u00fcnen Farbe. Es hat ein hohes Ma\u00df an Fruchtigkeit mit krautigen Aromen wie Olivenblatt, Gras, Feigenbaum, Tomate und Tomatenpflanze.<\/p>\n<p>Es ist ein vollwertiges und kraftvolles \u00d6l, so dass eine kleine Menge auf einem Teller seine Anwesenheit bekannt macht. Es wird f\u00fcr kalte Rezepte empfohlen, bei denen Sie den Geschmack verbessern und dem Gericht eine besondere Note verleihen m\u00f6chten, wie Salate , weiche Pasta, Fr\u00fchst\u00fcck oder Pizza. Dar\u00fcber hinaus ist dieser Olivensaft einer der oxidationsstabilsten, weshalb er am meisten f\u00fcr Dosenk\u00e4se oder Wurst und f\u00fcr die Verwendung beim Kochen oder roh empfohlen wird. Da es seine Eigenschaften bei unterschiedlichen Temperaturen beibeh\u00e4lt.<\/p>\n<p>Verpackt in einer 500-ml-Glasflasche, die zu 100% recycelbar ist, mit minimalen Auswirkungen auf die Umwelt.<\/p>\n","protected":false},"excerpt":{"rendered":"<p>Natives Oliven\u00f6l extra von h\u00f6herer Qualit\u00e4t, das direkt aus Oliven durch ein kaltes Verfahren und nur mit mechanischen Verfahren gewonnen wird. Geerntet im Oktober, von malerischen Olivenb\u00e4umen unter der optimalen Pflege unserer Umwelt und unter Einhaltung der strengsten Qualit\u00e4tskontrollen und Protokolle. Als Ergebnis ein energisches, intensives, w\u00fcrziges und leicht bitteres EVOO mit einer au\u00dfergew\u00f6hnlich gr\u00fcnen &#8230; <a title=\"Gr\u00fcnes natives Oliven\u00f6l extra und Amen \u2013 Picual\" class=\"read-more\" href=\"https:\/\/www.mielcastiza.com\/de\/producto\/gruenes-natives-olivenoel-extra-und-amen-picual\/\" aria-label=\"Mehr Informationen \u00fcber Gr\u00fcnes natives Oliven\u00f6l extra und Amen \u2013 Picual\">Weiterlesen<\/a><\/p>\n","protected":false},"featured_media":18181,"comment_status":"closed","ping_status":"closed","template":"","meta":[],"product_brand":[],"product_cat":[111],"product_tag":[],"class_list":{"0":"post-19518","1":"product","2":"type-product","3":"status-publish","4":"has-post-thumbnail","6":"product_cat-ol","8":"first","9":"outofstock","10":"sale","11":"taxable","12":"shipping-taxable","13":"purchasable","14":"product-type-simple"},"yoast_head":"<!-- This site is optimized with the Yoast SEO plugin v26.9 - https:\/\/yoast.com\/product\/yoast-seo-wordpress\/ -->\n<title>Gr\u00fcnes natives Oliven\u00f6l extra und Amen \u2013 Picual - Miel Castiza<\/title>\n<meta name=\"robots\" content=\"index, follow, max-snippet:-1, max-image-preview:large, max-video-preview:-1\" \/>\n<link rel=\"canonical\" href=\"https:\/\/www.mielcastiza.com\/de\/producto\/gruenes-natives-olivenoel-extra-und-amen-picual\/\" \/>\n<meta property=\"og:locale\" content=\"de_DE\" \/>\n<meta property=\"og:type\" content=\"article\" \/>\n<meta property=\"og:title\" content=\"Gr\u00fcnes natives Oliven\u00f6l extra und Amen \u2013 Picual - Miel Castiza\" \/>\n<meta property=\"og:description\" content=\"Natives Oliven\u00f6l extra von h\u00f6herer Qualit\u00e4t, das direkt aus Oliven durch ein kaltes Verfahren und nur mit mechanischen Verfahren gewonnen wird. Geerntet im Oktober, von malerischen Olivenb\u00e4umen unter der optimalen Pflege unserer Umwelt und unter Einhaltung der strengsten Qualit\u00e4tskontrollen und Protokolle. Als Ergebnis ein energisches, intensives, w\u00fcrziges und leicht bitteres EVOO mit einer au\u00dfergew\u00f6hnlich gr\u00fcnen ... Weiterlesen\" \/>\n<meta property=\"og:url\" content=\"https:\/\/www.mielcastiza.com\/de\/producto\/gruenes-natives-olivenoel-extra-und-amen-picual\/\" \/>\n<meta property=\"og:site_name\" content=\"Miel Castiza\" \/>\n<meta property=\"og:image\" content=\"https:\/\/www.mielcastiza.com\/wp-content\/uploads\/2024\/01\/Aceite-verde-y-amen-familia-corbel-picual-rdm.jpg\" \/>\n\t<meta property=\"og:image:width\" content=\"1365\" \/>\n\t<meta property=\"og:image:height\" content=\"2048\" \/>\n\t<meta property=\"og:image:type\" content=\"image\/jpeg\" \/>\n<meta name=\"twitter:card\" content=\"summary_large_image\" \/>\n<meta name=\"twitter:label1\" content=\"Gesch\u00e4tzte Lesezeit\" \/>\n\t<meta name=\"twitter:data1\" content=\"1\u00a0Minute\" \/>\n<script type=\"application\/ld+json\" class=\"yoast-schema-graph\">{\"@context\":\"https:\/\/schema.org\",\"@graph\":[{\"@type\":\"WebPage\",\"@id\":\"https:\/\/www.mielcastiza.com\/de\/producto\/gruenes-natives-olivenoel-extra-und-amen-picual\/\",\"url\":\"https:\/\/www.mielcastiza.com\/de\/producto\/gruenes-natives-olivenoel-extra-und-amen-picual\/\",\"name\":\"Gr\u00fcnes natives Oliven\u00f6l extra und Amen \u2013 Picual - Miel Castiza\",\"isPartOf\":{\"@id\":\"https:\/\/www.mielcastiza.com\/de\/#website\"},\"primaryImageOfPage\":{\"@id\":\"https:\/\/www.mielcastiza.com\/de\/producto\/gruenes-natives-olivenoel-extra-und-amen-picual\/#primaryimage\"},\"image\":{\"@id\":\"https:\/\/www.mielcastiza.com\/de\/producto\/gruenes-natives-olivenoel-extra-und-amen-picual\/#primaryimage\"},\"thumbnailUrl\":\"https:\/\/www.mielcastiza.com\/wp-content\/uploads\/2024\/01\/Aceite-verde-y-amen-familia-corbel-picual-rdm.jpg\",\"datePublished\":\"2021-03-10T16:29:36+00:00\",\"breadcrumb\":{\"@id\":\"https:\/\/www.mielcastiza.com\/de\/producto\/gruenes-natives-olivenoel-extra-und-amen-picual\/#breadcrumb\"},\"inLanguage\":\"de\",\"potentialAction\":[{\"@type\":\"ReadAction\",\"target\":[\"https:\/\/www.mielcastiza.com\/de\/producto\/gruenes-natives-olivenoel-extra-und-amen-picual\/\"]}]},{\"@type\":\"ImageObject\",\"inLanguage\":\"de\",\"@id\":\"https:\/\/www.mielcastiza.com\/de\/producto\/gruenes-natives-olivenoel-extra-und-amen-picual\/#primaryimage\",\"url\":\"https:\/\/www.mielcastiza.com\/wp-content\/uploads\/2024\/01\/Aceite-verde-y-amen-familia-corbel-picual-rdm.jpg\",\"contentUrl\":\"https:\/\/www.mielcastiza.com\/wp-content\/uploads\/2024\/01\/Aceite-verde-y-amen-familia-corbel-picual-rdm.jpg\",\"width\":1365,\"height\":2048},{\"@type\":\"BreadcrumbList\",\"@id\":\"https:\/\/www.mielcastiza.com\/de\/producto\/gruenes-natives-olivenoel-extra-und-amen-picual\/#breadcrumb\",\"itemListElement\":[{\"@type\":\"ListItem\",\"position\":1,\"name\":\"Portada\",\"item\":\"https:\/\/www.mielcastiza.com\/de\/\"},{\"@type\":\"ListItem\",\"position\":2,\"name\":\"Tienda\",\"item\":\"https:\/\/www.mielcastiza.com\/tienda\/\"},{\"@type\":\"ListItem\",\"position\":3,\"name\":\"Gr\u00fcnes natives Oliven\u00f6l extra und Amen \u2013 Picual\"}]},{\"@type\":\"WebSite\",\"@id\":\"https:\/\/www.mielcastiza.com\/de\/#website\",\"url\":\"https:\/\/www.mielcastiza.com\/de\/\",\"name\":\"Miel Castiza\",\"description\":\"\",\"publisher\":{\"@id\":\"https:\/\/www.mielcastiza.com\/de\/#organization\"},\"potentialAction\":[{\"@type\":\"SearchAction\",\"target\":{\"@type\":\"EntryPoint\",\"urlTemplate\":\"https:\/\/www.mielcastiza.com\/de\/?s={search_term_string}\"},\"query-input\":{\"@type\":\"PropertyValueSpecification\",\"valueRequired\":true,\"valueName\":\"search_term_string\"}}],\"inLanguage\":\"de\"},{\"@type\":\"Organization\",\"@id\":\"https:\/\/www.mielcastiza.com\/de\/#organization\",\"name\":\"Miel Castiza\",\"url\":\"https:\/\/www.mielcastiza.com\/de\/\",\"logo\":{\"@type\":\"ImageObject\",\"inLanguage\":\"de\",\"@id\":\"https:\/\/www.mielcastiza.com\/de\/#\/schema\/logo\/image\/\",\"url\":\"https:\/\/www.mielcastiza.com\/wp-content\/uploads\/2023\/12\/logo_beige.png\",\"contentUrl\":\"https:\/\/www.mielcastiza.com\/wp-content\/uploads\/2023\/12\/logo_beige.png\",\"width\":252,\"height\":70,\"caption\":\"Miel Castiza\"},\"image\":{\"@id\":\"https:\/\/www.mielcastiza.com\/de\/#\/schema\/logo\/image\/\"}}]}<\/script>\n<!-- \/ Yoast SEO plugin. -->","yoast_head_json":{"title":"Gr\u00fcnes natives Oliven\u00f6l extra und Amen \u2013 Picual - Miel Castiza","robots":{"index":"index","follow":"follow","max-snippet":"max-snippet:-1","max-image-preview":"max-image-preview:large","max-video-preview":"max-video-preview:-1"},"canonical":"https:\/\/www.mielcastiza.com\/de\/producto\/gruenes-natives-olivenoel-extra-und-amen-picual\/","og_locale":"de_DE","og_type":"article","og_title":"Gr\u00fcnes natives Oliven\u00f6l extra und Amen \u2013 Picual - Miel Castiza","og_description":"Natives Oliven\u00f6l extra von h\u00f6herer Qualit\u00e4t, das direkt aus Oliven durch ein kaltes Verfahren und nur mit mechanischen Verfahren gewonnen wird. Geerntet im Oktober, von malerischen Olivenb\u00e4umen unter der optimalen Pflege unserer Umwelt und unter Einhaltung der strengsten Qualit\u00e4tskontrollen und Protokolle. Als Ergebnis ein energisches, intensives, w\u00fcrziges und leicht bitteres EVOO mit einer au\u00dfergew\u00f6hnlich gr\u00fcnen ... Weiterlesen","og_url":"https:\/\/www.mielcastiza.com\/de\/producto\/gruenes-natives-olivenoel-extra-und-amen-picual\/","og_site_name":"Miel Castiza","og_image":[{"width":1365,"height":2048,"url":"https:\/\/www.mielcastiza.com\/wp-content\/uploads\/2024\/01\/Aceite-verde-y-amen-familia-corbel-picual-rdm.jpg","type":"image\/jpeg"}],"twitter_card":"summary_large_image","twitter_misc":{"Gesch\u00e4tzte Lesezeit":"1\u00a0Minute"},"schema":{"@context":"https:\/\/schema.org","@graph":[{"@type":"WebPage","@id":"https:\/\/www.mielcastiza.com\/de\/producto\/gruenes-natives-olivenoel-extra-und-amen-picual\/","url":"https:\/\/www.mielcastiza.com\/de\/producto\/gruenes-natives-olivenoel-extra-und-amen-picual\/","name":"Gr\u00fcnes natives Oliven\u00f6l extra und Amen \u2013 Picual - Miel Castiza","isPartOf":{"@id":"https:\/\/www.mielcastiza.com\/de\/#website"},"primaryImageOfPage":{"@id":"https:\/\/www.mielcastiza.com\/de\/producto\/gruenes-natives-olivenoel-extra-und-amen-picual\/#primaryimage"},"image":{"@id":"https:\/\/www.mielcastiza.com\/de\/producto\/gruenes-natives-olivenoel-extra-und-amen-picual\/#primaryimage"},"thumbnailUrl":"https:\/\/www.mielcastiza.com\/wp-content\/uploads\/2024\/01\/Aceite-verde-y-amen-familia-corbel-picual-rdm.jpg","datePublished":"2021-03-10T16:29:36+00:00","breadcrumb":{"@id":"https:\/\/www.mielcastiza.com\/de\/producto\/gruenes-natives-olivenoel-extra-und-amen-picual\/#breadcrumb"},"inLanguage":"de","potentialAction":[{"@type":"ReadAction","target":["https:\/\/www.mielcastiza.com\/de\/producto\/gruenes-natives-olivenoel-extra-und-amen-picual\/"]}]},{"@type":"ImageObject","inLanguage":"de","@id":"https:\/\/www.mielcastiza.com\/de\/producto\/gruenes-natives-olivenoel-extra-und-amen-picual\/#primaryimage","url":"https:\/\/www.mielcastiza.com\/wp-content\/uploads\/2024\/01\/Aceite-verde-y-amen-familia-corbel-picual-rdm.jpg","contentUrl":"https:\/\/www.mielcastiza.com\/wp-content\/uploads\/2024\/01\/Aceite-verde-y-amen-familia-corbel-picual-rdm.jpg","width":1365,"height":2048},{"@type":"BreadcrumbList","@id":"https:\/\/www.mielcastiza.com\/de\/producto\/gruenes-natives-olivenoel-extra-und-amen-picual\/#breadcrumb","itemListElement":[{"@type":"ListItem","position":1,"name":"Portada","item":"https:\/\/www.mielcastiza.com\/de\/"},{"@type":"ListItem","position":2,"name":"Tienda","item":"https:\/\/www.mielcastiza.com\/tienda\/"},{"@type":"ListItem","position":3,"name":"Gr\u00fcnes natives Oliven\u00f6l extra und Amen \u2013 Picual"}]},{"@type":"WebSite","@id":"https:\/\/www.mielcastiza.com\/de\/#website","url":"https:\/\/www.mielcastiza.com\/de\/","name":"Miel Castiza","description":"","publisher":{"@id":"https:\/\/www.mielcastiza.com\/de\/#organization"},"potentialAction":[{"@type":"SearchAction","target":{"@type":"EntryPoint","urlTemplate":"https:\/\/www.mielcastiza.com\/de\/?s={search_term_string}"},"query-input":{"@type":"PropertyValueSpecification","valueRequired":true,"valueName":"search_term_string"}}],"inLanguage":"de"},{"@type":"Organization","@id":"https:\/\/www.mielcastiza.com\/de\/#organization","name":"Miel Castiza","url":"https:\/\/www.mielcastiza.com\/de\/","logo":{"@type":"ImageObject","inLanguage":"de","@id":"https:\/\/www.mielcastiza.com\/de\/#\/schema\/logo\/image\/","url":"https:\/\/www.mielcastiza.com\/wp-content\/uploads\/2023\/12\/logo_beige.png","contentUrl":"https:\/\/www.mielcastiza.com\/wp-content\/uploads\/2023\/12\/logo_beige.png","width":252,"height":70,"caption":"Miel Castiza"},"image":{"@id":"https:\/\/www.mielcastiza.com\/de\/#\/schema\/logo\/image\/"}}]}},"jetpack_sharing_enabled":true,"_links":{"self":[{"href":"https:\/\/www.mielcastiza.com\/de\/wp-json\/wp\/v2\/product\/19518","targetHints":{"allow":["GET"]}}],"collection":[{"href":"https:\/\/www.mielcastiza.com\/de\/wp-json\/wp\/v2\/product"}],"about":[{"href":"https:\/\/www.mielcastiza.com\/de\/wp-json\/wp\/v2\/types\/product"}],"replies":[{"embeddable":true,"href":"https:\/\/www.mielcastiza.com\/de\/wp-json\/wp\/v2\/comments?post=19518"}],"wp:featuredmedia":[{"embeddable":true,"href":"https:\/\/www.mielcastiza.com\/de\/wp-json\/wp\/v2\/media\/18181"}],"wp:attachment":[{"href":"https:\/\/www.mielcastiza.com\/de\/wp-json\/wp\/v2\/media?parent=19518"}],"wp:term":[{"taxonomy":"product_brand","embeddable":true,"href":"https:\/\/www.mielcastiza.com\/de\/wp-json\/wp\/v2\/product_brand?post=19518"},{"taxonomy":"product_cat","embeddable":true,"href":"https:\/\/www.mielcastiza.com\/de\/wp-json\/wp\/v2\/product_cat?post=19518"},{"taxonomy":"product_tag","embeddable":true,"href":"https:\/\/www.mielcastiza.com\/de\/wp-json\/wp\/v2\/product_tag?post=19518"}],"curies":[{"name":"wp","href":"https:\/\/api.w.org\/{rel}","templated":true}]}}