{"id":19521,"date":"2023-08-04T10:22:18","date_gmt":"2023-08-04T10:22:18","guid":{"rendered":"https:\/\/mielcastiza.plesk.myfocus.es\/producto\/creme-aus-honig-kakao-haselnuessen-und-nativem-olivenoel-extra\/"},"modified":"2023-08-04T10:22:18","modified_gmt":"2023-08-04T10:22:18","slug":"creme-aus-honig-kakao-haselnuessen-und-nativem-olivenoel-extra","status":"publish","type":"product","link":"https:\/\/www.mielcastiza.com\/de\/producto\/creme-aus-honig-kakao-haselnuessen-und-nativem-olivenoel-extra\/","title":{"rendered":"Creme aus Honig, Kakao, Haseln\u00fcssen und nativem Oliven\u00f6l extra."},"content":{"rendered":"<p>Crema 100% natural con miel, cacao, avellanas y AOVE. Genie\u00dfen Sie einen spektakul\u00e4ren Geschmack mit hochwertigen Produkten f\u00fcr Feinschmecker, die authentische Produkte sch\u00e4tzen. Ohne Konservierungsstoffe, Zucker oder industrielle Zusatzstoffe. Perfekt als Geschenk f\u00fcr die Person, die Schokolade so sehr liebt, dass Sie wissen, dass sie Sie von diesem Tag an noch ein bisschen mehr lieben wird. \ud83d\ude09<\/p>\n<p>Flasche mit 250g netto.<\/p>\n<p>Wenn Sie eine Schachtel mit 10 St\u00fcck w\u00fcnschen, z\u00f6gern Sie nicht, uns zu schreiben und wir werden Ihnen einen Sonderpreis machen.<\/p>\n<p>&nbsp;<\/p>\n","protected":false},"excerpt":{"rendered":"<p>100% nat\u00fcrliche Creme mit Honig, Kakao, Haseln\u00fcssen und AOVE.<\/p>\n","protected":false},"featured_media":17813,"comment_status":"closed","ping_status":"closed","template":"","meta":[],"product_brand":[],"product_cat":[79],"product_tag":[],"class_list":{"0":"post-19521","1":"product","2":"type-product","3":"status-publish","4":"has-post-thumbnail","6":"product_cat-honig","8":"first","9":"outofstock","10":"taxable","11":"shipping-taxable","12":"purchasable","13":"product-type-simple"},"yoast_head":"<!-- This site is optimized with the Yoast SEO plugin v26.9 - https:\/\/yoast.com\/product\/yoast-seo-wordpress\/ -->\n<title>Creme aus Honig, Kakao, Haseln\u00fcssen und nativem Oliven\u00f6l extra. - Miel Castiza<\/title>\n<meta name=\"description\" content=\"100% nat\u00fcrliche Creme mit Honig, Kakao, Haseln\u00fcssen und EVOO. Perfekt als Geschenk f\u00fcr die Person, die Schokolade so sehr liebt, dass Sie wissen, dass sie Sie von diesem Tag an noch ein bisschen mehr lieben wird.\" \/>\n<meta name=\"robots\" content=\"index, follow, max-snippet:-1, max-image-preview:large, max-video-preview:-1\" \/>\n<link rel=\"canonical\" href=\"https:\/\/www.mielcastiza.com\/de\/producto\/creme-aus-honig-kakao-haselnuessen-und-nativem-olivenoel-extra\/\" \/>\n<meta property=\"og:locale\" content=\"de_DE\" \/>\n<meta property=\"og:type\" content=\"article\" \/>\n<meta property=\"og:title\" content=\"Creme aus Honig, Kakao, Haseln\u00fcssen und nativem Oliven\u00f6l extra. - Miel Castiza\" \/>\n<meta property=\"og:description\" content=\"100% nat\u00fcrliche Creme mit Honig, Kakao, Haseln\u00fcssen und EVOO. Perfekt als Geschenk f\u00fcr die Person, die Schokolade so sehr liebt, dass Sie wissen, dass sie Sie von diesem Tag an noch ein bisschen mehr lieben wird.\" \/>\n<meta property=\"og:url\" content=\"https:\/\/www.mielcastiza.com\/de\/producto\/creme-aus-honig-kakao-haselnuessen-und-nativem-olivenoel-extra\/\" \/>\n<meta property=\"og:site_name\" content=\"Miel Castiza\" \/>\n<meta property=\"og:image\" content=\"https:\/\/www.mielcastiza.com\/wp-content\/uploads\/2023\/12\/Crema-Miel-Cacao-Castiza-500g.jpg\" \/>\n\t<meta property=\"og:image:width\" content=\"1365\" \/>\n\t<meta property=\"og:image:height\" content=\"2048\" \/>\n\t<meta property=\"og:image:type\" content=\"image\/jpeg\" \/>\n<meta name=\"twitter:card\" content=\"summary_large_image\" \/>\n<script type=\"application\/ld+json\" class=\"yoast-schema-graph\">{\"@context\":\"https:\/\/schema.org\",\"@graph\":[{\"@type\":\"WebPage\",\"@id\":\"https:\/\/www.mielcastiza.com\/de\/producto\/creme-aus-honig-kakao-haselnuessen-und-nativem-olivenoel-extra\/\",\"url\":\"https:\/\/www.mielcastiza.com\/de\/producto\/creme-aus-honig-kakao-haselnuessen-und-nativem-olivenoel-extra\/\",\"name\":\"Creme aus Honig, Kakao, Haseln\u00fcssen und nativem Oliven\u00f6l extra. - Miel Castiza\",\"isPartOf\":{\"@id\":\"https:\/\/www.mielcastiza.com\/de\/#website\"},\"primaryImageOfPage\":{\"@id\":\"https:\/\/www.mielcastiza.com\/de\/producto\/creme-aus-honig-kakao-haselnuessen-und-nativem-olivenoel-extra\/#primaryimage\"},\"image\":{\"@id\":\"https:\/\/www.mielcastiza.com\/de\/producto\/creme-aus-honig-kakao-haselnuessen-und-nativem-olivenoel-extra\/#primaryimage\"},\"thumbnailUrl\":\"https:\/\/www.mielcastiza.com\/wp-content\/uploads\/2023\/12\/Crema-Miel-Cacao-Castiza-500g.jpg\",\"datePublished\":\"2023-08-04T10:22:18+00:00\",\"description\":\"100% nat\u00fcrliche Creme mit Honig, Kakao, Haseln\u00fcssen und EVOO. Perfekt als Geschenk f\u00fcr die Person, die Schokolade so sehr liebt, dass Sie wissen, dass sie Sie von diesem Tag an noch ein bisschen mehr lieben wird.\",\"breadcrumb\":{\"@id\":\"https:\/\/www.mielcastiza.com\/de\/producto\/creme-aus-honig-kakao-haselnuessen-und-nativem-olivenoel-extra\/#breadcrumb\"},\"inLanguage\":\"de\",\"potentialAction\":[{\"@type\":\"ReadAction\",\"target\":[\"https:\/\/www.mielcastiza.com\/de\/producto\/creme-aus-honig-kakao-haselnuessen-und-nativem-olivenoel-extra\/\"]}]},{\"@type\":\"ImageObject\",\"inLanguage\":\"de\",\"@id\":\"https:\/\/www.mielcastiza.com\/de\/producto\/creme-aus-honig-kakao-haselnuessen-und-nativem-olivenoel-extra\/#primaryimage\",\"url\":\"https:\/\/www.mielcastiza.com\/wp-content\/uploads\/2023\/12\/Crema-Miel-Cacao-Castiza-500g.jpg\",\"contentUrl\":\"https:\/\/www.mielcastiza.com\/wp-content\/uploads\/2023\/12\/Crema-Miel-Cacao-Castiza-500g.jpg\",\"width\":1365,\"height\":2048,\"caption\":\"crema de miel cacao avellanas y aove\"},{\"@type\":\"BreadcrumbList\",\"@id\":\"https:\/\/www.mielcastiza.com\/de\/producto\/creme-aus-honig-kakao-haselnuessen-und-nativem-olivenoel-extra\/#breadcrumb\",\"itemListElement\":[{\"@type\":\"ListItem\",\"position\":1,\"name\":\"Portada\",\"item\":\"https:\/\/www.mielcastiza.com\/de\/\"},{\"@type\":\"ListItem\",\"position\":2,\"name\":\"Tienda\",\"item\":\"https:\/\/www.mielcastiza.com\/tienda\/\"},{\"@type\":\"ListItem\",\"position\":3,\"name\":\"Creme aus Honig, Kakao, Haseln\u00fcssen und nativem Oliven\u00f6l extra.\"}]},{\"@type\":\"WebSite\",\"@id\":\"https:\/\/www.mielcastiza.com\/de\/#website\",\"url\":\"https:\/\/www.mielcastiza.com\/de\/\",\"name\":\"Miel Castiza\",\"description\":\"\",\"publisher\":{\"@id\":\"https:\/\/www.mielcastiza.com\/de\/#organization\"},\"potentialAction\":[{\"@type\":\"SearchAction\",\"target\":{\"@type\":\"EntryPoint\",\"urlTemplate\":\"https:\/\/www.mielcastiza.com\/de\/?s={search_term_string}\"},\"query-input\":{\"@type\":\"PropertyValueSpecification\",\"valueRequired\":true,\"valueName\":\"search_term_string\"}}],\"inLanguage\":\"de\"},{\"@type\":\"Organization\",\"@id\":\"https:\/\/www.mielcastiza.com\/de\/#organization\",\"name\":\"Miel Castiza\",\"url\":\"https:\/\/www.mielcastiza.com\/de\/\",\"logo\":{\"@type\":\"ImageObject\",\"inLanguage\":\"de\",\"@id\":\"https:\/\/www.mielcastiza.com\/de\/#\/schema\/logo\/image\/\",\"url\":\"https:\/\/www.mielcastiza.com\/wp-content\/uploads\/2023\/12\/logo_beige.png\",\"contentUrl\":\"https:\/\/www.mielcastiza.com\/wp-content\/uploads\/2023\/12\/logo_beige.png\",\"width\":252,\"height\":70,\"caption\":\"Miel Castiza\"},\"image\":{\"@id\":\"https:\/\/www.mielcastiza.com\/de\/#\/schema\/logo\/image\/\"}}]}<\/script>\n<!-- \/ Yoast SEO plugin. -->","yoast_head_json":{"title":"Creme aus Honig, Kakao, Haseln\u00fcssen und nativem Oliven\u00f6l extra. - Miel Castiza","description":"100% nat\u00fcrliche Creme mit Honig, Kakao, Haseln\u00fcssen und EVOO. Perfekt als Geschenk f\u00fcr die Person, die Schokolade so sehr liebt, dass Sie wissen, dass sie Sie von diesem Tag an noch ein bisschen mehr lieben wird.","robots":{"index":"index","follow":"follow","max-snippet":"max-snippet:-1","max-image-preview":"max-image-preview:large","max-video-preview":"max-video-preview:-1"},"canonical":"https:\/\/www.mielcastiza.com\/de\/producto\/creme-aus-honig-kakao-haselnuessen-und-nativem-olivenoel-extra\/","og_locale":"de_DE","og_type":"article","og_title":"Creme aus Honig, Kakao, Haseln\u00fcssen und nativem Oliven\u00f6l extra. - Miel Castiza","og_description":"100% nat\u00fcrliche Creme mit Honig, Kakao, Haseln\u00fcssen und EVOO. Perfekt als Geschenk f\u00fcr die Person, die Schokolade so sehr liebt, dass Sie wissen, dass sie Sie von diesem Tag an noch ein bisschen mehr lieben wird.","og_url":"https:\/\/www.mielcastiza.com\/de\/producto\/creme-aus-honig-kakao-haselnuessen-und-nativem-olivenoel-extra\/","og_site_name":"Miel Castiza","og_image":[{"width":1365,"height":2048,"url":"https:\/\/www.mielcastiza.com\/wp-content\/uploads\/2023\/12\/Crema-Miel-Cacao-Castiza-500g.jpg","type":"image\/jpeg"}],"twitter_card":"summary_large_image","schema":{"@context":"https:\/\/schema.org","@graph":[{"@type":"WebPage","@id":"https:\/\/www.mielcastiza.com\/de\/producto\/creme-aus-honig-kakao-haselnuessen-und-nativem-olivenoel-extra\/","url":"https:\/\/www.mielcastiza.com\/de\/producto\/creme-aus-honig-kakao-haselnuessen-und-nativem-olivenoel-extra\/","name":"Creme aus Honig, Kakao, Haseln\u00fcssen und nativem Oliven\u00f6l extra. - Miel Castiza","isPartOf":{"@id":"https:\/\/www.mielcastiza.com\/de\/#website"},"primaryImageOfPage":{"@id":"https:\/\/www.mielcastiza.com\/de\/producto\/creme-aus-honig-kakao-haselnuessen-und-nativem-olivenoel-extra\/#primaryimage"},"image":{"@id":"https:\/\/www.mielcastiza.com\/de\/producto\/creme-aus-honig-kakao-haselnuessen-und-nativem-olivenoel-extra\/#primaryimage"},"thumbnailUrl":"https:\/\/www.mielcastiza.com\/wp-content\/uploads\/2023\/12\/Crema-Miel-Cacao-Castiza-500g.jpg","datePublished":"2023-08-04T10:22:18+00:00","description":"100% nat\u00fcrliche Creme mit Honig, Kakao, Haseln\u00fcssen und EVOO. Perfekt als Geschenk f\u00fcr die Person, die Schokolade so sehr liebt, dass Sie wissen, dass sie Sie von diesem Tag an noch ein bisschen mehr lieben wird.","breadcrumb":{"@id":"https:\/\/www.mielcastiza.com\/de\/producto\/creme-aus-honig-kakao-haselnuessen-und-nativem-olivenoel-extra\/#breadcrumb"},"inLanguage":"de","potentialAction":[{"@type":"ReadAction","target":["https:\/\/www.mielcastiza.com\/de\/producto\/creme-aus-honig-kakao-haselnuessen-und-nativem-olivenoel-extra\/"]}]},{"@type":"ImageObject","inLanguage":"de","@id":"https:\/\/www.mielcastiza.com\/de\/producto\/creme-aus-honig-kakao-haselnuessen-und-nativem-olivenoel-extra\/#primaryimage","url":"https:\/\/www.mielcastiza.com\/wp-content\/uploads\/2023\/12\/Crema-Miel-Cacao-Castiza-500g.jpg","contentUrl":"https:\/\/www.mielcastiza.com\/wp-content\/uploads\/2023\/12\/Crema-Miel-Cacao-Castiza-500g.jpg","width":1365,"height":2048,"caption":"crema de miel cacao avellanas y aove"},{"@type":"BreadcrumbList","@id":"https:\/\/www.mielcastiza.com\/de\/producto\/creme-aus-honig-kakao-haselnuessen-und-nativem-olivenoel-extra\/#breadcrumb","itemListElement":[{"@type":"ListItem","position":1,"name":"Portada","item":"https:\/\/www.mielcastiza.com\/de\/"},{"@type":"ListItem","position":2,"name":"Tienda","item":"https:\/\/www.mielcastiza.com\/tienda\/"},{"@type":"ListItem","position":3,"name":"Creme aus Honig, Kakao, Haseln\u00fcssen und nativem Oliven\u00f6l extra."}]},{"@type":"WebSite","@id":"https:\/\/www.mielcastiza.com\/de\/#website","url":"https:\/\/www.mielcastiza.com\/de\/","name":"Miel Castiza","description":"","publisher":{"@id":"https:\/\/www.mielcastiza.com\/de\/#organization"},"potentialAction":[{"@type":"SearchAction","target":{"@type":"EntryPoint","urlTemplate":"https:\/\/www.mielcastiza.com\/de\/?s={search_term_string}"},"query-input":{"@type":"PropertyValueSpecification","valueRequired":true,"valueName":"search_term_string"}}],"inLanguage":"de"},{"@type":"Organization","@id":"https:\/\/www.mielcastiza.com\/de\/#organization","name":"Miel Castiza","url":"https:\/\/www.mielcastiza.com\/de\/","logo":{"@type":"ImageObject","inLanguage":"de","@id":"https:\/\/www.mielcastiza.com\/de\/#\/schema\/logo\/image\/","url":"https:\/\/www.mielcastiza.com\/wp-content\/uploads\/2023\/12\/logo_beige.png","contentUrl":"https:\/\/www.mielcastiza.com\/wp-content\/uploads\/2023\/12\/logo_beige.png","width":252,"height":70,"caption":"Miel Castiza"},"image":{"@id":"https:\/\/www.mielcastiza.com\/de\/#\/schema\/logo\/image\/"}}]}},"jetpack_sharing_enabled":true,"_links":{"self":[{"href":"https:\/\/www.mielcastiza.com\/de\/wp-json\/wp\/v2\/product\/19521","targetHints":{"allow":["GET"]}}],"collection":[{"href":"https:\/\/www.mielcastiza.com\/de\/wp-json\/wp\/v2\/product"}],"about":[{"href":"https:\/\/www.mielcastiza.com\/de\/wp-json\/wp\/v2\/types\/product"}],"replies":[{"embeddable":true,"href":"https:\/\/www.mielcastiza.com\/de\/wp-json\/wp\/v2\/comments?post=19521"}],"wp:featuredmedia":[{"embeddable":true,"href":"https:\/\/www.mielcastiza.com\/de\/wp-json\/wp\/v2\/media\/17813"}],"wp:attachment":[{"href":"https:\/\/www.mielcastiza.com\/de\/wp-json\/wp\/v2\/media?parent=19521"}],"wp:term":[{"taxonomy":"product_brand","embeddable":true,"href":"https:\/\/www.mielcastiza.com\/de\/wp-json\/wp\/v2\/product_brand?post=19521"},{"taxonomy":"product_cat","embeddable":true,"href":"https:\/\/www.mielcastiza.com\/de\/wp-json\/wp\/v2\/product_cat?post=19521"},{"taxonomy":"product_tag","embeddable":true,"href":"https:\/\/www.mielcastiza.com\/de\/wp-json\/wp\/v2\/product_tag?post=19521"}],"curies":[{"name":"wp","href":"https:\/\/api.w.org\/{rel}","templated":true}]}}