{"id":19524,"date":"2023-08-04T11:21:06","date_gmt":"2023-08-04T11:21:06","guid":{"rendered":"https:\/\/mielcastiza.plesk.myfocus.es\/producto\/honig-gourmet-mil-flores-selecta\/"},"modified":"2023-08-04T11:21:06","modified_gmt":"2023-08-04T11:21:06","slug":"honig-gourmet-mil-flores-selecta","status":"publish","type":"product","link":"https:\/\/www.mielcastiza.com\/de\/producto\/honig-gourmet-mil-flores-selecta\/","title":{"rendered":"Honig Gourmet Mil Flores Selecta"},"content":{"rendered":"<p>Unser Gourmet-Bl\u00fctenhonig wird mit goldenen Buchstaben geschrieben, weil wir ihn mit Liebe und Sorgfalt aus unseren besten Partien jeder Ernte aufgrund seiner einzigartigen und besonderen organoleptischen Eigenschaften ausw\u00e4hlen. In diesem Jahr hat es auch die Auszeichnung Great Taste 2022 erhalten!<\/p>\n<p>Je nach Saison sind verschiedene Sorten erh\u00e4ltlich.<\/p>\n<p>Im 300g-Gourmet-Glas, ideales Format f\u00fcr Feinkostl\u00e4den oder als besonderes Geschenk.<\/p>\n<p>Wenn Sie eine Schachtel mit 10 St\u00fcck kaufen m\u00f6chten oder ein Gesch\u00e4ft haben, z\u00f6gern Sie nicht, uns \u00fcber das Kontaktformular nach einem Preis zu fragen.<\/p>\n<p>Pd. Obwohl auf dem Foto &#8222;Chestnut&#8220; steht, w\u00e4hlen Sie, wenn Sie dieses Produkt hinzuf\u00fcgen, &#8222;Thousand Flowers&#8220;. Entschuldigung f\u00fcr den Fotofehler, wir sind dabei, ihn zu beheben.<\/p>\n","protected":false},"excerpt":{"rendered":"<p>Unser Gourmet-Bl\u00fctenhonig wird mit goldenen Buchstaben geschrieben, weil wir ihn mit Liebe und Sorgfalt aus unseren besten Partien jeder Ernte aufgrund seiner einzigartigen und besonderen organoleptischen Eigenschaften ausw\u00e4hlen. In diesem Jahr hat es auch die Auszeichnung Great Taste 2022 erhalten! Je nach Saison sind verschiedene Sorten erh\u00e4ltlich. Im 300g-Gourmet-Glas, ideales Format f\u00fcr Feinkostl\u00e4den oder als &#8230; <a title=\"Honig Gourmet Mil Flores Selecta\" class=\"read-more\" href=\"https:\/\/www.mielcastiza.com\/de\/producto\/honig-gourmet-mil-flores-selecta\/\" aria-label=\"Mehr Informationen \u00fcber Honig Gourmet Mil Flores Selecta\">Weiterlesen<\/a><\/p>\n","protected":false},"featured_media":17828,"comment_status":"closed","ping_status":"closed","template":"","meta":[],"product_brand":[],"product_cat":[79],"product_tag":[],"class_list":{"0":"post-19524","1":"product","2":"type-product","3":"status-publish","4":"has-post-thumbnail","6":"product_cat-honig","8":"first","9":"outofstock","10":"taxable","11":"shipping-taxable","12":"purchasable","13":"product-type-simple"},"yoast_head":"<!-- This site is optimized with the Yoast SEO plugin v26.9 - https:\/\/yoast.com\/product\/yoast-seo-wordpress\/ -->\n<title>Honig Gourmet Mil Flores Selecta - Miel Castiza<\/title>\n<meta name=\"description\" content=\"Unser Gourmet-Bl\u00fctenhonig wird mit goldenen Buchstaben geschrieben, weil wir ihn mit Liebe und Sorgfalt aus unseren besten Partien jeder Ernte aufgrund seiner einzigartigen und besonderen organoleptischen Eigenschaften ausw\u00e4hlen. Great Taste 2022 Auszeichnung f\u00fcr einen der besten Honige der Welt\" \/>\n<meta name=\"robots\" content=\"index, follow, max-snippet:-1, max-image-preview:large, max-video-preview:-1\" \/>\n<link rel=\"canonical\" href=\"https:\/\/www.mielcastiza.com\/de\/producto\/honig-gourmet-mil-flores-selecta\/\" \/>\n<meta property=\"og:locale\" content=\"de_DE\" \/>\n<meta property=\"og:type\" content=\"article\" \/>\n<meta property=\"og:title\" content=\"Honig Gourmet Mil Flores Selecta - Miel Castiza\" \/>\n<meta property=\"og:description\" content=\"Unser Gourmet-Bl\u00fctenhonig wird mit goldenen Buchstaben geschrieben, weil wir ihn mit Liebe und Sorgfalt aus unseren besten Partien jeder Ernte aufgrund seiner einzigartigen und besonderen organoleptischen Eigenschaften ausw\u00e4hlen. Great Taste 2022 Auszeichnung f\u00fcr einen der besten Honige der Welt\" \/>\n<meta property=\"og:url\" content=\"https:\/\/www.mielcastiza.com\/de\/producto\/honig-gourmet-mil-flores-selecta\/\" \/>\n<meta property=\"og:site_name\" content=\"Miel Castiza\" \/>\n<meta property=\"og:image\" content=\"https:\/\/www.mielcastiza.com\/wp-content\/uploads\/2023\/12\/Castiza-fondo-blanco-20234330.jpg\" \/>\n\t<meta property=\"og:image:width\" content=\"1365\" \/>\n\t<meta property=\"og:image:height\" content=\"2048\" \/>\n\t<meta property=\"og:image:type\" content=\"image\/jpeg\" \/>\n<meta name=\"twitter:card\" content=\"summary_large_image\" \/>\n<meta name=\"twitter:label1\" content=\"Gesch\u00e4tzte Lesezeit\" \/>\n\t<meta name=\"twitter:data1\" content=\"1\u00a0Minute\" \/>\n<script type=\"application\/ld+json\" class=\"yoast-schema-graph\">{\"@context\":\"https:\/\/schema.org\",\"@graph\":[{\"@type\":\"WebPage\",\"@id\":\"https:\/\/www.mielcastiza.com\/de\/producto\/honig-gourmet-mil-flores-selecta\/\",\"url\":\"https:\/\/www.mielcastiza.com\/de\/producto\/honig-gourmet-mil-flores-selecta\/\",\"name\":\"Honig Gourmet Mil Flores Selecta - Miel Castiza\",\"isPartOf\":{\"@id\":\"https:\/\/www.mielcastiza.com\/de\/#website\"},\"primaryImageOfPage\":{\"@id\":\"https:\/\/www.mielcastiza.com\/de\/producto\/honig-gourmet-mil-flores-selecta\/#primaryimage\"},\"image\":{\"@id\":\"https:\/\/www.mielcastiza.com\/de\/producto\/honig-gourmet-mil-flores-selecta\/#primaryimage\"},\"thumbnailUrl\":\"https:\/\/www.mielcastiza.com\/wp-content\/uploads\/2023\/12\/Castiza-fondo-blanco-20234330.jpg\",\"datePublished\":\"2023-08-04T11:21:06+00:00\",\"description\":\"Unser Gourmet-Bl\u00fctenhonig wird mit goldenen Buchstaben geschrieben, weil wir ihn mit Liebe und Sorgfalt aus unseren besten Partien jeder Ernte aufgrund seiner einzigartigen und besonderen organoleptischen Eigenschaften ausw\u00e4hlen. Great Taste 2022 Auszeichnung f\u00fcr einen der besten Honige der Welt\",\"breadcrumb\":{\"@id\":\"https:\/\/www.mielcastiza.com\/de\/producto\/honig-gourmet-mil-flores-selecta\/#breadcrumb\"},\"inLanguage\":\"de\",\"potentialAction\":[{\"@type\":\"ReadAction\",\"target\":[\"https:\/\/www.mielcastiza.com\/de\/producto\/honig-gourmet-mil-flores-selecta\/\"]}]},{\"@type\":\"ImageObject\",\"inLanguage\":\"de\",\"@id\":\"https:\/\/www.mielcastiza.com\/de\/producto\/honig-gourmet-mil-flores-selecta\/#primaryimage\",\"url\":\"https:\/\/www.mielcastiza.com\/wp-content\/uploads\/2023\/12\/Castiza-fondo-blanco-20234330.jpg\",\"contentUrl\":\"https:\/\/www.mielcastiza.com\/wp-content\/uploads\/2023\/12\/Castiza-fondo-blanco-20234330.jpg\",\"width\":1365,\"height\":2048,\"caption\":\"miel gourmet miel de flores great taste 2023\"},{\"@type\":\"BreadcrumbList\",\"@id\":\"https:\/\/www.mielcastiza.com\/de\/producto\/honig-gourmet-mil-flores-selecta\/#breadcrumb\",\"itemListElement\":[{\"@type\":\"ListItem\",\"position\":1,\"name\":\"Portada\",\"item\":\"https:\/\/www.mielcastiza.com\/de\/\"},{\"@type\":\"ListItem\",\"position\":2,\"name\":\"Tienda\",\"item\":\"https:\/\/www.mielcastiza.com\/tienda\/\"},{\"@type\":\"ListItem\",\"position\":3,\"name\":\"Honig Gourmet Mil Flores Selecta\"}]},{\"@type\":\"WebSite\",\"@id\":\"https:\/\/www.mielcastiza.com\/de\/#website\",\"url\":\"https:\/\/www.mielcastiza.com\/de\/\",\"name\":\"Miel Castiza\",\"description\":\"\",\"publisher\":{\"@id\":\"https:\/\/www.mielcastiza.com\/de\/#organization\"},\"potentialAction\":[{\"@type\":\"SearchAction\",\"target\":{\"@type\":\"EntryPoint\",\"urlTemplate\":\"https:\/\/www.mielcastiza.com\/de\/?s={search_term_string}\"},\"query-input\":{\"@type\":\"PropertyValueSpecification\",\"valueRequired\":true,\"valueName\":\"search_term_string\"}}],\"inLanguage\":\"de\"},{\"@type\":\"Organization\",\"@id\":\"https:\/\/www.mielcastiza.com\/de\/#organization\",\"name\":\"Miel Castiza\",\"url\":\"https:\/\/www.mielcastiza.com\/de\/\",\"logo\":{\"@type\":\"ImageObject\",\"inLanguage\":\"de\",\"@id\":\"https:\/\/www.mielcastiza.com\/de\/#\/schema\/logo\/image\/\",\"url\":\"https:\/\/www.mielcastiza.com\/wp-content\/uploads\/2023\/12\/logo_beige.png\",\"contentUrl\":\"https:\/\/www.mielcastiza.com\/wp-content\/uploads\/2023\/12\/logo_beige.png\",\"width\":252,\"height\":70,\"caption\":\"Miel Castiza\"},\"image\":{\"@id\":\"https:\/\/www.mielcastiza.com\/de\/#\/schema\/logo\/image\/\"}}]}<\/script>\n<!-- \/ Yoast SEO plugin. -->","yoast_head_json":{"title":"Honig Gourmet Mil Flores Selecta - Miel Castiza","description":"Unser Gourmet-Bl\u00fctenhonig wird mit goldenen Buchstaben geschrieben, weil wir ihn mit Liebe und Sorgfalt aus unseren besten Partien jeder Ernte aufgrund seiner einzigartigen und besonderen organoleptischen Eigenschaften ausw\u00e4hlen. Great Taste 2022 Auszeichnung f\u00fcr einen der besten Honige der Welt","robots":{"index":"index","follow":"follow","max-snippet":"max-snippet:-1","max-image-preview":"max-image-preview:large","max-video-preview":"max-video-preview:-1"},"canonical":"https:\/\/www.mielcastiza.com\/de\/producto\/honig-gourmet-mil-flores-selecta\/","og_locale":"de_DE","og_type":"article","og_title":"Honig Gourmet Mil Flores Selecta - Miel Castiza","og_description":"Unser Gourmet-Bl\u00fctenhonig wird mit goldenen Buchstaben geschrieben, weil wir ihn mit Liebe und Sorgfalt aus unseren besten Partien jeder Ernte aufgrund seiner einzigartigen und besonderen organoleptischen Eigenschaften ausw\u00e4hlen. Great Taste 2022 Auszeichnung f\u00fcr einen der besten Honige der Welt","og_url":"https:\/\/www.mielcastiza.com\/de\/producto\/honig-gourmet-mil-flores-selecta\/","og_site_name":"Miel Castiza","og_image":[{"width":1365,"height":2048,"url":"https:\/\/www.mielcastiza.com\/wp-content\/uploads\/2023\/12\/Castiza-fondo-blanco-20234330.jpg","type":"image\/jpeg"}],"twitter_card":"summary_large_image","twitter_misc":{"Gesch\u00e4tzte Lesezeit":"1\u00a0Minute"},"schema":{"@context":"https:\/\/schema.org","@graph":[{"@type":"WebPage","@id":"https:\/\/www.mielcastiza.com\/de\/producto\/honig-gourmet-mil-flores-selecta\/","url":"https:\/\/www.mielcastiza.com\/de\/producto\/honig-gourmet-mil-flores-selecta\/","name":"Honig Gourmet Mil Flores Selecta - Miel Castiza","isPartOf":{"@id":"https:\/\/www.mielcastiza.com\/de\/#website"},"primaryImageOfPage":{"@id":"https:\/\/www.mielcastiza.com\/de\/producto\/honig-gourmet-mil-flores-selecta\/#primaryimage"},"image":{"@id":"https:\/\/www.mielcastiza.com\/de\/producto\/honig-gourmet-mil-flores-selecta\/#primaryimage"},"thumbnailUrl":"https:\/\/www.mielcastiza.com\/wp-content\/uploads\/2023\/12\/Castiza-fondo-blanco-20234330.jpg","datePublished":"2023-08-04T11:21:06+00:00","description":"Unser Gourmet-Bl\u00fctenhonig wird mit goldenen Buchstaben geschrieben, weil wir ihn mit Liebe und Sorgfalt aus unseren besten Partien jeder Ernte aufgrund seiner einzigartigen und besonderen organoleptischen Eigenschaften ausw\u00e4hlen. Great Taste 2022 Auszeichnung f\u00fcr einen der besten Honige der Welt","breadcrumb":{"@id":"https:\/\/www.mielcastiza.com\/de\/producto\/honig-gourmet-mil-flores-selecta\/#breadcrumb"},"inLanguage":"de","potentialAction":[{"@type":"ReadAction","target":["https:\/\/www.mielcastiza.com\/de\/producto\/honig-gourmet-mil-flores-selecta\/"]}]},{"@type":"ImageObject","inLanguage":"de","@id":"https:\/\/www.mielcastiza.com\/de\/producto\/honig-gourmet-mil-flores-selecta\/#primaryimage","url":"https:\/\/www.mielcastiza.com\/wp-content\/uploads\/2023\/12\/Castiza-fondo-blanco-20234330.jpg","contentUrl":"https:\/\/www.mielcastiza.com\/wp-content\/uploads\/2023\/12\/Castiza-fondo-blanco-20234330.jpg","width":1365,"height":2048,"caption":"miel gourmet miel de flores great taste 2023"},{"@type":"BreadcrumbList","@id":"https:\/\/www.mielcastiza.com\/de\/producto\/honig-gourmet-mil-flores-selecta\/#breadcrumb","itemListElement":[{"@type":"ListItem","position":1,"name":"Portada","item":"https:\/\/www.mielcastiza.com\/de\/"},{"@type":"ListItem","position":2,"name":"Tienda","item":"https:\/\/www.mielcastiza.com\/tienda\/"},{"@type":"ListItem","position":3,"name":"Honig Gourmet Mil Flores Selecta"}]},{"@type":"WebSite","@id":"https:\/\/www.mielcastiza.com\/de\/#website","url":"https:\/\/www.mielcastiza.com\/de\/","name":"Miel Castiza","description":"","publisher":{"@id":"https:\/\/www.mielcastiza.com\/de\/#organization"},"potentialAction":[{"@type":"SearchAction","target":{"@type":"EntryPoint","urlTemplate":"https:\/\/www.mielcastiza.com\/de\/?s={search_term_string}"},"query-input":{"@type":"PropertyValueSpecification","valueRequired":true,"valueName":"search_term_string"}}],"inLanguage":"de"},{"@type":"Organization","@id":"https:\/\/www.mielcastiza.com\/de\/#organization","name":"Miel Castiza","url":"https:\/\/www.mielcastiza.com\/de\/","logo":{"@type":"ImageObject","inLanguage":"de","@id":"https:\/\/www.mielcastiza.com\/de\/#\/schema\/logo\/image\/","url":"https:\/\/www.mielcastiza.com\/wp-content\/uploads\/2023\/12\/logo_beige.png","contentUrl":"https:\/\/www.mielcastiza.com\/wp-content\/uploads\/2023\/12\/logo_beige.png","width":252,"height":70,"caption":"Miel Castiza"},"image":{"@id":"https:\/\/www.mielcastiza.com\/de\/#\/schema\/logo\/image\/"}}]}},"jetpack_sharing_enabled":true,"_links":{"self":[{"href":"https:\/\/www.mielcastiza.com\/de\/wp-json\/wp\/v2\/product\/19524","targetHints":{"allow":["GET"]}}],"collection":[{"href":"https:\/\/www.mielcastiza.com\/de\/wp-json\/wp\/v2\/product"}],"about":[{"href":"https:\/\/www.mielcastiza.com\/de\/wp-json\/wp\/v2\/types\/product"}],"replies":[{"embeddable":true,"href":"https:\/\/www.mielcastiza.com\/de\/wp-json\/wp\/v2\/comments?post=19524"}],"wp:featuredmedia":[{"embeddable":true,"href":"https:\/\/www.mielcastiza.com\/de\/wp-json\/wp\/v2\/media\/17828"}],"wp:attachment":[{"href":"https:\/\/www.mielcastiza.com\/de\/wp-json\/wp\/v2\/media?parent=19524"}],"wp:term":[{"taxonomy":"product_brand","embeddable":true,"href":"https:\/\/www.mielcastiza.com\/de\/wp-json\/wp\/v2\/product_brand?post=19524"},{"taxonomy":"product_cat","embeddable":true,"href":"https:\/\/www.mielcastiza.com\/de\/wp-json\/wp\/v2\/product_cat?post=19524"},{"taxonomy":"product_tag","embeddable":true,"href":"https:\/\/www.mielcastiza.com\/de\/wp-json\/wp\/v2\/product_tag?post=19524"}],"curies":[{"name":"wp","href":"https:\/\/api.w.org\/{rel}","templated":true}]}}