{"id":19527,"date":"2023-08-04T11:44:32","date_gmt":"2023-08-04T11:44:32","guid":{"rendered":"https:\/\/mielcastiza.plesk.myfocus.es\/producto\/fruehstuecks-probierpaket\/"},"modified":"2023-08-04T11:44:32","modified_gmt":"2023-08-04T11:44:32","slug":"fruehstuecks-probierpaket","status":"publish","type":"product","link":"https:\/\/www.mielcastiza.com\/de\/producto\/fruehstuecks-probierpaket\/","title":{"rendered":"Fr\u00fchst\u00fccks-Probierpaket"},"content":{"rendered":"<p>Probierpaket mit Honig zum Fr\u00fchst\u00fcck, als Snack oder was immer Sie wollen! Enth\u00e4lt 3 x 35g Einzeldosen von Blumen-, Lavendel- und Thymianhonig, so dass Sie verschiedene Geschmacksrichtungen ausprobieren k\u00f6nnen, wenn Sie Ihren Favoriten noch nicht entdeckt haben oder von erstaunlich zu spektakul\u00e4r wechseln m\u00f6chten.<\/p>\n<p>Es wird in dieser tollen kleinen Schachtel geliefert, die man verschenken oder an seine Lieben schicken kann, denn man steht vor einem der Sch\u00e4tze, die die Natur uns bietet, und man muss sie mit seinen Lieben teilen oder heimlich essen und mit geschlossenen Augen und dem L\u00e4cheln von Ohr zu Ohr genie\u00dfen, das diese Art von Wundern in einem hervorrufen. Sie haben die Wahl.<\/p>\n<p>&nbsp;<\/p>\n<p>&nbsp;<\/p>\n","protected":false},"excerpt":{"rendered":"<p>Probierpaket mit Honig zum Fr\u00fchst\u00fcck, als Snack oder was immer Sie wollen! Enth\u00e4lt 3 x 35g Einzeldosen von Blumen-, Lavendel- und Thymianhonig, so dass Sie verschiedene Geschmacksrichtungen ausprobieren k\u00f6nnen, wenn Sie Ihren Favoriten noch nicht entdeckt haben oder von erstaunlich zu spektakul\u00e4r wechseln m\u00f6chten. Es wird in dieser tollen kleinen Schachtel geliefert, die man verschenken &#8230; <a title=\"Fr\u00fchst\u00fccks-Probierpaket\" class=\"read-more\" href=\"https:\/\/www.mielcastiza.com\/de\/producto\/fruehstuecks-probierpaket\/\" aria-label=\"Mehr Informationen \u00fcber Fr\u00fchst\u00fccks-Probierpaket\">Weiterlesen<\/a><\/p>\n","protected":false},"featured_media":17834,"comment_status":"closed","ping_status":"closed","template":"","meta":[],"product_brand":[],"product_cat":[79],"product_tag":[],"class_list":{"0":"post-19527","1":"product","2":"type-product","3":"status-publish","4":"has-post-thumbnail","6":"product_cat-honig","8":"first","9":"outofstock","10":"taxable","11":"shipping-taxable","12":"purchasable","13":"product-type-simple"},"yoast_head":"<!-- This site is optimized with the Yoast SEO plugin v26.9 - https:\/\/yoast.com\/product\/yoast-seo-wordpress\/ -->\n<title>Fr\u00fchst\u00fccks-Probierpaket - Miel Castiza<\/title>\n<meta name=\"description\" content=\"Probierpaket mit Honig zum Fr\u00fchst\u00fcck, als Snack oder was immer Sie wollen! Enth\u00e4lt 3 Einzeldosen zu je 35 g Bl\u00fctenhonig, Lavendel und Thymian. Kasten mit Informationen \u00fcber Honig.\" \/>\n<meta name=\"robots\" content=\"index, follow, max-snippet:-1, max-image-preview:large, max-video-preview:-1\" \/>\n<link rel=\"canonical\" href=\"https:\/\/www.mielcastiza.com\/de\/producto\/fruehstuecks-probierpaket\/\" \/>\n<meta property=\"og:locale\" content=\"de_DE\" \/>\n<meta property=\"og:type\" content=\"article\" \/>\n<meta property=\"og:title\" content=\"Fr\u00fchst\u00fccks-Probierpaket - Miel Castiza\" \/>\n<meta property=\"og:description\" content=\"Probierpaket mit Honig zum Fr\u00fchst\u00fcck, als Snack oder was immer Sie wollen! Enth\u00e4lt 3 Einzeldosen zu je 35 g Bl\u00fctenhonig, Lavendel und Thymian. Kasten mit Informationen \u00fcber Honig.\" \/>\n<meta property=\"og:url\" content=\"https:\/\/www.mielcastiza.com\/de\/producto\/fruehstuecks-probierpaket\/\" \/>\n<meta property=\"og:site_name\" content=\"Miel Castiza\" \/>\n<meta property=\"og:image\" content=\"https:\/\/www.mielcastiza.com\/wp-content\/uploads\/2023\/12\/Pack-monodosis-miel-Castiza-3x35g.jpg\" \/>\n\t<meta property=\"og:image:width\" content=\"1365\" \/>\n\t<meta property=\"og:image:height\" content=\"2048\" \/>\n\t<meta property=\"og:image:type\" content=\"image\/jpeg\" \/>\n<meta name=\"twitter:card\" content=\"summary_large_image\" \/>\n<meta name=\"twitter:label1\" content=\"Gesch\u00e4tzte Lesezeit\" \/>\n\t<meta name=\"twitter:data1\" content=\"1\u00a0Minute\" \/>\n<script type=\"application\/ld+json\" class=\"yoast-schema-graph\">{\"@context\":\"https:\/\/schema.org\",\"@graph\":[{\"@type\":\"WebPage\",\"@id\":\"https:\/\/www.mielcastiza.com\/de\/producto\/fruehstuecks-probierpaket\/\",\"url\":\"https:\/\/www.mielcastiza.com\/de\/producto\/fruehstuecks-probierpaket\/\",\"name\":\"Fr\u00fchst\u00fccks-Probierpaket - Miel Castiza\",\"isPartOf\":{\"@id\":\"https:\/\/www.mielcastiza.com\/de\/#website\"},\"primaryImageOfPage\":{\"@id\":\"https:\/\/www.mielcastiza.com\/de\/producto\/fruehstuecks-probierpaket\/#primaryimage\"},\"image\":{\"@id\":\"https:\/\/www.mielcastiza.com\/de\/producto\/fruehstuecks-probierpaket\/#primaryimage\"},\"thumbnailUrl\":\"https:\/\/www.mielcastiza.com\/wp-content\/uploads\/2023\/12\/Pack-monodosis-miel-Castiza-3x35g.jpg\",\"datePublished\":\"2023-08-04T11:44:32+00:00\",\"description\":\"Probierpaket mit Honig zum Fr\u00fchst\u00fcck, als Snack oder was immer Sie wollen! Enth\u00e4lt 3 Einzeldosen zu je 35 g Bl\u00fctenhonig, Lavendel und Thymian. Kasten mit Informationen \u00fcber Honig.\",\"breadcrumb\":{\"@id\":\"https:\/\/www.mielcastiza.com\/de\/producto\/fruehstuecks-probierpaket\/#breadcrumb\"},\"inLanguage\":\"de\",\"potentialAction\":[{\"@type\":\"ReadAction\",\"target\":[\"https:\/\/www.mielcastiza.com\/de\/producto\/fruehstuecks-probierpaket\/\"]}]},{\"@type\":\"ImageObject\",\"inLanguage\":\"de\",\"@id\":\"https:\/\/www.mielcastiza.com\/de\/producto\/fruehstuecks-probierpaket\/#primaryimage\",\"url\":\"https:\/\/www.mielcastiza.com\/wp-content\/uploads\/2023\/12\/Pack-monodosis-miel-Castiza-3x35g.jpg\",\"contentUrl\":\"https:\/\/www.mielcastiza.com\/wp-content\/uploads\/2023\/12\/Pack-monodosis-miel-Castiza-3x35g.jpg\",\"width\":1365,\"height\":2048,\"caption\":\"pack monodosis Miel Castiza degustaci\u00f3n\"},{\"@type\":\"BreadcrumbList\",\"@id\":\"https:\/\/www.mielcastiza.com\/de\/producto\/fruehstuecks-probierpaket\/#breadcrumb\",\"itemListElement\":[{\"@type\":\"ListItem\",\"position\":1,\"name\":\"Portada\",\"item\":\"https:\/\/www.mielcastiza.com\/de\/\"},{\"@type\":\"ListItem\",\"position\":2,\"name\":\"Tienda\",\"item\":\"https:\/\/www.mielcastiza.com\/tienda\/\"},{\"@type\":\"ListItem\",\"position\":3,\"name\":\"Fr\u00fchst\u00fccks-Probierpaket\"}]},{\"@type\":\"WebSite\",\"@id\":\"https:\/\/www.mielcastiza.com\/de\/#website\",\"url\":\"https:\/\/www.mielcastiza.com\/de\/\",\"name\":\"Miel Castiza\",\"description\":\"\",\"publisher\":{\"@id\":\"https:\/\/www.mielcastiza.com\/de\/#organization\"},\"potentialAction\":[{\"@type\":\"SearchAction\",\"target\":{\"@type\":\"EntryPoint\",\"urlTemplate\":\"https:\/\/www.mielcastiza.com\/de\/?s={search_term_string}\"},\"query-input\":{\"@type\":\"PropertyValueSpecification\",\"valueRequired\":true,\"valueName\":\"search_term_string\"}}],\"inLanguage\":\"de\"},{\"@type\":\"Organization\",\"@id\":\"https:\/\/www.mielcastiza.com\/de\/#organization\",\"name\":\"Miel Castiza\",\"url\":\"https:\/\/www.mielcastiza.com\/de\/\",\"logo\":{\"@type\":\"ImageObject\",\"inLanguage\":\"de\",\"@id\":\"https:\/\/www.mielcastiza.com\/de\/#\/schema\/logo\/image\/\",\"url\":\"https:\/\/www.mielcastiza.com\/wp-content\/uploads\/2023\/12\/logo_beige.png\",\"contentUrl\":\"https:\/\/www.mielcastiza.com\/wp-content\/uploads\/2023\/12\/logo_beige.png\",\"width\":252,\"height\":70,\"caption\":\"Miel Castiza\"},\"image\":{\"@id\":\"https:\/\/www.mielcastiza.com\/de\/#\/schema\/logo\/image\/\"}}]}<\/script>\n<!-- \/ Yoast SEO plugin. -->","yoast_head_json":{"title":"Fr\u00fchst\u00fccks-Probierpaket - Miel Castiza","description":"Probierpaket mit Honig zum Fr\u00fchst\u00fcck, als Snack oder was immer Sie wollen! Enth\u00e4lt 3 Einzeldosen zu je 35 g Bl\u00fctenhonig, Lavendel und Thymian. Kasten mit Informationen \u00fcber Honig.","robots":{"index":"index","follow":"follow","max-snippet":"max-snippet:-1","max-image-preview":"max-image-preview:large","max-video-preview":"max-video-preview:-1"},"canonical":"https:\/\/www.mielcastiza.com\/de\/producto\/fruehstuecks-probierpaket\/","og_locale":"de_DE","og_type":"article","og_title":"Fr\u00fchst\u00fccks-Probierpaket - Miel Castiza","og_description":"Probierpaket mit Honig zum Fr\u00fchst\u00fcck, als Snack oder was immer Sie wollen! Enth\u00e4lt 3 Einzeldosen zu je 35 g Bl\u00fctenhonig, Lavendel und Thymian. Kasten mit Informationen \u00fcber Honig.","og_url":"https:\/\/www.mielcastiza.com\/de\/producto\/fruehstuecks-probierpaket\/","og_site_name":"Miel Castiza","og_image":[{"width":1365,"height":2048,"url":"https:\/\/www.mielcastiza.com\/wp-content\/uploads\/2023\/12\/Pack-monodosis-miel-Castiza-3x35g.jpg","type":"image\/jpeg"}],"twitter_card":"summary_large_image","twitter_misc":{"Gesch\u00e4tzte Lesezeit":"1\u00a0Minute"},"schema":{"@context":"https:\/\/schema.org","@graph":[{"@type":"WebPage","@id":"https:\/\/www.mielcastiza.com\/de\/producto\/fruehstuecks-probierpaket\/","url":"https:\/\/www.mielcastiza.com\/de\/producto\/fruehstuecks-probierpaket\/","name":"Fr\u00fchst\u00fccks-Probierpaket - Miel Castiza","isPartOf":{"@id":"https:\/\/www.mielcastiza.com\/de\/#website"},"primaryImageOfPage":{"@id":"https:\/\/www.mielcastiza.com\/de\/producto\/fruehstuecks-probierpaket\/#primaryimage"},"image":{"@id":"https:\/\/www.mielcastiza.com\/de\/producto\/fruehstuecks-probierpaket\/#primaryimage"},"thumbnailUrl":"https:\/\/www.mielcastiza.com\/wp-content\/uploads\/2023\/12\/Pack-monodosis-miel-Castiza-3x35g.jpg","datePublished":"2023-08-04T11:44:32+00:00","description":"Probierpaket mit Honig zum Fr\u00fchst\u00fcck, als Snack oder was immer Sie wollen! Enth\u00e4lt 3 Einzeldosen zu je 35 g Bl\u00fctenhonig, Lavendel und Thymian. Kasten mit Informationen \u00fcber Honig.","breadcrumb":{"@id":"https:\/\/www.mielcastiza.com\/de\/producto\/fruehstuecks-probierpaket\/#breadcrumb"},"inLanguage":"de","potentialAction":[{"@type":"ReadAction","target":["https:\/\/www.mielcastiza.com\/de\/producto\/fruehstuecks-probierpaket\/"]}]},{"@type":"ImageObject","inLanguage":"de","@id":"https:\/\/www.mielcastiza.com\/de\/producto\/fruehstuecks-probierpaket\/#primaryimage","url":"https:\/\/www.mielcastiza.com\/wp-content\/uploads\/2023\/12\/Pack-monodosis-miel-Castiza-3x35g.jpg","contentUrl":"https:\/\/www.mielcastiza.com\/wp-content\/uploads\/2023\/12\/Pack-monodosis-miel-Castiza-3x35g.jpg","width":1365,"height":2048,"caption":"pack monodosis Miel Castiza degustaci\u00f3n"},{"@type":"BreadcrumbList","@id":"https:\/\/www.mielcastiza.com\/de\/producto\/fruehstuecks-probierpaket\/#breadcrumb","itemListElement":[{"@type":"ListItem","position":1,"name":"Portada","item":"https:\/\/www.mielcastiza.com\/de\/"},{"@type":"ListItem","position":2,"name":"Tienda","item":"https:\/\/www.mielcastiza.com\/tienda\/"},{"@type":"ListItem","position":3,"name":"Fr\u00fchst\u00fccks-Probierpaket"}]},{"@type":"WebSite","@id":"https:\/\/www.mielcastiza.com\/de\/#website","url":"https:\/\/www.mielcastiza.com\/de\/","name":"Miel Castiza","description":"","publisher":{"@id":"https:\/\/www.mielcastiza.com\/de\/#organization"},"potentialAction":[{"@type":"SearchAction","target":{"@type":"EntryPoint","urlTemplate":"https:\/\/www.mielcastiza.com\/de\/?s={search_term_string}"},"query-input":{"@type":"PropertyValueSpecification","valueRequired":true,"valueName":"search_term_string"}}],"inLanguage":"de"},{"@type":"Organization","@id":"https:\/\/www.mielcastiza.com\/de\/#organization","name":"Miel Castiza","url":"https:\/\/www.mielcastiza.com\/de\/","logo":{"@type":"ImageObject","inLanguage":"de","@id":"https:\/\/www.mielcastiza.com\/de\/#\/schema\/logo\/image\/","url":"https:\/\/www.mielcastiza.com\/wp-content\/uploads\/2023\/12\/logo_beige.png","contentUrl":"https:\/\/www.mielcastiza.com\/wp-content\/uploads\/2023\/12\/logo_beige.png","width":252,"height":70,"caption":"Miel Castiza"},"image":{"@id":"https:\/\/www.mielcastiza.com\/de\/#\/schema\/logo\/image\/"}}]}},"jetpack_sharing_enabled":true,"_links":{"self":[{"href":"https:\/\/www.mielcastiza.com\/de\/wp-json\/wp\/v2\/product\/19527","targetHints":{"allow":["GET"]}}],"collection":[{"href":"https:\/\/www.mielcastiza.com\/de\/wp-json\/wp\/v2\/product"}],"about":[{"href":"https:\/\/www.mielcastiza.com\/de\/wp-json\/wp\/v2\/types\/product"}],"replies":[{"embeddable":true,"href":"https:\/\/www.mielcastiza.com\/de\/wp-json\/wp\/v2\/comments?post=19527"}],"wp:featuredmedia":[{"embeddable":true,"href":"https:\/\/www.mielcastiza.com\/de\/wp-json\/wp\/v2\/media\/17834"}],"wp:attachment":[{"href":"https:\/\/www.mielcastiza.com\/de\/wp-json\/wp\/v2\/media?parent=19527"}],"wp:term":[{"taxonomy":"product_brand","embeddable":true,"href":"https:\/\/www.mielcastiza.com\/de\/wp-json\/wp\/v2\/product_brand?post=19527"},{"taxonomy":"product_cat","embeddable":true,"href":"https:\/\/www.mielcastiza.com\/de\/wp-json\/wp\/v2\/product_cat?post=19527"},{"taxonomy":"product_tag","embeddable":true,"href":"https:\/\/www.mielcastiza.com\/de\/wp-json\/wp\/v2\/product_tag?post=19527"}],"curies":[{"name":"wp","href":"https:\/\/api.w.org\/{rel}","templated":true}]}}