{"id":18003,"date":"2024-01-08T13:09:31","date_gmt":"2024-01-08T13:09:31","guid":{"rendered":"https:\/\/mielcastiza.plesk.myfocus.es\/mentions-legales\/"},"modified":"2024-02-13T16:19:33","modified_gmt":"2024-02-13T16:19:33","slug":"mentions-legales","status":"publish","type":"page","link":"https:\/\/www.mielcastiza.com\/fr\/mentions-legales\/","title":{"rendered":"Mentions l\u00e9gales"},"content":{"rendered":"\t\t<div data-elementor-type=\"wp-page\" data-elementor-id=\"18003\" class=\"elementor elementor-18003 elementor-17287\">\n\t\t\t\t<div class=\"elementor-element elementor-element-7f2fefc e-con-full e-flex e-con e-parent\" data-id=\"7f2fefc\" data-element_type=\"container\" data-e-type=\"container\" data-settings=\"{&quot;background_background&quot;:&quot;classic&quot;}\">\n\t\t\t\t<div class=\"elementor-element elementor-element-4be146a elementor-widget__width-initial elementor-widget elementor-widget-heading\" data-id=\"4be146a\" data-element_type=\"widget\" data-e-type=\"widget\" data-widget_type=\"heading.default\">\n\t\t\t\t<div class=\"elementor-widget-container\">\n\t\t\t\t\t<h1 class=\"elementor-heading-title elementor-size-xxl\">Mentions l\u00e9gales<\/h1>\t\t\t\t<\/div>\n\t\t\t\t<\/div>\n\t\t\t\t<div class=\"elementor-element elementor-element-9187a34 elementor-widget__width-initial elementor-widget elementor-widget-html\" data-id=\"9187a34\" data-element_type=\"widget\" data-e-type=\"widget\" data-widget_type=\"html.default\">\n\t\t\t\t<div class=\"elementor-widget-container\">\n\t\t\t\t\t<div class=\"texto-legal\">\n    <p>\n Le fait d\u2019acc\u00e9der \u00e0 ce site implique la connaissance et l\u2019acceptation des termes et conditions d\u2019utilisation suivants. L\u2019Utilisateur s\u2019engage \u00e0 utiliser le site conform\u00e9ment \u00e0 la loi et aux pr\u00e9sentes Mentions L\u00e9gales, ainsi qu\u2019aux bonnes m\u0153urs et \u00e0 l\u2019ordre public g\u00e9n\u00e9ralement accept\u00e9s. Lisez attentivement les sections qui apparaissent ci-dessous car, ce sont toutes les informations juridiques n\u00e9cessaires que vous devez conna\u00eetre pour naviguer en toute s\u00e9curit\u00e9:\n    <\/p>\n    <ol>\n        <li><strong>Informations g\u00e9n\u00e9rales du propri\u00e9taire du site Web.<\/strong><\/li>\n        <p>\n Aux fins de l\u2019article 10 de la loi 34\/2002, du 11 juillet, de la loi sur les services de la soci\u00e9t\u00e9 de l\u2019information et du commerce \u00e9lectronique, l\u2019utilisateur est inform\u00e9 que le propri\u00e9taire du site Web est Apicola Ugena S.L. avec CIF B45921590 et adresse \u00e0 C \/ Mozart, 11 de Ugena (TOLEDO).\n        <\/p>\n        <p>\n La soci\u00e9t\u00e9 est inscrite au Registre du Commerce de Tol\u00e8de, le 11 f\u00e9vrier 2020, dans le Volume 1699 G\u00e9n\u00e9ral, folio 200, Feuille n\u00ba TO-42476, 1\u00e8re inscription.\n        <\/p>\n        <p>\n L\u2019activit\u00e9 de la soci\u00e9t\u00e9 est soumise au d\u00e9cret royal 1332\/2006, du 21 novembre, sur le registre g\u00e9n\u00e9ral des entreprises alimentaires et alimentaires.\n        <\/p>\n        <p>\n Vous pouvez nous contacter via l\u2019adresse e-mail suivante: <a href=\"mailto:info@mielcastiza.com\">info@mielcastiza.com<\/a> et via nos r\u00e9seaux sociaux Facebook ou Instagram.\n        <\/p>\n        <li><strong>Propri\u00e9t\u00e9 intellectuelle et industrielle.<\/strong><\/li>\n        <ol>\n            <li><strong>Contenu.<\/strong><\/li>\n            <p>\n Tous les \u00e9l\u00e9ments qui composent la conception graphique de ce site Web, les menus, les boutons de navigation, le code source, les textes, les images, les photographies, les textures, les graphiques, les animations, les vid\u00e9os et tout autre contenu sont la propri\u00e9t\u00e9 de Apicola Ugena S.L.\n            <\/p>\n            <p>\n De m\u00eame, Apicola Ugena S.L. est \u00e9galement propri\u00e9taire des marques, signes distinctifs, noms de domaine et noms commerciaux (\u00e0 l\u2019exception de ceux correspondant aux sponsors, sponsors, annonceurs, etc.), qui apparaissent sur ce site.\n            <\/p>\n            <p>\n Ainsi, tous les droits de reproduction totale ou partielle, de modification, d\u2019adaptation, de communication publique, de traitement informatique, de distribution, de transformation, de cession, de vente, de location, de pr\u00eat et \/ ou de tout autre droit de propri\u00e9t\u00e9 intellectuelle ou industrielle pouvant correspondre \u00e0 Apicola Ugena S.L. sur le contenu du site Web sont r\u00e9serv\u00e9s. Tout exercice des droits ci-dessus sera soumis \u00e0 l\u2019autorisation \u00e9crite pr\u00e9alable du propri\u00e9taire de ceux-ci.\n            <\/p>\n            <p>\n Apicola Ugena S.L. s\u2019engage \u00e0 corriger, d\u00e8s qu\u2019elle en a connaissance, toute erreur formelle ou num\u00e9rique qui pourrait \u00eatre trouv\u00e9e dans le contenu des diff\u00e9rentes sections du web.\n            <\/p>\n            <p>\n L\u2019acc\u00e8s \u00e0 ce site Web n\u2019implique en aucun cas l\u2019acquisition par les utilisateurs d\u2019un droit de propri\u00e9t\u00e9 sur les contenus qu\u2019il contient, de sorte qu\u2019ils ne peuvent \u00eatre utilis\u00e9s \u00e0 aucune fin. L\u2019utilisation inappropri\u00e9e de ces contenus par l\u2019utilisateur le rendra seul responsable envers Apicola Ugena S.L. et envers des tiers, pour les dommages caus\u00e9s ainsi que pour les violations l\u00e9gales qui peuvent survenir.\n            <\/p>\n            <li><strong>Liens.<\/strong><\/li>\n            <p>\n Apicola Ugena S.L. vous informe que la pr\u00e9sence de liens vers des pages Web g\u00e9r\u00e9es par des tiers sur ce site Web est purement informative et ne constitue en aucun cas une invitation \u00e0 contracter des produits ou des services offerts sur le site Web de destination. L\u2019acc\u00e8s par l\u2019utilisateur se fera sous sa seule responsabilit\u00e9 et dans les conditions d\u2019utilisation qui le r\u00e9gissent.\n            <\/p>\n            <p>\n Dans le cas o\u00f9 Apicola Ugena S.L. a une connaissance effective que les informations ou l\u2019activit\u00e9 auxquelles elle se r\u00e9f\u00e8re \u00e0 partir de ces liens est illicite, constitue un crime ou peut porter atteinte \u00e0 la propri\u00e9t\u00e9 ou aux droits d\u2019un tiers susceptible d\u2019indemnisation, elle agira avec la diligence n\u00e9cessaire pour supprimer ou d\u00e9sactiver le lien correspondant d\u00e8s que possible.\n            <\/p>\n        <\/ol>\n        <li><strong>Politique de confidentialit\u00e9.<\/strong><\/li>\n        <ol>\n            <li><strong>Fichiers LOPD.<\/strong><\/li>\n            <p>\n Conform\u00e9ment \u00e0 la loi organique 15\/1999, du 13 d\u00e9cembre, Protection des donn\u00e9es personnelles, nous vous informons que les donn\u00e9es personnelles que vous nous fournissez via ce site Web seront g\u00e9r\u00e9es et trait\u00e9es de mani\u00e8re confidentielle et feront partie d\u2019un fichier d\u00fbment enregistr\u00e9 aupr\u00e8s de l\u2019Agence espagnole de protection des donn\u00e9es appartenant \u00e0 Apicola Ugena S.L., afin de r\u00e9pondre \u00e0 la demande re\u00e7ue, g\u00e9rer la r\u00e9servation effectu\u00e9e et \/ ou formaliser la sous-traitance de nos services.\n            <\/p>\n            <p>\n Nous vous informons \u00e9galement que vous pouvez vous opposer \u00e0 tout moment au traitement de vos donn\u00e9es personnelles en exer\u00e7ant vos droits d\u2019acc\u00e8s, de rectification, d\u2019annulation et d\u2019opposition en envoyant un e-mail \u00e0 info@mielcastiza.com accompagn\u00e9 d\u2019une photocopie de votre pi\u00e8ce d\u2019identit\u00e9.\n            <\/p>\n            <p>\n Apicola Ugena S.L. garantit le secret et la confidentialit\u00e9 de vos donn\u00e9es personnelles, en respectant toutes les obligations \u00e0 cet \u00e9gard et en adoptant les mesures de s\u00e9curit\u00e9 impos\u00e9es par la l\u00e9gislation en vigueur.\n            <\/p>\n            <p>\n En tant qu\u2019utilisateur de ce site Web, vous garantissez que les donn\u00e9es que vous fournissez sont v\u00e9ridiques, exactes et compl\u00e8tes. Les donn\u00e9es de l\u2019utilisateur ou du client seront annul\u00e9es, supprim\u00e9es ou bloqu\u00e9es lorsqu\u2019elles sont inexactes, incompl\u00e8tes ou ne sont plus n\u00e9cessaires ou pertinentes pour leur finalit\u00e9 conform\u00e9ment \u00e0 la l\u00e9gislation en vigueur.\n            <\/p>\n            <li><strong>Communications commerciales par voie \u00e9lectronique.<\/strong><\/li>\n            <p>\n En nous laissant vos coordonn\u00e9es, vous donnez votre consentement pour recevoir des informations sur d\u2019autres services offerts par Apicola Ugena S.L.. L\u2019envoi de telles communications commerciales sur des activit\u00e9s, des services, des offres, des promotions sp\u00e9ciales, etc. peut \u00eatre effectu\u00e9 par tout moyen, y compris par courrier \u00e9lectronique.\n            <\/p>\n            <p>\n Apicola Ugena S.L. s\u2019engage \u00e0 ne pas envoyer de communications commerciales par voie \u00e9lectronique sans les identifier comme telles conform\u00e9ment aux dispositions de la loi 34\/2002 sur les services de la soci\u00e9t\u00e9 de l\u2019information et le commerce \u00e9lectronique.\n            <\/p>\n            <p>\n Vous pouvez vous opposer au traitement de vos donn\u00e9es \u00e0 des fins promotionnelles en envoyant un e-mail \u00e0 l\u2019adresse info@mieldemelque.com votre consentement \u00e9tant r\u00e9voqu\u00e9 \u00e0 tout moment avec la simple notification de votre volont\u00e9 \u00e0 Apicola Ugena S.L..\n            <\/p>\n            <p>\n Toutes les informations envoy\u00e9es aux clients d\u2019Apicola Ugena S.L. ne seront pas consid\u00e9r\u00e9es comme une communication commerciale, \u00e0 condition que leur but soit le maintien de la relation contractuelle existante entre le client et Apicola Ugena S.L. ainsi que l\u2019ex\u00e9cution de t\u00e2ches d\u2019information et d\u2019autres activit\u00e9s du service que le client pourrait contracter avec la soci\u00e9t\u00e9.\n            <\/p>\n            <p>\n Nous vous informons \u00e9galement que Apicola Ugena S.L. a un profil sur les r\u00e9seaux sociaux, elle est donc responsable du traitement des donn\u00e9es de ses abonn\u00e9s, amis ou fans. Le traitement qui sera effectu\u00e9 avec ces donn\u00e9es sera celui que le r\u00e9seau social permet au profil de l\u2019entreprise. Ainsi, Apicola Ugena S.L. peut publier des informations g\u00e9n\u00e9rales pour ses abonn\u00e9s, amis ou fans sur le r\u00e9seau social sur ses produits ou services, ainsi que fournir un service client personnalis\u00e9.\n            <\/p>\n            <li><strong>Politique de cookies.<\/strong><\/li>\n            <p>\n Ce site utilise des cookies. Un cookie est un fichier qui est t\u00e9l\u00e9charg\u00e9 sur votre ordinateur lorsque vous acc\u00e9dez \u00e0 certaines pages Web. Les cookies permettent \u00e0 un site Web, entre autres, de stocker et de r\u00e9cup\u00e9rer des informations sur les habitudes de navigation d\u2019un utilisateur ou de son \u00e9quipement et, en fonction des informations qu\u2019ils contiennent et de la fa\u00e7on dont ils utilisent leur \u00e9quipement, ils peuvent \u00eatre utilis\u00e9s pour reconna\u00eetre l\u2019utilisateur.\n            <\/p>\n            <p>\n Sur ce site Web, nous utilisons les cookies suivants:\n            <\/p>\n            <\/ol><\/ol><ul>\n                <li>Cookies d\u2019analyse. Ce sont ceux qui sont bien trait\u00e9s par nous ou par des tiers, nous permettent de quantifier le nombre d\u2019utilisateurs de mani\u00e8re anonyme et ainsi effectuer la mesure et l\u2019analyse statistique de l\u2019utilisation faite par les utilisateurs du service offert. Pour ce faire, votre navigation sur notre site Web est analys\u00e9e afin d\u2019am\u00e9liorer l\u2019offre de produits ou de services que nous offrons. Ces cookies sont install\u00e9s par Google Analytics (plus d\u2019informations ici) : __utma, __utmb, __utmc, __utmz.<\/li>\n                <li>Cookies de session. Ce cookie est utilis\u00e9 par le langage de cryptage PHP pour permettre l\u2019enregistrement des variables SESSION sur le serveur Web. Ce cookie est indispensable au fonctionnement du web : PHPSESSID.<\/li>\n            <\/ul>\n            <p>\n Vous pouvez autoriser, bloquer ou supprimer les cookies install\u00e9s sur votre ordinateur en configurant les options du navigateur install\u00e9 sur votre ordinateur.\n            <\/p>\n            <ul>\n \t            <li>Pour plus d\u2019informations sur Internet Explorer, cliquez <a href=\"http:\/\/windows.microsoft.com\/es-es\/internet-explorer\/delete-manage-cookies#ie=ie-11\">aqu\u00ed<\/a>.<\/li>\n \t            <li>Pour plus d\u2019informations sur Mozilla Firefox, cliquez <a href=\"https:\/\/support.mozilla.org\/es\/kb\/cookies-informacion-que-los-sitios-web-guardan-en-\">aqu\u00ed<\/a>.<\/li>\n \t            <li>Pour plus d\u2019informations sur Google Chrome, cliquez <a href=\"https:\/\/support.google.com\/chrome\/answer\/95647?hl=es\">aqu\u00ed<\/a>.<\/li>\n \t            <li>Pour plus d\u2019informations sur Safari, cliquez <a href=\"http:\/\/support.apple.com\/kb\/ph5042\">aqu\u00ed<\/a>.<\/li>\n            <\/ul>\n        \n        <li><strong>Limitations ou exclusions de responsabilit\u00e9.<\/strong><\/li>\n        <ol>\n            <li><strong>D\u00e9faillances techniques.<\/strong><\/li>\n            <p>\n Apicola Ugena S.L. ne peut garantir la disponibilit\u00e9 et la continuit\u00e9 du fonctionnement du Web et qu\u2019elle ne sera en aucun cas responsable des dommages pouvant r\u00e9sulter de ce manque d\u2019accessibilit\u00e9 au site Web, des pannes informatiques, des pannes t\u00e9l\u00e9phoniques, des d\u00e9connexions, des retards ou des blocages caus\u00e9s par des d\u00e9ficiences ou des surcharges dans les lignes t\u00e9l\u00e9phoniques, dans le syst\u00e8me Internet ou dans d\u2019autres syst\u00e8mes \u00e9lectroniques produits au cours de l\u2019exploitation, et d\u2019autres dommages qui peuvent \u00eatre caus\u00e9s par des tiers par des interf\u00e9rences non autoris\u00e9es ind\u00e9pendantes de la volont\u00e9 du propri\u00e9taire du Web.\n            <\/p>\n            <p>\n Apicola Ugena S.L. utilise des programmes de d\u00e9tection de virus pour contr\u00f4ler tous les contenus introduits sur le site Web. Toutefois, l\u2019absence de virus ou d\u2019autres \u00e9l\u00e9ments introduits par des tiers susceptibles d\u2019entra\u00eener des alt\u00e9rations dans les syst\u00e8mes physiques ou logiques des utilisateurs ou dans les documents et fichiers \u00e9lectroniques stock\u00e9s dans leurs syst\u00e8mes ne peut \u00eatre garantie. Dans tous les cas, Apicola Ugena S.L. est exon\u00e9r\u00e9e de tout dommage en d\u00e9coulant.\n            <\/p>\n            <li><strong>Responsabilit\u00e9 du contenu.<\/strong><\/li>\n            <p>\n Apicola Ugena S.L. se r\u00e9serve le droit d\u2019interrompre l\u2019acc\u00e8s \u00e0 sa page ou \u00e0 l\u2019un de ses contenus \u00e0 tout moment et sans pr\u00e9avis, et n\u2019est pas responsable des dommages que l\u2019utilisateur peut subir en raison d\u2019erreurs ou d\u2019omissions que le contenu du Web peut subir, bien qu\u2019il s\u2019engage \u00e0 v\u00e9rifier et \u00e0 surveiller p\u00e9riodiquement le contenu et les informations de celui-ci.\n            <\/p>\n            <p>\n Apicola Ugena S.L. garantit que tous les contenus et services propos\u00e9s sur ce site Web respectent le principe de dignit\u00e9 de la personne, le principe de non-discrimination fond\u00e9e sur la race, le sexe, la religion, l\u2019opinion, la nationalit\u00e9, le handicap ou toute autre circonstance personnelle et sociale, ainsi que le principe de protection de la jeunesse et de l\u2019enfance.\n            <\/p>\n            <p>\n Apicola Ugena S.L. ne sera pas responsable des autres contenus h\u00e9berg\u00e9s par des tiers sur son site Web lorsqu\u2019il n\u2019y a aucune connaissance effective que ces informations stock\u00e9es sont illicites ou qu\u2019elles endommagent la propri\u00e9t\u00e9 ou les droits d\u2019un tiers susceptibles d\u2019indemnisation, ou si vous avez une telle connaissance, que vous agissez avec diligence pour supprimer les contenus susmentionn\u00e9s ou rendre l\u2019acc\u00e8s \u00e0 ceux-ci impossible.\n            <\/p>\n        <\/ol>\n    \n    <p>\n Le pr\u00e9sent avis juridique a \u00e9t\u00e9 r\u00e9vis\u00e9 pour la derni\u00e8re fois le 10 juin 2020. \n    <\/p>\n<\/div>\t\t\t\t<\/div>\n\t\t\t\t<\/div>\n\t\t\t\t<\/div>\n\t\t\t\t<\/div>\n\t\t","protected":false},"excerpt":{"rendered":"<p>Mentions l\u00e9gales Le fait d\u2019acc\u00e9der \u00e0 ce site implique la connaissance et l\u2019acceptation des termes et conditions d\u2019utilisation suivants. L\u2019Utilisateur s\u2019engage \u00e0 utiliser le site conform\u00e9ment \u00e0 la loi et aux pr\u00e9sentes Mentions L\u00e9gales, ainsi qu\u2019aux bonnes m\u0153urs et \u00e0 l\u2019ordre public g\u00e9n\u00e9ralement accept\u00e9s. Lisez attentivement les sections qui apparaissent ci-dessous car, ce sont toutes &#8230; <a title=\"Mentions l\u00e9gales\" class=\"read-more\" href=\"https:\/\/www.mielcastiza.com\/fr\/mentions-legales\/\" aria-label=\"En savoir plus sur Mentions l\u00e9gales\">Lire la suite<\/a><\/p>\n","protected":false},"author":1,"featured_media":0,"parent":0,"menu_order":0,"comment_status":"closed","ping_status":"closed","template":"elementor_header_footer","meta":{"footnotes":""},"class_list":["post-18003","page","type-page","status-publish"],"yoast_head":"<!-- This site is optimized with the Yoast SEO plugin v26.9 - https:\/\/yoast.com\/product\/yoast-seo-wordpress\/ -->\n<title>Mentions l\u00e9gales - Miel Castiza<\/title>\n<meta name=\"robots\" content=\"index, follow, max-snippet:-1, max-image-preview:large, max-video-preview:-1\" \/>\n<link rel=\"canonical\" href=\"https:\/\/www.mielcastiza.com\/fr\/mentions-legales\/\" \/>\n<meta property=\"og:locale\" content=\"fr_FR\" \/>\n<meta property=\"og:type\" content=\"article\" \/>\n<meta property=\"og:title\" content=\"Mentions l\u00e9gales - Miel Castiza\" \/>\n<meta property=\"og:description\" content=\"Mentions l\u00e9gales Le fait d\u2019acc\u00e9der \u00e0 ce site implique la connaissance et l\u2019acceptation des termes et conditions d\u2019utilisation suivants. L\u2019Utilisateur s\u2019engage \u00e0 utiliser le site conform\u00e9ment \u00e0 la loi et aux pr\u00e9sentes Mentions L\u00e9gales, ainsi qu\u2019aux bonnes m\u0153urs et \u00e0 l\u2019ordre public g\u00e9n\u00e9ralement accept\u00e9s. Lisez attentivement les sections qui apparaissent ci-dessous car, ce sont toutes ... Lire la suite\" \/>\n<meta property=\"og:url\" content=\"https:\/\/www.mielcastiza.com\/fr\/mentions-legales\/\" \/>\n<meta property=\"og:site_name\" content=\"Miel Castiza\" \/>\n<meta property=\"article:modified_time\" content=\"2024-02-13T16:19:33+00:00\" \/>\n<meta name=\"twitter:card\" content=\"summary_large_image\" \/>\n<meta name=\"twitter:label1\" content=\"Dur\u00e9e de lecture estim\u00e9e\" \/>\n\t<meta name=\"twitter:data1\" content=\"10 minutes\" \/>\n<script type=\"application\/ld+json\" class=\"yoast-schema-graph\">{\"@context\":\"https:\/\/schema.org\",\"@graph\":[{\"@type\":\"WebPage\",\"@id\":\"https:\/\/www.mielcastiza.com\/fr\/mentions-legales\/\",\"url\":\"https:\/\/www.mielcastiza.com\/fr\/mentions-legales\/\",\"name\":\"Mentions l\u00e9gales - Miel Castiza\",\"isPartOf\":{\"@id\":\"https:\/\/www.mielcastiza.com\/fr\/#website\"},\"datePublished\":\"2024-01-08T13:09:31+00:00\",\"dateModified\":\"2024-02-13T16:19:33+00:00\",\"breadcrumb\":{\"@id\":\"https:\/\/www.mielcastiza.com\/fr\/mentions-legales\/#breadcrumb\"},\"inLanguage\":\"fr-FR\",\"potentialAction\":[{\"@type\":\"ReadAction\",\"target\":[\"https:\/\/www.mielcastiza.com\/fr\/mentions-legales\/\"]}]},{\"@type\":\"BreadcrumbList\",\"@id\":\"https:\/\/www.mielcastiza.com\/fr\/mentions-legales\/#breadcrumb\",\"itemListElement\":[{\"@type\":\"ListItem\",\"position\":1,\"name\":\"Portada\",\"item\":\"https:\/\/www.mielcastiza.com\/fr\/\"},{\"@type\":\"ListItem\",\"position\":2,\"name\":\"Mentions l\u00e9gales\"}]},{\"@type\":\"WebSite\",\"@id\":\"https:\/\/www.mielcastiza.com\/fr\/#website\",\"url\":\"https:\/\/www.mielcastiza.com\/fr\/\",\"name\":\"Miel Castiza\",\"description\":\"\",\"publisher\":{\"@id\":\"https:\/\/www.mielcastiza.com\/fr\/#organization\"},\"potentialAction\":[{\"@type\":\"SearchAction\",\"target\":{\"@type\":\"EntryPoint\",\"urlTemplate\":\"https:\/\/www.mielcastiza.com\/fr\/?s={search_term_string}\"},\"query-input\":{\"@type\":\"PropertyValueSpecification\",\"valueRequired\":true,\"valueName\":\"search_term_string\"}}],\"inLanguage\":\"fr-FR\"},{\"@type\":\"Organization\",\"@id\":\"https:\/\/www.mielcastiza.com\/fr\/#organization\",\"name\":\"Miel Castiza\",\"url\":\"https:\/\/www.mielcastiza.com\/fr\/\",\"logo\":{\"@type\":\"ImageObject\",\"inLanguage\":\"fr-FR\",\"@id\":\"https:\/\/www.mielcastiza.com\/fr\/#\/schema\/logo\/image\/\",\"url\":\"https:\/\/www.mielcastiza.com\/wp-content\/uploads\/2023\/12\/logo_beige.png\",\"contentUrl\":\"https:\/\/www.mielcastiza.com\/wp-content\/uploads\/2023\/12\/logo_beige.png\",\"width\":252,\"height\":70,\"caption\":\"Miel Castiza\"},\"image\":{\"@id\":\"https:\/\/www.mielcastiza.com\/fr\/#\/schema\/logo\/image\/\"}}]}<\/script>\n<!-- \/ Yoast SEO plugin. -->","yoast_head_json":{"title":"Mentions l\u00e9gales - Miel Castiza","robots":{"index":"index","follow":"follow","max-snippet":"max-snippet:-1","max-image-preview":"max-image-preview:large","max-video-preview":"max-video-preview:-1"},"canonical":"https:\/\/www.mielcastiza.com\/fr\/mentions-legales\/","og_locale":"fr_FR","og_type":"article","og_title":"Mentions l\u00e9gales - Miel Castiza","og_description":"Mentions l\u00e9gales Le fait d\u2019acc\u00e9der \u00e0 ce site implique la connaissance et l\u2019acceptation des termes et conditions d\u2019utilisation suivants. L\u2019Utilisateur s\u2019engage \u00e0 utiliser le site conform\u00e9ment \u00e0 la loi et aux pr\u00e9sentes Mentions L\u00e9gales, ainsi qu\u2019aux bonnes m\u0153urs et \u00e0 l\u2019ordre public g\u00e9n\u00e9ralement accept\u00e9s. Lisez attentivement les sections qui apparaissent ci-dessous car, ce sont toutes ... Lire la suite","og_url":"https:\/\/www.mielcastiza.com\/fr\/mentions-legales\/","og_site_name":"Miel Castiza","article_modified_time":"2024-02-13T16:19:33+00:00","twitter_card":"summary_large_image","twitter_misc":{"Dur\u00e9e de lecture estim\u00e9e":"10 minutes"},"schema":{"@context":"https:\/\/schema.org","@graph":[{"@type":"WebPage","@id":"https:\/\/www.mielcastiza.com\/fr\/mentions-legales\/","url":"https:\/\/www.mielcastiza.com\/fr\/mentions-legales\/","name":"Mentions l\u00e9gales - Miel Castiza","isPartOf":{"@id":"https:\/\/www.mielcastiza.com\/fr\/#website"},"datePublished":"2024-01-08T13:09:31+00:00","dateModified":"2024-02-13T16:19:33+00:00","breadcrumb":{"@id":"https:\/\/www.mielcastiza.com\/fr\/mentions-legales\/#breadcrumb"},"inLanguage":"fr-FR","potentialAction":[{"@type":"ReadAction","target":["https:\/\/www.mielcastiza.com\/fr\/mentions-legales\/"]}]},{"@type":"BreadcrumbList","@id":"https:\/\/www.mielcastiza.com\/fr\/mentions-legales\/#breadcrumb","itemListElement":[{"@type":"ListItem","position":1,"name":"Portada","item":"https:\/\/www.mielcastiza.com\/fr\/"},{"@type":"ListItem","position":2,"name":"Mentions l\u00e9gales"}]},{"@type":"WebSite","@id":"https:\/\/www.mielcastiza.com\/fr\/#website","url":"https:\/\/www.mielcastiza.com\/fr\/","name":"Miel Castiza","description":"","publisher":{"@id":"https:\/\/www.mielcastiza.com\/fr\/#organization"},"potentialAction":[{"@type":"SearchAction","target":{"@type":"EntryPoint","urlTemplate":"https:\/\/www.mielcastiza.com\/fr\/?s={search_term_string}"},"query-input":{"@type":"PropertyValueSpecification","valueRequired":true,"valueName":"search_term_string"}}],"inLanguage":"fr-FR"},{"@type":"Organization","@id":"https:\/\/www.mielcastiza.com\/fr\/#organization","name":"Miel Castiza","url":"https:\/\/www.mielcastiza.com\/fr\/","logo":{"@type":"ImageObject","inLanguage":"fr-FR","@id":"https:\/\/www.mielcastiza.com\/fr\/#\/schema\/logo\/image\/","url":"https:\/\/www.mielcastiza.com\/wp-content\/uploads\/2023\/12\/logo_beige.png","contentUrl":"https:\/\/www.mielcastiza.com\/wp-content\/uploads\/2023\/12\/logo_beige.png","width":252,"height":70,"caption":"Miel Castiza"},"image":{"@id":"https:\/\/www.mielcastiza.com\/fr\/#\/schema\/logo\/image\/"}}]}},"jetpack_sharing_enabled":true,"_links":{"self":[{"href":"https:\/\/www.mielcastiza.com\/fr\/wp-json\/wp\/v2\/pages\/18003","targetHints":{"allow":["GET"]}}],"collection":[{"href":"https:\/\/www.mielcastiza.com\/fr\/wp-json\/wp\/v2\/pages"}],"about":[{"href":"https:\/\/www.mielcastiza.com\/fr\/wp-json\/wp\/v2\/types\/page"}],"author":[{"embeddable":true,"href":"https:\/\/www.mielcastiza.com\/fr\/wp-json\/wp\/v2\/users\/1"}],"replies":[{"embeddable":true,"href":"https:\/\/www.mielcastiza.com\/fr\/wp-json\/wp\/v2\/comments?post=18003"}],"version-history":[{"count":4,"href":"https:\/\/www.mielcastiza.com\/fr\/wp-json\/wp\/v2\/pages\/18003\/revisions"}],"predecessor-version":[{"id":19229,"href":"https:\/\/www.mielcastiza.com\/fr\/wp-json\/wp\/v2\/pages\/18003\/revisions\/19229"}],"wp:attachment":[{"href":"https:\/\/www.mielcastiza.com\/fr\/wp-json\/wp\/v2\/media?parent=18003"}],"curies":[{"name":"wp","href":"https:\/\/api.w.org\/{rel}","templated":true}]}}