{"id":18219,"date":"2020-04-10T16:47:19","date_gmt":"2020-04-10T16:47:19","guid":{"rendered":"https:\/\/mielcastiza.plesk.myfocus.es\/producto\/mille-fleurs-miel-500-g\/"},"modified":"2024-01-18T11:46:54","modified_gmt":"2024-01-18T11:46:54","slug":"mille-fleurs-miel-500-g","status":"publish","type":"product","link":"https:\/\/www.mielcastiza.com\/fr\/producto\/mille-fleurs-miel-500-g\/","title":{"rendered":"Mille Fleurs Miel 500 g"},"content":{"rendered":"<p>Notre miel des <strong>mille fleurs<\/strong> provient des ruchers que nous avons dans les parcs naturels des Montes de Toledo et pendant l\u2019\u00e9t\u00e9 \u00e0 S\u00e9govie \u00e0 c\u00f4t\u00e9 du parc naturel Hoces del Durat\u00f3n, o\u00f9 les plantes telles que comme le romarin, le thym, l\u2019\u00e9glantier, la bruy\u00e8re, le ch\u00eane vert pr\u00e9dominent. , la lavande\u2026, et dont la r\u00e9colte a lieu au printemps.<\/p>\n<p>De nombreuses zones n\u2019ont pas de v\u00e9g\u00e9tation dominante, ou la plante qui domine n\u2019est pas utilis\u00e9e par les abeilles (comme les pins) et celles-ci sont distribu\u00e9es par d\u2019autres plantes non dominantes. Lorsque le couvert v\u00e9g\u00e9tal dont profitent les abeilles est compos\u00e9 d\u2019une grande vari\u00e9t\u00e9 de plantes, dont certaines ont plus de pr\u00e9sence que d\u2019autres, mais sans une nette majorit\u00e9 d\u2019aucun, le miel qui y est collect\u00e9 est appel\u00e9 \u201cmultifloral\u201d ou \u201cmille fleurs\u201d.<\/p>\n<p><strong> <\/strong><\/p>\n<p><strong>APPARIEMENT:<\/strong><\/p>\n<p>Ce type de miel est le plus largement utilis\u00e9 pour tout, c\u2019est le plus commun sur le march\u00e9, et c\u2019est celui qui ajoute g\u00e9n\u00e9ralement un go\u00fbt sucr\u00e9 \u00e0 tous types de pr\u00e9parations : boissons chaudes ou froides (infusions, boissons gazeuses, jus\u2026 cet \u00e9t\u00e9, ayez toujours dans le r\u00e9frig\u00e9rateur le jus de citron classique avec de l\u2019eau et du miel pour se rafra\u00eechir), des petits d\u00e9jeuners et des collations, des glaces, des produits laitiers, du poisson, du blanc viandes, desserts (fruits au miel. orange, fraises, pomme, banane, ananas\u2026)<\/p>\n<p>&nbsp;<\/p>\n<p><strong>PROPRI\u00c9T\u00c9S:<\/strong><\/p>\n<p>\u00c9nergique et d\u00e9pourvu de graisse, le miel de fleur est un substitut parfait au sucre raffin\u00e9, ainsi qu\u2019un compl\u00e9ment id\u00e9al pour les athl\u00e8tes et les personnes ayant un d\u00e9ficit nutritionnel.<\/p>\n<p>Dans sa composition, nous reconnaissons les acides organiques, les enzymes et divers min\u00e9raux.<\/p>\n<p><strong>ORGANOLEPTIQUES:<\/strong><\/p>\n<ul>\n<li><strong>Couleur<\/strong>: ambre clair et surface extraordinairement brillante.<\/li>\n<li><strong>Ar\u00f4me<\/strong>: Tr\u00e8s floral, intense et persistant.<\/li>\n<li><strong>Go\u00fbt<\/strong>: doux, avec des notes aromatiques claires en bouche.<\/li>\n<li><strong>Toucher<\/strong>: cristallisation rapide dans un cristal de taille moyenne \u00e0 fine.<\/li>\n<\/ul>\n","protected":false},"excerpt":{"rendered":"<p>Notre miel des mille fleurs provient des ruchers que nous avons dans les parcs naturels des Montes de Toledo et pendant l\u2019\u00e9t\u00e9 \u00e0 S\u00e9govie \u00e0 c\u00f4t\u00e9 du parc naturel Hoces del Durat\u00f3n, o\u00f9 les plantes telles que comme le romarin, le thym, l\u2019\u00e9glantier, la bruy\u00e8re, le ch\u00eane vert pr\u00e9dominent. , la lavande\u2026, et dont la &#8230; <a title=\"Mille Fleurs Miel 500 g\" class=\"read-more\" href=\"https:\/\/www.mielcastiza.com\/fr\/producto\/mille-fleurs-miel-500-g\/\" aria-label=\"En savoir plus sur Mille Fleurs Miel 500 g\">Lire la suite<\/a><\/p>\n","protected":false},"featured_media":17755,"comment_status":"open","ping_status":"closed","template":"","meta":[],"product_brand":[],"product_cat":[78],"product_tag":[],"class_list":{"0":"post-18219","1":"product","2":"type-product","3":"status-publish","4":"has-post-thumbnail","6":"product_cat-miel-fr","8":"first","9":"outofstock","10":"sale","11":"purchasable","12":"product-type-simple"},"yoast_head":"<!-- This site is optimized with the Yoast SEO plugin v26.9 - https:\/\/yoast.com\/product\/yoast-seo-wordpress\/ -->\n<title>Mille Fleurs Miel 500 g - Miel Castiza<\/title>\n<meta name=\"description\" content=\"Notre miel de fleurs, best-seller et prim\u00e9, est r\u00e9colt\u00e9 principalement au printemps. Couleur ambre fonc\u00e9, ar\u00f4me floral intense et go\u00fbt sucr\u00e9. Un spectacle pour les sens.\" \/>\n<meta name=\"robots\" content=\"index, follow, max-snippet:-1, max-image-preview:large, max-video-preview:-1\" \/>\n<link rel=\"canonical\" href=\"https:\/\/www.mielcastiza.com\/fr\/producto\/mille-fleurs-miel-500-g\/\" \/>\n<meta property=\"og:locale\" content=\"fr_FR\" \/>\n<meta property=\"og:type\" content=\"article\" \/>\n<meta property=\"og:title\" content=\"Mille Fleurs Miel 500 g - Miel Castiza\" \/>\n<meta property=\"og:description\" content=\"Notre miel de fleurs, best-seller et prim\u00e9, est r\u00e9colt\u00e9 principalement au printemps. Couleur ambre fonc\u00e9, ar\u00f4me floral intense et go\u00fbt sucr\u00e9. Un spectacle pour les sens.\" \/>\n<meta property=\"og:url\" content=\"https:\/\/www.mielcastiza.com\/fr\/producto\/mille-fleurs-miel-500-g\/\" \/>\n<meta property=\"og:site_name\" content=\"Miel Castiza\" \/>\n<meta property=\"article:modified_time\" content=\"2024-01-18T11:46:54+00:00\" \/>\n<meta property=\"og:image\" content=\"https:\/\/www.mielcastiza.com\/wp-content\/uploads\/2023\/12\/Miel-Mil-Flores-Castiza-500g-1.jpg\" \/>\n\t<meta property=\"og:image:width\" content=\"1365\" \/>\n\t<meta property=\"og:image:height\" content=\"2048\" \/>\n\t<meta property=\"og:image:type\" content=\"image\/jpeg\" \/>\n<meta name=\"twitter:card\" content=\"summary_large_image\" \/>\n<meta name=\"twitter:label1\" content=\"Dur\u00e9e de lecture estim\u00e9e\" \/>\n\t<meta name=\"twitter:data1\" content=\"2 minutes\" \/>\n<script type=\"application\/ld+json\" class=\"yoast-schema-graph\">{\"@context\":\"https:\/\/schema.org\",\"@graph\":[{\"@type\":\"WebPage\",\"@id\":\"https:\/\/www.mielcastiza.com\/fr\/producto\/mille-fleurs-miel-500-g\/\",\"url\":\"https:\/\/www.mielcastiza.com\/fr\/producto\/mille-fleurs-miel-500-g\/\",\"name\":\"Mille Fleurs Miel 500 g - Miel Castiza\",\"isPartOf\":{\"@id\":\"https:\/\/www.mielcastiza.com\/fr\/#website\"},\"primaryImageOfPage\":{\"@id\":\"https:\/\/www.mielcastiza.com\/fr\/producto\/mille-fleurs-miel-500-g\/#primaryimage\"},\"image\":{\"@id\":\"https:\/\/www.mielcastiza.com\/fr\/producto\/mille-fleurs-miel-500-g\/#primaryimage\"},\"thumbnailUrl\":\"https:\/\/www.mielcastiza.com\/wp-content\/uploads\/2023\/12\/Miel-Mil-Flores-Castiza-500g-1.jpg\",\"datePublished\":\"2020-04-10T16:47:19+00:00\",\"dateModified\":\"2024-01-18T11:46:54+00:00\",\"description\":\"Notre miel de fleurs, best-seller et prim\u00e9, est r\u00e9colt\u00e9 principalement au printemps. Couleur ambre fonc\u00e9, ar\u00f4me floral intense et go\u00fbt sucr\u00e9. Un spectacle pour les sens.\",\"breadcrumb\":{\"@id\":\"https:\/\/www.mielcastiza.com\/fr\/producto\/mille-fleurs-miel-500-g\/#breadcrumb\"},\"inLanguage\":\"fr-FR\",\"potentialAction\":[{\"@type\":\"ReadAction\",\"target\":[\"https:\/\/www.mielcastiza.com\/fr\/producto\/mille-fleurs-miel-500-g\/\"]}]},{\"@type\":\"ImageObject\",\"inLanguage\":\"fr-FR\",\"@id\":\"https:\/\/www.mielcastiza.com\/fr\/producto\/mille-fleurs-miel-500-g\/#primaryimage\",\"url\":\"https:\/\/www.mielcastiza.com\/wp-content\/uploads\/2023\/12\/Miel-Mil-Flores-Castiza-500g-1.jpg\",\"contentUrl\":\"https:\/\/www.mielcastiza.com\/wp-content\/uploads\/2023\/12\/Miel-Mil-Flores-Castiza-500g-1.jpg\",\"width\":1365,\"height\":2048},{\"@type\":\"BreadcrumbList\",\"@id\":\"https:\/\/www.mielcastiza.com\/fr\/producto\/mille-fleurs-miel-500-g\/#breadcrumb\",\"itemListElement\":[{\"@type\":\"ListItem\",\"position\":1,\"name\":\"Portada\",\"item\":\"https:\/\/www.mielcastiza.com\/fr\/\"},{\"@type\":\"ListItem\",\"position\":2,\"name\":\"Tienda\",\"item\":\"https:\/\/www.mielcastiza.com\/tienda\/\"},{\"@type\":\"ListItem\",\"position\":3,\"name\":\"Mille Fleurs Miel 500 g\"}]},{\"@type\":\"WebSite\",\"@id\":\"https:\/\/www.mielcastiza.com\/fr\/#website\",\"url\":\"https:\/\/www.mielcastiza.com\/fr\/\",\"name\":\"Miel Castiza\",\"description\":\"\",\"publisher\":{\"@id\":\"https:\/\/www.mielcastiza.com\/fr\/#organization\"},\"potentialAction\":[{\"@type\":\"SearchAction\",\"target\":{\"@type\":\"EntryPoint\",\"urlTemplate\":\"https:\/\/www.mielcastiza.com\/fr\/?s={search_term_string}\"},\"query-input\":{\"@type\":\"PropertyValueSpecification\",\"valueRequired\":true,\"valueName\":\"search_term_string\"}}],\"inLanguage\":\"fr-FR\"},{\"@type\":\"Organization\",\"@id\":\"https:\/\/www.mielcastiza.com\/fr\/#organization\",\"name\":\"Miel Castiza\",\"url\":\"https:\/\/www.mielcastiza.com\/fr\/\",\"logo\":{\"@type\":\"ImageObject\",\"inLanguage\":\"fr-FR\",\"@id\":\"https:\/\/www.mielcastiza.com\/fr\/#\/schema\/logo\/image\/\",\"url\":\"https:\/\/www.mielcastiza.com\/wp-content\/uploads\/2023\/12\/logo_beige.png\",\"contentUrl\":\"https:\/\/www.mielcastiza.com\/wp-content\/uploads\/2023\/12\/logo_beige.png\",\"width\":252,\"height\":70,\"caption\":\"Miel Castiza\"},\"image\":{\"@id\":\"https:\/\/www.mielcastiza.com\/fr\/#\/schema\/logo\/image\/\"}}]}<\/script>\n<!-- \/ Yoast SEO plugin. -->","yoast_head_json":{"title":"Mille Fleurs Miel 500 g - Miel Castiza","description":"Notre miel de fleurs, best-seller et prim\u00e9, est r\u00e9colt\u00e9 principalement au printemps. Couleur ambre fonc\u00e9, ar\u00f4me floral intense et go\u00fbt sucr\u00e9. Un spectacle pour les sens.","robots":{"index":"index","follow":"follow","max-snippet":"max-snippet:-1","max-image-preview":"max-image-preview:large","max-video-preview":"max-video-preview:-1"},"canonical":"https:\/\/www.mielcastiza.com\/fr\/producto\/mille-fleurs-miel-500-g\/","og_locale":"fr_FR","og_type":"article","og_title":"Mille Fleurs Miel 500 g - Miel Castiza","og_description":"Notre miel de fleurs, best-seller et prim\u00e9, est r\u00e9colt\u00e9 principalement au printemps. Couleur ambre fonc\u00e9, ar\u00f4me floral intense et go\u00fbt sucr\u00e9. Un spectacle pour les sens.","og_url":"https:\/\/www.mielcastiza.com\/fr\/producto\/mille-fleurs-miel-500-g\/","og_site_name":"Miel Castiza","article_modified_time":"2024-01-18T11:46:54+00:00","og_image":[{"width":1365,"height":2048,"url":"https:\/\/www.mielcastiza.com\/wp-content\/uploads\/2023\/12\/Miel-Mil-Flores-Castiza-500g-1.jpg","type":"image\/jpeg"}],"twitter_card":"summary_large_image","twitter_misc":{"Dur\u00e9e de lecture estim\u00e9e":"2 minutes"},"schema":{"@context":"https:\/\/schema.org","@graph":[{"@type":"WebPage","@id":"https:\/\/www.mielcastiza.com\/fr\/producto\/mille-fleurs-miel-500-g\/","url":"https:\/\/www.mielcastiza.com\/fr\/producto\/mille-fleurs-miel-500-g\/","name":"Mille Fleurs Miel 500 g - Miel Castiza","isPartOf":{"@id":"https:\/\/www.mielcastiza.com\/fr\/#website"},"primaryImageOfPage":{"@id":"https:\/\/www.mielcastiza.com\/fr\/producto\/mille-fleurs-miel-500-g\/#primaryimage"},"image":{"@id":"https:\/\/www.mielcastiza.com\/fr\/producto\/mille-fleurs-miel-500-g\/#primaryimage"},"thumbnailUrl":"https:\/\/www.mielcastiza.com\/wp-content\/uploads\/2023\/12\/Miel-Mil-Flores-Castiza-500g-1.jpg","datePublished":"2020-04-10T16:47:19+00:00","dateModified":"2024-01-18T11:46:54+00:00","description":"Notre miel de fleurs, best-seller et prim\u00e9, est r\u00e9colt\u00e9 principalement au printemps. Couleur ambre fonc\u00e9, ar\u00f4me floral intense et go\u00fbt sucr\u00e9. Un spectacle pour les sens.","breadcrumb":{"@id":"https:\/\/www.mielcastiza.com\/fr\/producto\/mille-fleurs-miel-500-g\/#breadcrumb"},"inLanguage":"fr-FR","potentialAction":[{"@type":"ReadAction","target":["https:\/\/www.mielcastiza.com\/fr\/producto\/mille-fleurs-miel-500-g\/"]}]},{"@type":"ImageObject","inLanguage":"fr-FR","@id":"https:\/\/www.mielcastiza.com\/fr\/producto\/mille-fleurs-miel-500-g\/#primaryimage","url":"https:\/\/www.mielcastiza.com\/wp-content\/uploads\/2023\/12\/Miel-Mil-Flores-Castiza-500g-1.jpg","contentUrl":"https:\/\/www.mielcastiza.com\/wp-content\/uploads\/2023\/12\/Miel-Mil-Flores-Castiza-500g-1.jpg","width":1365,"height":2048},{"@type":"BreadcrumbList","@id":"https:\/\/www.mielcastiza.com\/fr\/producto\/mille-fleurs-miel-500-g\/#breadcrumb","itemListElement":[{"@type":"ListItem","position":1,"name":"Portada","item":"https:\/\/www.mielcastiza.com\/fr\/"},{"@type":"ListItem","position":2,"name":"Tienda","item":"https:\/\/www.mielcastiza.com\/tienda\/"},{"@type":"ListItem","position":3,"name":"Mille Fleurs Miel 500 g"}]},{"@type":"WebSite","@id":"https:\/\/www.mielcastiza.com\/fr\/#website","url":"https:\/\/www.mielcastiza.com\/fr\/","name":"Miel Castiza","description":"","publisher":{"@id":"https:\/\/www.mielcastiza.com\/fr\/#organization"},"potentialAction":[{"@type":"SearchAction","target":{"@type":"EntryPoint","urlTemplate":"https:\/\/www.mielcastiza.com\/fr\/?s={search_term_string}"},"query-input":{"@type":"PropertyValueSpecification","valueRequired":true,"valueName":"search_term_string"}}],"inLanguage":"fr-FR"},{"@type":"Organization","@id":"https:\/\/www.mielcastiza.com\/fr\/#organization","name":"Miel Castiza","url":"https:\/\/www.mielcastiza.com\/fr\/","logo":{"@type":"ImageObject","inLanguage":"fr-FR","@id":"https:\/\/www.mielcastiza.com\/fr\/#\/schema\/logo\/image\/","url":"https:\/\/www.mielcastiza.com\/wp-content\/uploads\/2023\/12\/logo_beige.png","contentUrl":"https:\/\/www.mielcastiza.com\/wp-content\/uploads\/2023\/12\/logo_beige.png","width":252,"height":70,"caption":"Miel Castiza"},"image":{"@id":"https:\/\/www.mielcastiza.com\/fr\/#\/schema\/logo\/image\/"}}]}},"jetpack_sharing_enabled":true,"_links":{"self":[{"href":"https:\/\/www.mielcastiza.com\/fr\/wp-json\/wp\/v2\/product\/18219","targetHints":{"allow":["GET"]}}],"collection":[{"href":"https:\/\/www.mielcastiza.com\/fr\/wp-json\/wp\/v2\/product"}],"about":[{"href":"https:\/\/www.mielcastiza.com\/fr\/wp-json\/wp\/v2\/types\/product"}],"replies":[{"embeddable":true,"href":"https:\/\/www.mielcastiza.com\/fr\/wp-json\/wp\/v2\/comments?post=18219"}],"wp:featuredmedia":[{"embeddable":true,"href":"https:\/\/www.mielcastiza.com\/fr\/wp-json\/wp\/v2\/media\/17755"}],"wp:attachment":[{"href":"https:\/\/www.mielcastiza.com\/fr\/wp-json\/wp\/v2\/media?parent=18219"}],"wp:term":[{"taxonomy":"product_brand","embeddable":true,"href":"https:\/\/www.mielcastiza.com\/fr\/wp-json\/wp\/v2\/product_brand?post=18219"},{"taxonomy":"product_cat","embeddable":true,"href":"https:\/\/www.mielcastiza.com\/fr\/wp-json\/wp\/v2\/product_cat?post=18219"},{"taxonomy":"product_tag","embeddable":true,"href":"https:\/\/www.mielcastiza.com\/fr\/wp-json\/wp\/v2\/product_tag?post=18219"}],"curies":[{"name":"wp","href":"https:\/\/api.w.org\/{rel}","templated":true}]}}