{"id":18222,"date":"2020-04-10T18:15:21","date_gmt":"2020-04-10T18:15:21","guid":{"rendered":"https:\/\/mielcastiza.plesk.myfocus.es\/producto\/miel-de-thym-500-g\/"},"modified":"2024-01-18T11:46:34","modified_gmt":"2024-01-18T11:46:34","slug":"miel-de-thym-500-g","status":"publish","type":"product","link":"https:\/\/www.mielcastiza.com\/fr\/producto\/miel-de-thym-500-g\/","title":{"rendered":"Miel de Thym 500 g"},"content":{"rendered":"<p>Le miel de thym est r\u00e9colt\u00e9 \u00e0 la fin du printemps dans les ruchers des Montes de Toledo et pendant l\u2019\u00e9t\u00e9 \u00e0 c\u00f4t\u00e9 du parc national Hoces del Durat\u00f3n \u00e0 S\u00e9govie, lorsque nous emmenons nos abeilles \u00e0 passez un \u00e9t\u00e9 plus frais.<\/p>\n<p>Il se distingue des autres miels car son ar\u00f4me est beaucoup plus intense et il est impr\u00e9gn\u00e9 de l\u2019ar\u00f4me caract\u00e9ristique de la plante. Avec une saveur tr\u00e8s sucr\u00e9e mais en m\u00eame temps d\u00e9licate, ce qui provoque la fascination des amateurs de miel d\u2019abeille pur.<\/p>\n<p>Botaniquement, le nom commun du thym, auquel on donne parfois un adjectif tel que \u00ab olivier \u00bb, \u00ab grosse t\u00eate \u00bb, \u00ab de San Juan \u00bb, \u00ab salsero \u00bb\u2026), correspond \u00e0 diff\u00e9rentes esp\u00e8ces, la plupart des le genre Thymus, mais d\u2019autres de genres apparent\u00e9s de la m\u00eame famille, les labiatae (Lamiaceae). L\u2019esp\u00e8ce la plus fr\u00e9quente est Thymus vulgaris.<\/p>\n<p>Le thym fait partie des fourr\u00e9s secs et ensoleill\u00e9s des for\u00eats de ch\u00eanes m\u00e9diterran\u00e9ens, dans lesquels ils peuvent \u00eatre l\u2019esp\u00e8ce dominante, formant les bosquets de thym. En eux, il y a g\u00e9n\u00e9ralement d\u2019autres labiadas: romarin, sauge, lavande, queue de chat, lavande; quelques l\u00e9gumineuses herbac\u00e9es : tr\u00e8fles, luzernes, cornicabras\u2026; d\u2019autres l\u00e9gumineuses ligneuses telles que les gen\u00eats; et d\u2019autres plantes telles que le reseda, le rosier, le jaguarzos\u2026<\/p>\n<p>&nbsp;<\/p>\n<p><strong>APPARIEMENT<\/strong><\/p>\n<p>&nbsp;<\/p>\n<p>L\u2019intensit\u00e9 et la persistance de ses ar\u00f4mes et de son go\u00fbt rendent ces miels tr\u00e8s appr\u00e9ci\u00e9s par ceux qui sont attir\u00e9s par les sensations fortes. Il est id\u00e9al pour combiner avec des plats dont les ingr\u00e9dients fournissent \u00e9galement des composants avec des ar\u00f4mes et des go\u00fbts notables auxquels vous souhaitez incorporer une partie sucr\u00e9e et avec la caract\u00e9ristique ar\u00f4mes de ces miels.<\/p>\n<p>Combinez avec des infusions fortes, des fromages affin\u00e9s, des rago\u00fbts de viande, des viandes cuites au four ou des desserts non l\u00e9gers, en prenant toujours soin de ne pas exag\u00e9rer la quantit\u00e9 utilis\u00e9e.<\/p>\n<p>&nbsp;<\/p>\n<p><strong>ORGANOLEPTIQUES: <\/strong><\/p>\n<p><strong> <\/strong><\/p>\n<ul>\n<li><strong>Couleur<\/strong>: ambre clair.<\/li>\n<li><strong>Ar\u00f4me<\/strong>: floral avec une touche ph\u00e9nolique, tr\u00e8s intense et persistant.<\/li>\n<li><strong>G\u00f4ut<\/strong>: sucr\u00e9 avec un composant acide clair.<\/li>\n<li><strong>Toucher<\/strong>: peu de tendance \u00e0 la cristallisation.<\/li>\n<\/ul>\n<p>&nbsp;<\/p>\n","protected":false},"excerpt":{"rendered":"<p>Le miel de thym est r\u00e9colt\u00e9 \u00e0 la fin du printemps dans les ruchers des Montes de Toledo et pendant l\u2019\u00e9t\u00e9 \u00e0 c\u00f4t\u00e9 du parc national Hoces del Durat\u00f3n \u00e0 S\u00e9govie, lorsque nous emmenons nos abeilles \u00e0 passez un \u00e9t\u00e9 plus frais. Il se distingue des autres miels car son ar\u00f4me est beaucoup plus intense &#8230; <a title=\"Miel de Thym 500 g\" class=\"read-more\" href=\"https:\/\/www.mielcastiza.com\/fr\/producto\/miel-de-thym-500-g\/\" aria-label=\"En savoir plus sur Miel de Thym 500 g\">Lire la suite<\/a><\/p>\n","protected":false},"featured_media":17854,"comment_status":"open","ping_status":"closed","template":"","meta":[],"product_brand":[],"product_cat":[78],"product_tag":[87],"class_list":{"0":"post-18222","1":"product","2":"type-product","3":"status-publish","4":"has-post-thumbnail","6":"product_cat-miel-fr","7":"product_tag-thym","9":"first","10":"outofstock","11":"sale","12":"purchasable","13":"product-type-simple"},"yoast_head":"<!-- This site is optimized with the Yoast SEO plugin v26.9 - https:\/\/yoast.com\/product\/yoast-seo-wordpress\/ -->\n<title>Miel de Thym 500 g - Miel Castiza<\/title>\n<meta name=\"description\" content=\"Le miel de thym se distingue des autres miels par un ar\u00f4me beaucoup plus intense et impr\u00e9gn\u00e9 de l&#039;odeur caract\u00e9ristique de la plante. Il a un go\u00fbt tr\u00e8s doux mais d\u00e9licat, qui fascine les amateurs de miel d&#039;abeille pur.\" \/>\n<meta name=\"robots\" content=\"index, follow, max-snippet:-1, max-image-preview:large, max-video-preview:-1\" \/>\n<link rel=\"canonical\" href=\"https:\/\/www.mielcastiza.com\/fr\/producto\/miel-de-thym-500-g\/\" \/>\n<meta property=\"og:locale\" content=\"fr_FR\" \/>\n<meta property=\"og:type\" content=\"article\" \/>\n<meta property=\"og:title\" content=\"Miel de Thym 500 g - Miel Castiza\" \/>\n<meta property=\"og:description\" content=\"Le miel de thym se distingue des autres miels par un ar\u00f4me beaucoup plus intense et impr\u00e9gn\u00e9 de l&#039;odeur caract\u00e9ristique de la plante. Il a un go\u00fbt tr\u00e8s doux mais d\u00e9licat, qui fascine les amateurs de miel d&#039;abeille pur.\" \/>\n<meta property=\"og:url\" content=\"https:\/\/www.mielcastiza.com\/fr\/producto\/miel-de-thym-500-g\/\" \/>\n<meta property=\"og:site_name\" content=\"Miel Castiza\" \/>\n<meta property=\"article:modified_time\" content=\"2024-01-18T11:46:34+00:00\" \/>\n<meta property=\"og:image\" content=\"https:\/\/www.mielcastiza.com\/wp-content\/uploads\/2023\/12\/Miel-Tomillo-Castiza-500g.jpg\" \/>\n\t<meta property=\"og:image:width\" content=\"1365\" \/>\n\t<meta property=\"og:image:height\" content=\"2048\" \/>\n\t<meta property=\"og:image:type\" content=\"image\/jpeg\" \/>\n<meta name=\"twitter:card\" content=\"summary_large_image\" \/>\n<meta name=\"twitter:label1\" content=\"Dur\u00e9e de lecture estim\u00e9e\" \/>\n\t<meta name=\"twitter:data1\" content=\"2 minutes\" \/>\n<script type=\"application\/ld+json\" class=\"yoast-schema-graph\">{\"@context\":\"https:\/\/schema.org\",\"@graph\":[{\"@type\":\"WebPage\",\"@id\":\"https:\/\/www.mielcastiza.com\/fr\/producto\/miel-de-thym-500-g\/\",\"url\":\"https:\/\/www.mielcastiza.com\/fr\/producto\/miel-de-thym-500-g\/\",\"name\":\"Miel de Thym 500 g - Miel Castiza\",\"isPartOf\":{\"@id\":\"https:\/\/www.mielcastiza.com\/fr\/#website\"},\"primaryImageOfPage\":{\"@id\":\"https:\/\/www.mielcastiza.com\/fr\/producto\/miel-de-thym-500-g\/#primaryimage\"},\"image\":{\"@id\":\"https:\/\/www.mielcastiza.com\/fr\/producto\/miel-de-thym-500-g\/#primaryimage\"},\"thumbnailUrl\":\"https:\/\/www.mielcastiza.com\/wp-content\/uploads\/2023\/12\/Miel-Tomillo-Castiza-500g.jpg\",\"datePublished\":\"2020-04-10T18:15:21+00:00\",\"dateModified\":\"2024-01-18T11:46:34+00:00\",\"description\":\"Le miel de thym se distingue des autres miels par un ar\u00f4me beaucoup plus intense et impr\u00e9gn\u00e9 de l'odeur caract\u00e9ristique de la plante. Il a un go\u00fbt tr\u00e8s doux mais d\u00e9licat, qui fascine les amateurs de miel d'abeille pur.\",\"breadcrumb\":{\"@id\":\"https:\/\/www.mielcastiza.com\/fr\/producto\/miel-de-thym-500-g\/#breadcrumb\"},\"inLanguage\":\"fr-FR\",\"potentialAction\":[{\"@type\":\"ReadAction\",\"target\":[\"https:\/\/www.mielcastiza.com\/fr\/producto\/miel-de-thym-500-g\/\"]}]},{\"@type\":\"ImageObject\",\"inLanguage\":\"fr-FR\",\"@id\":\"https:\/\/www.mielcastiza.com\/fr\/producto\/miel-de-thym-500-g\/#primaryimage\",\"url\":\"https:\/\/www.mielcastiza.com\/wp-content\/uploads\/2023\/12\/Miel-Tomillo-Castiza-500g.jpg\",\"contentUrl\":\"https:\/\/www.mielcastiza.com\/wp-content\/uploads\/2023\/12\/Miel-Tomillo-Castiza-500g.jpg\",\"width\":1365,\"height\":2048},{\"@type\":\"BreadcrumbList\",\"@id\":\"https:\/\/www.mielcastiza.com\/fr\/producto\/miel-de-thym-500-g\/#breadcrumb\",\"itemListElement\":[{\"@type\":\"ListItem\",\"position\":1,\"name\":\"Portada\",\"item\":\"https:\/\/www.mielcastiza.com\/fr\/\"},{\"@type\":\"ListItem\",\"position\":2,\"name\":\"Tienda\",\"item\":\"https:\/\/www.mielcastiza.com\/tienda\/\"},{\"@type\":\"ListItem\",\"position\":3,\"name\":\"Miel de Thym 500 g\"}]},{\"@type\":\"WebSite\",\"@id\":\"https:\/\/www.mielcastiza.com\/fr\/#website\",\"url\":\"https:\/\/www.mielcastiza.com\/fr\/\",\"name\":\"Miel Castiza\",\"description\":\"\",\"publisher\":{\"@id\":\"https:\/\/www.mielcastiza.com\/fr\/#organization\"},\"potentialAction\":[{\"@type\":\"SearchAction\",\"target\":{\"@type\":\"EntryPoint\",\"urlTemplate\":\"https:\/\/www.mielcastiza.com\/fr\/?s={search_term_string}\"},\"query-input\":{\"@type\":\"PropertyValueSpecification\",\"valueRequired\":true,\"valueName\":\"search_term_string\"}}],\"inLanguage\":\"fr-FR\"},{\"@type\":\"Organization\",\"@id\":\"https:\/\/www.mielcastiza.com\/fr\/#organization\",\"name\":\"Miel Castiza\",\"url\":\"https:\/\/www.mielcastiza.com\/fr\/\",\"logo\":{\"@type\":\"ImageObject\",\"inLanguage\":\"fr-FR\",\"@id\":\"https:\/\/www.mielcastiza.com\/fr\/#\/schema\/logo\/image\/\",\"url\":\"https:\/\/www.mielcastiza.com\/wp-content\/uploads\/2023\/12\/logo_beige.png\",\"contentUrl\":\"https:\/\/www.mielcastiza.com\/wp-content\/uploads\/2023\/12\/logo_beige.png\",\"width\":252,\"height\":70,\"caption\":\"Miel Castiza\"},\"image\":{\"@id\":\"https:\/\/www.mielcastiza.com\/fr\/#\/schema\/logo\/image\/\"}}]}<\/script>\n<!-- \/ Yoast SEO plugin. -->","yoast_head_json":{"title":"Miel de Thym 500 g - Miel Castiza","description":"Le miel de thym se distingue des autres miels par un ar\u00f4me beaucoup plus intense et impr\u00e9gn\u00e9 de l'odeur caract\u00e9ristique de la plante. Il a un go\u00fbt tr\u00e8s doux mais d\u00e9licat, qui fascine les amateurs de miel d'abeille pur.","robots":{"index":"index","follow":"follow","max-snippet":"max-snippet:-1","max-image-preview":"max-image-preview:large","max-video-preview":"max-video-preview:-1"},"canonical":"https:\/\/www.mielcastiza.com\/fr\/producto\/miel-de-thym-500-g\/","og_locale":"fr_FR","og_type":"article","og_title":"Miel de Thym 500 g - Miel Castiza","og_description":"Le miel de thym se distingue des autres miels par un ar\u00f4me beaucoup plus intense et impr\u00e9gn\u00e9 de l'odeur caract\u00e9ristique de la plante. Il a un go\u00fbt tr\u00e8s doux mais d\u00e9licat, qui fascine les amateurs de miel d'abeille pur.","og_url":"https:\/\/www.mielcastiza.com\/fr\/producto\/miel-de-thym-500-g\/","og_site_name":"Miel Castiza","article_modified_time":"2024-01-18T11:46:34+00:00","og_image":[{"width":1365,"height":2048,"url":"https:\/\/www.mielcastiza.com\/wp-content\/uploads\/2023\/12\/Miel-Tomillo-Castiza-500g.jpg","type":"image\/jpeg"}],"twitter_card":"summary_large_image","twitter_misc":{"Dur\u00e9e de lecture estim\u00e9e":"2 minutes"},"schema":{"@context":"https:\/\/schema.org","@graph":[{"@type":"WebPage","@id":"https:\/\/www.mielcastiza.com\/fr\/producto\/miel-de-thym-500-g\/","url":"https:\/\/www.mielcastiza.com\/fr\/producto\/miel-de-thym-500-g\/","name":"Miel de Thym 500 g - Miel Castiza","isPartOf":{"@id":"https:\/\/www.mielcastiza.com\/fr\/#website"},"primaryImageOfPage":{"@id":"https:\/\/www.mielcastiza.com\/fr\/producto\/miel-de-thym-500-g\/#primaryimage"},"image":{"@id":"https:\/\/www.mielcastiza.com\/fr\/producto\/miel-de-thym-500-g\/#primaryimage"},"thumbnailUrl":"https:\/\/www.mielcastiza.com\/wp-content\/uploads\/2023\/12\/Miel-Tomillo-Castiza-500g.jpg","datePublished":"2020-04-10T18:15:21+00:00","dateModified":"2024-01-18T11:46:34+00:00","description":"Le miel de thym se distingue des autres miels par un ar\u00f4me beaucoup plus intense et impr\u00e9gn\u00e9 de l'odeur caract\u00e9ristique de la plante. Il a un go\u00fbt tr\u00e8s doux mais d\u00e9licat, qui fascine les amateurs de miel d'abeille pur.","breadcrumb":{"@id":"https:\/\/www.mielcastiza.com\/fr\/producto\/miel-de-thym-500-g\/#breadcrumb"},"inLanguage":"fr-FR","potentialAction":[{"@type":"ReadAction","target":["https:\/\/www.mielcastiza.com\/fr\/producto\/miel-de-thym-500-g\/"]}]},{"@type":"ImageObject","inLanguage":"fr-FR","@id":"https:\/\/www.mielcastiza.com\/fr\/producto\/miel-de-thym-500-g\/#primaryimage","url":"https:\/\/www.mielcastiza.com\/wp-content\/uploads\/2023\/12\/Miel-Tomillo-Castiza-500g.jpg","contentUrl":"https:\/\/www.mielcastiza.com\/wp-content\/uploads\/2023\/12\/Miel-Tomillo-Castiza-500g.jpg","width":1365,"height":2048},{"@type":"BreadcrumbList","@id":"https:\/\/www.mielcastiza.com\/fr\/producto\/miel-de-thym-500-g\/#breadcrumb","itemListElement":[{"@type":"ListItem","position":1,"name":"Portada","item":"https:\/\/www.mielcastiza.com\/fr\/"},{"@type":"ListItem","position":2,"name":"Tienda","item":"https:\/\/www.mielcastiza.com\/tienda\/"},{"@type":"ListItem","position":3,"name":"Miel de Thym 500 g"}]},{"@type":"WebSite","@id":"https:\/\/www.mielcastiza.com\/fr\/#website","url":"https:\/\/www.mielcastiza.com\/fr\/","name":"Miel Castiza","description":"","publisher":{"@id":"https:\/\/www.mielcastiza.com\/fr\/#organization"},"potentialAction":[{"@type":"SearchAction","target":{"@type":"EntryPoint","urlTemplate":"https:\/\/www.mielcastiza.com\/fr\/?s={search_term_string}"},"query-input":{"@type":"PropertyValueSpecification","valueRequired":true,"valueName":"search_term_string"}}],"inLanguage":"fr-FR"},{"@type":"Organization","@id":"https:\/\/www.mielcastiza.com\/fr\/#organization","name":"Miel Castiza","url":"https:\/\/www.mielcastiza.com\/fr\/","logo":{"@type":"ImageObject","inLanguage":"fr-FR","@id":"https:\/\/www.mielcastiza.com\/fr\/#\/schema\/logo\/image\/","url":"https:\/\/www.mielcastiza.com\/wp-content\/uploads\/2023\/12\/logo_beige.png","contentUrl":"https:\/\/www.mielcastiza.com\/wp-content\/uploads\/2023\/12\/logo_beige.png","width":252,"height":70,"caption":"Miel Castiza"},"image":{"@id":"https:\/\/www.mielcastiza.com\/fr\/#\/schema\/logo\/image\/"}}]}},"jetpack_sharing_enabled":true,"_links":{"self":[{"href":"https:\/\/www.mielcastiza.com\/fr\/wp-json\/wp\/v2\/product\/18222","targetHints":{"allow":["GET"]}}],"collection":[{"href":"https:\/\/www.mielcastiza.com\/fr\/wp-json\/wp\/v2\/product"}],"about":[{"href":"https:\/\/www.mielcastiza.com\/fr\/wp-json\/wp\/v2\/types\/product"}],"replies":[{"embeddable":true,"href":"https:\/\/www.mielcastiza.com\/fr\/wp-json\/wp\/v2\/comments?post=18222"}],"wp:featuredmedia":[{"embeddable":true,"href":"https:\/\/www.mielcastiza.com\/fr\/wp-json\/wp\/v2\/media\/17854"}],"wp:attachment":[{"href":"https:\/\/www.mielcastiza.com\/fr\/wp-json\/wp\/v2\/media?parent=18222"}],"wp:term":[{"taxonomy":"product_brand","embeddable":true,"href":"https:\/\/www.mielcastiza.com\/fr\/wp-json\/wp\/v2\/product_brand?post=18222"},{"taxonomy":"product_cat","embeddable":true,"href":"https:\/\/www.mielcastiza.com\/fr\/wp-json\/wp\/v2\/product_cat?post=18222"},{"taxonomy":"product_tag","embeddable":true,"href":"https:\/\/www.mielcastiza.com\/fr\/wp-json\/wp\/v2\/product_tag?post=18222"}],"curies":[{"name":"wp","href":"https:\/\/api.w.org\/{rel}","templated":true}]}}