{"id":18225,"date":"2020-04-10T18:13:58","date_gmt":"2020-04-10T18:13:58","guid":{"rendered":"https:\/\/mielcastiza.plesk.myfocus.es\/producto\/miel-de-romarin-500g\/"},"modified":"2024-01-18T11:46:10","modified_gmt":"2024-01-18T11:46:10","slug":"miel-de-romarin-500g","status":"publish","type":"product","link":"https:\/\/www.mielcastiza.com\/fr\/producto\/miel-de-romarin-500g\/","title":{"rendered":"Miel de Romarin 500g"},"content":{"rendered":"<p>Miel de la plante de romarin (Rosmarinus officinalis). De plus, on trouvera du pollen de fabaceae, de radis, d\u2019amandiers, de cistaceae et parfois de dragues de fleurs d\u2019automne (bruy\u00e8res, ronces\u2026). Le romarin est une plante qui fleurit plus ou moins, selon les conditions m\u00e9t\u00e9orologiques, en automne et au d\u00e9but du printemps. Pour cette raison, pour qu\u2019il y ait une bonne r\u00e9colte de miel, il doit y avoir deux saisons de beau temps cons\u00e9cutives, la premi\u00e8re pour que les jeunes branches se d\u00e9veloppent. eh bien, et le second pour qu\u2019une bonne floraison se d\u00e9veloppe sur eux. Il est \u00e9galement n\u00e9cessaire que l\u2019hiver soit froid et paralyse les plantes, de sorte que lorsque le d\u00e9but du printemps arrive, elles ont encore une floraison \u00e0 prendre de.<\/p>\n<p>Nous r\u00e9coltons ce miel au d\u00e9but du printemps principalement dans nos ruchers des Montes de Toledo.<strong> <\/strong><\/p>\n<p>&nbsp;<\/p>\n<p><strong>APPARIEMENT:<\/strong><\/p>\n<p>Le miel de romarin est l\u00e9ger, il se marie bien avec tous les aliments auxquels vous souhaitez ajouter un composant de go\u00fbt sucr\u00e9 et un ar\u00f4me d\u00e9licat. Dilu\u00e9 avec un peu d\u2019eau, il est tr\u00e8s appropri\u00e9 pour accompagner les vinaigrettes; il se marie bien avec le poisson, en l\u2019ajoutant en petites quantit\u00e9s \u00e0 la fin de la pr\u00e9paration, lorsqu\u2019il est chaud; et avec certaines viandes, desserts, fruits, infusions et boissons rafra\u00eechissantes\u2026<\/p>\n<p><strong>ORGANOLEPTIQUES:<\/strong><\/p>\n<p><strong> <\/strong><\/p>\n<ul>\n<li><strong>Couleur<\/strong>: ambre clair.<\/li>\n<li><strong>Ar\u00f4me<\/strong>: pas tr\u00e8s intense, persistance moyenne, floral avec des notes de camphre et de cire neuve. Les ar\u00f4mes r\u00e9tronasaux augmentent, apparaissant des notes fruit\u00e9es de son amande et de sa came farineuse s\u2019il est riche en fabaceae.<\/li>\n<li><strong>Go\u00fbt<\/strong>: sucr\u00e9, avec des notes acides.<\/li>\n<li><strong>Toucher<\/strong>: cristallisation lente, commen\u00e7ant souvent par le bas et s\u2019\u00e9levant sous la forme d\u2019une constellation.<\/li>\n<\/ul>\n","protected":false},"excerpt":{"rendered":"<p>Miel de la plante de romarin (Rosmarinus officinalis). De plus, on trouvera du pollen de fabaceae, de radis, d\u2019amandiers, de cistaceae et parfois de dragues de fleurs d\u2019automne (bruy\u00e8res, ronces\u2026). Le romarin est une plante qui fleurit plus ou moins, selon les conditions m\u00e9t\u00e9orologiques, en automne et au d\u00e9but du printemps. Pour cette raison, pour &#8230; <a title=\"Miel de Romarin 500g\" class=\"read-more\" href=\"https:\/\/www.mielcastiza.com\/fr\/producto\/miel-de-romarin-500g\/\" aria-label=\"En savoir plus sur Miel de Romarin 500g\">Lire la suite<\/a><\/p>\n","protected":false},"featured_media":17848,"comment_status":"open","ping_status":"closed","template":"","meta":[],"product_brand":[],"product_cat":[78],"product_tag":[],"class_list":{"0":"post-18225","1":"product","2":"type-product","3":"status-publish","4":"has-post-thumbnail","6":"product_cat-miel-fr","8":"first","9":"outofstock","10":"sale","11":"purchasable","12":"product-type-simple"},"yoast_head":"<!-- This site is optimized with the Yoast SEO plugin v26.9 - https:\/\/yoast.com\/product\/yoast-seo-wordpress\/ -->\n<title>Miel de Romarin 500g - Miel Castiza<\/title>\n<meta name=\"description\" content=\"Le miel de romarin Castiza est doux et s&#039;associe bien \u00e0 tous les aliments auxquels vous souhaitez ajouter un go\u00fbt sucr\u00e9 et un ar\u00f4me d\u00e9licat. Nous r\u00e9coltons ce miel au d\u00e9but du printemps dans nos ruchers de Montes de Toledo.\" \/>\n<meta name=\"robots\" content=\"index, follow, max-snippet:-1, max-image-preview:large, max-video-preview:-1\" \/>\n<link rel=\"canonical\" href=\"https:\/\/www.mielcastiza.com\/fr\/producto\/miel-de-romarin-500g\/\" \/>\n<meta property=\"og:locale\" content=\"fr_FR\" \/>\n<meta property=\"og:type\" content=\"article\" \/>\n<meta property=\"og:title\" content=\"Miel de Romarin 500g - Miel Castiza\" \/>\n<meta property=\"og:description\" content=\"Le miel de romarin Castiza est doux et s&#039;associe bien \u00e0 tous les aliments auxquels vous souhaitez ajouter un go\u00fbt sucr\u00e9 et un ar\u00f4me d\u00e9licat. Nous r\u00e9coltons ce miel au d\u00e9but du printemps dans nos ruchers de Montes de Toledo.\" \/>\n<meta property=\"og:url\" content=\"https:\/\/www.mielcastiza.com\/fr\/producto\/miel-de-romarin-500g\/\" \/>\n<meta property=\"og:site_name\" content=\"Miel Castiza\" \/>\n<meta property=\"article:modified_time\" content=\"2024-01-18T11:46:10+00:00\" \/>\n<meta property=\"og:image\" content=\"https:\/\/www.mielcastiza.com\/wp-content\/uploads\/2023\/12\/Miel-Romero-Castiza-500g.jpg\" \/>\n\t<meta property=\"og:image:width\" content=\"1365\" \/>\n\t<meta property=\"og:image:height\" content=\"2048\" \/>\n\t<meta property=\"og:image:type\" content=\"image\/jpeg\" \/>\n<meta name=\"twitter:card\" content=\"summary_large_image\" \/>\n<meta name=\"twitter:label1\" content=\"Dur\u00e9e de lecture estim\u00e9e\" \/>\n\t<meta name=\"twitter:data1\" content=\"2 minutes\" \/>\n<script type=\"application\/ld+json\" class=\"yoast-schema-graph\">{\"@context\":\"https:\/\/schema.org\",\"@graph\":[{\"@type\":\"WebPage\",\"@id\":\"https:\/\/www.mielcastiza.com\/fr\/producto\/miel-de-romarin-500g\/\",\"url\":\"https:\/\/www.mielcastiza.com\/fr\/producto\/miel-de-romarin-500g\/\",\"name\":\"Miel de Romarin 500g - Miel Castiza\",\"isPartOf\":{\"@id\":\"https:\/\/www.mielcastiza.com\/fr\/#website\"},\"primaryImageOfPage\":{\"@id\":\"https:\/\/www.mielcastiza.com\/fr\/producto\/miel-de-romarin-500g\/#primaryimage\"},\"image\":{\"@id\":\"https:\/\/www.mielcastiza.com\/fr\/producto\/miel-de-romarin-500g\/#primaryimage\"},\"thumbnailUrl\":\"https:\/\/www.mielcastiza.com\/wp-content\/uploads\/2023\/12\/Miel-Romero-Castiza-500g.jpg\",\"datePublished\":\"2020-04-10T18:13:58+00:00\",\"dateModified\":\"2024-01-18T11:46:10+00:00\",\"description\":\"Le miel de romarin Castiza est doux et s'associe bien \u00e0 tous les aliments auxquels vous souhaitez ajouter un go\u00fbt sucr\u00e9 et un ar\u00f4me d\u00e9licat. Nous r\u00e9coltons ce miel au d\u00e9but du printemps dans nos ruchers de Montes de Toledo.\",\"breadcrumb\":{\"@id\":\"https:\/\/www.mielcastiza.com\/fr\/producto\/miel-de-romarin-500g\/#breadcrumb\"},\"inLanguage\":\"fr-FR\",\"potentialAction\":[{\"@type\":\"ReadAction\",\"target\":[\"https:\/\/www.mielcastiza.com\/fr\/producto\/miel-de-romarin-500g\/\"]}]},{\"@type\":\"ImageObject\",\"inLanguage\":\"fr-FR\",\"@id\":\"https:\/\/www.mielcastiza.com\/fr\/producto\/miel-de-romarin-500g\/#primaryimage\",\"url\":\"https:\/\/www.mielcastiza.com\/wp-content\/uploads\/2023\/12\/Miel-Romero-Castiza-500g.jpg\",\"contentUrl\":\"https:\/\/www.mielcastiza.com\/wp-content\/uploads\/2023\/12\/Miel-Romero-Castiza-500g.jpg\",\"width\":1365,\"height\":2048},{\"@type\":\"BreadcrumbList\",\"@id\":\"https:\/\/www.mielcastiza.com\/fr\/producto\/miel-de-romarin-500g\/#breadcrumb\",\"itemListElement\":[{\"@type\":\"ListItem\",\"position\":1,\"name\":\"Portada\",\"item\":\"https:\/\/www.mielcastiza.com\/fr\/\"},{\"@type\":\"ListItem\",\"position\":2,\"name\":\"Tienda\",\"item\":\"https:\/\/www.mielcastiza.com\/tienda\/\"},{\"@type\":\"ListItem\",\"position\":3,\"name\":\"Miel de Romarin 500g\"}]},{\"@type\":\"WebSite\",\"@id\":\"https:\/\/www.mielcastiza.com\/fr\/#website\",\"url\":\"https:\/\/www.mielcastiza.com\/fr\/\",\"name\":\"Miel Castiza\",\"description\":\"\",\"publisher\":{\"@id\":\"https:\/\/www.mielcastiza.com\/fr\/#organization\"},\"potentialAction\":[{\"@type\":\"SearchAction\",\"target\":{\"@type\":\"EntryPoint\",\"urlTemplate\":\"https:\/\/www.mielcastiza.com\/fr\/?s={search_term_string}\"},\"query-input\":{\"@type\":\"PropertyValueSpecification\",\"valueRequired\":true,\"valueName\":\"search_term_string\"}}],\"inLanguage\":\"fr-FR\"},{\"@type\":\"Organization\",\"@id\":\"https:\/\/www.mielcastiza.com\/fr\/#organization\",\"name\":\"Miel Castiza\",\"url\":\"https:\/\/www.mielcastiza.com\/fr\/\",\"logo\":{\"@type\":\"ImageObject\",\"inLanguage\":\"fr-FR\",\"@id\":\"https:\/\/www.mielcastiza.com\/fr\/#\/schema\/logo\/image\/\",\"url\":\"https:\/\/www.mielcastiza.com\/wp-content\/uploads\/2023\/12\/logo_beige.png\",\"contentUrl\":\"https:\/\/www.mielcastiza.com\/wp-content\/uploads\/2023\/12\/logo_beige.png\",\"width\":252,\"height\":70,\"caption\":\"Miel Castiza\"},\"image\":{\"@id\":\"https:\/\/www.mielcastiza.com\/fr\/#\/schema\/logo\/image\/\"}}]}<\/script>\n<!-- \/ Yoast SEO plugin. -->","yoast_head_json":{"title":"Miel de Romarin 500g - Miel Castiza","description":"Le miel de romarin Castiza est doux et s'associe bien \u00e0 tous les aliments auxquels vous souhaitez ajouter un go\u00fbt sucr\u00e9 et un ar\u00f4me d\u00e9licat. Nous r\u00e9coltons ce miel au d\u00e9but du printemps dans nos ruchers de Montes de Toledo.","robots":{"index":"index","follow":"follow","max-snippet":"max-snippet:-1","max-image-preview":"max-image-preview:large","max-video-preview":"max-video-preview:-1"},"canonical":"https:\/\/www.mielcastiza.com\/fr\/producto\/miel-de-romarin-500g\/","og_locale":"fr_FR","og_type":"article","og_title":"Miel de Romarin 500g - Miel Castiza","og_description":"Le miel de romarin Castiza est doux et s'associe bien \u00e0 tous les aliments auxquels vous souhaitez ajouter un go\u00fbt sucr\u00e9 et un ar\u00f4me d\u00e9licat. Nous r\u00e9coltons ce miel au d\u00e9but du printemps dans nos ruchers de Montes de Toledo.","og_url":"https:\/\/www.mielcastiza.com\/fr\/producto\/miel-de-romarin-500g\/","og_site_name":"Miel Castiza","article_modified_time":"2024-01-18T11:46:10+00:00","og_image":[{"width":1365,"height":2048,"url":"https:\/\/www.mielcastiza.com\/wp-content\/uploads\/2023\/12\/Miel-Romero-Castiza-500g.jpg","type":"image\/jpeg"}],"twitter_card":"summary_large_image","twitter_misc":{"Dur\u00e9e de lecture estim\u00e9e":"2 minutes"},"schema":{"@context":"https:\/\/schema.org","@graph":[{"@type":"WebPage","@id":"https:\/\/www.mielcastiza.com\/fr\/producto\/miel-de-romarin-500g\/","url":"https:\/\/www.mielcastiza.com\/fr\/producto\/miel-de-romarin-500g\/","name":"Miel de Romarin 500g - Miel Castiza","isPartOf":{"@id":"https:\/\/www.mielcastiza.com\/fr\/#website"},"primaryImageOfPage":{"@id":"https:\/\/www.mielcastiza.com\/fr\/producto\/miel-de-romarin-500g\/#primaryimage"},"image":{"@id":"https:\/\/www.mielcastiza.com\/fr\/producto\/miel-de-romarin-500g\/#primaryimage"},"thumbnailUrl":"https:\/\/www.mielcastiza.com\/wp-content\/uploads\/2023\/12\/Miel-Romero-Castiza-500g.jpg","datePublished":"2020-04-10T18:13:58+00:00","dateModified":"2024-01-18T11:46:10+00:00","description":"Le miel de romarin Castiza est doux et s'associe bien \u00e0 tous les aliments auxquels vous souhaitez ajouter un go\u00fbt sucr\u00e9 et un ar\u00f4me d\u00e9licat. Nous r\u00e9coltons ce miel au d\u00e9but du printemps dans nos ruchers de Montes de Toledo.","breadcrumb":{"@id":"https:\/\/www.mielcastiza.com\/fr\/producto\/miel-de-romarin-500g\/#breadcrumb"},"inLanguage":"fr-FR","potentialAction":[{"@type":"ReadAction","target":["https:\/\/www.mielcastiza.com\/fr\/producto\/miel-de-romarin-500g\/"]}]},{"@type":"ImageObject","inLanguage":"fr-FR","@id":"https:\/\/www.mielcastiza.com\/fr\/producto\/miel-de-romarin-500g\/#primaryimage","url":"https:\/\/www.mielcastiza.com\/wp-content\/uploads\/2023\/12\/Miel-Romero-Castiza-500g.jpg","contentUrl":"https:\/\/www.mielcastiza.com\/wp-content\/uploads\/2023\/12\/Miel-Romero-Castiza-500g.jpg","width":1365,"height":2048},{"@type":"BreadcrumbList","@id":"https:\/\/www.mielcastiza.com\/fr\/producto\/miel-de-romarin-500g\/#breadcrumb","itemListElement":[{"@type":"ListItem","position":1,"name":"Portada","item":"https:\/\/www.mielcastiza.com\/fr\/"},{"@type":"ListItem","position":2,"name":"Tienda","item":"https:\/\/www.mielcastiza.com\/tienda\/"},{"@type":"ListItem","position":3,"name":"Miel de Romarin 500g"}]},{"@type":"WebSite","@id":"https:\/\/www.mielcastiza.com\/fr\/#website","url":"https:\/\/www.mielcastiza.com\/fr\/","name":"Miel Castiza","description":"","publisher":{"@id":"https:\/\/www.mielcastiza.com\/fr\/#organization"},"potentialAction":[{"@type":"SearchAction","target":{"@type":"EntryPoint","urlTemplate":"https:\/\/www.mielcastiza.com\/fr\/?s={search_term_string}"},"query-input":{"@type":"PropertyValueSpecification","valueRequired":true,"valueName":"search_term_string"}}],"inLanguage":"fr-FR"},{"@type":"Organization","@id":"https:\/\/www.mielcastiza.com\/fr\/#organization","name":"Miel Castiza","url":"https:\/\/www.mielcastiza.com\/fr\/","logo":{"@type":"ImageObject","inLanguage":"fr-FR","@id":"https:\/\/www.mielcastiza.com\/fr\/#\/schema\/logo\/image\/","url":"https:\/\/www.mielcastiza.com\/wp-content\/uploads\/2023\/12\/logo_beige.png","contentUrl":"https:\/\/www.mielcastiza.com\/wp-content\/uploads\/2023\/12\/logo_beige.png","width":252,"height":70,"caption":"Miel Castiza"},"image":{"@id":"https:\/\/www.mielcastiza.com\/fr\/#\/schema\/logo\/image\/"}}]}},"jetpack_sharing_enabled":true,"_links":{"self":[{"href":"https:\/\/www.mielcastiza.com\/fr\/wp-json\/wp\/v2\/product\/18225","targetHints":{"allow":["GET"]}}],"collection":[{"href":"https:\/\/www.mielcastiza.com\/fr\/wp-json\/wp\/v2\/product"}],"about":[{"href":"https:\/\/www.mielcastiza.com\/fr\/wp-json\/wp\/v2\/types\/product"}],"replies":[{"embeddable":true,"href":"https:\/\/www.mielcastiza.com\/fr\/wp-json\/wp\/v2\/comments?post=18225"}],"wp:featuredmedia":[{"embeddable":true,"href":"https:\/\/www.mielcastiza.com\/fr\/wp-json\/wp\/v2\/media\/17848"}],"wp:attachment":[{"href":"https:\/\/www.mielcastiza.com\/fr\/wp-json\/wp\/v2\/media?parent=18225"}],"wp:term":[{"taxonomy":"product_brand","embeddable":true,"href":"https:\/\/www.mielcastiza.com\/fr\/wp-json\/wp\/v2\/product_brand?post=18225"},{"taxonomy":"product_cat","embeddable":true,"href":"https:\/\/www.mielcastiza.com\/fr\/wp-json\/wp\/v2\/product_cat?post=18225"},{"taxonomy":"product_tag","embeddable":true,"href":"https:\/\/www.mielcastiza.com\/fr\/wp-json\/wp\/v2\/product_tag?post=18225"}],"curies":[{"name":"wp","href":"https:\/\/api.w.org\/{rel}","templated":true}]}}