{"id":18228,"date":"2020-04-10T18:39:22","date_gmt":"2020-04-10T18:39:22","guid":{"rendered":"https:\/\/mielcastiza.plesk.myfocus.es\/producto\/miel-de-lavande-500g\/"},"modified":"2020-04-10T18:39:22","modified_gmt":"2020-04-10T18:39:22","slug":"miel-de-lavande-500g","status":"publish","type":"product","link":"https:\/\/www.mielcastiza.com\/fr\/producto\/miel-de-lavande-500g\/","title":{"rendered":"Miel de Lavande 500g"},"content":{"rendered":"<p>Miel de lavande pure de Castille-et-Le\u00f3n, o\u00f9 nous collaborons avec d\u2019autres apiculteurs pour son extraction. En outre, nous trouverons du pollen de Fabaceae, Asteraceae, Honeysuckers et autres Lamiaceae.<\/p>\n<p>Il est r\u00e9colt\u00e9 \u00e0 la fin du printemps et au d\u00e9but de l\u2019\u00e9t\u00e9.<\/p>\n<p>&nbsp;<\/p>\n<p><strong>APPARIEMENT<\/strong><\/p>\n<p>Dans la cuisine gastronomique, le miel de lavande est l\u2019un des plus appr\u00e9ci\u00e9s. Il est utilis\u00e9 pour sucrer les biscuits, les boissons chaudes, etc. Il se marie \u00e9galement tr\u00e8s bien sur les g\u00e2teaux, les fruits, les toasts et les glaces. La douceur des deux ingr\u00e9dients assure un accord parfait.<\/p>\n<p>Les anciens Romains l\u2019utilisaient pour parfumer leurs bains, laver et prendre soin de leurs v\u00eatements. Il \u00e9tait de coutume d\u2019utiliser un brin de lavande comme insectifuge et son essence florale \u00e9tait utilis\u00e9e pour fabriquer des lotions et des parfums.<\/p>\n<p>&nbsp;<\/p>\n<p><strong>Caract\u00e9ristiques organoleptiques: <\/strong><\/p>\n<p><strong> <\/strong><\/p>\n<ul>\n<li><strong>Couleur<\/strong>: ambre clair, presque blanc.<\/li>\n<li><strong>Ar\u00f4me<\/strong>: floral avec une composante claire de lavande, extraordinairement intense et persistant avec des notes ph\u00e9noliques.<\/li>\n<li><strong>Go\u00fbt<\/strong>: sucr\u00e9, avec des notes acides.<\/li>\n<li><strong>Toucher<\/strong>: cristallisation lente, commen\u00e7ant souvent par le bas et s\u2019\u00e9levant sous la forme d\u2019une constellation.<\/li>\n<\/ul>\n<p>&nbsp;<\/p>\n<p>&nbsp;<\/p>\n","protected":false},"excerpt":{"rendered":"<p>Miel de lavande pure de Castille-et-Le\u00f3n, o\u00f9 nous collaborons avec d\u2019autres apiculteurs pour son extraction. En outre, nous trouverons du pollen de Fabaceae, Asteraceae, Honeysuckers et autres Lamiaceae. Il est r\u00e9colt\u00e9 \u00e0 la fin du printemps et au d\u00e9but de l\u2019\u00e9t\u00e9. &nbsp; APPARIEMENT Dans la cuisine gastronomique, le miel de lavande est l\u2019un des plus &#8230; <a title=\"Miel de Lavande 500g\" class=\"read-more\" href=\"https:\/\/www.mielcastiza.com\/fr\/producto\/miel-de-lavande-500g\/\" aria-label=\"En savoir plus sur Miel de Lavande 500g\">Lire la suite<\/a><\/p>\n","protected":false},"featured_media":17872,"comment_status":"open","ping_status":"closed","template":"","meta":[],"product_brand":[],"product_cat":[78],"product_tag":[90],"class_list":{"0":"post-18228","1":"product","2":"type-product","3":"status-publish","4":"has-post-thumbnail","6":"product_cat-miel-fr","7":"product_tag-lavande","9":"first","10":"outofstock","11":"sale","12":"purchasable","13":"product-type-simple"},"yoast_head":"<!-- This site is optimized with the Yoast SEO plugin v26.9 - https:\/\/yoast.com\/product\/yoast-seo-wordpress\/ -->\n<title>Miel de Lavande 500g - Miel Castiza<\/title>\n<meta name=\"description\" content=\"Miel de lavande pur des champs de Castille, couleur ambre clair, go\u00fbt exquis en bouche. Consid\u00e9r\u00e9 comme l&#039;un des meilleurs miels au monde. El\u00e9gant, complet et subtil.\" \/>\n<meta name=\"robots\" content=\"index, follow, max-snippet:-1, max-image-preview:large, max-video-preview:-1\" \/>\n<link rel=\"canonical\" href=\"https:\/\/www.mielcastiza.com\/fr\/producto\/miel-de-lavande-500g\/\" \/>\n<meta property=\"og:locale\" content=\"fr_FR\" \/>\n<meta property=\"og:type\" content=\"article\" \/>\n<meta property=\"og:title\" content=\"Miel de Lavande 500g - Miel Castiza\" \/>\n<meta property=\"og:description\" content=\"Miel de lavande pur des champs de Castille, couleur ambre clair, go\u00fbt exquis en bouche. Consid\u00e9r\u00e9 comme l&#039;un des meilleurs miels au monde. El\u00e9gant, complet et subtil.\" \/>\n<meta property=\"og:url\" content=\"https:\/\/www.mielcastiza.com\/fr\/producto\/miel-de-lavande-500g\/\" \/>\n<meta property=\"og:site_name\" content=\"Miel Castiza\" \/>\n<meta property=\"og:image\" content=\"https:\/\/www.mielcastiza.com\/wp-content\/uploads\/2023\/12\/Miel-Lavanda-Castiza-500g.jpg\" \/>\n\t<meta property=\"og:image:width\" content=\"1365\" \/>\n\t<meta property=\"og:image:height\" content=\"2048\" \/>\n\t<meta property=\"og:image:type\" content=\"image\/jpeg\" \/>\n<meta name=\"twitter:card\" content=\"summary_large_image\" \/>\n<meta name=\"twitter:label1\" content=\"Dur\u00e9e de lecture estim\u00e9e\" \/>\n\t<meta name=\"twitter:data1\" content=\"1 minute\" \/>\n<script type=\"application\/ld+json\" class=\"yoast-schema-graph\">{\"@context\":\"https:\/\/schema.org\",\"@graph\":[{\"@type\":\"WebPage\",\"@id\":\"https:\/\/www.mielcastiza.com\/fr\/producto\/miel-de-lavande-500g\/\",\"url\":\"https:\/\/www.mielcastiza.com\/fr\/producto\/miel-de-lavande-500g\/\",\"name\":\"Miel de Lavande 500g - Miel Castiza\",\"isPartOf\":{\"@id\":\"https:\/\/www.mielcastiza.com\/fr\/#website\"},\"primaryImageOfPage\":{\"@id\":\"https:\/\/www.mielcastiza.com\/fr\/producto\/miel-de-lavande-500g\/#primaryimage\"},\"image\":{\"@id\":\"https:\/\/www.mielcastiza.com\/fr\/producto\/miel-de-lavande-500g\/#primaryimage\"},\"thumbnailUrl\":\"https:\/\/www.mielcastiza.com\/wp-content\/uploads\/2023\/12\/Miel-Lavanda-Castiza-500g.jpg\",\"datePublished\":\"2020-04-10T18:39:22+00:00\",\"description\":\"Miel de lavande pur des champs de Castille, couleur ambre clair, go\u00fbt exquis en bouche. Consid\u00e9r\u00e9 comme l'un des meilleurs miels au monde. El\u00e9gant, complet et subtil.\",\"breadcrumb\":{\"@id\":\"https:\/\/www.mielcastiza.com\/fr\/producto\/miel-de-lavande-500g\/#breadcrumb\"},\"inLanguage\":\"fr-FR\",\"potentialAction\":[{\"@type\":\"ReadAction\",\"target\":[\"https:\/\/www.mielcastiza.com\/fr\/producto\/miel-de-lavande-500g\/\"]}]},{\"@type\":\"ImageObject\",\"inLanguage\":\"fr-FR\",\"@id\":\"https:\/\/www.mielcastiza.com\/fr\/producto\/miel-de-lavande-500g\/#primaryimage\",\"url\":\"https:\/\/www.mielcastiza.com\/wp-content\/uploads\/2023\/12\/Miel-Lavanda-Castiza-500g.jpg\",\"contentUrl\":\"https:\/\/www.mielcastiza.com\/wp-content\/uploads\/2023\/12\/Miel-Lavanda-Castiza-500g.jpg\",\"width\":1365,\"height\":2048},{\"@type\":\"BreadcrumbList\",\"@id\":\"https:\/\/www.mielcastiza.com\/fr\/producto\/miel-de-lavande-500g\/#breadcrumb\",\"itemListElement\":[{\"@type\":\"ListItem\",\"position\":1,\"name\":\"Portada\",\"item\":\"https:\/\/www.mielcastiza.com\/fr\/\"},{\"@type\":\"ListItem\",\"position\":2,\"name\":\"Tienda\",\"item\":\"https:\/\/www.mielcastiza.com\/tienda\/\"},{\"@type\":\"ListItem\",\"position\":3,\"name\":\"Miel de Lavande 500g\"}]},{\"@type\":\"WebSite\",\"@id\":\"https:\/\/www.mielcastiza.com\/fr\/#website\",\"url\":\"https:\/\/www.mielcastiza.com\/fr\/\",\"name\":\"Miel Castiza\",\"description\":\"\",\"publisher\":{\"@id\":\"https:\/\/www.mielcastiza.com\/fr\/#organization\"},\"potentialAction\":[{\"@type\":\"SearchAction\",\"target\":{\"@type\":\"EntryPoint\",\"urlTemplate\":\"https:\/\/www.mielcastiza.com\/fr\/?s={search_term_string}\"},\"query-input\":{\"@type\":\"PropertyValueSpecification\",\"valueRequired\":true,\"valueName\":\"search_term_string\"}}],\"inLanguage\":\"fr-FR\"},{\"@type\":\"Organization\",\"@id\":\"https:\/\/www.mielcastiza.com\/fr\/#organization\",\"name\":\"Miel Castiza\",\"url\":\"https:\/\/www.mielcastiza.com\/fr\/\",\"logo\":{\"@type\":\"ImageObject\",\"inLanguage\":\"fr-FR\",\"@id\":\"https:\/\/www.mielcastiza.com\/fr\/#\/schema\/logo\/image\/\",\"url\":\"https:\/\/www.mielcastiza.com\/wp-content\/uploads\/2023\/12\/logo_beige.png\",\"contentUrl\":\"https:\/\/www.mielcastiza.com\/wp-content\/uploads\/2023\/12\/logo_beige.png\",\"width\":252,\"height\":70,\"caption\":\"Miel Castiza\"},\"image\":{\"@id\":\"https:\/\/www.mielcastiza.com\/fr\/#\/schema\/logo\/image\/\"}}]}<\/script>\n<!-- \/ Yoast SEO plugin. -->","yoast_head_json":{"title":"Miel de Lavande 500g - Miel Castiza","description":"Miel de lavande pur des champs de Castille, couleur ambre clair, go\u00fbt exquis en bouche. Consid\u00e9r\u00e9 comme l'un des meilleurs miels au monde. El\u00e9gant, complet et subtil.","robots":{"index":"index","follow":"follow","max-snippet":"max-snippet:-1","max-image-preview":"max-image-preview:large","max-video-preview":"max-video-preview:-1"},"canonical":"https:\/\/www.mielcastiza.com\/fr\/producto\/miel-de-lavande-500g\/","og_locale":"fr_FR","og_type":"article","og_title":"Miel de Lavande 500g - Miel Castiza","og_description":"Miel de lavande pur des champs de Castille, couleur ambre clair, go\u00fbt exquis en bouche. Consid\u00e9r\u00e9 comme l'un des meilleurs miels au monde. El\u00e9gant, complet et subtil.","og_url":"https:\/\/www.mielcastiza.com\/fr\/producto\/miel-de-lavande-500g\/","og_site_name":"Miel Castiza","og_image":[{"width":1365,"height":2048,"url":"https:\/\/www.mielcastiza.com\/wp-content\/uploads\/2023\/12\/Miel-Lavanda-Castiza-500g.jpg","type":"image\/jpeg"}],"twitter_card":"summary_large_image","twitter_misc":{"Dur\u00e9e de lecture estim\u00e9e":"1 minute"},"schema":{"@context":"https:\/\/schema.org","@graph":[{"@type":"WebPage","@id":"https:\/\/www.mielcastiza.com\/fr\/producto\/miel-de-lavande-500g\/","url":"https:\/\/www.mielcastiza.com\/fr\/producto\/miel-de-lavande-500g\/","name":"Miel de Lavande 500g - Miel Castiza","isPartOf":{"@id":"https:\/\/www.mielcastiza.com\/fr\/#website"},"primaryImageOfPage":{"@id":"https:\/\/www.mielcastiza.com\/fr\/producto\/miel-de-lavande-500g\/#primaryimage"},"image":{"@id":"https:\/\/www.mielcastiza.com\/fr\/producto\/miel-de-lavande-500g\/#primaryimage"},"thumbnailUrl":"https:\/\/www.mielcastiza.com\/wp-content\/uploads\/2023\/12\/Miel-Lavanda-Castiza-500g.jpg","datePublished":"2020-04-10T18:39:22+00:00","description":"Miel de lavande pur des champs de Castille, couleur ambre clair, go\u00fbt exquis en bouche. Consid\u00e9r\u00e9 comme l'un des meilleurs miels au monde. El\u00e9gant, complet et subtil.","breadcrumb":{"@id":"https:\/\/www.mielcastiza.com\/fr\/producto\/miel-de-lavande-500g\/#breadcrumb"},"inLanguage":"fr-FR","potentialAction":[{"@type":"ReadAction","target":["https:\/\/www.mielcastiza.com\/fr\/producto\/miel-de-lavande-500g\/"]}]},{"@type":"ImageObject","inLanguage":"fr-FR","@id":"https:\/\/www.mielcastiza.com\/fr\/producto\/miel-de-lavande-500g\/#primaryimage","url":"https:\/\/www.mielcastiza.com\/wp-content\/uploads\/2023\/12\/Miel-Lavanda-Castiza-500g.jpg","contentUrl":"https:\/\/www.mielcastiza.com\/wp-content\/uploads\/2023\/12\/Miel-Lavanda-Castiza-500g.jpg","width":1365,"height":2048},{"@type":"BreadcrumbList","@id":"https:\/\/www.mielcastiza.com\/fr\/producto\/miel-de-lavande-500g\/#breadcrumb","itemListElement":[{"@type":"ListItem","position":1,"name":"Portada","item":"https:\/\/www.mielcastiza.com\/fr\/"},{"@type":"ListItem","position":2,"name":"Tienda","item":"https:\/\/www.mielcastiza.com\/tienda\/"},{"@type":"ListItem","position":3,"name":"Miel de Lavande 500g"}]},{"@type":"WebSite","@id":"https:\/\/www.mielcastiza.com\/fr\/#website","url":"https:\/\/www.mielcastiza.com\/fr\/","name":"Miel Castiza","description":"","publisher":{"@id":"https:\/\/www.mielcastiza.com\/fr\/#organization"},"potentialAction":[{"@type":"SearchAction","target":{"@type":"EntryPoint","urlTemplate":"https:\/\/www.mielcastiza.com\/fr\/?s={search_term_string}"},"query-input":{"@type":"PropertyValueSpecification","valueRequired":true,"valueName":"search_term_string"}}],"inLanguage":"fr-FR"},{"@type":"Organization","@id":"https:\/\/www.mielcastiza.com\/fr\/#organization","name":"Miel Castiza","url":"https:\/\/www.mielcastiza.com\/fr\/","logo":{"@type":"ImageObject","inLanguage":"fr-FR","@id":"https:\/\/www.mielcastiza.com\/fr\/#\/schema\/logo\/image\/","url":"https:\/\/www.mielcastiza.com\/wp-content\/uploads\/2023\/12\/logo_beige.png","contentUrl":"https:\/\/www.mielcastiza.com\/wp-content\/uploads\/2023\/12\/logo_beige.png","width":252,"height":70,"caption":"Miel Castiza"},"image":{"@id":"https:\/\/www.mielcastiza.com\/fr\/#\/schema\/logo\/image\/"}}]}},"jetpack_sharing_enabled":true,"_links":{"self":[{"href":"https:\/\/www.mielcastiza.com\/fr\/wp-json\/wp\/v2\/product\/18228","targetHints":{"allow":["GET"]}}],"collection":[{"href":"https:\/\/www.mielcastiza.com\/fr\/wp-json\/wp\/v2\/product"}],"about":[{"href":"https:\/\/www.mielcastiza.com\/fr\/wp-json\/wp\/v2\/types\/product"}],"replies":[{"embeddable":true,"href":"https:\/\/www.mielcastiza.com\/fr\/wp-json\/wp\/v2\/comments?post=18228"}],"wp:featuredmedia":[{"embeddable":true,"href":"https:\/\/www.mielcastiza.com\/fr\/wp-json\/wp\/v2\/media\/17872"}],"wp:attachment":[{"href":"https:\/\/www.mielcastiza.com\/fr\/wp-json\/wp\/v2\/media?parent=18228"}],"wp:term":[{"taxonomy":"product_brand","embeddable":true,"href":"https:\/\/www.mielcastiza.com\/fr\/wp-json\/wp\/v2\/product_brand?post=18228"},{"taxonomy":"product_cat","embeddable":true,"href":"https:\/\/www.mielcastiza.com\/fr\/wp-json\/wp\/v2\/product_cat?post=18228"},{"taxonomy":"product_tag","embeddable":true,"href":"https:\/\/www.mielcastiza.com\/fr\/wp-json\/wp\/v2\/product_tag?post=18228"}],"curies":[{"name":"wp","href":"https:\/\/api.w.org\/{rel}","templated":true}]}}