{"id":19503,"date":"2020-04-10T18:29:17","date_gmt":"2020-04-10T18:29:17","guid":{"rendered":"https:\/\/mielcastiza.plesk.myfocus.es\/producto\/miel-de-foret-500g\/"},"modified":"2020-04-10T18:29:17","modified_gmt":"2020-04-10T18:29:17","slug":"miel-de-foret-500g","status":"publish","type":"product","link":"https:\/\/www.mielcastiza.com\/fr\/producto\/miel-de-foret-500g\/","title":{"rendered":"Miel de For\u00eat 500g"},"content":{"rendered":"<p>Dans la Sierra de Gredos et \u00e0 c\u00f4t\u00e9 du parc national Hoces del Durat\u00f3n \u00e0 S\u00e9govie, o\u00f9 nous avons nos ruchers en \u00e9t\u00e9 et en automne, les for\u00eats de ch\u00eanes et de ch\u00eanes verts, sous une certaine humidit\u00e9 les conditions, g\u00e9n\u00e9ralement \u00e0 partir de la mi-ao\u00fbt, ont tendance \u00e0 produire une grande quantit\u00e9 de s\u00e8ve riche en sucres. En raison d\u2019une production excessive, les arbres expulsent (exsudent) cette s\u00e8ve Cette s\u00e8ve, appel\u00e9e miellat, est ce que les abeilles collectent pour faire du miel de for\u00eat ou \u00ab miellat \u00bb.<\/p>\n<p>Ainsi, le <strong>miel de for\u00eat<\/strong> est obtenu \u00e0 partir des my\u00e9lates des fruits des arbres, principalement du ch\u00eane ou du ch\u00eane vert, mais on peut \u00e9galement trouver du ch\u00e2taignier et d\u2019autres types de nectar. comme les fabaceae, les cistaceae, certaines labiatae, la bruy\u00e8re et les ronces.<\/p>\n<p>&nbsp;<\/p>\n<p><strong>PROPRI\u00c9T\u00c9S<\/strong><\/p>\n<p>Le <strong>miel de for\u00eat<\/strong> est un produit d\u2019absorption rapide dans le corps, il devient donc rapidement de l\u2019\u00e9nergie, il fournit \u00e0 notre alimentation des min\u00e9raux tels que le fer, le potassium ou le magn\u00e9sium.<\/p>\n<p>&nbsp;<\/p>\n<p><strong>APPARIEMENT<\/strong><\/p>\n<p>Le miel de for\u00eat, en dehors de son utilisation quotidienne comme \u00e9dulcorant naturel, se marie tr\u00e8s bien avec les rago\u00fbts de viande, en particulier la viande de gibier. Nous vous recommandons de l\u2019utiliser en petites quantit\u00e9s et de toujours l\u2019ajouter dans les derni\u00e8res minutes de pr\u00e9paration du rago\u00fbt, de cette fa\u00e7on, il fournira une lumi\u00e8re mais touche savoureuse \u00e0 la viande et rehausse les ar\u00f4mes du plat pr\u00e9par\u00e9.<\/p>\n<p>&nbsp;<\/p>\n<p><strong>CARACT\u00c9RISTIQUES ORGANOLEPTIQUES: <\/strong><\/p>\n<p><strong> <\/strong><\/p>\n<ul>\n<li><strong>Couleur<\/strong>: ambre fonc\u00e9 et surface extraordinairement brillante.<\/li>\n<li><strong>Ar\u00f4me<\/strong>: floral, intense et persistant.<\/li>\n<li><strong>Go\u00fbt<\/strong>: doux, avec des notes aromatiques claires en bouche.<\/li>\n<\/ul>\n<p>&nbsp;<\/p>\n","protected":false},"excerpt":{"rendered":"<p>Dans la Sierra de Gredos et \u00e0 c\u00f4t\u00e9 du parc national Hoces del Durat\u00f3n \u00e0 S\u00e9govie, o\u00f9 nous avons nos ruchers en \u00e9t\u00e9 et en automne, les for\u00eats de ch\u00eanes et de ch\u00eanes verts, sous une certaine humidit\u00e9 les conditions, g\u00e9n\u00e9ralement \u00e0 partir de la mi-ao\u00fbt, ont tendance \u00e0 produire une grande quantit\u00e9 de s\u00e8ve &#8230; <a title=\"Miel de For\u00eat 500g\" class=\"read-more\" href=\"https:\/\/www.mielcastiza.com\/fr\/producto\/miel-de-foret-500g\/\" aria-label=\"En savoir plus sur Miel de For\u00eat 500g\">Lire la suite<\/a><\/p>\n","protected":false},"featured_media":17860,"comment_status":"open","ping_status":"closed","template":"","meta":[],"product_brand":[],"product_cat":[78],"product_tag":[97],"class_list":{"0":"post-19503","1":"product","2":"type-product","3":"status-publish","4":"has-post-thumbnail","6":"product_cat-miel-fr","7":"product_tag-miel-de-foret","9":"first","10":"outofstock","11":"sale","12":"purchasable","13":"product-type-simple"},"yoast_head":"<!-- This site is optimized with the Yoast SEO plugin v26.9 - https:\/\/yoast.com\/product\/yoast-seo-wordpress\/ -->\n<title>Miel de For\u00eat 500g - Miel Castiza<\/title>\n<meta name=\"description\" content=\"Miel de for\u00eat pur, provenant de nos ruches d&#039;Avila et de S\u00e9govie, avec du miellat de ch\u00eane, de ch\u00e2taignier et de ch\u00eane vert. Saveur persistante et couleur sombre, presque noire.\" \/>\n<meta name=\"robots\" content=\"index, follow, max-snippet:-1, max-image-preview:large, max-video-preview:-1\" \/>\n<link rel=\"canonical\" href=\"https:\/\/www.mielcastiza.com\/fr\/producto\/miel-de-foret-500g\/\" \/>\n<meta property=\"og:locale\" content=\"fr_FR\" \/>\n<meta property=\"og:type\" content=\"article\" \/>\n<meta property=\"og:title\" content=\"Miel de For\u00eat 500g - Miel Castiza\" \/>\n<meta property=\"og:description\" content=\"Miel de for\u00eat pur, provenant de nos ruches d&#039;Avila et de S\u00e9govie, avec du miellat de ch\u00eane, de ch\u00e2taignier et de ch\u00eane vert. Saveur persistante et couleur sombre, presque noire.\" \/>\n<meta property=\"og:url\" content=\"https:\/\/www.mielcastiza.com\/fr\/producto\/miel-de-foret-500g\/\" \/>\n<meta property=\"og:site_name\" content=\"Miel Castiza\" \/>\n<meta property=\"og:image\" content=\"https:\/\/www.mielcastiza.com\/wp-content\/uploads\/2023\/12\/Miel-Bosque-Castiza-500g.jpg\" \/>\n\t<meta property=\"og:image:width\" content=\"1365\" \/>\n\t<meta property=\"og:image:height\" content=\"2048\" \/>\n\t<meta property=\"og:image:type\" content=\"image\/jpeg\" \/>\n<meta name=\"twitter:card\" content=\"summary_large_image\" \/>\n<meta name=\"twitter:label1\" content=\"Dur\u00e9e de lecture estim\u00e9e\" \/>\n\t<meta name=\"twitter:data1\" content=\"2 minutes\" \/>\n<script type=\"application\/ld+json\" class=\"yoast-schema-graph\">{\"@context\":\"https:\/\/schema.org\",\"@graph\":[{\"@type\":\"WebPage\",\"@id\":\"https:\/\/www.mielcastiza.com\/fr\/producto\/miel-de-foret-500g\/\",\"url\":\"https:\/\/www.mielcastiza.com\/fr\/producto\/miel-de-foret-500g\/\",\"name\":\"Miel de For\u00eat 500g - Miel Castiza\",\"isPartOf\":{\"@id\":\"https:\/\/www.mielcastiza.com\/fr\/#website\"},\"primaryImageOfPage\":{\"@id\":\"https:\/\/www.mielcastiza.com\/fr\/producto\/miel-de-foret-500g\/#primaryimage\"},\"image\":{\"@id\":\"https:\/\/www.mielcastiza.com\/fr\/producto\/miel-de-foret-500g\/#primaryimage\"},\"thumbnailUrl\":\"https:\/\/www.mielcastiza.com\/wp-content\/uploads\/2023\/12\/Miel-Bosque-Castiza-500g.jpg\",\"datePublished\":\"2020-04-10T18:29:17+00:00\",\"description\":\"Miel de for\u00eat pur, provenant de nos ruches d'Avila et de S\u00e9govie, avec du miellat de ch\u00eane, de ch\u00e2taignier et de ch\u00eane vert. Saveur persistante et couleur sombre, presque noire.\",\"breadcrumb\":{\"@id\":\"https:\/\/www.mielcastiza.com\/fr\/producto\/miel-de-foret-500g\/#breadcrumb\"},\"inLanguage\":\"fr-FR\",\"potentialAction\":[{\"@type\":\"ReadAction\",\"target\":[\"https:\/\/www.mielcastiza.com\/fr\/producto\/miel-de-foret-500g\/\"]}]},{\"@type\":\"ImageObject\",\"inLanguage\":\"fr-FR\",\"@id\":\"https:\/\/www.mielcastiza.com\/fr\/producto\/miel-de-foret-500g\/#primaryimage\",\"url\":\"https:\/\/www.mielcastiza.com\/wp-content\/uploads\/2023\/12\/Miel-Bosque-Castiza-500g.jpg\",\"contentUrl\":\"https:\/\/www.mielcastiza.com\/wp-content\/uploads\/2023\/12\/Miel-Bosque-Castiza-500g.jpg\",\"width\":1365,\"height\":2048},{\"@type\":\"BreadcrumbList\",\"@id\":\"https:\/\/www.mielcastiza.com\/fr\/producto\/miel-de-foret-500g\/#breadcrumb\",\"itemListElement\":[{\"@type\":\"ListItem\",\"position\":1,\"name\":\"Portada\",\"item\":\"https:\/\/www.mielcastiza.com\/fr\/\"},{\"@type\":\"ListItem\",\"position\":2,\"name\":\"Tienda\",\"item\":\"https:\/\/www.mielcastiza.com\/tienda\/\"},{\"@type\":\"ListItem\",\"position\":3,\"name\":\"Miel de For\u00eat 500g\"}]},{\"@type\":\"WebSite\",\"@id\":\"https:\/\/www.mielcastiza.com\/fr\/#website\",\"url\":\"https:\/\/www.mielcastiza.com\/fr\/\",\"name\":\"Miel Castiza\",\"description\":\"\",\"publisher\":{\"@id\":\"https:\/\/www.mielcastiza.com\/fr\/#organization\"},\"potentialAction\":[{\"@type\":\"SearchAction\",\"target\":{\"@type\":\"EntryPoint\",\"urlTemplate\":\"https:\/\/www.mielcastiza.com\/fr\/?s={search_term_string}\"},\"query-input\":{\"@type\":\"PropertyValueSpecification\",\"valueRequired\":true,\"valueName\":\"search_term_string\"}}],\"inLanguage\":\"fr-FR\"},{\"@type\":\"Organization\",\"@id\":\"https:\/\/www.mielcastiza.com\/fr\/#organization\",\"name\":\"Miel Castiza\",\"url\":\"https:\/\/www.mielcastiza.com\/fr\/\",\"logo\":{\"@type\":\"ImageObject\",\"inLanguage\":\"fr-FR\",\"@id\":\"https:\/\/www.mielcastiza.com\/fr\/#\/schema\/logo\/image\/\",\"url\":\"https:\/\/www.mielcastiza.com\/wp-content\/uploads\/2023\/12\/logo_beige.png\",\"contentUrl\":\"https:\/\/www.mielcastiza.com\/wp-content\/uploads\/2023\/12\/logo_beige.png\",\"width\":252,\"height\":70,\"caption\":\"Miel Castiza\"},\"image\":{\"@id\":\"https:\/\/www.mielcastiza.com\/fr\/#\/schema\/logo\/image\/\"}}]}<\/script>\n<!-- \/ Yoast SEO plugin. -->","yoast_head_json":{"title":"Miel de For\u00eat 500g - Miel Castiza","description":"Miel de for\u00eat pur, provenant de nos ruches d'Avila et de S\u00e9govie, avec du miellat de ch\u00eane, de ch\u00e2taignier et de ch\u00eane vert. Saveur persistante et couleur sombre, presque noire.","robots":{"index":"index","follow":"follow","max-snippet":"max-snippet:-1","max-image-preview":"max-image-preview:large","max-video-preview":"max-video-preview:-1"},"canonical":"https:\/\/www.mielcastiza.com\/fr\/producto\/miel-de-foret-500g\/","og_locale":"fr_FR","og_type":"article","og_title":"Miel de For\u00eat 500g - Miel Castiza","og_description":"Miel de for\u00eat pur, provenant de nos ruches d'Avila et de S\u00e9govie, avec du miellat de ch\u00eane, de ch\u00e2taignier et de ch\u00eane vert. Saveur persistante et couleur sombre, presque noire.","og_url":"https:\/\/www.mielcastiza.com\/fr\/producto\/miel-de-foret-500g\/","og_site_name":"Miel Castiza","og_image":[{"width":1365,"height":2048,"url":"https:\/\/www.mielcastiza.com\/wp-content\/uploads\/2023\/12\/Miel-Bosque-Castiza-500g.jpg","type":"image\/jpeg"}],"twitter_card":"summary_large_image","twitter_misc":{"Dur\u00e9e de lecture estim\u00e9e":"2 minutes"},"schema":{"@context":"https:\/\/schema.org","@graph":[{"@type":"WebPage","@id":"https:\/\/www.mielcastiza.com\/fr\/producto\/miel-de-foret-500g\/","url":"https:\/\/www.mielcastiza.com\/fr\/producto\/miel-de-foret-500g\/","name":"Miel de For\u00eat 500g - Miel Castiza","isPartOf":{"@id":"https:\/\/www.mielcastiza.com\/fr\/#website"},"primaryImageOfPage":{"@id":"https:\/\/www.mielcastiza.com\/fr\/producto\/miel-de-foret-500g\/#primaryimage"},"image":{"@id":"https:\/\/www.mielcastiza.com\/fr\/producto\/miel-de-foret-500g\/#primaryimage"},"thumbnailUrl":"https:\/\/www.mielcastiza.com\/wp-content\/uploads\/2023\/12\/Miel-Bosque-Castiza-500g.jpg","datePublished":"2020-04-10T18:29:17+00:00","description":"Miel de for\u00eat pur, provenant de nos ruches d'Avila et de S\u00e9govie, avec du miellat de ch\u00eane, de ch\u00e2taignier et de ch\u00eane vert. Saveur persistante et couleur sombre, presque noire.","breadcrumb":{"@id":"https:\/\/www.mielcastiza.com\/fr\/producto\/miel-de-foret-500g\/#breadcrumb"},"inLanguage":"fr-FR","potentialAction":[{"@type":"ReadAction","target":["https:\/\/www.mielcastiza.com\/fr\/producto\/miel-de-foret-500g\/"]}]},{"@type":"ImageObject","inLanguage":"fr-FR","@id":"https:\/\/www.mielcastiza.com\/fr\/producto\/miel-de-foret-500g\/#primaryimage","url":"https:\/\/www.mielcastiza.com\/wp-content\/uploads\/2023\/12\/Miel-Bosque-Castiza-500g.jpg","contentUrl":"https:\/\/www.mielcastiza.com\/wp-content\/uploads\/2023\/12\/Miel-Bosque-Castiza-500g.jpg","width":1365,"height":2048},{"@type":"BreadcrumbList","@id":"https:\/\/www.mielcastiza.com\/fr\/producto\/miel-de-foret-500g\/#breadcrumb","itemListElement":[{"@type":"ListItem","position":1,"name":"Portada","item":"https:\/\/www.mielcastiza.com\/fr\/"},{"@type":"ListItem","position":2,"name":"Tienda","item":"https:\/\/www.mielcastiza.com\/tienda\/"},{"@type":"ListItem","position":3,"name":"Miel de For\u00eat 500g"}]},{"@type":"WebSite","@id":"https:\/\/www.mielcastiza.com\/fr\/#website","url":"https:\/\/www.mielcastiza.com\/fr\/","name":"Miel Castiza","description":"","publisher":{"@id":"https:\/\/www.mielcastiza.com\/fr\/#organization"},"potentialAction":[{"@type":"SearchAction","target":{"@type":"EntryPoint","urlTemplate":"https:\/\/www.mielcastiza.com\/fr\/?s={search_term_string}"},"query-input":{"@type":"PropertyValueSpecification","valueRequired":true,"valueName":"search_term_string"}}],"inLanguage":"fr-FR"},{"@type":"Organization","@id":"https:\/\/www.mielcastiza.com\/fr\/#organization","name":"Miel Castiza","url":"https:\/\/www.mielcastiza.com\/fr\/","logo":{"@type":"ImageObject","inLanguage":"fr-FR","@id":"https:\/\/www.mielcastiza.com\/fr\/#\/schema\/logo\/image\/","url":"https:\/\/www.mielcastiza.com\/wp-content\/uploads\/2023\/12\/logo_beige.png","contentUrl":"https:\/\/www.mielcastiza.com\/wp-content\/uploads\/2023\/12\/logo_beige.png","width":252,"height":70,"caption":"Miel Castiza"},"image":{"@id":"https:\/\/www.mielcastiza.com\/fr\/#\/schema\/logo\/image\/"}}]}},"jetpack_sharing_enabled":true,"_links":{"self":[{"href":"https:\/\/www.mielcastiza.com\/fr\/wp-json\/wp\/v2\/product\/19503","targetHints":{"allow":["GET"]}}],"collection":[{"href":"https:\/\/www.mielcastiza.com\/fr\/wp-json\/wp\/v2\/product"}],"about":[{"href":"https:\/\/www.mielcastiza.com\/fr\/wp-json\/wp\/v2\/types\/product"}],"replies":[{"embeddable":true,"href":"https:\/\/www.mielcastiza.com\/fr\/wp-json\/wp\/v2\/comments?post=19503"}],"wp:featuredmedia":[{"embeddable":true,"href":"https:\/\/www.mielcastiza.com\/fr\/wp-json\/wp\/v2\/media\/17860"}],"wp:attachment":[{"href":"https:\/\/www.mielcastiza.com\/fr\/wp-json\/wp\/v2\/media?parent=19503"}],"wp:term":[{"taxonomy":"product_brand","embeddable":true,"href":"https:\/\/www.mielcastiza.com\/fr\/wp-json\/wp\/v2\/product_brand?post=19503"},{"taxonomy":"product_cat","embeddable":true,"href":"https:\/\/www.mielcastiza.com\/fr\/wp-json\/wp\/v2\/product_cat?post=19503"},{"taxonomy":"product_tag","embeddable":true,"href":"https:\/\/www.mielcastiza.com\/fr\/wp-json\/wp\/v2\/product_tag?post=19503"}],"curies":[{"name":"wp","href":"https:\/\/api.w.org\/{rel}","templated":true}]}}