{"id":19506,"date":"2020-04-25T14:24:09","date_gmt":"2020-04-25T14:24:09","guid":{"rendered":"https:\/\/mielcastiza.plesk.myfocus.es\/producto\/miel-de-chataignier-bio\/"},"modified":"2020-04-25T14:24:09","modified_gmt":"2020-04-25T14:24:09","slug":"miel-de-chataignier-bio","status":"publish","type":"product","link":"https:\/\/www.mielcastiza.com\/fr\/producto\/miel-de-chataignier-bio\/","title":{"rendered":"Miel de ch\u00e2taignier BIO"},"content":{"rendered":"<p>R\u00e9compens\u00e9 par le Great Taste 2023 comme l&rsquo;un des meilleurs miels de ch\u00e2taigne au monde, il est le pr\u00e9f\u00e9r\u00e9 de la plupart des amateurs de miel pour son go\u00fbt particulier et spectaculaire.<\/p>\n<p>Les miels de ch\u00e2taignier sont de couleur ambre \u00e0 ambre fonc\u00e9, avec des tons clairs brun-vert qui sont plus visibles dans la zone sup\u00e9rieure, o\u00f9 le miel touche le verre du r\u00e9cipient. Ils ont un ar\u00f4me tr\u00e8s particulier, avec une composante bois\u00e9e claire, du bois sec, comme celui des bottes o\u00f9 les vins sont vieillis, et une base florale.<\/p>\n<p>Le go\u00fbt est \u00e9galement particulier, sucr\u00e9 mais l\u00e9g\u00e8rement moelleux car il a des notes sal\u00e9es claires et, s\u2019il y a une pr\u00e9sence significative de ronces, des notes acides.<\/p>\n<p>Il a peu tendance \u00e0 cristalliser, sauf si lors de la floraison du ch\u00e2taignier les abeilles ont \u00e9galement recueilli suffisamment de nectar des l\u00e9gumineuses herbac\u00e9es des prairies qui l\u2019accompagnent (tr\u00e8fles, vesces\u2026).<br \/>\n<strong><br \/>\nAPPARIEMENT:<br \/>\n<\/strong><br \/>\nComme d\u2019autres miels fonc\u00e9s aux ar\u00f4mes et aux go\u00fbts marqu\u00e9s, les miels de ch\u00e2taigne se combinent bien avec les viandes de gibier et autres, avec des desserts l\u00e9g\u00e8rement gras (cr\u00e8me glac\u00e9e, noix, p\u00e2tisseries \u00e0 l\u2019huile ou au beurre) et avec des desserts farineux.<\/p>\n<p><strong>ORGANOLEPTIQUES: <\/strong><\/p>\n<ul>\n<li>Ar\u00f4me: fort, bois\u00e9.<\/li>\n<li>Couleur: ambre tr\u00e8s fonc\u00e9<\/li>\n<li>Consistance : tr\u00e8s \u00e9paisse<\/li>\n<\/ul>\n<p>&nbsp;<\/p>\n<p><strong>ZONE DE PRODUCTION:<\/strong><\/p>\n<p>Talavera (Toledo) et Sierra Zamora<\/p>\n","protected":false},"excerpt":{"rendered":"<p>R\u00e9compens\u00e9 par le Great Taste 2023 comme l&rsquo;un des meilleurs miels de ch\u00e2taigne au monde, il est le pr\u00e9f\u00e9r\u00e9 de la plupart des amateurs de miel pour son go\u00fbt particulier et spectaculaire. Les miels de ch\u00e2taignier sont de couleur ambre \u00e0 ambre fonc\u00e9, avec des tons clairs brun-vert qui sont plus visibles dans la zone &#8230; <a title=\"Miel de ch\u00e2taignier BIO\" class=\"read-more\" href=\"https:\/\/www.mielcastiza.com\/fr\/producto\/miel-de-chataignier-bio\/\" aria-label=\"En savoir plus sur Miel de ch\u00e2taignier BIO\">Lire la suite<\/a><\/p>\n","protected":false},"featured_media":17881,"comment_status":"closed","ping_status":"closed","template":"","meta":[],"product_brand":[],"product_cat":[78],"product_tag":[],"class_list":{"0":"post-19506","1":"product","2":"type-product","3":"status-publish","4":"has-post-thumbnail","6":"product_cat-miel-fr","8":"first","9":"outofstock","10":"taxable","11":"shipping-taxable","12":"purchasable","13":"product-type-simple"},"yoast_head":"<!-- This site is optimized with the Yoast SEO plugin v26.9 - https:\/\/yoast.com\/product\/yoast-seo-wordpress\/ -->\n<title>Miel de ch\u00e2taignier BIO - Miel Castiza<\/title>\n<meta name=\"description\" content=\"Miel de ch\u00e2taignier naturel, prim\u00e9 au grand go\u00fbt 2023, au go\u00fbt sucr\u00e9 mais avec des touches sal\u00e9es et bois\u00e9es. Couleur ambre fonc\u00e9, presque noire. Naturel, brut, r\u00e9colt\u00e9 de mani\u00e8re durable dans les for\u00eats espagnoles.\" \/>\n<meta name=\"robots\" content=\"index, follow, max-snippet:-1, max-image-preview:large, max-video-preview:-1\" \/>\n<link rel=\"canonical\" href=\"https:\/\/www.mielcastiza.com\/fr\/producto\/miel-de-chataignier-bio\/\" \/>\n<meta property=\"og:locale\" content=\"fr_FR\" \/>\n<meta property=\"og:type\" content=\"article\" \/>\n<meta property=\"og:title\" content=\"Miel de ch\u00e2taignier BIO - Miel Castiza\" \/>\n<meta property=\"og:description\" content=\"Miel de ch\u00e2taignier naturel, prim\u00e9 au grand go\u00fbt 2023, au go\u00fbt sucr\u00e9 mais avec des touches sal\u00e9es et bois\u00e9es. Couleur ambre fonc\u00e9, presque noire. Naturel, brut, r\u00e9colt\u00e9 de mani\u00e8re durable dans les for\u00eats espagnoles.\" \/>\n<meta property=\"og:url\" content=\"https:\/\/www.mielcastiza.com\/fr\/producto\/miel-de-chataignier-bio\/\" \/>\n<meta property=\"og:site_name\" content=\"Miel Castiza\" \/>\n<meta property=\"og:image\" content=\"https:\/\/www.mielcastiza.com\/wp-content\/uploads\/2023\/12\/Miel-Castano-Castiza-great-taste.jpeg\" \/>\n\t<meta property=\"og:image:width\" content=\"1365\" \/>\n\t<meta property=\"og:image:height\" content=\"2048\" \/>\n\t<meta property=\"og:image:type\" content=\"image\/jpeg\" \/>\n<meta name=\"twitter:card\" content=\"summary_large_image\" \/>\n<meta name=\"twitter:label1\" content=\"Dur\u00e9e de lecture estim\u00e9e\" \/>\n\t<meta name=\"twitter:data1\" content=\"1 minute\" \/>\n<script type=\"application\/ld+json\" class=\"yoast-schema-graph\">{\"@context\":\"https:\/\/schema.org\",\"@graph\":[{\"@type\":\"WebPage\",\"@id\":\"https:\/\/www.mielcastiza.com\/fr\/producto\/miel-de-chataignier-bio\/\",\"url\":\"https:\/\/www.mielcastiza.com\/fr\/producto\/miel-de-chataignier-bio\/\",\"name\":\"Miel de ch\u00e2taignier BIO - Miel Castiza\",\"isPartOf\":{\"@id\":\"https:\/\/www.mielcastiza.com\/fr\/#website\"},\"primaryImageOfPage\":{\"@id\":\"https:\/\/www.mielcastiza.com\/fr\/producto\/miel-de-chataignier-bio\/#primaryimage\"},\"image\":{\"@id\":\"https:\/\/www.mielcastiza.com\/fr\/producto\/miel-de-chataignier-bio\/#primaryimage\"},\"thumbnailUrl\":\"https:\/\/www.mielcastiza.com\/wp-content\/uploads\/2023\/12\/Miel-Castano-Castiza-great-taste.jpeg\",\"datePublished\":\"2020-04-25T14:24:09+00:00\",\"description\":\"Miel de ch\u00e2taignier naturel, prim\u00e9 au grand go\u00fbt 2023, au go\u00fbt sucr\u00e9 mais avec des touches sal\u00e9es et bois\u00e9es. Couleur ambre fonc\u00e9, presque noire. Naturel, brut, r\u00e9colt\u00e9 de mani\u00e8re durable dans les for\u00eats espagnoles.\",\"breadcrumb\":{\"@id\":\"https:\/\/www.mielcastiza.com\/fr\/producto\/miel-de-chataignier-bio\/#breadcrumb\"},\"inLanguage\":\"fr-FR\",\"potentialAction\":[{\"@type\":\"ReadAction\",\"target\":[\"https:\/\/www.mielcastiza.com\/fr\/producto\/miel-de-chataignier-bio\/\"]}]},{\"@type\":\"ImageObject\",\"inLanguage\":\"fr-FR\",\"@id\":\"https:\/\/www.mielcastiza.com\/fr\/producto\/miel-de-chataignier-bio\/#primaryimage\",\"url\":\"https:\/\/www.mielcastiza.com\/wp-content\/uploads\/2023\/12\/Miel-Castano-Castiza-great-taste.jpeg\",\"contentUrl\":\"https:\/\/www.mielcastiza.com\/wp-content\/uploads\/2023\/12\/Miel-Castano-Castiza-great-taste.jpeg\",\"width\":1365,\"height\":2048,\"caption\":\"miel castano chestnut great taste london 2023\"},{\"@type\":\"BreadcrumbList\",\"@id\":\"https:\/\/www.mielcastiza.com\/fr\/producto\/miel-de-chataignier-bio\/#breadcrumb\",\"itemListElement\":[{\"@type\":\"ListItem\",\"position\":1,\"name\":\"Portada\",\"item\":\"https:\/\/www.mielcastiza.com\/fr\/\"},{\"@type\":\"ListItem\",\"position\":2,\"name\":\"Tienda\",\"item\":\"https:\/\/www.mielcastiza.com\/tienda\/\"},{\"@type\":\"ListItem\",\"position\":3,\"name\":\"Miel de ch\u00e2taignier BIO\"}]},{\"@type\":\"WebSite\",\"@id\":\"https:\/\/www.mielcastiza.com\/fr\/#website\",\"url\":\"https:\/\/www.mielcastiza.com\/fr\/\",\"name\":\"Miel Castiza\",\"description\":\"\",\"publisher\":{\"@id\":\"https:\/\/www.mielcastiza.com\/fr\/#organization\"},\"potentialAction\":[{\"@type\":\"SearchAction\",\"target\":{\"@type\":\"EntryPoint\",\"urlTemplate\":\"https:\/\/www.mielcastiza.com\/fr\/?s={search_term_string}\"},\"query-input\":{\"@type\":\"PropertyValueSpecification\",\"valueRequired\":true,\"valueName\":\"search_term_string\"}}],\"inLanguage\":\"fr-FR\"},{\"@type\":\"Organization\",\"@id\":\"https:\/\/www.mielcastiza.com\/fr\/#organization\",\"name\":\"Miel Castiza\",\"url\":\"https:\/\/www.mielcastiza.com\/fr\/\",\"logo\":{\"@type\":\"ImageObject\",\"inLanguage\":\"fr-FR\",\"@id\":\"https:\/\/www.mielcastiza.com\/fr\/#\/schema\/logo\/image\/\",\"url\":\"https:\/\/www.mielcastiza.com\/wp-content\/uploads\/2023\/12\/logo_beige.png\",\"contentUrl\":\"https:\/\/www.mielcastiza.com\/wp-content\/uploads\/2023\/12\/logo_beige.png\",\"width\":252,\"height\":70,\"caption\":\"Miel Castiza\"},\"image\":{\"@id\":\"https:\/\/www.mielcastiza.com\/fr\/#\/schema\/logo\/image\/\"}}]}<\/script>\n<!-- \/ Yoast SEO plugin. -->","yoast_head_json":{"title":"Miel de ch\u00e2taignier BIO - Miel Castiza","description":"Miel de ch\u00e2taignier naturel, prim\u00e9 au grand go\u00fbt 2023, au go\u00fbt sucr\u00e9 mais avec des touches sal\u00e9es et bois\u00e9es. Couleur ambre fonc\u00e9, presque noire. Naturel, brut, r\u00e9colt\u00e9 de mani\u00e8re durable dans les for\u00eats espagnoles.","robots":{"index":"index","follow":"follow","max-snippet":"max-snippet:-1","max-image-preview":"max-image-preview:large","max-video-preview":"max-video-preview:-1"},"canonical":"https:\/\/www.mielcastiza.com\/fr\/producto\/miel-de-chataignier-bio\/","og_locale":"fr_FR","og_type":"article","og_title":"Miel de ch\u00e2taignier BIO - Miel Castiza","og_description":"Miel de ch\u00e2taignier naturel, prim\u00e9 au grand go\u00fbt 2023, au go\u00fbt sucr\u00e9 mais avec des touches sal\u00e9es et bois\u00e9es. Couleur ambre fonc\u00e9, presque noire. Naturel, brut, r\u00e9colt\u00e9 de mani\u00e8re durable dans les for\u00eats espagnoles.","og_url":"https:\/\/www.mielcastiza.com\/fr\/producto\/miel-de-chataignier-bio\/","og_site_name":"Miel Castiza","og_image":[{"width":1365,"height":2048,"url":"https:\/\/www.mielcastiza.com\/wp-content\/uploads\/2023\/12\/Miel-Castano-Castiza-great-taste.jpeg","type":"image\/jpeg"}],"twitter_card":"summary_large_image","twitter_misc":{"Dur\u00e9e de lecture estim\u00e9e":"1 minute"},"schema":{"@context":"https:\/\/schema.org","@graph":[{"@type":"WebPage","@id":"https:\/\/www.mielcastiza.com\/fr\/producto\/miel-de-chataignier-bio\/","url":"https:\/\/www.mielcastiza.com\/fr\/producto\/miel-de-chataignier-bio\/","name":"Miel de ch\u00e2taignier BIO - Miel Castiza","isPartOf":{"@id":"https:\/\/www.mielcastiza.com\/fr\/#website"},"primaryImageOfPage":{"@id":"https:\/\/www.mielcastiza.com\/fr\/producto\/miel-de-chataignier-bio\/#primaryimage"},"image":{"@id":"https:\/\/www.mielcastiza.com\/fr\/producto\/miel-de-chataignier-bio\/#primaryimage"},"thumbnailUrl":"https:\/\/www.mielcastiza.com\/wp-content\/uploads\/2023\/12\/Miel-Castano-Castiza-great-taste.jpeg","datePublished":"2020-04-25T14:24:09+00:00","description":"Miel de ch\u00e2taignier naturel, prim\u00e9 au grand go\u00fbt 2023, au go\u00fbt sucr\u00e9 mais avec des touches sal\u00e9es et bois\u00e9es. Couleur ambre fonc\u00e9, presque noire. Naturel, brut, r\u00e9colt\u00e9 de mani\u00e8re durable dans les for\u00eats espagnoles.","breadcrumb":{"@id":"https:\/\/www.mielcastiza.com\/fr\/producto\/miel-de-chataignier-bio\/#breadcrumb"},"inLanguage":"fr-FR","potentialAction":[{"@type":"ReadAction","target":["https:\/\/www.mielcastiza.com\/fr\/producto\/miel-de-chataignier-bio\/"]}]},{"@type":"ImageObject","inLanguage":"fr-FR","@id":"https:\/\/www.mielcastiza.com\/fr\/producto\/miel-de-chataignier-bio\/#primaryimage","url":"https:\/\/www.mielcastiza.com\/wp-content\/uploads\/2023\/12\/Miel-Castano-Castiza-great-taste.jpeg","contentUrl":"https:\/\/www.mielcastiza.com\/wp-content\/uploads\/2023\/12\/Miel-Castano-Castiza-great-taste.jpeg","width":1365,"height":2048,"caption":"miel castano chestnut great taste london 2023"},{"@type":"BreadcrumbList","@id":"https:\/\/www.mielcastiza.com\/fr\/producto\/miel-de-chataignier-bio\/#breadcrumb","itemListElement":[{"@type":"ListItem","position":1,"name":"Portada","item":"https:\/\/www.mielcastiza.com\/fr\/"},{"@type":"ListItem","position":2,"name":"Tienda","item":"https:\/\/www.mielcastiza.com\/tienda\/"},{"@type":"ListItem","position":3,"name":"Miel de ch\u00e2taignier BIO"}]},{"@type":"WebSite","@id":"https:\/\/www.mielcastiza.com\/fr\/#website","url":"https:\/\/www.mielcastiza.com\/fr\/","name":"Miel Castiza","description":"","publisher":{"@id":"https:\/\/www.mielcastiza.com\/fr\/#organization"},"potentialAction":[{"@type":"SearchAction","target":{"@type":"EntryPoint","urlTemplate":"https:\/\/www.mielcastiza.com\/fr\/?s={search_term_string}"},"query-input":{"@type":"PropertyValueSpecification","valueRequired":true,"valueName":"search_term_string"}}],"inLanguage":"fr-FR"},{"@type":"Organization","@id":"https:\/\/www.mielcastiza.com\/fr\/#organization","name":"Miel Castiza","url":"https:\/\/www.mielcastiza.com\/fr\/","logo":{"@type":"ImageObject","inLanguage":"fr-FR","@id":"https:\/\/www.mielcastiza.com\/fr\/#\/schema\/logo\/image\/","url":"https:\/\/www.mielcastiza.com\/wp-content\/uploads\/2023\/12\/logo_beige.png","contentUrl":"https:\/\/www.mielcastiza.com\/wp-content\/uploads\/2023\/12\/logo_beige.png","width":252,"height":70,"caption":"Miel Castiza"},"image":{"@id":"https:\/\/www.mielcastiza.com\/fr\/#\/schema\/logo\/image\/"}}]}},"jetpack_sharing_enabled":true,"_links":{"self":[{"href":"https:\/\/www.mielcastiza.com\/fr\/wp-json\/wp\/v2\/product\/19506","targetHints":{"allow":["GET"]}}],"collection":[{"href":"https:\/\/www.mielcastiza.com\/fr\/wp-json\/wp\/v2\/product"}],"about":[{"href":"https:\/\/www.mielcastiza.com\/fr\/wp-json\/wp\/v2\/types\/product"}],"replies":[{"embeddable":true,"href":"https:\/\/www.mielcastiza.com\/fr\/wp-json\/wp\/v2\/comments?post=19506"}],"wp:featuredmedia":[{"embeddable":true,"href":"https:\/\/www.mielcastiza.com\/fr\/wp-json\/wp\/v2\/media\/17881"}],"wp:attachment":[{"href":"https:\/\/www.mielcastiza.com\/fr\/wp-json\/wp\/v2\/media?parent=19506"}],"wp:term":[{"taxonomy":"product_brand","embeddable":true,"href":"https:\/\/www.mielcastiza.com\/fr\/wp-json\/wp\/v2\/product_brand?post=19506"},{"taxonomy":"product_cat","embeddable":true,"href":"https:\/\/www.mielcastiza.com\/fr\/wp-json\/wp\/v2\/product_cat?post=19506"},{"taxonomy":"product_tag","embeddable":true,"href":"https:\/\/www.mielcastiza.com\/fr\/wp-json\/wp\/v2\/product_tag?post=19506"}],"curies":[{"name":"wp","href":"https:\/\/api.w.org\/{rel}","templated":true}]}}