{"id":19511,"date":"2020-04-25T14:34:41","date_gmt":"2020-04-25T14:34:41","guid":{"rendered":"https:\/\/mielcastiza.plesk.myfocus.es\/producto\/pollen-multifloral-sec-220-g\/"},"modified":"2020-04-25T14:34:41","modified_gmt":"2020-04-25T14:34:41","slug":"pollen-multifloral-sec-220-g","status":"publish","type":"product","link":"https:\/\/www.mielcastiza.com\/fr\/producto\/pollen-multifloral-sec-220-g\/","title":{"rendered":"Pollen multifloral sec 220 g."},"content":{"rendered":"<ul>\n<li>Le pollen est un produit 100% naturel issu de fleurs m\u00e9diterran\u00e9ennes.<\/li>\n<\/ul>\n<p>Si nous devions parler de vitamines, de min\u00e9raux et de glucides en un seul mot, ce serait sans aucun doute POLLEN.<\/p>\n<p>C\u2019est la plus grande source connue de vitamines, de min\u00e9raux et de glucides et contient \u00e9galement des prot\u00e9ines, des oligo-\u00e9l\u00e9ments et des enzymes qui en font un excellent compl\u00e9ment alimentaire.<\/p>\n<p>Il est n\u00e9cessaire de souligner principalement ses vertus <strong>nutritionnelles, m\u00e9taboliques et \u00e9nerg\u00e9tiques,<\/strong> parmi lesquelles:<\/p>\n<ul>\n<li>Augmentation des taux d\u2019h\u00e9moglobine dans le sang chez les personnes an\u00e9miques.<\/li>\n<li>D\u00e9toxifiant g\u00e9n\u00e9ral du corps.<\/li>\n<li>Excellent normalisateur intestinal.<\/li>\n<li>R\u00e9g\u00e9n\u00e9rateur tonique et stimulant du bien-\u00eatre et de l\u2019euphorie.<\/li>\n<li>Augmentation de la vitalit\u00e9 en g\u00e9n\u00e9ral.<\/li>\n<\/ul>\n<p>La couleur et la saveur du pollen peuvent \u00eatre aussi vari\u00e9es que les vari\u00e9t\u00e9s botaniques dont il provient. Il n\u2019est pas facile de reconna\u00eetre les pollens avec une analyse visuelle, il est donc pratiquement impossible de faire une classification par couleur ou saveur.<\/p>\n<p>En tant qu\u2019aliment naturel le <strong>plus complet connu<\/strong>, le pollen pris quotidiennement nous fournit tous les \u00e9l\u00e9ments n\u00e9cessaires pour affronter chaque jour avec \u00e9nergie et vitalit\u00e9.<\/p>\n<h3>Propri\u00e9t\u00e9s th\u00e9rapeutiques du pollen.<\/h3>\n<ul>\n<li>Le pollen a un grand pouvoir de croissance, d\u2019\u00e9quilibre et d\u2019\u00e9nergie.<\/li>\n<li>C\u2019est une substance antitoxique, cytophylactique et bact\u00e9ricide, antiseptique et r\u00e9g\u00e9n\u00e8re la flore intestinale. R\u00e9gularise les fonctions digestives, stimule l\u2019app\u00e9tit et le p\u00e9ristaltisme intestinal, le pancr\u00e9as et la v\u00e9sicule biliaire de billard.<\/li>\n<li>Il \u00e9quilibre le pH du sang et le fonctionnement du syst\u00e8me nerveux, d\u00e9cuple les ph\u00e9nom\u00e8nes h\u00e9matoglobulaires et produit du sang.<\/li>\n<li>Le facteur de revitalisation favorise l\u2019assimilation et recharge les accumulateurs visc\u00e9raux \u00e9puis\u00e9s.<\/li>\n<li>Il compense les carences min\u00e9rales et \u00e9lectromagn\u00e9tiques, stimule le m\u00e9tabolisme, augmente la r\u00e9sistance vasculaire, pr\u00e9vient la fatigue, \u00e9tend la force vitale et les immunit\u00e9s naturelles, et rajeunit les tissus.<\/li>\n<li>Il potentialise le cerveau et am\u00e9liore l\u2019intellect.<\/li>\n<li>Il augmente l\u2019immunit\u00e9 du corps contre les infections, prolonge la jeunesse et inhibe les formations canc\u00e9reuses.<\/li>\n<li>Il est protecteur pour les patients canc\u00e9reux subissant un traitement de chimioth\u00e9rapie et de radioth\u00e9rapie.<\/li>\n<li>Il r\u00e9gule le fonctionnement du foie; cet effet est d\u00fb \u00e0 sa teneur \u00e9lev\u00e9e en m\u00e9thionine, qui augmente la concentration de triglyc\u00e9rides.<\/li>\n<li>Il agit sur l\u2019activit\u00e9 de la triglyc\u00e9ride lipase et augmente l\u2019activit\u00e9 enzymatique.<\/li>\n<li>Le pollen a un effet inhibiteur sur l\u2019inflammation avec \u0153d\u00e8me.<\/li>\n<\/ul>\n<p>On sait tr\u00e8s peu de choses sur ce complexe unique de substances. En plus du r\u00f4le jou\u00e9 par ses vitamines (dont certaines n\u2019ont pas encore \u00e9t\u00e9 identifi\u00e9es).<br \/>\nSon composant le plus important est la prot\u00e9ine. En particulier, la diastase est importante, qui r\u00e9gule et active les processus vitaux de l\u2019organisme. Pour cette raison, nous pouvons comparer l\u2019action du pollen et de la gel\u00e9e royale, ils d\u00e9veloppent un sentiment de jeunesse \u00e9ternelle et d\u2019euphorie. La boisson de l\u2019immortalit\u00e9 des anciens dieux grecs, l\u2019ambroisie (un m\u00e9lange de miel et de pollen), est une source de pouvoir in\u00e9puisable pour l\u2019organisme humain.<br \/>\nLes effets sp\u00e9cifiques sur les hommes et les femmes sont dus \u00e0 la pr\u00e9sence d\u2019hormones. On sait que les hormones v\u00e9g\u00e9tales n\u2019ont pas d\u2019effets secondaires, ne causent aucun inconv\u00e9nient et ont la capacit\u00e9 \u00e9tonnante de r\u00e9guler les s\u00e9cr\u00e9tions de les glandes endocrines. C\u2019est pourquoi c\u2019est le seul nutriment connu pour la prostate. Son utilisation r\u00e9guli\u00e8re rajeunit cet organe glandulaire masculin, si 24 gr. (une cuill\u00e8re \u00e0 soupe tass\u00e9e).<br \/>\nDe m\u00eame, son utilisation <strong>augmente la puissance sexuelle<\/strong> et s\u2019est av\u00e9r\u00e9e tr\u00e8s efficace en cas d\u2019impuissance.<br \/>\nChez les femmes , il est utile pour la frigidit\u00e9. M\u00e9lang\u00e9 avec de la gel\u00e9e royale et du miel, il est utilis\u00e9 pour am\u00e9liorer le travail et pr\u00e9venir les s\u00e9quelles du facteur Rh n\u00e9gatif.<br \/>\nDans les \u00e9tats d\u00e9pressifs, l\u2019anxi\u00e9t\u00e9 et l\u2019alcoolisme, une quantit\u00e9 de 0,8-4,0 gr est recommand\u00e9e.<br \/>\nIl exerce une action r\u00e9gulatrice sur les fonctions intestinales chez les patients souffrant de constipation chronique, ou, au contraire, de diarrh\u00e9e chronique d\u2019origine interne, r\u00e9sistante aux antibiotiques.<br \/>\nDans le cas des enfants an\u00e9miques, le pollen provoque une augmentation rapide du taux d\u2019h\u00e9moglobine dans le sang. Il produit \u00e9galement une augmentation rapide du poids et de la force chez les convalescents et est un euphorisant notoire.<br \/>\nD\u2019autres utilisations m\u00e9dicinales sont sa valeur en cas d\u2019an\u00e9mie pernicieuse et pour r\u00e9guler le fonctionnement de l\u2019ensemble du syst\u00e8me digestif, r\u00e9duire la pression art\u00e9rielle, am\u00e9liorer la capacit\u00e9 de travail, augmenter le nombre d\u2019h\u00e9moglobine, favorise le fonctionnement du syst\u00e8me nerveux et de la prostate, ainsi que pour soulager l\u2019insomnie.<br \/>\nChez les athl\u00e8tes, dont le r\u00e9gime alimentaire normal est de 3 500 cal. tous les jours, un suppl\u00e9ment de 765-785 cal. \u00e0 travers un m\u00e9lange contenant 175-200 gr. de miel et 50-58 gr. de pollen quotidien par individu.<br \/>\nEn bref : le pollen <strong>tonifie, stimule, r\u00e9\u00e9quilibre et d\u00e9toxifie.<\/strong><\/p>\n<h2>Dosage, consommation et pr\u00e9cautions<\/h2>\n<h3>Dose:<\/h3>\n<p>Pour commencer, il est pratique de savoir calculer le poids du pollen en cuill\u00e8res \u00e0 soupe:<br \/>\n1 cuill\u00e8re \u00e0 caf\u00e9 de niveau de caf\u00e9: 5 gr de pollen sec.<br \/>\n1 cuill\u00e8re \u00e0 caf\u00e9 de caf\u00e9 entass\u00e9e: 8 gr de pollen sec.<br \/>\n1 cuill\u00e8re \u00e0 caf\u00e9 de dessert plat: 10 gr de pollen sec.<br \/>\n1 cuill\u00e8re \u00e0 dessert tass\u00e9e: 15 gr de pollen sec.<br \/>\n1 cuill\u00e8re \u00e0 soupe sur deux: 15 gr de pollen sec..<br \/>\n1 cuill\u00e8re \u00e0 soupe tass\u00e9e: 25 gr de pollen sec.<\/p>\n<p>De cette mani\u00e8re simple, nous pouvons conna\u00eetre les doses th\u00e9rapeutiques et d\u2019entretien, calcul\u00e9es en grammes et en cuill\u00e8res \u00e0 soupe.<br \/>\nAdultes:<br \/>\nDose th\u00e9rapeutique quotidienne : 32 g (4 cuill\u00e8res \u00e0 caf\u00e9 tass\u00e9es)<br \/>\nDose d\u2019entretien: 20 g (2 cuill\u00e8res \u00e0 dessert de niveau)<br \/>\nEnfants de 3 \u00e0 5 ans:<br \/>\nDose th\u00e9rapeutique quotidienne: 12 g (a un peu moins qu\u2019une cuiller\u00e9e \u00e0 dessert entass\u00e9e)<br \/>\nEnfants de 6 \u00e0 12 ans:<br \/>\nDose th\u00e9rapeutique quotidienne: 16 gr (un peu plus d\u2019une cuill\u00e8re \u00e0 soupe de niveau)<br \/>\nEnfants plus de 12 ans:<br \/>\nDose th\u00e9rapeutique quotidienne: 20 gr (2 cuill\u00e8res \u00e0 dessert de niveau)<\/p>\n<p>Il est recommand\u00e9 de prendre du pollen pendant 20 jours et de se reposer pendant 10 jours, en r\u00e9p\u00e9tant la m\u00eame chose tous les mois au besoin. Cela suffirait \u00e0 restaurer la sant\u00e9, la vigueur et le dynamisme.<\/p>\n<h3>Consommation.<\/h3>\n<p>Le moment le plus favorable pour prendre du pollen semble \u00eatre le matin, avant le petit d\u00e9jeuner.<br \/>\nIl est conseill\u00e9 de broyer le pollen avant la consommation, cela peut \u00eatre fait avec n\u2019importe quel broyeur que nous avons \u00e0 la maison.<\/p>\n<p>Le go\u00fbt du pollen varie consid\u00e9rablement en fonction des fleurs o\u00f9 il a \u00e9t\u00e9 collect\u00e9. Il peut \u00eatre pris nature, mais si son go\u00fbt nous d\u00e9pla\u00eet, nous pouvons le prendre avec n\u2019importe quel type de liquide. Il peut \u00eatre m\u00e9lang\u00e9 avec du lait, du caf\u00e9 avec du lait, du lait avec du cacao, des yaourts, des jus de fruits, etc.<\/p>\n<p>Une bonne coutume, qui a malheureusement d\u00e9j\u00e0 \u00e9t\u00e9 perdue, est de pr\u00e9parer pour le petit d\u00e9jeuner ou une collation, une bonne tranche de pain \u00e0 tartiner au miel, \u00e0 laquelle nous ajouterons un bon couche de pollen; d\u00e9licieusement nutritif.<\/p>\n<h3>Pr\u00e9cautions.<\/h3>\n<p>Il n\u2019y a pas de contre-indications connues, de sorte que le pollen peut \u00eatre r\u00e9pandu dans le monde entier.<br \/>\nLa seule exception est celle des personnes allergiques, par mesure de pr\u00e9caution, il est n\u00e9cessaire de commencer par prendre une petite quantit\u00e9 jusqu\u2019\u00e0 ce que la tol\u00e9rance soit assur\u00e9e chez les personnes qui peuvent avez une allergie aux produits d\u00e9riv\u00e9s des abeilles ou souffrez d\u2019asthme.<\/p>\n<p>Les personnes allergiques peuvent devenir d\u00e9sensibilis\u00e9es en commen\u00e7ant \u00e0 prendre de tr\u00e8s petites doses, qui seront ensuite augment\u00e9es jusqu\u2019\u00e0 ce qu\u2019une tol\u00e9rance normale au pollen soit atteinte.<\/p>\n<p>Comment v\u00e9rifier si vous avez une allergie au pollen.<br \/>\nC\u2019est facile et simple: placez quelques grains de pollen dans le pli du coude (la partie interne) et mettez un pansement ou un pansement et laissez-le pour un quelques heures. Si, au fil des heures, vous avez une r\u00e9action allergique (elle devient rouge et d\u00e9mange)\u2026 cela signifie que vous \u00eates allergique et dans ce cas, il est recommand\u00e9 de consulter un m\u00e9decin avant de prendre le pollen par voie orale. S\u2019il n\u2019y a pas de r\u00e9action, cela signifie que tout va bien.<\/p>\n","protected":false},"excerpt":{"rendered":"<p>Le pollen est un produit 100% naturel issu de fleurs m\u00e9diterran\u00e9ennes. Si nous devions parler de vitamines, de min\u00e9raux et de glucides en un seul mot, ce serait sans aucun doute POLLEN. C\u2019est la plus grande source connue de vitamines, de min\u00e9raux et de glucides et contient \u00e9galement des prot\u00e9ines, des oligo-\u00e9l\u00e9ments et des enzymes &#8230; <a title=\"Pollen multifloral sec 220 g.\" class=\"read-more\" href=\"https:\/\/www.mielcastiza.com\/fr\/producto\/pollen-multifloral-sec-220-g\/\" aria-label=\"En savoir plus sur Pollen multifloral sec 220 g.\">Lire la suite<\/a><\/p>\n","protected":false},"featured_media":18172,"comment_status":"closed","ping_status":"closed","template":"","meta":[],"product_brand":[],"product_cat":[81],"product_tag":[],"class_list":{"0":"post-19511","1":"product","2":"type-product","3":"status-publish","4":"has-post-thumbnail","6":"product_cat-pollen-fr","8":"first","9":"outofstock","10":"sale","11":"taxable","12":"shipping-taxable","13":"purchasable","14":"product-type-simple"},"yoast_head":"<!-- This site is optimized with the Yoast SEO plugin v26.9 - https:\/\/yoast.com\/product\/yoast-seo-wordpress\/ -->\n<title>Pollen multifloral sec 220 g. - Miel Castiza<\/title>\n<meta name=\"robots\" content=\"index, follow, max-snippet:-1, max-image-preview:large, max-video-preview:-1\" \/>\n<link rel=\"canonical\" href=\"https:\/\/www.mielcastiza.com\/fr\/producto\/pollen-multifloral-sec-220-g\/\" \/>\n<meta property=\"og:locale\" content=\"fr_FR\" \/>\n<meta property=\"og:type\" content=\"article\" \/>\n<meta property=\"og:title\" content=\"Pollen multifloral sec 220 g. - Miel Castiza\" \/>\n<meta property=\"og:description\" content=\"Le pollen est un produit 100% naturel issu de fleurs m\u00e9diterran\u00e9ennes. Si nous devions parler de vitamines, de min\u00e9raux et de glucides en un seul mot, ce serait sans aucun doute POLLEN. C\u2019est la plus grande source connue de vitamines, de min\u00e9raux et de glucides et contient \u00e9galement des prot\u00e9ines, des oligo-\u00e9l\u00e9ments et des enzymes ... Lire la suite\" \/>\n<meta property=\"og:url\" content=\"https:\/\/www.mielcastiza.com\/fr\/producto\/pollen-multifloral-sec-220-g\/\" \/>\n<meta property=\"og:site_name\" content=\"Miel Castiza\" \/>\n<meta property=\"og:image\" content=\"https:\/\/www.mielcastiza.com\/wp-content\/uploads\/2024\/01\/Packaging-polen2474-rdm.jpg\" \/>\n\t<meta property=\"og:image:width\" content=\"1365\" \/>\n\t<meta property=\"og:image:height\" content=\"2048\" \/>\n\t<meta property=\"og:image:type\" content=\"image\/jpeg\" \/>\n<meta name=\"twitter:card\" content=\"summary_large_image\" \/>\n<meta name=\"twitter:label1\" content=\"Dur\u00e9e de lecture estim\u00e9e\" \/>\n\t<meta name=\"twitter:data1\" content=\"7 minutes\" \/>\n<script type=\"application\/ld+json\" class=\"yoast-schema-graph\">{\"@context\":\"https:\/\/schema.org\",\"@graph\":[{\"@type\":\"WebPage\",\"@id\":\"https:\/\/www.mielcastiza.com\/fr\/producto\/pollen-multifloral-sec-220-g\/\",\"url\":\"https:\/\/www.mielcastiza.com\/fr\/producto\/pollen-multifloral-sec-220-g\/\",\"name\":\"Pollen multifloral sec 220 g. - Miel Castiza\",\"isPartOf\":{\"@id\":\"https:\/\/www.mielcastiza.com\/fr\/#website\"},\"primaryImageOfPage\":{\"@id\":\"https:\/\/www.mielcastiza.com\/fr\/producto\/pollen-multifloral-sec-220-g\/#primaryimage\"},\"image\":{\"@id\":\"https:\/\/www.mielcastiza.com\/fr\/producto\/pollen-multifloral-sec-220-g\/#primaryimage\"},\"thumbnailUrl\":\"https:\/\/www.mielcastiza.com\/wp-content\/uploads\/2024\/01\/Packaging-polen2474-rdm.jpg\",\"datePublished\":\"2020-04-25T14:34:41+00:00\",\"breadcrumb\":{\"@id\":\"https:\/\/www.mielcastiza.com\/fr\/producto\/pollen-multifloral-sec-220-g\/#breadcrumb\"},\"inLanguage\":\"fr-FR\",\"potentialAction\":[{\"@type\":\"ReadAction\",\"target\":[\"https:\/\/www.mielcastiza.com\/fr\/producto\/pollen-multifloral-sec-220-g\/\"]}]},{\"@type\":\"ImageObject\",\"inLanguage\":\"fr-FR\",\"@id\":\"https:\/\/www.mielcastiza.com\/fr\/producto\/pollen-multifloral-sec-220-g\/#primaryimage\",\"url\":\"https:\/\/www.mielcastiza.com\/wp-content\/uploads\/2024\/01\/Packaging-polen2474-rdm.jpg\",\"contentUrl\":\"https:\/\/www.mielcastiza.com\/wp-content\/uploads\/2024\/01\/Packaging-polen2474-rdm.jpg\",\"width\":1365,\"height\":2048},{\"@type\":\"BreadcrumbList\",\"@id\":\"https:\/\/www.mielcastiza.com\/fr\/producto\/pollen-multifloral-sec-220-g\/#breadcrumb\",\"itemListElement\":[{\"@type\":\"ListItem\",\"position\":1,\"name\":\"Portada\",\"item\":\"https:\/\/www.mielcastiza.com\/fr\/\"},{\"@type\":\"ListItem\",\"position\":2,\"name\":\"Tienda\",\"item\":\"https:\/\/www.mielcastiza.com\/tienda\/\"},{\"@type\":\"ListItem\",\"position\":3,\"name\":\"Pollen multifloral sec 220 g.\"}]},{\"@type\":\"WebSite\",\"@id\":\"https:\/\/www.mielcastiza.com\/fr\/#website\",\"url\":\"https:\/\/www.mielcastiza.com\/fr\/\",\"name\":\"Miel Castiza\",\"description\":\"\",\"publisher\":{\"@id\":\"https:\/\/www.mielcastiza.com\/fr\/#organization\"},\"potentialAction\":[{\"@type\":\"SearchAction\",\"target\":{\"@type\":\"EntryPoint\",\"urlTemplate\":\"https:\/\/www.mielcastiza.com\/fr\/?s={search_term_string}\"},\"query-input\":{\"@type\":\"PropertyValueSpecification\",\"valueRequired\":true,\"valueName\":\"search_term_string\"}}],\"inLanguage\":\"fr-FR\"},{\"@type\":\"Organization\",\"@id\":\"https:\/\/www.mielcastiza.com\/fr\/#organization\",\"name\":\"Miel Castiza\",\"url\":\"https:\/\/www.mielcastiza.com\/fr\/\",\"logo\":{\"@type\":\"ImageObject\",\"inLanguage\":\"fr-FR\",\"@id\":\"https:\/\/www.mielcastiza.com\/fr\/#\/schema\/logo\/image\/\",\"url\":\"https:\/\/www.mielcastiza.com\/wp-content\/uploads\/2023\/12\/logo_beige.png\",\"contentUrl\":\"https:\/\/www.mielcastiza.com\/wp-content\/uploads\/2023\/12\/logo_beige.png\",\"width\":252,\"height\":70,\"caption\":\"Miel Castiza\"},\"image\":{\"@id\":\"https:\/\/www.mielcastiza.com\/fr\/#\/schema\/logo\/image\/\"}}]}<\/script>\n<!-- \/ Yoast SEO plugin. -->","yoast_head_json":{"title":"Pollen multifloral sec 220 g. - Miel Castiza","robots":{"index":"index","follow":"follow","max-snippet":"max-snippet:-1","max-image-preview":"max-image-preview:large","max-video-preview":"max-video-preview:-1"},"canonical":"https:\/\/www.mielcastiza.com\/fr\/producto\/pollen-multifloral-sec-220-g\/","og_locale":"fr_FR","og_type":"article","og_title":"Pollen multifloral sec 220 g. - Miel Castiza","og_description":"Le pollen est un produit 100% naturel issu de fleurs m\u00e9diterran\u00e9ennes. Si nous devions parler de vitamines, de min\u00e9raux et de glucides en un seul mot, ce serait sans aucun doute POLLEN. C\u2019est la plus grande source connue de vitamines, de min\u00e9raux et de glucides et contient \u00e9galement des prot\u00e9ines, des oligo-\u00e9l\u00e9ments et des enzymes ... Lire la suite","og_url":"https:\/\/www.mielcastiza.com\/fr\/producto\/pollen-multifloral-sec-220-g\/","og_site_name":"Miel Castiza","og_image":[{"width":1365,"height":2048,"url":"https:\/\/www.mielcastiza.com\/wp-content\/uploads\/2024\/01\/Packaging-polen2474-rdm.jpg","type":"image\/jpeg"}],"twitter_card":"summary_large_image","twitter_misc":{"Dur\u00e9e de lecture estim\u00e9e":"7 minutes"},"schema":{"@context":"https:\/\/schema.org","@graph":[{"@type":"WebPage","@id":"https:\/\/www.mielcastiza.com\/fr\/producto\/pollen-multifloral-sec-220-g\/","url":"https:\/\/www.mielcastiza.com\/fr\/producto\/pollen-multifloral-sec-220-g\/","name":"Pollen multifloral sec 220 g. - Miel Castiza","isPartOf":{"@id":"https:\/\/www.mielcastiza.com\/fr\/#website"},"primaryImageOfPage":{"@id":"https:\/\/www.mielcastiza.com\/fr\/producto\/pollen-multifloral-sec-220-g\/#primaryimage"},"image":{"@id":"https:\/\/www.mielcastiza.com\/fr\/producto\/pollen-multifloral-sec-220-g\/#primaryimage"},"thumbnailUrl":"https:\/\/www.mielcastiza.com\/wp-content\/uploads\/2024\/01\/Packaging-polen2474-rdm.jpg","datePublished":"2020-04-25T14:34:41+00:00","breadcrumb":{"@id":"https:\/\/www.mielcastiza.com\/fr\/producto\/pollen-multifloral-sec-220-g\/#breadcrumb"},"inLanguage":"fr-FR","potentialAction":[{"@type":"ReadAction","target":["https:\/\/www.mielcastiza.com\/fr\/producto\/pollen-multifloral-sec-220-g\/"]}]},{"@type":"ImageObject","inLanguage":"fr-FR","@id":"https:\/\/www.mielcastiza.com\/fr\/producto\/pollen-multifloral-sec-220-g\/#primaryimage","url":"https:\/\/www.mielcastiza.com\/wp-content\/uploads\/2024\/01\/Packaging-polen2474-rdm.jpg","contentUrl":"https:\/\/www.mielcastiza.com\/wp-content\/uploads\/2024\/01\/Packaging-polen2474-rdm.jpg","width":1365,"height":2048},{"@type":"BreadcrumbList","@id":"https:\/\/www.mielcastiza.com\/fr\/producto\/pollen-multifloral-sec-220-g\/#breadcrumb","itemListElement":[{"@type":"ListItem","position":1,"name":"Portada","item":"https:\/\/www.mielcastiza.com\/fr\/"},{"@type":"ListItem","position":2,"name":"Tienda","item":"https:\/\/www.mielcastiza.com\/tienda\/"},{"@type":"ListItem","position":3,"name":"Pollen multifloral sec 220 g."}]},{"@type":"WebSite","@id":"https:\/\/www.mielcastiza.com\/fr\/#website","url":"https:\/\/www.mielcastiza.com\/fr\/","name":"Miel Castiza","description":"","publisher":{"@id":"https:\/\/www.mielcastiza.com\/fr\/#organization"},"potentialAction":[{"@type":"SearchAction","target":{"@type":"EntryPoint","urlTemplate":"https:\/\/www.mielcastiza.com\/fr\/?s={search_term_string}"},"query-input":{"@type":"PropertyValueSpecification","valueRequired":true,"valueName":"search_term_string"}}],"inLanguage":"fr-FR"},{"@type":"Organization","@id":"https:\/\/www.mielcastiza.com\/fr\/#organization","name":"Miel Castiza","url":"https:\/\/www.mielcastiza.com\/fr\/","logo":{"@type":"ImageObject","inLanguage":"fr-FR","@id":"https:\/\/www.mielcastiza.com\/fr\/#\/schema\/logo\/image\/","url":"https:\/\/www.mielcastiza.com\/wp-content\/uploads\/2023\/12\/logo_beige.png","contentUrl":"https:\/\/www.mielcastiza.com\/wp-content\/uploads\/2023\/12\/logo_beige.png","width":252,"height":70,"caption":"Miel Castiza"},"image":{"@id":"https:\/\/www.mielcastiza.com\/fr\/#\/schema\/logo\/image\/"}}]}},"jetpack_sharing_enabled":true,"_links":{"self":[{"href":"https:\/\/www.mielcastiza.com\/fr\/wp-json\/wp\/v2\/product\/19511","targetHints":{"allow":["GET"]}}],"collection":[{"href":"https:\/\/www.mielcastiza.com\/fr\/wp-json\/wp\/v2\/product"}],"about":[{"href":"https:\/\/www.mielcastiza.com\/fr\/wp-json\/wp\/v2\/types\/product"}],"replies":[{"embeddable":true,"href":"https:\/\/www.mielcastiza.com\/fr\/wp-json\/wp\/v2\/comments?post=19511"}],"wp:featuredmedia":[{"embeddable":true,"href":"https:\/\/www.mielcastiza.com\/fr\/wp-json\/wp\/v2\/media\/18172"}],"wp:attachment":[{"href":"https:\/\/www.mielcastiza.com\/fr\/wp-json\/wp\/v2\/media?parent=19511"}],"wp:term":[{"taxonomy":"product_brand","embeddable":true,"href":"https:\/\/www.mielcastiza.com\/fr\/wp-json\/wp\/v2\/product_brand?post=19511"},{"taxonomy":"product_cat","embeddable":true,"href":"https:\/\/www.mielcastiza.com\/fr\/wp-json\/wp\/v2\/product_cat?post=19511"},{"taxonomy":"product_tag","embeddable":true,"href":"https:\/\/www.mielcastiza.com\/fr\/wp-json\/wp\/v2\/product_tag?post=19511"}],"curies":[{"name":"wp","href":"https:\/\/api.w.org\/{rel}","templated":true}]}}