{"id":19517,"date":"2021-03-10T16:29:36","date_gmt":"2021-03-10T16:29:36","guid":{"rendered":"https:\/\/mielcastiza.plesk.myfocus.es\/producto\/huile-dolive-extra-vierge-verte-et-amen-picual\/"},"modified":"2021-03-10T16:29:36","modified_gmt":"2021-03-10T16:29:36","slug":"huile-dolive-extra-vierge-verte-et-amen-picual","status":"publish","type":"product","link":"https:\/\/www.mielcastiza.com\/fr\/producto\/huile-dolive-extra-vierge-verte-et-amen-picual\/","title":{"rendered":"Huile d\u2019olive extra vierge verte et Amen \u2013 Picual"},"content":{"rendered":"<p>Huile d\u2019olive extra vierge de cat\u00e9gorie sup\u00e9rieure obtenue directement \u00e0 partir d\u2019olives par un processus \u00e0 froid et uniquement avec des proc\u00e9dures m\u00e9caniques. R\u00e9colt\u00e9 en octobre, \u00e0 partir d\u2019oliviers picual sous le soin optimal de notre environnement et en suivant les contr\u00f4les de qualit\u00e9 et les protocoles les plus stricts. En cons\u00e9quence, un EVOO \u00e9nergique, intense, \u00e9pic\u00e9 et l\u00e9g\u00e8rement amer avec une couleur extraordinairement verte. Il pr\u00e9sente un haut niveau de fruit\u00e9 avec des ar\u00f4mes herbac\u00e9s, tels que la feuille d\u2019olivier, l\u2019herbe, le figuier, la tomate et le plant de tomate.<\/p>\n<p>C\u2019est une huile cors\u00e9e et puissante, donc une petite quantit\u00e9 sur une assiette fait conna\u00eetre sa pr\u00e9sence. Il est recommand\u00e9 pour les recettes froides dans lesquelles vous voulez am\u00e9liorer la saveur et ajouter une touche particuli\u00e8re au plat, comme les salades , les p\u00e2tes molles, les petits d\u00e9jeuners ou Pizzas. De plus, ce jus d\u2019olive est l\u2019un des plus stables \u00e0 l\u2019oxydation, c\u2019est pourquoi il est le plus recommand\u00e9 pour le fromage en conserve ou la saucisse et pour utiliser en cuisine ou cru. Puisqu\u2019il conserve ses propri\u00e9t\u00e9s \u00e0 diff\u00e9rentes temp\u00e9ratures.<\/p>\n<p>Emball\u00e9 dans une bouteille en verre de 500 ml qui est 100% recyclable, avec un impact minimal sur l\u2019environnement.<\/p>\n","protected":false},"excerpt":{"rendered":"<p>Huile d\u2019olive extra vierge de cat\u00e9gorie sup\u00e9rieure obtenue directement \u00e0 partir d\u2019olives par un processus \u00e0 froid et uniquement avec des proc\u00e9dures m\u00e9caniques. R\u00e9colt\u00e9 en octobre, \u00e0 partir d\u2019oliviers picual sous le soin optimal de notre environnement et en suivant les contr\u00f4les de qualit\u00e9 et les protocoles les plus stricts. En cons\u00e9quence, un EVOO \u00e9nergique, &#8230; <a title=\"Huile d\u2019olive extra vierge verte et Amen \u2013 Picual\" class=\"read-more\" href=\"https:\/\/www.mielcastiza.com\/fr\/producto\/huile-dolive-extra-vierge-verte-et-amen-picual\/\" aria-label=\"En savoir plus sur Huile d\u2019olive extra vierge verte et Amen \u2013 Picual\">Lire la suite<\/a><\/p>\n","protected":false},"featured_media":18180,"comment_status":"closed","ping_status":"closed","template":"","meta":[],"product_brand":[],"product_cat":[109],"product_tag":[],"class_list":{"0":"post-19517","1":"product","2":"type-product","3":"status-publish","4":"has-post-thumbnail","6":"product_cat-huile","8":"first","9":"outofstock","10":"sale","11":"taxable","12":"shipping-taxable","13":"purchasable","14":"product-type-simple"},"yoast_head":"<!-- This site is optimized with the Yoast SEO plugin v26.9 - https:\/\/yoast.com\/product\/yoast-seo-wordpress\/ -->\n<title>Huile d\u2019olive extra vierge verte et Amen \u2013 Picual - Miel Castiza<\/title>\n<meta name=\"robots\" content=\"index, follow, max-snippet:-1, max-image-preview:large, max-video-preview:-1\" \/>\n<link rel=\"canonical\" href=\"https:\/\/www.mielcastiza.com\/fr\/producto\/huile-dolive-extra-vierge-verte-et-amen-picual\/\" \/>\n<meta property=\"og:locale\" content=\"fr_FR\" \/>\n<meta property=\"og:type\" content=\"article\" \/>\n<meta property=\"og:title\" content=\"Huile d\u2019olive extra vierge verte et Amen \u2013 Picual - Miel Castiza\" \/>\n<meta property=\"og:description\" content=\"Huile d\u2019olive extra vierge de cat\u00e9gorie sup\u00e9rieure obtenue directement \u00e0 partir d\u2019olives par un processus \u00e0 froid et uniquement avec des proc\u00e9dures m\u00e9caniques. R\u00e9colt\u00e9 en octobre, \u00e0 partir d\u2019oliviers picual sous le soin optimal de notre environnement et en suivant les contr\u00f4les de qualit\u00e9 et les protocoles les plus stricts. En cons\u00e9quence, un EVOO \u00e9nergique, ... Lire la suite\" \/>\n<meta property=\"og:url\" content=\"https:\/\/www.mielcastiza.com\/fr\/producto\/huile-dolive-extra-vierge-verte-et-amen-picual\/\" \/>\n<meta property=\"og:site_name\" content=\"Miel Castiza\" \/>\n<meta property=\"og:image\" content=\"https:\/\/www.mielcastiza.com\/wp-content\/uploads\/2024\/01\/Aceite-verde-y-amen-familia-corbel-picual-rdm.jpg\" \/>\n\t<meta property=\"og:image:width\" content=\"1365\" \/>\n\t<meta property=\"og:image:height\" content=\"2048\" \/>\n\t<meta property=\"og:image:type\" content=\"image\/jpeg\" \/>\n<meta name=\"twitter:card\" content=\"summary_large_image\" \/>\n<meta name=\"twitter:label1\" content=\"Dur\u00e9e de lecture estim\u00e9e\" \/>\n\t<meta name=\"twitter:data1\" content=\"1 minute\" \/>\n<script type=\"application\/ld+json\" class=\"yoast-schema-graph\">{\"@context\":\"https:\/\/schema.org\",\"@graph\":[{\"@type\":\"WebPage\",\"@id\":\"https:\/\/www.mielcastiza.com\/fr\/producto\/huile-dolive-extra-vierge-verte-et-amen-picual\/\",\"url\":\"https:\/\/www.mielcastiza.com\/fr\/producto\/huile-dolive-extra-vierge-verte-et-amen-picual\/\",\"name\":\"Huile d\u2019olive extra vierge verte et Amen \u2013 Picual - Miel Castiza\",\"isPartOf\":{\"@id\":\"https:\/\/www.mielcastiza.com\/fr\/#website\"},\"primaryImageOfPage\":{\"@id\":\"https:\/\/www.mielcastiza.com\/fr\/producto\/huile-dolive-extra-vierge-verte-et-amen-picual\/#primaryimage\"},\"image\":{\"@id\":\"https:\/\/www.mielcastiza.com\/fr\/producto\/huile-dolive-extra-vierge-verte-et-amen-picual\/#primaryimage\"},\"thumbnailUrl\":\"https:\/\/www.mielcastiza.com\/wp-content\/uploads\/2024\/01\/Aceite-verde-y-amen-familia-corbel-picual-rdm.jpg\",\"datePublished\":\"2021-03-10T16:29:36+00:00\",\"breadcrumb\":{\"@id\":\"https:\/\/www.mielcastiza.com\/fr\/producto\/huile-dolive-extra-vierge-verte-et-amen-picual\/#breadcrumb\"},\"inLanguage\":\"fr-FR\",\"potentialAction\":[{\"@type\":\"ReadAction\",\"target\":[\"https:\/\/www.mielcastiza.com\/fr\/producto\/huile-dolive-extra-vierge-verte-et-amen-picual\/\"]}]},{\"@type\":\"ImageObject\",\"inLanguage\":\"fr-FR\",\"@id\":\"https:\/\/www.mielcastiza.com\/fr\/producto\/huile-dolive-extra-vierge-verte-et-amen-picual\/#primaryimage\",\"url\":\"https:\/\/www.mielcastiza.com\/wp-content\/uploads\/2024\/01\/Aceite-verde-y-amen-familia-corbel-picual-rdm.jpg\",\"contentUrl\":\"https:\/\/www.mielcastiza.com\/wp-content\/uploads\/2024\/01\/Aceite-verde-y-amen-familia-corbel-picual-rdm.jpg\",\"width\":1365,\"height\":2048},{\"@type\":\"BreadcrumbList\",\"@id\":\"https:\/\/www.mielcastiza.com\/fr\/producto\/huile-dolive-extra-vierge-verte-et-amen-picual\/#breadcrumb\",\"itemListElement\":[{\"@type\":\"ListItem\",\"position\":1,\"name\":\"Portada\",\"item\":\"https:\/\/www.mielcastiza.com\/fr\/\"},{\"@type\":\"ListItem\",\"position\":2,\"name\":\"Tienda\",\"item\":\"https:\/\/www.mielcastiza.com\/tienda\/\"},{\"@type\":\"ListItem\",\"position\":3,\"name\":\"Huile d\u2019olive extra vierge verte et Amen \u2013 Picual\"}]},{\"@type\":\"WebSite\",\"@id\":\"https:\/\/www.mielcastiza.com\/fr\/#website\",\"url\":\"https:\/\/www.mielcastiza.com\/fr\/\",\"name\":\"Miel Castiza\",\"description\":\"\",\"publisher\":{\"@id\":\"https:\/\/www.mielcastiza.com\/fr\/#organization\"},\"potentialAction\":[{\"@type\":\"SearchAction\",\"target\":{\"@type\":\"EntryPoint\",\"urlTemplate\":\"https:\/\/www.mielcastiza.com\/fr\/?s={search_term_string}\"},\"query-input\":{\"@type\":\"PropertyValueSpecification\",\"valueRequired\":true,\"valueName\":\"search_term_string\"}}],\"inLanguage\":\"fr-FR\"},{\"@type\":\"Organization\",\"@id\":\"https:\/\/www.mielcastiza.com\/fr\/#organization\",\"name\":\"Miel Castiza\",\"url\":\"https:\/\/www.mielcastiza.com\/fr\/\",\"logo\":{\"@type\":\"ImageObject\",\"inLanguage\":\"fr-FR\",\"@id\":\"https:\/\/www.mielcastiza.com\/fr\/#\/schema\/logo\/image\/\",\"url\":\"https:\/\/www.mielcastiza.com\/wp-content\/uploads\/2023\/12\/logo_beige.png\",\"contentUrl\":\"https:\/\/www.mielcastiza.com\/wp-content\/uploads\/2023\/12\/logo_beige.png\",\"width\":252,\"height\":70,\"caption\":\"Miel Castiza\"},\"image\":{\"@id\":\"https:\/\/www.mielcastiza.com\/fr\/#\/schema\/logo\/image\/\"}}]}<\/script>\n<!-- \/ Yoast SEO plugin. -->","yoast_head_json":{"title":"Huile d\u2019olive extra vierge verte et Amen \u2013 Picual - Miel Castiza","robots":{"index":"index","follow":"follow","max-snippet":"max-snippet:-1","max-image-preview":"max-image-preview:large","max-video-preview":"max-video-preview:-1"},"canonical":"https:\/\/www.mielcastiza.com\/fr\/producto\/huile-dolive-extra-vierge-verte-et-amen-picual\/","og_locale":"fr_FR","og_type":"article","og_title":"Huile d\u2019olive extra vierge verte et Amen \u2013 Picual - Miel Castiza","og_description":"Huile d\u2019olive extra vierge de cat\u00e9gorie sup\u00e9rieure obtenue directement \u00e0 partir d\u2019olives par un processus \u00e0 froid et uniquement avec des proc\u00e9dures m\u00e9caniques. R\u00e9colt\u00e9 en octobre, \u00e0 partir d\u2019oliviers picual sous le soin optimal de notre environnement et en suivant les contr\u00f4les de qualit\u00e9 et les protocoles les plus stricts. En cons\u00e9quence, un EVOO \u00e9nergique, ... Lire la suite","og_url":"https:\/\/www.mielcastiza.com\/fr\/producto\/huile-dolive-extra-vierge-verte-et-amen-picual\/","og_site_name":"Miel Castiza","og_image":[{"width":1365,"height":2048,"url":"https:\/\/www.mielcastiza.com\/wp-content\/uploads\/2024\/01\/Aceite-verde-y-amen-familia-corbel-picual-rdm.jpg","type":"image\/jpeg"}],"twitter_card":"summary_large_image","twitter_misc":{"Dur\u00e9e de lecture estim\u00e9e":"1 minute"},"schema":{"@context":"https:\/\/schema.org","@graph":[{"@type":"WebPage","@id":"https:\/\/www.mielcastiza.com\/fr\/producto\/huile-dolive-extra-vierge-verte-et-amen-picual\/","url":"https:\/\/www.mielcastiza.com\/fr\/producto\/huile-dolive-extra-vierge-verte-et-amen-picual\/","name":"Huile d\u2019olive extra vierge verte et Amen \u2013 Picual - Miel Castiza","isPartOf":{"@id":"https:\/\/www.mielcastiza.com\/fr\/#website"},"primaryImageOfPage":{"@id":"https:\/\/www.mielcastiza.com\/fr\/producto\/huile-dolive-extra-vierge-verte-et-amen-picual\/#primaryimage"},"image":{"@id":"https:\/\/www.mielcastiza.com\/fr\/producto\/huile-dolive-extra-vierge-verte-et-amen-picual\/#primaryimage"},"thumbnailUrl":"https:\/\/www.mielcastiza.com\/wp-content\/uploads\/2024\/01\/Aceite-verde-y-amen-familia-corbel-picual-rdm.jpg","datePublished":"2021-03-10T16:29:36+00:00","breadcrumb":{"@id":"https:\/\/www.mielcastiza.com\/fr\/producto\/huile-dolive-extra-vierge-verte-et-amen-picual\/#breadcrumb"},"inLanguage":"fr-FR","potentialAction":[{"@type":"ReadAction","target":["https:\/\/www.mielcastiza.com\/fr\/producto\/huile-dolive-extra-vierge-verte-et-amen-picual\/"]}]},{"@type":"ImageObject","inLanguage":"fr-FR","@id":"https:\/\/www.mielcastiza.com\/fr\/producto\/huile-dolive-extra-vierge-verte-et-amen-picual\/#primaryimage","url":"https:\/\/www.mielcastiza.com\/wp-content\/uploads\/2024\/01\/Aceite-verde-y-amen-familia-corbel-picual-rdm.jpg","contentUrl":"https:\/\/www.mielcastiza.com\/wp-content\/uploads\/2024\/01\/Aceite-verde-y-amen-familia-corbel-picual-rdm.jpg","width":1365,"height":2048},{"@type":"BreadcrumbList","@id":"https:\/\/www.mielcastiza.com\/fr\/producto\/huile-dolive-extra-vierge-verte-et-amen-picual\/#breadcrumb","itemListElement":[{"@type":"ListItem","position":1,"name":"Portada","item":"https:\/\/www.mielcastiza.com\/fr\/"},{"@type":"ListItem","position":2,"name":"Tienda","item":"https:\/\/www.mielcastiza.com\/tienda\/"},{"@type":"ListItem","position":3,"name":"Huile d\u2019olive extra vierge verte et Amen \u2013 Picual"}]},{"@type":"WebSite","@id":"https:\/\/www.mielcastiza.com\/fr\/#website","url":"https:\/\/www.mielcastiza.com\/fr\/","name":"Miel Castiza","description":"","publisher":{"@id":"https:\/\/www.mielcastiza.com\/fr\/#organization"},"potentialAction":[{"@type":"SearchAction","target":{"@type":"EntryPoint","urlTemplate":"https:\/\/www.mielcastiza.com\/fr\/?s={search_term_string}"},"query-input":{"@type":"PropertyValueSpecification","valueRequired":true,"valueName":"search_term_string"}}],"inLanguage":"fr-FR"},{"@type":"Organization","@id":"https:\/\/www.mielcastiza.com\/fr\/#organization","name":"Miel Castiza","url":"https:\/\/www.mielcastiza.com\/fr\/","logo":{"@type":"ImageObject","inLanguage":"fr-FR","@id":"https:\/\/www.mielcastiza.com\/fr\/#\/schema\/logo\/image\/","url":"https:\/\/www.mielcastiza.com\/wp-content\/uploads\/2023\/12\/logo_beige.png","contentUrl":"https:\/\/www.mielcastiza.com\/wp-content\/uploads\/2023\/12\/logo_beige.png","width":252,"height":70,"caption":"Miel Castiza"},"image":{"@id":"https:\/\/www.mielcastiza.com\/fr\/#\/schema\/logo\/image\/"}}]}},"jetpack_sharing_enabled":true,"_links":{"self":[{"href":"https:\/\/www.mielcastiza.com\/fr\/wp-json\/wp\/v2\/product\/19517","targetHints":{"allow":["GET"]}}],"collection":[{"href":"https:\/\/www.mielcastiza.com\/fr\/wp-json\/wp\/v2\/product"}],"about":[{"href":"https:\/\/www.mielcastiza.com\/fr\/wp-json\/wp\/v2\/types\/product"}],"replies":[{"embeddable":true,"href":"https:\/\/www.mielcastiza.com\/fr\/wp-json\/wp\/v2\/comments?post=19517"}],"wp:featuredmedia":[{"embeddable":true,"href":"https:\/\/www.mielcastiza.com\/fr\/wp-json\/wp\/v2\/media\/18180"}],"wp:attachment":[{"href":"https:\/\/www.mielcastiza.com\/fr\/wp-json\/wp\/v2\/media?parent=19517"}],"wp:term":[{"taxonomy":"product_brand","embeddable":true,"href":"https:\/\/www.mielcastiza.com\/fr\/wp-json\/wp\/v2\/product_brand?post=19517"},{"taxonomy":"product_cat","embeddable":true,"href":"https:\/\/www.mielcastiza.com\/fr\/wp-json\/wp\/v2\/product_cat?post=19517"},{"taxonomy":"product_tag","embeddable":true,"href":"https:\/\/www.mielcastiza.com\/fr\/wp-json\/wp\/v2\/product_tag?post=19517"}],"curies":[{"name":"wp","href":"https:\/\/api.w.org\/{rel}","templated":true}]}}