{"id":19520,"date":"2023-08-04T10:22:18","date_gmt":"2023-08-04T10:22:18","guid":{"rendered":"https:\/\/mielcastiza.plesk.myfocus.es\/producto\/creme-de-miel-cacao-noisettes-et-huile-dolive-extra-vierge\/"},"modified":"2023-08-04T10:22:18","modified_gmt":"2023-08-04T10:22:18","slug":"creme-de-miel-cacao-noisettes-et-huile-dolive-extra-vierge","status":"publish","type":"product","link":"https:\/\/www.mielcastiza.com\/fr\/producto\/creme-de-miel-cacao-noisettes-et-huile-dolive-extra-vierge\/","title":{"rendered":"Cr\u00e8me de miel, cacao, noisettes et huile d&rsquo;olive extra vierge."},"content":{"rendered":"<p>Cr\u00e8me 100% naturelle au miel, au cacao, aux noisettes et \u00e0 l&rsquo;huile d&rsquo;olive. Profitez d&rsquo;un go\u00fbt spectaculaire avec des produits de qualit\u00e9 sup\u00e9rieure pour les gourmets qui appr\u00e9cient les produits authentiques. Sans conservateurs, ni sucre, ni additifs industriels. Parfait comme cadeau pour cette personne qui aime tellement le chocolat que vous savez qu&rsquo;\u00e0 partir de ce jour, elle vous aimera un peu plus. \ud83d\ude09<\/p>\n<p>Bouteille de 250g net.<\/p>\n<p>Si vous souhaitez une bo\u00eete de 10 pi\u00e8ces, n&rsquo;h\u00e9sitez pas \u00e0 nous \u00e9crire et nous vous ferons un prix sp\u00e9cial.<\/p>\n<p>&nbsp;<\/p>\n","protected":false},"excerpt":{"rendered":"<p>Cr\u00e8me 100% naturelle au miel, au cacao, aux noisettes et \u00e0 l&rsquo;huile d&rsquo;olive.<\/p>\n","protected":false},"featured_media":17812,"comment_status":"closed","ping_status":"closed","template":"","meta":[],"product_brand":[],"product_cat":[78],"product_tag":[],"class_list":{"0":"post-19520","1":"product","2":"type-product","3":"status-publish","4":"has-post-thumbnail","6":"product_cat-miel-fr","8":"first","9":"outofstock","10":"taxable","11":"shipping-taxable","12":"purchasable","13":"product-type-simple"},"yoast_head":"<!-- This site is optimized with the Yoast SEO plugin v26.9 - https:\/\/yoast.com\/product\/yoast-seo-wordpress\/ -->\n<title>Cr\u00e8me de miel, cacao, noisettes et huile d&#039;olive extra vierge. - Miel Castiza<\/title>\n<meta name=\"description\" content=\"Cr\u00e8me 100% naturelle au miel, au cacao, aux noisettes et \u00e0 l&#039;huile d&#039;olive. Parfait comme cadeau pour cette personne qui aime tellement le chocolat que vous savez qu&#039;\u00e0 partir de ce jour, elle vous aimera un peu plus.\" \/>\n<meta name=\"robots\" content=\"index, follow, max-snippet:-1, max-image-preview:large, max-video-preview:-1\" \/>\n<link rel=\"canonical\" href=\"https:\/\/www.mielcastiza.com\/fr\/producto\/creme-de-miel-cacao-noisettes-et-huile-dolive-extra-vierge\/\" \/>\n<meta property=\"og:locale\" content=\"fr_FR\" \/>\n<meta property=\"og:type\" content=\"article\" \/>\n<meta property=\"og:title\" content=\"Cr\u00e8me de miel, cacao, noisettes et huile d&#039;olive extra vierge. - Miel Castiza\" \/>\n<meta property=\"og:description\" content=\"Cr\u00e8me 100% naturelle au miel, au cacao, aux noisettes et \u00e0 l&#039;huile d&#039;olive. Parfait comme cadeau pour cette personne qui aime tellement le chocolat que vous savez qu&#039;\u00e0 partir de ce jour, elle vous aimera un peu plus.\" \/>\n<meta property=\"og:url\" content=\"https:\/\/www.mielcastiza.com\/fr\/producto\/creme-de-miel-cacao-noisettes-et-huile-dolive-extra-vierge\/\" \/>\n<meta property=\"og:site_name\" content=\"Miel Castiza\" \/>\n<meta property=\"og:image\" content=\"https:\/\/www.mielcastiza.com\/wp-content\/uploads\/2023\/12\/Crema-Miel-Cacao-Castiza-500g.jpg\" \/>\n\t<meta property=\"og:image:width\" content=\"1365\" \/>\n\t<meta property=\"og:image:height\" content=\"2048\" \/>\n\t<meta property=\"og:image:type\" content=\"image\/jpeg\" \/>\n<meta name=\"twitter:card\" content=\"summary_large_image\" \/>\n<script type=\"application\/ld+json\" class=\"yoast-schema-graph\">{\"@context\":\"https:\/\/schema.org\",\"@graph\":[{\"@type\":\"WebPage\",\"@id\":\"https:\/\/www.mielcastiza.com\/fr\/producto\/creme-de-miel-cacao-noisettes-et-huile-dolive-extra-vierge\/\",\"url\":\"https:\/\/www.mielcastiza.com\/fr\/producto\/creme-de-miel-cacao-noisettes-et-huile-dolive-extra-vierge\/\",\"name\":\"Cr\u00e8me de miel, cacao, noisettes et huile d'olive extra vierge. - Miel Castiza\",\"isPartOf\":{\"@id\":\"https:\/\/www.mielcastiza.com\/fr\/#website\"},\"primaryImageOfPage\":{\"@id\":\"https:\/\/www.mielcastiza.com\/fr\/producto\/creme-de-miel-cacao-noisettes-et-huile-dolive-extra-vierge\/#primaryimage\"},\"image\":{\"@id\":\"https:\/\/www.mielcastiza.com\/fr\/producto\/creme-de-miel-cacao-noisettes-et-huile-dolive-extra-vierge\/#primaryimage\"},\"thumbnailUrl\":\"https:\/\/www.mielcastiza.com\/wp-content\/uploads\/2023\/12\/Crema-Miel-Cacao-Castiza-500g.jpg\",\"datePublished\":\"2023-08-04T10:22:18+00:00\",\"description\":\"Cr\u00e8me 100% naturelle au miel, au cacao, aux noisettes et \u00e0 l'huile d'olive. Parfait comme cadeau pour cette personne qui aime tellement le chocolat que vous savez qu'\u00e0 partir de ce jour, elle vous aimera un peu plus.\",\"breadcrumb\":{\"@id\":\"https:\/\/www.mielcastiza.com\/fr\/producto\/creme-de-miel-cacao-noisettes-et-huile-dolive-extra-vierge\/#breadcrumb\"},\"inLanguage\":\"fr-FR\",\"potentialAction\":[{\"@type\":\"ReadAction\",\"target\":[\"https:\/\/www.mielcastiza.com\/fr\/producto\/creme-de-miel-cacao-noisettes-et-huile-dolive-extra-vierge\/\"]}]},{\"@type\":\"ImageObject\",\"inLanguage\":\"fr-FR\",\"@id\":\"https:\/\/www.mielcastiza.com\/fr\/producto\/creme-de-miel-cacao-noisettes-et-huile-dolive-extra-vierge\/#primaryimage\",\"url\":\"https:\/\/www.mielcastiza.com\/wp-content\/uploads\/2023\/12\/Crema-Miel-Cacao-Castiza-500g.jpg\",\"contentUrl\":\"https:\/\/www.mielcastiza.com\/wp-content\/uploads\/2023\/12\/Crema-Miel-Cacao-Castiza-500g.jpg\",\"width\":1365,\"height\":2048,\"caption\":\"crema de miel cacao avellanas y aove\"},{\"@type\":\"BreadcrumbList\",\"@id\":\"https:\/\/www.mielcastiza.com\/fr\/producto\/creme-de-miel-cacao-noisettes-et-huile-dolive-extra-vierge\/#breadcrumb\",\"itemListElement\":[{\"@type\":\"ListItem\",\"position\":1,\"name\":\"Portada\",\"item\":\"https:\/\/www.mielcastiza.com\/fr\/\"},{\"@type\":\"ListItem\",\"position\":2,\"name\":\"Tienda\",\"item\":\"https:\/\/www.mielcastiza.com\/tienda\/\"},{\"@type\":\"ListItem\",\"position\":3,\"name\":\"Cr\u00e8me de miel, cacao, noisettes et huile d&#8217;olive extra vierge.\"}]},{\"@type\":\"WebSite\",\"@id\":\"https:\/\/www.mielcastiza.com\/fr\/#website\",\"url\":\"https:\/\/www.mielcastiza.com\/fr\/\",\"name\":\"Miel Castiza\",\"description\":\"\",\"publisher\":{\"@id\":\"https:\/\/www.mielcastiza.com\/fr\/#organization\"},\"potentialAction\":[{\"@type\":\"SearchAction\",\"target\":{\"@type\":\"EntryPoint\",\"urlTemplate\":\"https:\/\/www.mielcastiza.com\/fr\/?s={search_term_string}\"},\"query-input\":{\"@type\":\"PropertyValueSpecification\",\"valueRequired\":true,\"valueName\":\"search_term_string\"}}],\"inLanguage\":\"fr-FR\"},{\"@type\":\"Organization\",\"@id\":\"https:\/\/www.mielcastiza.com\/fr\/#organization\",\"name\":\"Miel Castiza\",\"url\":\"https:\/\/www.mielcastiza.com\/fr\/\",\"logo\":{\"@type\":\"ImageObject\",\"inLanguage\":\"fr-FR\",\"@id\":\"https:\/\/www.mielcastiza.com\/fr\/#\/schema\/logo\/image\/\",\"url\":\"https:\/\/www.mielcastiza.com\/wp-content\/uploads\/2023\/12\/logo_beige.png\",\"contentUrl\":\"https:\/\/www.mielcastiza.com\/wp-content\/uploads\/2023\/12\/logo_beige.png\",\"width\":252,\"height\":70,\"caption\":\"Miel Castiza\"},\"image\":{\"@id\":\"https:\/\/www.mielcastiza.com\/fr\/#\/schema\/logo\/image\/\"}}]}<\/script>\n<!-- \/ Yoast SEO plugin. -->","yoast_head_json":{"title":"Cr\u00e8me de miel, cacao, noisettes et huile d'olive extra vierge. - Miel Castiza","description":"Cr\u00e8me 100% naturelle au miel, au cacao, aux noisettes et \u00e0 l'huile d'olive. Parfait comme cadeau pour cette personne qui aime tellement le chocolat que vous savez qu'\u00e0 partir de ce jour, elle vous aimera un peu plus.","robots":{"index":"index","follow":"follow","max-snippet":"max-snippet:-1","max-image-preview":"max-image-preview:large","max-video-preview":"max-video-preview:-1"},"canonical":"https:\/\/www.mielcastiza.com\/fr\/producto\/creme-de-miel-cacao-noisettes-et-huile-dolive-extra-vierge\/","og_locale":"fr_FR","og_type":"article","og_title":"Cr\u00e8me de miel, cacao, noisettes et huile d'olive extra vierge. - Miel Castiza","og_description":"Cr\u00e8me 100% naturelle au miel, au cacao, aux noisettes et \u00e0 l'huile d'olive. Parfait comme cadeau pour cette personne qui aime tellement le chocolat que vous savez qu'\u00e0 partir de ce jour, elle vous aimera un peu plus.","og_url":"https:\/\/www.mielcastiza.com\/fr\/producto\/creme-de-miel-cacao-noisettes-et-huile-dolive-extra-vierge\/","og_site_name":"Miel Castiza","og_image":[{"width":1365,"height":2048,"url":"https:\/\/www.mielcastiza.com\/wp-content\/uploads\/2023\/12\/Crema-Miel-Cacao-Castiza-500g.jpg","type":"image\/jpeg"}],"twitter_card":"summary_large_image","schema":{"@context":"https:\/\/schema.org","@graph":[{"@type":"WebPage","@id":"https:\/\/www.mielcastiza.com\/fr\/producto\/creme-de-miel-cacao-noisettes-et-huile-dolive-extra-vierge\/","url":"https:\/\/www.mielcastiza.com\/fr\/producto\/creme-de-miel-cacao-noisettes-et-huile-dolive-extra-vierge\/","name":"Cr\u00e8me de miel, cacao, noisettes et huile d'olive extra vierge. - Miel Castiza","isPartOf":{"@id":"https:\/\/www.mielcastiza.com\/fr\/#website"},"primaryImageOfPage":{"@id":"https:\/\/www.mielcastiza.com\/fr\/producto\/creme-de-miel-cacao-noisettes-et-huile-dolive-extra-vierge\/#primaryimage"},"image":{"@id":"https:\/\/www.mielcastiza.com\/fr\/producto\/creme-de-miel-cacao-noisettes-et-huile-dolive-extra-vierge\/#primaryimage"},"thumbnailUrl":"https:\/\/www.mielcastiza.com\/wp-content\/uploads\/2023\/12\/Crema-Miel-Cacao-Castiza-500g.jpg","datePublished":"2023-08-04T10:22:18+00:00","description":"Cr\u00e8me 100% naturelle au miel, au cacao, aux noisettes et \u00e0 l'huile d'olive. Parfait comme cadeau pour cette personne qui aime tellement le chocolat que vous savez qu'\u00e0 partir de ce jour, elle vous aimera un peu plus.","breadcrumb":{"@id":"https:\/\/www.mielcastiza.com\/fr\/producto\/creme-de-miel-cacao-noisettes-et-huile-dolive-extra-vierge\/#breadcrumb"},"inLanguage":"fr-FR","potentialAction":[{"@type":"ReadAction","target":["https:\/\/www.mielcastiza.com\/fr\/producto\/creme-de-miel-cacao-noisettes-et-huile-dolive-extra-vierge\/"]}]},{"@type":"ImageObject","inLanguage":"fr-FR","@id":"https:\/\/www.mielcastiza.com\/fr\/producto\/creme-de-miel-cacao-noisettes-et-huile-dolive-extra-vierge\/#primaryimage","url":"https:\/\/www.mielcastiza.com\/wp-content\/uploads\/2023\/12\/Crema-Miel-Cacao-Castiza-500g.jpg","contentUrl":"https:\/\/www.mielcastiza.com\/wp-content\/uploads\/2023\/12\/Crema-Miel-Cacao-Castiza-500g.jpg","width":1365,"height":2048,"caption":"crema de miel cacao avellanas y aove"},{"@type":"BreadcrumbList","@id":"https:\/\/www.mielcastiza.com\/fr\/producto\/creme-de-miel-cacao-noisettes-et-huile-dolive-extra-vierge\/#breadcrumb","itemListElement":[{"@type":"ListItem","position":1,"name":"Portada","item":"https:\/\/www.mielcastiza.com\/fr\/"},{"@type":"ListItem","position":2,"name":"Tienda","item":"https:\/\/www.mielcastiza.com\/tienda\/"},{"@type":"ListItem","position":3,"name":"Cr\u00e8me de miel, cacao, noisettes et huile d&#8217;olive extra vierge."}]},{"@type":"WebSite","@id":"https:\/\/www.mielcastiza.com\/fr\/#website","url":"https:\/\/www.mielcastiza.com\/fr\/","name":"Miel Castiza","description":"","publisher":{"@id":"https:\/\/www.mielcastiza.com\/fr\/#organization"},"potentialAction":[{"@type":"SearchAction","target":{"@type":"EntryPoint","urlTemplate":"https:\/\/www.mielcastiza.com\/fr\/?s={search_term_string}"},"query-input":{"@type":"PropertyValueSpecification","valueRequired":true,"valueName":"search_term_string"}}],"inLanguage":"fr-FR"},{"@type":"Organization","@id":"https:\/\/www.mielcastiza.com\/fr\/#organization","name":"Miel Castiza","url":"https:\/\/www.mielcastiza.com\/fr\/","logo":{"@type":"ImageObject","inLanguage":"fr-FR","@id":"https:\/\/www.mielcastiza.com\/fr\/#\/schema\/logo\/image\/","url":"https:\/\/www.mielcastiza.com\/wp-content\/uploads\/2023\/12\/logo_beige.png","contentUrl":"https:\/\/www.mielcastiza.com\/wp-content\/uploads\/2023\/12\/logo_beige.png","width":252,"height":70,"caption":"Miel Castiza"},"image":{"@id":"https:\/\/www.mielcastiza.com\/fr\/#\/schema\/logo\/image\/"}}]}},"jetpack_sharing_enabled":true,"_links":{"self":[{"href":"https:\/\/www.mielcastiza.com\/fr\/wp-json\/wp\/v2\/product\/19520","targetHints":{"allow":["GET"]}}],"collection":[{"href":"https:\/\/www.mielcastiza.com\/fr\/wp-json\/wp\/v2\/product"}],"about":[{"href":"https:\/\/www.mielcastiza.com\/fr\/wp-json\/wp\/v2\/types\/product"}],"replies":[{"embeddable":true,"href":"https:\/\/www.mielcastiza.com\/fr\/wp-json\/wp\/v2\/comments?post=19520"}],"wp:featuredmedia":[{"embeddable":true,"href":"https:\/\/www.mielcastiza.com\/fr\/wp-json\/wp\/v2\/media\/17812"}],"wp:attachment":[{"href":"https:\/\/www.mielcastiza.com\/fr\/wp-json\/wp\/v2\/media?parent=19520"}],"wp:term":[{"taxonomy":"product_brand","embeddable":true,"href":"https:\/\/www.mielcastiza.com\/fr\/wp-json\/wp\/v2\/product_brand?post=19520"},{"taxonomy":"product_cat","embeddable":true,"href":"https:\/\/www.mielcastiza.com\/fr\/wp-json\/wp\/v2\/product_cat?post=19520"},{"taxonomy":"product_tag","embeddable":true,"href":"https:\/\/www.mielcastiza.com\/fr\/wp-json\/wp\/v2\/product_tag?post=19520"}],"curies":[{"name":"wp","href":"https:\/\/api.w.org\/{rel}","templated":true}]}}