{"id":19529,"date":"2023-08-04T11:13:44","date_gmt":"2023-08-04T11:13:44","guid":{"rendered":"https:\/\/mielcastiza.plesk.myfocus.es\/producto\/miel-de-chataigne-gourmand\/"},"modified":"2023-08-04T11:13:44","modified_gmt":"2023-08-04T11:13:44","slug":"miel-de-chataigne-gourmand","status":"publish","type":"product","link":"https:\/\/www.mielcastiza.com\/fr\/producto\/miel-de-chataigne-gourmand\/","title":{"rendered":"Miel de ch\u00e2taigne gourmand"},"content":{"rendered":"<p>Notre miel de ch\u00e2taigne Gourmet est \u00e9crit en lettres d&rsquo;or parce que nous le s\u00e9lectionnons avec amour et soin parmi nos meilleurs lots de chaque r\u00e9colte pour ses caract\u00e9ristiques organoleptiques uniques et particuli\u00e8res. En outre, il a re\u00e7u cette ann\u00e9e le prix Great Taste 2023 pour un miel exceptionnel.<\/p>\n<p>Vari\u00e9t\u00e9s disponibles selon la saison.<\/p>\n<p>Dans un pot gourmet de 300 g, format id\u00e9al pour les \u00e9piceries fines ou pour des cadeaux sp\u00e9ciaux.<\/p>\n<p>Si vous souhaitez acheter une bo\u00eete de 10 unit\u00e9s ou si vous avez un magasin, n&rsquo;h\u00e9sitez pas \u00e0 nous demander un prix via le formulaire de contact.<\/p>\n","protected":false},"excerpt":{"rendered":"<p>Notre miel de ch\u00e2taigne Gourmet est \u00e9crit en lettres d&rsquo;or parce que nous le s\u00e9lectionnons avec amour et soin parmi nos meilleurs lots de chaque r\u00e9colte pour ses caract\u00e9ristiques organoleptiques uniques et particuli\u00e8res. En outre, il a re\u00e7u cette ann\u00e9e le prix Great Taste 2023 pour un miel exceptionnel. Vari\u00e9t\u00e9s disponibles selon la saison. Dans &#8230; <a title=\"Miel de ch\u00e2taigne gourmand\" class=\"read-more\" href=\"https:\/\/www.mielcastiza.com\/fr\/producto\/miel-de-chataigne-gourmand\/\" aria-label=\"En savoir plus sur Miel de ch\u00e2taigne gourmand\">Lire la suite<\/a><\/p>\n","protected":false},"featured_media":17827,"comment_status":"closed","ping_status":"closed","template":"","meta":[],"product_brand":[],"product_cat":[122],"product_tag":[],"class_list":{"0":"post-19529","1":"product","2":"type-product","3":"status-publish","4":"has-post-thumbnail","6":"product_cat-non-classe","8":"first","9":"outofstock","10":"taxable","11":"shipping-taxable","12":"purchasable","13":"product-type-simple"},"yoast_head":"<!-- This site is optimized with the Yoast SEO plugin v26.9 - https:\/\/yoast.com\/product\/yoast-seo-wordpress\/ -->\n<title>Miel de ch\u00e2taigne gourmand - Miel Castiza<\/title>\n<meta name=\"description\" content=\"Notre miel de ch\u00e2taigne Gourmet est \u00e9crit en lettres d&#039;or parce que nous le s\u00e9lectionnons avec amour et soin parmi nos meilleurs lots de chaque r\u00e9colte pour ses caract\u00e9ristiques organoleptiques uniques et particuli\u00e8res. En outre, il a re\u00e7u cette ann\u00e9e le prix Great Taste 2023 pour un miel exceptionnel.\" \/>\n<meta name=\"robots\" content=\"index, follow, max-snippet:-1, max-image-preview:large, max-video-preview:-1\" \/>\n<link rel=\"canonical\" href=\"https:\/\/www.mielcastiza.com\/fr\/producto\/miel-de-chataigne-gourmand\/\" \/>\n<meta property=\"og:locale\" content=\"fr_FR\" \/>\n<meta property=\"og:type\" content=\"article\" \/>\n<meta property=\"og:title\" content=\"Miel de ch\u00e2taigne gourmand - Miel Castiza\" \/>\n<meta property=\"og:description\" content=\"Notre miel de ch\u00e2taigne Gourmet est \u00e9crit en lettres d&#039;or parce que nous le s\u00e9lectionnons avec amour et soin parmi nos meilleurs lots de chaque r\u00e9colte pour ses caract\u00e9ristiques organoleptiques uniques et particuli\u00e8res. En outre, il a re\u00e7u cette ann\u00e9e le prix Great Taste 2023 pour un miel exceptionnel.\" \/>\n<meta property=\"og:url\" content=\"https:\/\/www.mielcastiza.com\/fr\/producto\/miel-de-chataigne-gourmand\/\" \/>\n<meta property=\"og:site_name\" content=\"Miel Castiza\" \/>\n<meta property=\"og:image\" content=\"https:\/\/www.mielcastiza.com\/wp-content\/uploads\/2023\/12\/Castiza-fondo-blanco-20234330.jpg\" \/>\n\t<meta property=\"og:image:width\" content=\"1365\" \/>\n\t<meta property=\"og:image:height\" content=\"2048\" \/>\n\t<meta property=\"og:image:type\" content=\"image\/jpeg\" \/>\n<meta name=\"twitter:card\" content=\"summary_large_image\" \/>\n<meta name=\"twitter:label1\" content=\"Dur\u00e9e de lecture estim\u00e9e\" \/>\n\t<meta name=\"twitter:data1\" content=\"1 minute\" \/>\n<script type=\"application\/ld+json\" class=\"yoast-schema-graph\">{\"@context\":\"https:\/\/schema.org\",\"@graph\":[{\"@type\":\"WebPage\",\"@id\":\"https:\/\/www.mielcastiza.com\/fr\/producto\/miel-de-chataigne-gourmand\/\",\"url\":\"https:\/\/www.mielcastiza.com\/fr\/producto\/miel-de-chataigne-gourmand\/\",\"name\":\"Miel de ch\u00e2taigne gourmand - Miel Castiza\",\"isPartOf\":{\"@id\":\"https:\/\/www.mielcastiza.com\/fr\/#website\"},\"primaryImageOfPage\":{\"@id\":\"https:\/\/www.mielcastiza.com\/fr\/producto\/miel-de-chataigne-gourmand\/#primaryimage\"},\"image\":{\"@id\":\"https:\/\/www.mielcastiza.com\/fr\/producto\/miel-de-chataigne-gourmand\/#primaryimage\"},\"thumbnailUrl\":\"https:\/\/www.mielcastiza.com\/wp-content\/uploads\/2023\/12\/Castiza-fondo-blanco-20234330.jpg\",\"datePublished\":\"2023-08-04T11:13:44+00:00\",\"description\":\"Notre miel de ch\u00e2taigne Gourmet est \u00e9crit en lettres d'or parce que nous le s\u00e9lectionnons avec amour et soin parmi nos meilleurs lots de chaque r\u00e9colte pour ses caract\u00e9ristiques organoleptiques uniques et particuli\u00e8res. En outre, il a re\u00e7u cette ann\u00e9e le prix Great Taste 2023 pour un miel exceptionnel.\",\"breadcrumb\":{\"@id\":\"https:\/\/www.mielcastiza.com\/fr\/producto\/miel-de-chataigne-gourmand\/#breadcrumb\"},\"inLanguage\":\"fr-FR\",\"potentialAction\":[{\"@type\":\"ReadAction\",\"target\":[\"https:\/\/www.mielcastiza.com\/fr\/producto\/miel-de-chataigne-gourmand\/\"]}]},{\"@type\":\"ImageObject\",\"inLanguage\":\"fr-FR\",\"@id\":\"https:\/\/www.mielcastiza.com\/fr\/producto\/miel-de-chataigne-gourmand\/#primaryimage\",\"url\":\"https:\/\/www.mielcastiza.com\/wp-content\/uploads\/2023\/12\/Castiza-fondo-blanco-20234330.jpg\",\"contentUrl\":\"https:\/\/www.mielcastiza.com\/wp-content\/uploads\/2023\/12\/Castiza-fondo-blanco-20234330.jpg\",\"width\":1365,\"height\":2048,\"caption\":\"miel gourmet miel de flores great taste 2023\"},{\"@type\":\"BreadcrumbList\",\"@id\":\"https:\/\/www.mielcastiza.com\/fr\/producto\/miel-de-chataigne-gourmand\/#breadcrumb\",\"itemListElement\":[{\"@type\":\"ListItem\",\"position\":1,\"name\":\"Portada\",\"item\":\"https:\/\/www.mielcastiza.com\/fr\/\"},{\"@type\":\"ListItem\",\"position\":2,\"name\":\"Tienda\",\"item\":\"https:\/\/www.mielcastiza.com\/tienda\/\"},{\"@type\":\"ListItem\",\"position\":3,\"name\":\"Miel de ch\u00e2taigne gourmand\"}]},{\"@type\":\"WebSite\",\"@id\":\"https:\/\/www.mielcastiza.com\/fr\/#website\",\"url\":\"https:\/\/www.mielcastiza.com\/fr\/\",\"name\":\"Miel Castiza\",\"description\":\"\",\"publisher\":{\"@id\":\"https:\/\/www.mielcastiza.com\/fr\/#organization\"},\"potentialAction\":[{\"@type\":\"SearchAction\",\"target\":{\"@type\":\"EntryPoint\",\"urlTemplate\":\"https:\/\/www.mielcastiza.com\/fr\/?s={search_term_string}\"},\"query-input\":{\"@type\":\"PropertyValueSpecification\",\"valueRequired\":true,\"valueName\":\"search_term_string\"}}],\"inLanguage\":\"fr-FR\"},{\"@type\":\"Organization\",\"@id\":\"https:\/\/www.mielcastiza.com\/fr\/#organization\",\"name\":\"Miel Castiza\",\"url\":\"https:\/\/www.mielcastiza.com\/fr\/\",\"logo\":{\"@type\":\"ImageObject\",\"inLanguage\":\"fr-FR\",\"@id\":\"https:\/\/www.mielcastiza.com\/fr\/#\/schema\/logo\/image\/\",\"url\":\"https:\/\/www.mielcastiza.com\/wp-content\/uploads\/2023\/12\/logo_beige.png\",\"contentUrl\":\"https:\/\/www.mielcastiza.com\/wp-content\/uploads\/2023\/12\/logo_beige.png\",\"width\":252,\"height\":70,\"caption\":\"Miel Castiza\"},\"image\":{\"@id\":\"https:\/\/www.mielcastiza.com\/fr\/#\/schema\/logo\/image\/\"}}]}<\/script>\n<!-- \/ Yoast SEO plugin. -->","yoast_head_json":{"title":"Miel de ch\u00e2taigne gourmand - Miel Castiza","description":"Notre miel de ch\u00e2taigne Gourmet est \u00e9crit en lettres d'or parce que nous le s\u00e9lectionnons avec amour et soin parmi nos meilleurs lots de chaque r\u00e9colte pour ses caract\u00e9ristiques organoleptiques uniques et particuli\u00e8res. En outre, il a re\u00e7u cette ann\u00e9e le prix Great Taste 2023 pour un miel exceptionnel.","robots":{"index":"index","follow":"follow","max-snippet":"max-snippet:-1","max-image-preview":"max-image-preview:large","max-video-preview":"max-video-preview:-1"},"canonical":"https:\/\/www.mielcastiza.com\/fr\/producto\/miel-de-chataigne-gourmand\/","og_locale":"fr_FR","og_type":"article","og_title":"Miel de ch\u00e2taigne gourmand - Miel Castiza","og_description":"Notre miel de ch\u00e2taigne Gourmet est \u00e9crit en lettres d'or parce que nous le s\u00e9lectionnons avec amour et soin parmi nos meilleurs lots de chaque r\u00e9colte pour ses caract\u00e9ristiques organoleptiques uniques et particuli\u00e8res. En outre, il a re\u00e7u cette ann\u00e9e le prix Great Taste 2023 pour un miel exceptionnel.","og_url":"https:\/\/www.mielcastiza.com\/fr\/producto\/miel-de-chataigne-gourmand\/","og_site_name":"Miel Castiza","og_image":[{"width":1365,"height":2048,"url":"https:\/\/www.mielcastiza.com\/wp-content\/uploads\/2023\/12\/Castiza-fondo-blanco-20234330.jpg","type":"image\/jpeg"}],"twitter_card":"summary_large_image","twitter_misc":{"Dur\u00e9e de lecture estim\u00e9e":"1 minute"},"schema":{"@context":"https:\/\/schema.org","@graph":[{"@type":"WebPage","@id":"https:\/\/www.mielcastiza.com\/fr\/producto\/miel-de-chataigne-gourmand\/","url":"https:\/\/www.mielcastiza.com\/fr\/producto\/miel-de-chataigne-gourmand\/","name":"Miel de ch\u00e2taigne gourmand - Miel Castiza","isPartOf":{"@id":"https:\/\/www.mielcastiza.com\/fr\/#website"},"primaryImageOfPage":{"@id":"https:\/\/www.mielcastiza.com\/fr\/producto\/miel-de-chataigne-gourmand\/#primaryimage"},"image":{"@id":"https:\/\/www.mielcastiza.com\/fr\/producto\/miel-de-chataigne-gourmand\/#primaryimage"},"thumbnailUrl":"https:\/\/www.mielcastiza.com\/wp-content\/uploads\/2023\/12\/Castiza-fondo-blanco-20234330.jpg","datePublished":"2023-08-04T11:13:44+00:00","description":"Notre miel de ch\u00e2taigne Gourmet est \u00e9crit en lettres d'or parce que nous le s\u00e9lectionnons avec amour et soin parmi nos meilleurs lots de chaque r\u00e9colte pour ses caract\u00e9ristiques organoleptiques uniques et particuli\u00e8res. En outre, il a re\u00e7u cette ann\u00e9e le prix Great Taste 2023 pour un miel exceptionnel.","breadcrumb":{"@id":"https:\/\/www.mielcastiza.com\/fr\/producto\/miel-de-chataigne-gourmand\/#breadcrumb"},"inLanguage":"fr-FR","potentialAction":[{"@type":"ReadAction","target":["https:\/\/www.mielcastiza.com\/fr\/producto\/miel-de-chataigne-gourmand\/"]}]},{"@type":"ImageObject","inLanguage":"fr-FR","@id":"https:\/\/www.mielcastiza.com\/fr\/producto\/miel-de-chataigne-gourmand\/#primaryimage","url":"https:\/\/www.mielcastiza.com\/wp-content\/uploads\/2023\/12\/Castiza-fondo-blanco-20234330.jpg","contentUrl":"https:\/\/www.mielcastiza.com\/wp-content\/uploads\/2023\/12\/Castiza-fondo-blanco-20234330.jpg","width":1365,"height":2048,"caption":"miel gourmet miel de flores great taste 2023"},{"@type":"BreadcrumbList","@id":"https:\/\/www.mielcastiza.com\/fr\/producto\/miel-de-chataigne-gourmand\/#breadcrumb","itemListElement":[{"@type":"ListItem","position":1,"name":"Portada","item":"https:\/\/www.mielcastiza.com\/fr\/"},{"@type":"ListItem","position":2,"name":"Tienda","item":"https:\/\/www.mielcastiza.com\/tienda\/"},{"@type":"ListItem","position":3,"name":"Miel de ch\u00e2taigne gourmand"}]},{"@type":"WebSite","@id":"https:\/\/www.mielcastiza.com\/fr\/#website","url":"https:\/\/www.mielcastiza.com\/fr\/","name":"Miel Castiza","description":"","publisher":{"@id":"https:\/\/www.mielcastiza.com\/fr\/#organization"},"potentialAction":[{"@type":"SearchAction","target":{"@type":"EntryPoint","urlTemplate":"https:\/\/www.mielcastiza.com\/fr\/?s={search_term_string}"},"query-input":{"@type":"PropertyValueSpecification","valueRequired":true,"valueName":"search_term_string"}}],"inLanguage":"fr-FR"},{"@type":"Organization","@id":"https:\/\/www.mielcastiza.com\/fr\/#organization","name":"Miel Castiza","url":"https:\/\/www.mielcastiza.com\/fr\/","logo":{"@type":"ImageObject","inLanguage":"fr-FR","@id":"https:\/\/www.mielcastiza.com\/fr\/#\/schema\/logo\/image\/","url":"https:\/\/www.mielcastiza.com\/wp-content\/uploads\/2023\/12\/logo_beige.png","contentUrl":"https:\/\/www.mielcastiza.com\/wp-content\/uploads\/2023\/12\/logo_beige.png","width":252,"height":70,"caption":"Miel Castiza"},"image":{"@id":"https:\/\/www.mielcastiza.com\/fr\/#\/schema\/logo\/image\/"}}]}},"jetpack_sharing_enabled":true,"_links":{"self":[{"href":"https:\/\/www.mielcastiza.com\/fr\/wp-json\/wp\/v2\/product\/19529","targetHints":{"allow":["GET"]}}],"collection":[{"href":"https:\/\/www.mielcastiza.com\/fr\/wp-json\/wp\/v2\/product"}],"about":[{"href":"https:\/\/www.mielcastiza.com\/fr\/wp-json\/wp\/v2\/types\/product"}],"replies":[{"embeddable":true,"href":"https:\/\/www.mielcastiza.com\/fr\/wp-json\/wp\/v2\/comments?post=19529"}],"wp:featuredmedia":[{"embeddable":true,"href":"https:\/\/www.mielcastiza.com\/fr\/wp-json\/wp\/v2\/media\/17827"}],"wp:attachment":[{"href":"https:\/\/www.mielcastiza.com\/fr\/wp-json\/wp\/v2\/media?parent=19529"}],"wp:term":[{"taxonomy":"product_brand","embeddable":true,"href":"https:\/\/www.mielcastiza.com\/fr\/wp-json\/wp\/v2\/product_brand?post=19529"},{"taxonomy":"product_cat","embeddable":true,"href":"https:\/\/www.mielcastiza.com\/fr\/wp-json\/wp\/v2\/product_cat?post=19529"},{"taxonomy":"product_tag","embeddable":true,"href":"https:\/\/www.mielcastiza.com\/fr\/wp-json\/wp\/v2\/product_tag?post=19529"}],"curies":[{"name":"wp","href":"https:\/\/api.w.org\/{rel}","templated":true}]}}