{"id":33185,"date":"2025-01-27T16:08:00","date_gmt":"2025-01-27T16:08:00","guid":{"rendered":"https:\/\/www.mielcastiza.com\/?post_type=product&#038;p=33185"},"modified":"2025-01-27T16:08:00","modified_gmt":"2025-01-27T16:08:00","slug":"bizcocho-de-naranja-sin-leche-y-sin-azucares-anadidos","status":"publish","type":"product","link":"https:\/\/www.mielcastiza.com\/fr\/producto\/bizcocho-de-naranja-sin-leche-y-sin-azucares-anadidos\/","title":{"rendered":"Bizcocho de Naranja Sin Leche y Sin Az\u00facares A\u00f1adidos"},"content":{"rendered":"<p><em>Esponjoso bizcocho, con sabor y textura suaves, acompa\u00f1ados de los peque\u00f1os y especiales toques aportados por la ralladura de naranja.<\/em><\/p>\n<h3 class=\"wp-block-heading\">Producto recomendado para<\/h3>\n<p>Todos aquellos que quieran cuidar su alimentaci\u00f3n, especialmente los ni\u00f1os y los ancianos, incluidos los intolerantes a la lactosa, las personas con alergia a la prote\u00edna de leche de vaca (APLV).<\/p>\n<h3 class=\"wp-block-heading\">INGREDIENTES<\/h3>\n<ul class=\"wp-block-list\">\n<li>Harina de <strong>trigo<\/strong>, (<strong>gluten<\/strong>)<\/li>\n<li><strong>Huevos<\/strong> frescos<\/li>\n<li>Aceite vegetal (girasol, soja (no alerg\u00e9nica))<\/li>\n<li>Edulcorante (12%): maltitol y acesulfamo K<\/li>\n<li>Ralladura de naranja: (8%)<\/li>\n<li>Gasificantes: (bicarbonato s\u00f3dico y difosfato dis\u00f3dico)<\/li>\n<li>Aroma de naranja (0,1%)<\/li>\n<\/ul>\n<h3 class=\"wp-block-heading\">AL\u00c9RGENOS<\/h3>\n<p>Puede contener trazas de S\u00c9SAMO.<\/p>\n<h3 class=\"wp-block-heading\">NUTRICIONAL (por 100g de producto)<\/h3>\n<ul class=\"wp-block-list\">\n<li>Valor energ\u00e9tico: 1844kj \/440kcal<\/li>\n<li>Grasas totales: 25,1g\n<ul class=\"wp-block-list\">\n<li>De las cuales, saturadas: 3,6g<\/li>\n<\/ul>\n<\/li>\n<li>Hidratos de carbono: 47,5g\n<ul class=\"wp-block-list\">\n<li>De los cuales, az\u00facares: 3,5g (*)<\/li>\n<\/ul>\n<\/li>\n<li>Prote\u00ednas: 5,8g<\/li>\n<li>Sal: 0,13g<\/li>\n<\/ul>\n<p><em>(*)No se a\u00f1ade az\u00facar pero <strong>contiene az\u00facares naturalmente presentes.<\/strong><\/em><\/p>\n","protected":false},"excerpt":{"rendered":"<p>Esponjoso bizcocho, con sabor y textura suaves, acompa\u00f1ados de los peque\u00f1os y especiales toques aportados por la ralladura de naranja. Producto recomendado para Todos aquellos que quieran cuidar su alimentaci\u00f3n, especialmente los ni\u00f1os y los ancianos, incluidos los intolerantes a la lactosa, las personas con alergia a la prote\u00edna de leche de vaca (APLV). INGREDIENTES &#8230; <a title=\"Bizcocho de Naranja Sin Leche y Sin Az\u00facares A\u00f1adidos\" class=\"read-more\" href=\"https:\/\/www.mielcastiza.com\/fr\/producto\/bizcocho-de-naranja-sin-leche-y-sin-azucares-anadidos\/\" aria-label=\"En savoir plus sur Bizcocho de Naranja Sin Leche y Sin Az\u00facares A\u00f1adidos\">Lire la suite<\/a><\/p>\n","protected":false},"featured_media":33186,"comment_status":"open","ping_status":"closed","template":"","meta":[],"product_brand":[],"product_cat":[140],"product_tag":[],"class_list":{"0":"post-33185","1":"product","2":"type-product","3":"status-publish","4":"has-post-thumbnail","6":"product_cat-bakery","8":"first","9":"instock","10":"taxable","11":"shipping-taxable","12":"product-type-simple"},"yoast_head":"<!-- This site is optimized with the Yoast SEO plugin v26.9 - https:\/\/yoast.com\/product\/yoast-seo-wordpress\/ -->\n<title>Bizcocho de Naranja Sin Leche y Sin Az\u00facares A\u00f1adidos - Miel Castiza<\/title>\n<meta name=\"description\" content=\"Bizcocho de Naranja Sin Leche y Sin Az\u00facares A\u00f1adidos, artesano, aut\u00e9ntico, esponjoso y natural\" \/>\n<meta name=\"robots\" content=\"index, follow, max-snippet:-1, max-image-preview:large, max-video-preview:-1\" \/>\n<link rel=\"canonical\" href=\"https:\/\/www.mielcastiza.com\/fr\/producto\/bizcocho-de-naranja-sin-leche-y-sin-azucares-anadidos\/\" \/>\n<meta property=\"og:locale\" content=\"fr_FR\" \/>\n<meta property=\"og:type\" content=\"article\" \/>\n<meta property=\"og:title\" content=\"Bizcocho de Naranja Sin Leche y Sin Az\u00facares A\u00f1adidos - Miel Castiza\" \/>\n<meta property=\"og:description\" content=\"Bizcocho de Naranja Sin Leche y Sin Az\u00facares A\u00f1adidos, artesano, aut\u00e9ntico, esponjoso y natural\" \/>\n<meta property=\"og:url\" content=\"https:\/\/www.mielcastiza.com\/fr\/producto\/bizcocho-de-naranja-sin-leche-y-sin-azucares-anadidos\/\" \/>\n<meta property=\"og:site_name\" content=\"Miel Castiza\" \/>\n<meta property=\"og:image\" content=\"https:\/\/www.mielcastiza.com\/wp-content\/uploads\/2025\/01\/naranja-scaled.jpg\" \/>\n\t<meta property=\"og:image:width\" content=\"2048\" \/>\n\t<meta property=\"og:image:height\" content=\"2560\" \/>\n\t<meta property=\"og:image:type\" content=\"image\/jpeg\" \/>\n<meta name=\"twitter:card\" content=\"summary_large_image\" \/>\n<meta name=\"twitter:label1\" content=\"Dur\u00e9e de lecture estim\u00e9e\" \/>\n\t<meta name=\"twitter:data1\" content=\"1 minute\" \/>\n<script type=\"application\/ld+json\" class=\"yoast-schema-graph\">{\"@context\":\"https:\/\/schema.org\",\"@graph\":[{\"@type\":\"WebPage\",\"@id\":\"https:\/\/www.mielcastiza.com\/fr\/producto\/bizcocho-de-naranja-sin-leche-y-sin-azucares-anadidos\/\",\"url\":\"https:\/\/www.mielcastiza.com\/fr\/producto\/bizcocho-de-naranja-sin-leche-y-sin-azucares-anadidos\/\",\"name\":\"Bizcocho de Naranja Sin Leche y Sin Az\u00facares A\u00f1adidos - Miel Castiza\",\"isPartOf\":{\"@id\":\"https:\/\/www.mielcastiza.com\/fr\/#website\"},\"primaryImageOfPage\":{\"@id\":\"https:\/\/www.mielcastiza.com\/fr\/producto\/bizcocho-de-naranja-sin-leche-y-sin-azucares-anadidos\/#primaryimage\"},\"image\":{\"@id\":\"https:\/\/www.mielcastiza.com\/fr\/producto\/bizcocho-de-naranja-sin-leche-y-sin-azucares-anadidos\/#primaryimage\"},\"thumbnailUrl\":\"https:\/\/www.mielcastiza.com\/wp-content\/uploads\/2025\/01\/naranja-scaled.jpg\",\"datePublished\":\"2025-01-27T16:08:00+00:00\",\"description\":\"Bizcocho de Naranja Sin Leche y Sin Az\u00facares A\u00f1adidos, artesano, aut\u00e9ntico, esponjoso y natural\",\"breadcrumb\":{\"@id\":\"https:\/\/www.mielcastiza.com\/fr\/producto\/bizcocho-de-naranja-sin-leche-y-sin-azucares-anadidos\/#breadcrumb\"},\"inLanguage\":\"fr-FR\",\"potentialAction\":[{\"@type\":\"ReadAction\",\"target\":[\"https:\/\/www.mielcastiza.com\/fr\/producto\/bizcocho-de-naranja-sin-leche-y-sin-azucares-anadidos\/\"]}]},{\"@type\":\"ImageObject\",\"inLanguage\":\"fr-FR\",\"@id\":\"https:\/\/www.mielcastiza.com\/fr\/producto\/bizcocho-de-naranja-sin-leche-y-sin-azucares-anadidos\/#primaryimage\",\"url\":\"https:\/\/www.mielcastiza.com\/wp-content\/uploads\/2025\/01\/naranja-scaled.jpg\",\"contentUrl\":\"https:\/\/www.mielcastiza.com\/wp-content\/uploads\/2025\/01\/naranja-scaled.jpg\",\"width\":2048,\"height\":2560},{\"@type\":\"BreadcrumbList\",\"@id\":\"https:\/\/www.mielcastiza.com\/fr\/producto\/bizcocho-de-naranja-sin-leche-y-sin-azucares-anadidos\/#breadcrumb\",\"itemListElement\":[{\"@type\":\"ListItem\",\"position\":1,\"name\":\"Portada\",\"item\":\"https:\/\/www.mielcastiza.com\/fr\/\"},{\"@type\":\"ListItem\",\"position\":2,\"name\":\"Tienda\",\"item\":\"https:\/\/www.mielcastiza.com\/tienda\/\"},{\"@type\":\"ListItem\",\"position\":3,\"name\":\"Bizcocho de Naranja Sin Leche y Sin Az\u00facares A\u00f1adidos\"}]},{\"@type\":\"WebSite\",\"@id\":\"https:\/\/www.mielcastiza.com\/fr\/#website\",\"url\":\"https:\/\/www.mielcastiza.com\/fr\/\",\"name\":\"Miel Castiza\",\"description\":\"\",\"publisher\":{\"@id\":\"https:\/\/www.mielcastiza.com\/fr\/#organization\"},\"potentialAction\":[{\"@type\":\"SearchAction\",\"target\":{\"@type\":\"EntryPoint\",\"urlTemplate\":\"https:\/\/www.mielcastiza.com\/fr\/?s={search_term_string}\"},\"query-input\":{\"@type\":\"PropertyValueSpecification\",\"valueRequired\":true,\"valueName\":\"search_term_string\"}}],\"inLanguage\":\"fr-FR\"},{\"@type\":\"Organization\",\"@id\":\"https:\/\/www.mielcastiza.com\/fr\/#organization\",\"name\":\"Miel Castiza\",\"url\":\"https:\/\/www.mielcastiza.com\/fr\/\",\"logo\":{\"@type\":\"ImageObject\",\"inLanguage\":\"fr-FR\",\"@id\":\"https:\/\/www.mielcastiza.com\/fr\/#\/schema\/logo\/image\/\",\"url\":\"https:\/\/www.mielcastiza.com\/wp-content\/uploads\/2023\/12\/logo_beige.png\",\"contentUrl\":\"https:\/\/www.mielcastiza.com\/wp-content\/uploads\/2023\/12\/logo_beige.png\",\"width\":252,\"height\":70,\"caption\":\"Miel Castiza\"},\"image\":{\"@id\":\"https:\/\/www.mielcastiza.com\/fr\/#\/schema\/logo\/image\/\"}}]}<\/script>\n<!-- \/ Yoast SEO plugin. -->","yoast_head_json":{"title":"Bizcocho de Naranja Sin Leche y Sin Az\u00facares A\u00f1adidos - Miel Castiza","description":"Bizcocho de Naranja Sin Leche y Sin Az\u00facares A\u00f1adidos, artesano, aut\u00e9ntico, esponjoso y natural","robots":{"index":"index","follow":"follow","max-snippet":"max-snippet:-1","max-image-preview":"max-image-preview:large","max-video-preview":"max-video-preview:-1"},"canonical":"https:\/\/www.mielcastiza.com\/fr\/producto\/bizcocho-de-naranja-sin-leche-y-sin-azucares-anadidos\/","og_locale":"fr_FR","og_type":"article","og_title":"Bizcocho de Naranja Sin Leche y Sin Az\u00facares A\u00f1adidos - Miel Castiza","og_description":"Bizcocho de Naranja Sin Leche y Sin Az\u00facares A\u00f1adidos, artesano, aut\u00e9ntico, esponjoso y natural","og_url":"https:\/\/www.mielcastiza.com\/fr\/producto\/bizcocho-de-naranja-sin-leche-y-sin-azucares-anadidos\/","og_site_name":"Miel Castiza","og_image":[{"width":2048,"height":2560,"url":"https:\/\/www.mielcastiza.com\/wp-content\/uploads\/2025\/01\/naranja-scaled.jpg","type":"image\/jpeg"}],"twitter_card":"summary_large_image","twitter_misc":{"Dur\u00e9e de lecture estim\u00e9e":"1 minute"},"schema":{"@context":"https:\/\/schema.org","@graph":[{"@type":"WebPage","@id":"https:\/\/www.mielcastiza.com\/fr\/producto\/bizcocho-de-naranja-sin-leche-y-sin-azucares-anadidos\/","url":"https:\/\/www.mielcastiza.com\/fr\/producto\/bizcocho-de-naranja-sin-leche-y-sin-azucares-anadidos\/","name":"Bizcocho de Naranja Sin Leche y Sin Az\u00facares A\u00f1adidos - Miel Castiza","isPartOf":{"@id":"https:\/\/www.mielcastiza.com\/fr\/#website"},"primaryImageOfPage":{"@id":"https:\/\/www.mielcastiza.com\/fr\/producto\/bizcocho-de-naranja-sin-leche-y-sin-azucares-anadidos\/#primaryimage"},"image":{"@id":"https:\/\/www.mielcastiza.com\/fr\/producto\/bizcocho-de-naranja-sin-leche-y-sin-azucares-anadidos\/#primaryimage"},"thumbnailUrl":"https:\/\/www.mielcastiza.com\/wp-content\/uploads\/2025\/01\/naranja-scaled.jpg","datePublished":"2025-01-27T16:08:00+00:00","description":"Bizcocho de Naranja Sin Leche y Sin Az\u00facares A\u00f1adidos, artesano, aut\u00e9ntico, esponjoso y natural","breadcrumb":{"@id":"https:\/\/www.mielcastiza.com\/fr\/producto\/bizcocho-de-naranja-sin-leche-y-sin-azucares-anadidos\/#breadcrumb"},"inLanguage":"fr-FR","potentialAction":[{"@type":"ReadAction","target":["https:\/\/www.mielcastiza.com\/fr\/producto\/bizcocho-de-naranja-sin-leche-y-sin-azucares-anadidos\/"]}]},{"@type":"ImageObject","inLanguage":"fr-FR","@id":"https:\/\/www.mielcastiza.com\/fr\/producto\/bizcocho-de-naranja-sin-leche-y-sin-azucares-anadidos\/#primaryimage","url":"https:\/\/www.mielcastiza.com\/wp-content\/uploads\/2025\/01\/naranja-scaled.jpg","contentUrl":"https:\/\/www.mielcastiza.com\/wp-content\/uploads\/2025\/01\/naranja-scaled.jpg","width":2048,"height":2560},{"@type":"BreadcrumbList","@id":"https:\/\/www.mielcastiza.com\/fr\/producto\/bizcocho-de-naranja-sin-leche-y-sin-azucares-anadidos\/#breadcrumb","itemListElement":[{"@type":"ListItem","position":1,"name":"Portada","item":"https:\/\/www.mielcastiza.com\/fr\/"},{"@type":"ListItem","position":2,"name":"Tienda","item":"https:\/\/www.mielcastiza.com\/tienda\/"},{"@type":"ListItem","position":3,"name":"Bizcocho de Naranja Sin Leche y Sin Az\u00facares A\u00f1adidos"}]},{"@type":"WebSite","@id":"https:\/\/www.mielcastiza.com\/fr\/#website","url":"https:\/\/www.mielcastiza.com\/fr\/","name":"Miel Castiza","description":"","publisher":{"@id":"https:\/\/www.mielcastiza.com\/fr\/#organization"},"potentialAction":[{"@type":"SearchAction","target":{"@type":"EntryPoint","urlTemplate":"https:\/\/www.mielcastiza.com\/fr\/?s={search_term_string}"},"query-input":{"@type":"PropertyValueSpecification","valueRequired":true,"valueName":"search_term_string"}}],"inLanguage":"fr-FR"},{"@type":"Organization","@id":"https:\/\/www.mielcastiza.com\/fr\/#organization","name":"Miel Castiza","url":"https:\/\/www.mielcastiza.com\/fr\/","logo":{"@type":"ImageObject","inLanguage":"fr-FR","@id":"https:\/\/www.mielcastiza.com\/fr\/#\/schema\/logo\/image\/","url":"https:\/\/www.mielcastiza.com\/wp-content\/uploads\/2023\/12\/logo_beige.png","contentUrl":"https:\/\/www.mielcastiza.com\/wp-content\/uploads\/2023\/12\/logo_beige.png","width":252,"height":70,"caption":"Miel Castiza"},"image":{"@id":"https:\/\/www.mielcastiza.com\/fr\/#\/schema\/logo\/image\/"}}]}},"jetpack_sharing_enabled":true,"_links":{"self":[{"href":"https:\/\/www.mielcastiza.com\/fr\/wp-json\/wp\/v2\/product\/33185","targetHints":{"allow":["GET"]}}],"collection":[{"href":"https:\/\/www.mielcastiza.com\/fr\/wp-json\/wp\/v2\/product"}],"about":[{"href":"https:\/\/www.mielcastiza.com\/fr\/wp-json\/wp\/v2\/types\/product"}],"replies":[{"embeddable":true,"href":"https:\/\/www.mielcastiza.com\/fr\/wp-json\/wp\/v2\/comments?post=33185"}],"wp:featuredmedia":[{"embeddable":true,"href":"https:\/\/www.mielcastiza.com\/fr\/wp-json\/wp\/v2\/media\/33186"}],"wp:attachment":[{"href":"https:\/\/www.mielcastiza.com\/fr\/wp-json\/wp\/v2\/media?parent=33185"}],"wp:term":[{"taxonomy":"product_brand","embeddable":true,"href":"https:\/\/www.mielcastiza.com\/fr\/wp-json\/wp\/v2\/product_brand?post=33185"},{"taxonomy":"product_cat","embeddable":true,"href":"https:\/\/www.mielcastiza.com\/fr\/wp-json\/wp\/v2\/product_cat?post=33185"},{"taxonomy":"product_tag","embeddable":true,"href":"https:\/\/www.mielcastiza.com\/fr\/wp-json\/wp\/v2\/product_tag?post=33185"}],"curies":[{"name":"wp","href":"https:\/\/api.w.org\/{rel}","templated":true}]}}