{"id":33204,"date":"2025-01-27T16:17:15","date_gmt":"2025-01-27T16:17:15","guid":{"rendered":"https:\/\/www.mielcastiza.com\/?post_type=product&#038;p=33204"},"modified":"2025-01-27T16:18:48","modified_gmt":"2025-01-27T16:18:48","slug":"magdalenas-sin-azucares-y-sin-leche","status":"publish","type":"product","link":"https:\/\/www.mielcastiza.com\/fr\/producto\/magdalenas-sin-azucares-y-sin-leche\/","title":{"rendered":"Magdalenas Sin Az\u00facares y Sin Leche"},"content":{"rendered":"<p><em>Trabajamos con la receta de magdalenas originales, conservando los ingredientes naturales de siempre, pero adaptada para poder seguir ofreci\u00e9ndole todo el sabor tradicional de una magdalena cl\u00e1sica, pero sin az\u00facares.<\/em><\/p>\n<h3 class=\"wp-block-heading\">Producto recomendado para<\/h3>\n<p>Todos aquellos que quieran cuidar su alimentaci\u00f3n, especialmente los ni\u00f1os y los ancianos, incluidos los intolerantes a la lactosa, las personas con alergia a la prote\u00edna de leche de vaca (APLV) y aquellos que deban controlar su \u00edndice gluc\u00e9mico.<\/p>\n<h3 class=\"wp-block-heading\">INGREDIENTES<\/h3>\n<ul class=\"wp-block-list\">\n<li>Harina de <strong>trigo<\/strong>, (<strong>gluten<\/strong>)<\/li>\n<li><strong>Huevos<\/strong> frescos<\/li>\n<li>Aceite vegetal (girasol y soja (no alerg\u00e9nica))<\/li>\n<li>Edulcorante (12%): maltitol y acesulfamo K<\/li>\n<li>Gasificantes: (bicarbonato s\u00f3dico y difosfato dis\u00f3dico)<\/li>\n<\/ul>\n<h3 class=\"wp-block-heading\">AL\u00c9RGENOS<\/h3>\n<p>Puede contener trazas de S\u00c9SAMO.<\/p>\n<h3 class=\"wp-block-heading\">NUTRICIONAL (por 100g de producto)<\/h3>\n<ul class=\"wp-block-list\">\n<li>Valor energ\u00e9tico: 1986kj \/474kcal<\/li>\n<li>Grasas totales: 29,7g\n<ul class=\"wp-block-list\">\n<li>De las cuales, saturadas: 5,1g<\/li>\n<\/ul>\n<\/li>\n<li>Hidratos de carbono: 45,9 g\n<ul class=\"wp-block-list\">\n<li>De los cuales, az\u00facares: &lt;0,5g<\/li>\n<\/ul>\n<\/li>\n<li>Prote\u00ednas: 5,8g<\/li>\n<li>Sal: 0,13g<\/li>\n<\/ul>\n","protected":false},"excerpt":{"rendered":"<p>Trabajamos con la receta de magdalenas originales, conservando los ingredientes naturales de siempre, pero adaptada para poder seguir ofreci\u00e9ndole todo el sabor tradicional de una magdalena cl\u00e1sica, pero sin az\u00facares. Producto recomendado para Todos aquellos que quieran cuidar su alimentaci\u00f3n, especialmente los ni\u00f1os y los ancianos, incluidos los intolerantes a la lactosa, las personas con &#8230; <a title=\"Magdalenas Sin Az\u00facares y Sin Leche\" class=\"read-more\" href=\"https:\/\/www.mielcastiza.com\/fr\/producto\/magdalenas-sin-azucares-y-sin-leche\/\" aria-label=\"En savoir plus sur Magdalenas Sin Az\u00facares y Sin Leche\">Lire la suite<\/a><\/p>\n","protected":false},"featured_media":33205,"comment_status":"open","ping_status":"closed","template":"","meta":[],"product_brand":[],"product_cat":[15],"product_tag":[],"class_list":{"0":"post-33204","1":"product","2":"type-product","3":"status-publish","4":"has-post-thumbnail","6":"product_cat-sin-categorizar","8":"first","9":"instock","10":"taxable","11":"shipping-taxable","12":"product-type-simple"},"yoast_head":"<!-- This site is optimized with the Yoast SEO plugin v26.9 - https:\/\/yoast.com\/product\/yoast-seo-wordpress\/ -->\n<title>Magdalenas Sin Az\u00facares y Sin Leche - Miel Castiza<\/title>\n<meta name=\"robots\" content=\"index, follow, max-snippet:-1, max-image-preview:large, max-video-preview:-1\" \/>\n<link rel=\"canonical\" href=\"https:\/\/www.mielcastiza.com\/fr\/producto\/magdalenas-sin-azucares-y-sin-leche\/\" \/>\n<meta property=\"og:locale\" content=\"fr_FR\" \/>\n<meta property=\"og:type\" content=\"article\" \/>\n<meta property=\"og:title\" content=\"Magdalenas Sin Az\u00facares y Sin Leche - Miel Castiza\" \/>\n<meta property=\"og:description\" content=\"Trabajamos con la receta de magdalenas originales, conservando los ingredientes naturales de siempre, pero adaptada para poder seguir ofreci\u00e9ndole todo el sabor tradicional de una magdalena cl\u00e1sica, pero sin az\u00facares. Producto recomendado para Todos aquellos que quieran cuidar su alimentaci\u00f3n, especialmente los ni\u00f1os y los ancianos, incluidos los intolerantes a la lactosa, las personas con ... Lire la suite\" \/>\n<meta property=\"og:url\" content=\"https:\/\/www.mielcastiza.com\/fr\/producto\/magdalenas-sin-azucares-y-sin-leche\/\" \/>\n<meta property=\"og:site_name\" content=\"Miel Castiza\" \/>\n<meta property=\"article:modified_time\" content=\"2025-01-27T16:18:48+00:00\" \/>\n<meta property=\"og:image\" content=\"https:\/\/www.mielcastiza.com\/wp-content\/uploads\/2025\/01\/magdalenas-scaled.jpg\" \/>\n\t<meta property=\"og:image:width\" content=\"2048\" \/>\n\t<meta property=\"og:image:height\" content=\"2560\" \/>\n\t<meta property=\"og:image:type\" content=\"image\/jpeg\" \/>\n<meta name=\"twitter:card\" content=\"summary_large_image\" \/>\n<meta name=\"twitter:label1\" content=\"Dur\u00e9e de lecture estim\u00e9e\" \/>\n\t<meta name=\"twitter:data1\" content=\"1 minute\" \/>\n<script type=\"application\/ld+json\" class=\"yoast-schema-graph\">{\"@context\":\"https:\/\/schema.org\",\"@graph\":[{\"@type\":\"WebPage\",\"@id\":\"https:\/\/www.mielcastiza.com\/fr\/producto\/magdalenas-sin-azucares-y-sin-leche\/\",\"url\":\"https:\/\/www.mielcastiza.com\/fr\/producto\/magdalenas-sin-azucares-y-sin-leche\/\",\"name\":\"Magdalenas Sin Az\u00facares y Sin Leche - Miel Castiza\",\"isPartOf\":{\"@id\":\"https:\/\/www.mielcastiza.com\/fr\/#website\"},\"primaryImageOfPage\":{\"@id\":\"https:\/\/www.mielcastiza.com\/fr\/producto\/magdalenas-sin-azucares-y-sin-leche\/#primaryimage\"},\"image\":{\"@id\":\"https:\/\/www.mielcastiza.com\/fr\/producto\/magdalenas-sin-azucares-y-sin-leche\/#primaryimage\"},\"thumbnailUrl\":\"https:\/\/www.mielcastiza.com\/wp-content\/uploads\/2025\/01\/magdalenas-scaled.jpg\",\"datePublished\":\"2025-01-27T16:17:15+00:00\",\"dateModified\":\"2025-01-27T16:18:48+00:00\",\"breadcrumb\":{\"@id\":\"https:\/\/www.mielcastiza.com\/fr\/producto\/magdalenas-sin-azucares-y-sin-leche\/#breadcrumb\"},\"inLanguage\":\"fr-FR\",\"potentialAction\":[{\"@type\":\"ReadAction\",\"target\":[\"https:\/\/www.mielcastiza.com\/fr\/producto\/magdalenas-sin-azucares-y-sin-leche\/\"]}]},{\"@type\":\"ImageObject\",\"inLanguage\":\"fr-FR\",\"@id\":\"https:\/\/www.mielcastiza.com\/fr\/producto\/magdalenas-sin-azucares-y-sin-leche\/#primaryimage\",\"url\":\"https:\/\/www.mielcastiza.com\/wp-content\/uploads\/2025\/01\/magdalenas-scaled.jpg\",\"contentUrl\":\"https:\/\/www.mielcastiza.com\/wp-content\/uploads\/2025\/01\/magdalenas-scaled.jpg\",\"width\":2048,\"height\":2560},{\"@type\":\"BreadcrumbList\",\"@id\":\"https:\/\/www.mielcastiza.com\/fr\/producto\/magdalenas-sin-azucares-y-sin-leche\/#breadcrumb\",\"itemListElement\":[{\"@type\":\"ListItem\",\"position\":1,\"name\":\"Portada\",\"item\":\"https:\/\/www.mielcastiza.com\/fr\/\"},{\"@type\":\"ListItem\",\"position\":2,\"name\":\"Tienda\",\"item\":\"https:\/\/www.mielcastiza.com\/tienda\/\"},{\"@type\":\"ListItem\",\"position\":3,\"name\":\"Magdalenas Sin Az\u00facares y Sin Leche\"}]},{\"@type\":\"WebSite\",\"@id\":\"https:\/\/www.mielcastiza.com\/fr\/#website\",\"url\":\"https:\/\/www.mielcastiza.com\/fr\/\",\"name\":\"Miel Castiza\",\"description\":\"\",\"publisher\":{\"@id\":\"https:\/\/www.mielcastiza.com\/fr\/#organization\"},\"potentialAction\":[{\"@type\":\"SearchAction\",\"target\":{\"@type\":\"EntryPoint\",\"urlTemplate\":\"https:\/\/www.mielcastiza.com\/fr\/?s={search_term_string}\"},\"query-input\":{\"@type\":\"PropertyValueSpecification\",\"valueRequired\":true,\"valueName\":\"search_term_string\"}}],\"inLanguage\":\"fr-FR\"},{\"@type\":\"Organization\",\"@id\":\"https:\/\/www.mielcastiza.com\/fr\/#organization\",\"name\":\"Miel Castiza\",\"url\":\"https:\/\/www.mielcastiza.com\/fr\/\",\"logo\":{\"@type\":\"ImageObject\",\"inLanguage\":\"fr-FR\",\"@id\":\"https:\/\/www.mielcastiza.com\/fr\/#\/schema\/logo\/image\/\",\"url\":\"https:\/\/www.mielcastiza.com\/wp-content\/uploads\/2023\/12\/logo_beige.png\",\"contentUrl\":\"https:\/\/www.mielcastiza.com\/wp-content\/uploads\/2023\/12\/logo_beige.png\",\"width\":252,\"height\":70,\"caption\":\"Miel Castiza\"},\"image\":{\"@id\":\"https:\/\/www.mielcastiza.com\/fr\/#\/schema\/logo\/image\/\"}}]}<\/script>\n<!-- \/ Yoast SEO plugin. -->","yoast_head_json":{"title":"Magdalenas Sin Az\u00facares y Sin Leche - Miel Castiza","robots":{"index":"index","follow":"follow","max-snippet":"max-snippet:-1","max-image-preview":"max-image-preview:large","max-video-preview":"max-video-preview:-1"},"canonical":"https:\/\/www.mielcastiza.com\/fr\/producto\/magdalenas-sin-azucares-y-sin-leche\/","og_locale":"fr_FR","og_type":"article","og_title":"Magdalenas Sin Az\u00facares y Sin Leche - Miel Castiza","og_description":"Trabajamos con la receta de magdalenas originales, conservando los ingredientes naturales de siempre, pero adaptada para poder seguir ofreci\u00e9ndole todo el sabor tradicional de una magdalena cl\u00e1sica, pero sin az\u00facares. Producto recomendado para Todos aquellos que quieran cuidar su alimentaci\u00f3n, especialmente los ni\u00f1os y los ancianos, incluidos los intolerantes a la lactosa, las personas con ... Lire la suite","og_url":"https:\/\/www.mielcastiza.com\/fr\/producto\/magdalenas-sin-azucares-y-sin-leche\/","og_site_name":"Miel Castiza","article_modified_time":"2025-01-27T16:18:48+00:00","og_image":[{"width":2048,"height":2560,"url":"https:\/\/www.mielcastiza.com\/wp-content\/uploads\/2025\/01\/magdalenas-scaled.jpg","type":"image\/jpeg"}],"twitter_card":"summary_large_image","twitter_misc":{"Dur\u00e9e de lecture estim\u00e9e":"1 minute"},"schema":{"@context":"https:\/\/schema.org","@graph":[{"@type":"WebPage","@id":"https:\/\/www.mielcastiza.com\/fr\/producto\/magdalenas-sin-azucares-y-sin-leche\/","url":"https:\/\/www.mielcastiza.com\/fr\/producto\/magdalenas-sin-azucares-y-sin-leche\/","name":"Magdalenas Sin Az\u00facares y Sin Leche - Miel Castiza","isPartOf":{"@id":"https:\/\/www.mielcastiza.com\/fr\/#website"},"primaryImageOfPage":{"@id":"https:\/\/www.mielcastiza.com\/fr\/producto\/magdalenas-sin-azucares-y-sin-leche\/#primaryimage"},"image":{"@id":"https:\/\/www.mielcastiza.com\/fr\/producto\/magdalenas-sin-azucares-y-sin-leche\/#primaryimage"},"thumbnailUrl":"https:\/\/www.mielcastiza.com\/wp-content\/uploads\/2025\/01\/magdalenas-scaled.jpg","datePublished":"2025-01-27T16:17:15+00:00","dateModified":"2025-01-27T16:18:48+00:00","breadcrumb":{"@id":"https:\/\/www.mielcastiza.com\/fr\/producto\/magdalenas-sin-azucares-y-sin-leche\/#breadcrumb"},"inLanguage":"fr-FR","potentialAction":[{"@type":"ReadAction","target":["https:\/\/www.mielcastiza.com\/fr\/producto\/magdalenas-sin-azucares-y-sin-leche\/"]}]},{"@type":"ImageObject","inLanguage":"fr-FR","@id":"https:\/\/www.mielcastiza.com\/fr\/producto\/magdalenas-sin-azucares-y-sin-leche\/#primaryimage","url":"https:\/\/www.mielcastiza.com\/wp-content\/uploads\/2025\/01\/magdalenas-scaled.jpg","contentUrl":"https:\/\/www.mielcastiza.com\/wp-content\/uploads\/2025\/01\/magdalenas-scaled.jpg","width":2048,"height":2560},{"@type":"BreadcrumbList","@id":"https:\/\/www.mielcastiza.com\/fr\/producto\/magdalenas-sin-azucares-y-sin-leche\/#breadcrumb","itemListElement":[{"@type":"ListItem","position":1,"name":"Portada","item":"https:\/\/www.mielcastiza.com\/fr\/"},{"@type":"ListItem","position":2,"name":"Tienda","item":"https:\/\/www.mielcastiza.com\/tienda\/"},{"@type":"ListItem","position":3,"name":"Magdalenas Sin Az\u00facares y Sin Leche"}]},{"@type":"WebSite","@id":"https:\/\/www.mielcastiza.com\/fr\/#website","url":"https:\/\/www.mielcastiza.com\/fr\/","name":"Miel Castiza","description":"","publisher":{"@id":"https:\/\/www.mielcastiza.com\/fr\/#organization"},"potentialAction":[{"@type":"SearchAction","target":{"@type":"EntryPoint","urlTemplate":"https:\/\/www.mielcastiza.com\/fr\/?s={search_term_string}"},"query-input":{"@type":"PropertyValueSpecification","valueRequired":true,"valueName":"search_term_string"}}],"inLanguage":"fr-FR"},{"@type":"Organization","@id":"https:\/\/www.mielcastiza.com\/fr\/#organization","name":"Miel Castiza","url":"https:\/\/www.mielcastiza.com\/fr\/","logo":{"@type":"ImageObject","inLanguage":"fr-FR","@id":"https:\/\/www.mielcastiza.com\/fr\/#\/schema\/logo\/image\/","url":"https:\/\/www.mielcastiza.com\/wp-content\/uploads\/2023\/12\/logo_beige.png","contentUrl":"https:\/\/www.mielcastiza.com\/wp-content\/uploads\/2023\/12\/logo_beige.png","width":252,"height":70,"caption":"Miel Castiza"},"image":{"@id":"https:\/\/www.mielcastiza.com\/fr\/#\/schema\/logo\/image\/"}}]}},"jetpack_sharing_enabled":true,"_links":{"self":[{"href":"https:\/\/www.mielcastiza.com\/fr\/wp-json\/wp\/v2\/product\/33204","targetHints":{"allow":["GET"]}}],"collection":[{"href":"https:\/\/www.mielcastiza.com\/fr\/wp-json\/wp\/v2\/product"}],"about":[{"href":"https:\/\/www.mielcastiza.com\/fr\/wp-json\/wp\/v2\/types\/product"}],"replies":[{"embeddable":true,"href":"https:\/\/www.mielcastiza.com\/fr\/wp-json\/wp\/v2\/comments?post=33204"}],"wp:featuredmedia":[{"embeddable":true,"href":"https:\/\/www.mielcastiza.com\/fr\/wp-json\/wp\/v2\/media\/33205"}],"wp:attachment":[{"href":"https:\/\/www.mielcastiza.com\/fr\/wp-json\/wp\/v2\/media?parent=33204"}],"wp:term":[{"taxonomy":"product_brand","embeddable":true,"href":"https:\/\/www.mielcastiza.com\/fr\/wp-json\/wp\/v2\/product_brand?post=33204"},{"taxonomy":"product_cat","embeddable":true,"href":"https:\/\/www.mielcastiza.com\/fr\/wp-json\/wp\/v2\/product_cat?post=33204"},{"taxonomy":"product_tag","embeddable":true,"href":"https:\/\/www.mielcastiza.com\/fr\/wp-json\/wp\/v2\/product_tag?post=33204"}],"curies":[{"name":"wp","href":"https:\/\/api.w.org\/{rel}","templated":true}]}}